{"id":33692,"date":"2023-08-18T05:25:54","date_gmt":"2023-08-18T05:25:54","guid":{"rendered":"https:\/\/www.erplybooks.com\/costpocket-ja-erply-books\/"},"modified":"2023-08-18T05:37:22","modified_gmt":"2023-08-18T05:37:22","slug":"costpocket-%d0%b8-erply-books","status":"publish","type":"page","link":"https:\/\/www.erplybooks.com\/ru\/costpocket-%d0%b8-erply-books\/","title":{"rendered":"CostPocket \u0438 ERPLY Books"},"content":{"rendered":"<h1><span style=\"font-weight: 400;\">CostPocket \u0438 ERPLY Books<\/span><\/h1>\n<p>&nbsp;<\/p>\n<p><a href=\"https:\/\/costpocket.com\/ru\/\"><span style=\"font-weight: 400;\">CostPocket<\/span><\/a><span style=\"font-weight: 400;\"> \u2014 \u044d\u0442\u043e \u043f\u0440\u043e\u0441\u0442\u043e\u0435 \u043f\u0440\u043e\u0433\u0440\u0430\u043c\u043c\u043d\u043e\u0435 \u043e\u0431\u0435\u0441\u043f\u0435\u0447\u0435\u043d\u0438\u0435 \u0434\u043b\u044f \u0443\u043f\u0440\u0430\u0432\u043b\u0435\u043d\u0438\u044f \u0440\u0430\u0441\u0445\u043e\u0434\u0430\u043c\u0438, \u043a\u043e\u0442\u043e\u0440\u043e\u0435 \u043f\u043e\u043c\u043e\u0436\u0435\u0442 \u0432\u0430\u043c \u0441\u044d\u043a\u043e\u043d\u043e\u043c\u0438\u0442\u044c \u0434\u043e <\/span><b>63%<\/b><span style=\"font-weight: 400;\"> \u0432\u0430\u0448\u0435\u0433\u043e \u0432\u0440\u0435\u043c\u0435\u043d\u0438. CostPocket \u043f\u0440\u0435\u0434\u043b\u0430\u0433\u0430\u0435\u0442 \u0441\u0432\u043e\u0438\u043c \u043a\u043b\u0438\u0435\u043d\u0442\u0430\u043c \u043a\u0430\u043a \u0440\u043e\u0431\u043e\u0442\u0438\u0437\u0438\u0440\u043e\u0432\u0430\u043d\u043d\u0443\u044e \u043e\u0446\u0438\u0444\u0440\u043e\u0432\u043a\u0443, \u0442\u0430\u043a \u0438 \u043e\u0446\u0438\u0444\u0440\u043e\u0432\u043a\u0443 \u043f\u043e\u0434 \u043a\u043e\u043d\u0442\u0440\u043e\u043b\u0435\u043c \u0447\u0435\u043b\u043e\u0432\u0435\u043a\u0430. \u041a\u0440\u043e\u043c\u0435 \u0442\u043e\u0433\u043e, \u0432\u044b \u043c\u043e\u0436\u0435\u0442\u0435 \u043f\u043e\u043b\u0443\u0447\u0430\u0442\u044c \u044d-\u0441\u0447\u0435\u0442\u0430 \u0441 \u043f\u043e\u043c\u043e\u0449\u044c\u044e CostPocket (\u0432\u044b \u043c\u043e\u0436\u0435\u0442\u0435 \u043f\u043e\u043b\u0443\u0447\u0430\u0442\u044c 100 \u044d-\u0441\u0447\u0435\u0442\u043e\u0432 \u0437\u0430 1 \u0435\u0432\u0440\u043e \u0432 \u043c\u0435\u0441\u044f\u0446).<\/span><\/p>\n<p><span style=\"font-weight: 400;\">\u041e\u0431\u0440\u0430\u0431\u0430\u0442\u044b\u0432\u0430\u0439\u0442\u0435 \u0447\u0435\u043a\u0438 \u0438 \u0441\u0447\u0435\u0442\u0430 \u0447\u0435\u0440\u0435\u0437 CostPocket, \u043a\u043e\u0442\u043e\u0440\u044b\u0439 \u043e\u0431\u0440\u0430\u0431\u0430\u0442\u044b\u0432\u0430\u0435\u0442 \u0432\u0432\u043e\u0434 \u0434\u0430\u043d\u043d\u044b\u0445 \u0434\u043b\u044f \u0432\u0430\u0441 \u0438 \u043f\u0435\u0440\u0435\u0434\u0430\u0435\u0442 \u0432\u0441\u044e \u0438\u043d\u0444\u043e\u0440\u043c\u0430\u0446\u0438\u044e \u0438\u0437 \u0434\u043e\u043a\u0443\u043c\u0435\u043d\u0442\u0430 \u0432 ERPLY Books.<\/span><\/p>\n<p>&nbsp;<\/p>\n<h3><span style=\"font-weight: 400;\">\u0414\u043b\u044f \u043a\u043e\u0433\u043e \u043f\u0440\u0435\u0434\u043d\u0430\u0437\u043d\u0430\u0447\u0435\u043d CostPocket?<\/span><\/h3>\n<p><span style=\"font-weight: 400;\">\u041f\u0440\u0435\u0434\u043d\u0430\u0437\u043d\u0430\u0447\u0435\u043d \u0434\u043b\u044f \u0432\u0441\u0435\u0445 \u043a\u043e\u043c\u043f\u0430\u043d\u0438\u0439, \u0443 \u043a\u043e\u0442\u043e\u0440\u044b\u0445 \u0438\u043c\u0435\u044e\u0442\u0441\u044f \u0440\u0430\u0441\u0445\u043e\u0434\u043d\u044b\u0435 \u0434\u043e\u043a\u0443\u043c\u0435\u043d\u0442\u044b. CostPocket \u043e\u0447\u0435\u043d\u044c \u043f\u0440\u043e\u0441\u0442 \u0432 \u0438\u0441\u043f\u043e\u043b\u044c\u0437\u043e\u0432\u0430\u043d\u0438\u0438, \u0438 \u043f\u0440\u043e\u0433\u0440\u0430\u043c\u043c\u043d\u043e\u0435 \u043e\u0431\u0435\u0441\u043f\u0435\u0447\u0435\u043d\u0438\u0435 \u043e\u0441\u043e\u0431\u0435\u043d\u043d\u043e \u043f\u043e\u043f\u0443\u043b\u044f\u0440\u043d\u043e \u0441\u0440\u0435\u0434\u0438 \u043d\u0435\u0431\u043e\u043b\u044c\u0448\u0438\u0445 \u043a\u043e\u043c\u043f\u0430\u043d\u0438\u0439 (\u043c\u0435\u043d\u0435\u0435 25 \u0447\u0435\u043b\u043e\u0432\u0435\u043a).<\/span><\/p>\n<p>&nbsp;<\/p>\n<h3><span style=\"font-weight: 400;\">\u0418\u043d\u0442\u0435\u0433\u0440\u0430\u0446\u0438\u044f ERPLY Books \u0438 CostPocket<\/span><\/h3>\n<p><span style=\"font-weight: 400;\">\u0421 \u043f\u043e\u043c\u043e\u0449\u044c\u044e \u043f\u0440\u0438\u043b\u043e\u0436\u0435\u043d\u0438\u044f CostPocket \u0432\u044b \u043c\u043e\u0436\u0435\u0442\u0435 \u0441\u0444\u043e\u0442\u043e\u0433\u0440\u0430\u0444\u0438\u0440\u043e\u0432\u0430\u0442\u044c \u0431\u0443\u043c\u0430\u0436\u043d\u044b\u0435 \u0447\u0435\u043a\u0438 \u0438 \u0441\u0447\u0435\u0442\u0430-\u0444\u0430\u043a\u0442\u0443\u0440\u044b. CostPocket \u043e\u0446\u0438\u0444\u0440\u043e\u0432\u044b\u0432\u0430\u0435\u0442 \u0438\u0445 \u0438 \u043e\u0442\u043f\u0440\u0430\u0432\u043b\u044f\u0435\u0442 \u0432 ERPLY Books. \u0414\u043b\u044f \u0434\u043e\u043a\u0443\u043c\u0435\u043d\u0442\u043e\u0432, \u043e\u0442\u043f\u0440\u0430\u0432\u043b\u044f\u0435\u043c\u044b\u0445 \u043f\u043e \u044d\u043b\u0435\u043a\u0442\u0440\u043e\u043d\u043d\u043e\u0439 \u043f\u043e\u0447\u0442\u0435, \u0443 \u043a\u0430\u0436\u0434\u043e\u0439 \u043a\u043e\u043c\u043f\u0430\u043d\u0438\u0438 \u0435\u0441\u0442\u044c \u0443\u043d\u0438\u043a\u0430\u043b\u044c\u043d\u044b\u0439 \u0430\u0434\u0440\u0435\u0441 \u044d\u043b\u0435\u043a\u0442\u0440\u043e\u043d\u043d\u043e\u0439 \u043f\u043e\u0447\u0442\u044b ERPLY Books, \u043d\u0430 \u043a\u043e\u0442\u043e\u0440\u044b\u0439 \u043c\u043e\u0436\u043d\u043e \u043f\u0435\u0440\u0435\u0441\u044b\u043b\u0430\u0442\u044c \u0434\u043e\u043a\u0443\u043c\u0435\u043d\u0442\u044b (\u0441\u0447\u0435\u0442\u0430 \u0432 \u0444\u043e\u0440\u043c\u0430\u0442\u0435 PDF, Bolt, Uber, Amazon, FB, Google \u0438 \u0442. \u0434.). \u041f\u043e\u0441\u043b\u0435 \u044d\u0442\u043e\u0433\u043e \u0432\u0441\u044e \u043e\u0441\u0442\u0430\u043b\u044c\u043d\u0443\u044e \u0431\u0443\u0445\u0433\u0430\u043b\u0442\u0435\u0440\u0438\u044e \u043c\u043e\u0436\u043d\u043e \u0432\u0435\u0441\u0442\u0438 \u0432 ERPLY Books.<\/span><\/p>\n<p><span style=\"font-weight: 400;\">\u041a\u0440\u043e\u043c\u0435 \u0442\u043e\u0433\u043e, \u0442\u0435\u043f\u0435\u0440\u044c \u043c\u043e\u0436\u043d\u043e \u0438\u0441\u043f\u043e\u043b\u044c\u0437\u043e\u0432\u0430\u0442\u044c \u0438\u043d\u0442\u0435\u0440\u0444\u0435\u0439\u0441\u044b ERPLY Books <\/span><a href=\"https:\/\/www.erplybooks.com\/manuals\/erply-books-detailed-and-comparative-reports\/\"><span style=\"font-weight: 400;\">\u0441 \u043e\u0442\u0447\u0435\u0442\u0430\u043c\u0438<\/span><\/a><span style=\"font-weight: 400;\">: \u043e\u0442\u0447\u0435\u0442\u044b \u043e\u0431 \u043e\u0442\u043f\u0440\u0430\u0432\u043a\u0435 \u0438 \u0440\u0430\u0441\u0445\u043e\u0434\u0430\u0445.<\/span><\/p>\n<p>&nbsp;<\/p>\n<h3><span style=\"font-weight: 400;\">\u041d\u0430\u0441\u0442\u0440\u043e\u0439\u043a\u0430<\/span><\/h3>\n<p><span style=\"font-weight: 400;\">ERPLY Books\u2019i ja CostPocketi seadistamiseks on vajalik aktiivne kasutajakonto m\u00f5lemas tarkvaras. Loe t\u00e4pseid samme seadistamise kohta <\/span><span style=\"font-weight: 400;\"><a href=\"https:\/\/costpocket.com\/et\/learn\/erplybooks\">siit<\/a><\/span><span style=\"font-weight: 400;\">.\u00a0<\/span><\/p>\n<p><span style=\"font-weight: 400;\">T\u00e4psemate k\u00fcsimuste korral v\u00f5ta meiega \u00fchendust <\/span><span style=\"font-weight: 400;\"><a href=\"mailto:info@erplybooks.com\">info@erplybooks.com<\/a><\/span><span style=\"font-weight: 400;\">.<\/span><\/p>\n<p>&nbsp;<\/p>\n<p><img loading=\"lazy\" decoding=\"async\" class=\"alignnone wp-image-22881\" src=\"https:\/\/www.erplybooks.com\/wp-content\/uploads\/2021\/07\/Logo-Blue.png\" alt=\"CostPocket\" width=\"292\" height=\"125\" \/>\u00a0 \u00a0 <img loading=\"lazy\" decoding=\"async\" class=\" wp-image-9986 alignright\" src=\"https:\/\/www.erplybooks.com\/wp-content\/uploads\/2016\/10\/erplybooks.png\" alt=\"\" width=\"477\" height=\"136\" \/><\/p>\n<p>&nbsp;<\/p>\n","protected":false},"excerpt":{"rendered":"<p>CostPocket \u0438 ERPLY Books &nbsp; CostPocket \u2014 \u044d\u0442\u043e \u043f\u0440\u043e\u0441\u0442\u043e\u0435 \u043f\u0440\u043e\u0433\u0440\u0430\u043c\u043c\u043d\u043e\u0435 \u043e\u0431\u0435\u0441\u043f\u0435\u0447\u0435\u043d\u0438\u0435 \u0434\u043b\u044f \u0443\u043f\u0440\u0430\u0432\u043b\u0435\u043d\u0438\u044f \u0440\u0430\u0441\u0445\u043e\u0434\u0430\u043c\u0438, \u043a\u043e\u0442\u043e\u0440\u043e\u0435 \u043f\u043e\u043c\u043e\u0436\u0435\u0442 \u0432\u0430\u043c \u0441\u044d\u043a\u043e\u043d\u043e\u043c\u0438\u0442\u044c \u0434\u043e 63% \u0432\u0430\u0448\u0435\u0433\u043e \u0432\u0440\u0435\u043c\u0435\u043d\u0438. CostPocket \u043f\u0440\u0435\u0434\u043b\u0430\u0433\u0430\u0435\u0442 \u0441\u0432\u043e\u0438\u043c \u043a\u043b\u0438\u0435\u043d\u0442\u0430\u043c \u043a\u0430\u043a \u0440\u043e\u0431\u043e\u0442\u0438\u0437\u0438\u0440\u043e\u0432\u0430\u043d\u043d\u0443\u044e \u043e\u0446\u0438\u0444\u0440\u043e\u0432\u043a\u0443, \u0442\u0430\u043a \u0438 \u043e\u0446\u0438\u0444\u0440\u043e\u0432\u043a\u0443 \u043f\u043e\u0434 \u043a\u043e\u043d\u0442\u0440\u043e\u043b\u0435\u043c \u0447\u0435\u043b\u043e\u0432\u0435\u043a\u0430. \u041a\u0440\u043e\u043c\u0435 \u0442\u043e\u0433\u043e, \u0432\u044b \u043c\u043e\u0436\u0435\u0442\u0435 \u043f\u043e\u043b\u0443\u0447\u0430\u0442\u044c \u044d-\u0441\u0447\u0435\u0442\u0430 \u0441 \u043f\u043e\u043c\u043e\u0449\u044c\u044e CostPocket (\u0432\u044b \u043c\u043e\u0436\u0435\u0442\u0435 \u043f\u043e\u043b\u0443\u0447\u0430\u0442\u044c 100 \u044d-\u0441\u0447\u0435\u0442\u043e\u0432 \u0437\u0430 1 \u0435\u0432\u0440\u043e \u0432 \u043c\u0435\u0441\u044f\u0446). \u041e\u0431\u0440\u0430\u0431\u0430\u0442\u044b\u0432\u0430\u0439\u0442\u0435 [&hellip;]<\/p>\n","protected":false},"author":18,"featured_media":0,"parent":0,"menu_order":28,"comment_status":"closed","ping_status":"closed","template":"","meta":{"_et_pb_use_builder":"","_et_pb_old_content":"","_et_gb_content_width":"","footnotes":""},"categories":[1215],"tags":[1320,1305],"class_list":["post-33692","page","type-page","status-publish","hentry","category-1215","tag-costpocket-ru","tag-integratsioon-ru"],"_links":{"self":[{"href":"https:\/\/www.erplybooks.com\/ru\/wp-json\/wp\/v2\/pages\/33692","targetHints":{"allow":["GET"]}}],"collection":[{"href":"https:\/\/www.erplybooks.com\/ru\/wp-json\/wp\/v2\/pages"}],"about":[{"href":"https:\/\/www.erplybooks.com\/ru\/wp-json\/wp\/v2\/types\/page"}],"author":[{"embeddable":true,"href":"https:\/\/www.erplybooks.com\/ru\/wp-json\/wp\/v2\/users\/18"}],"replies":[{"embeddable":true,"href":"https:\/\/www.erplybooks.com\/ru\/wp-json\/wp\/v2\/comments?post=33692"}],"version-history":[{"count":0,"href":"https:\/\/www.erplybooks.com\/ru\/wp-json\/wp\/v2\/pages\/33692\/revisions"}],"wp:attachment":[{"href":"https:\/\/www.erplybooks.com\/ru\/wp-json\/wp\/v2\/media?parent=33692"}],"wp:term":[{"taxonomy":"category","embeddable":true,"href":"https:\/\/www.erplybooks.com\/ru\/wp-json\/wp\/v2\/categories?post=33692"},{"taxonomy":"post_tag","embeddable":true,"href":"https:\/\/www.erplybooks.com\/ru\/wp-json\/wp\/v2\/tags?post=33692"}],"curies":[{"name":"wp","href":"https:\/\/api.w.org\/{rel}","templated":true}]}}