{"id":7435,"date":"2018-02-08T08:15:26","date_gmt":"2018-02-08T08:15:26","guid":{"rendered":"http:\/\/www.erplybooks.com\/?page_id=7435\/"},"modified":"2018-03-01T07:52:42","modified_gmt":"2018-03-01T07:52:42","slug":"davanu-kartes-erply-books","status":"publish","type":"page","link":"https:\/\/www.erplybooks.com\/lv\/rokasgramatas\/davanu-kartes-erply-books\/","title":{"rendered":"D\u0101vanu kartes ERPLY Books"},"content":{"rendered":"<p><span style=\"font-weight: 400;\">D\u0101vanu kartes var tikt izmantotas gan maks\u0101jumiem, gan k\u0101 produkti; str\u0101d\u0101jot ar d\u0101vanu kart\u0113m l\u016bdzu atcerieties sekojo\u0161o inform\u0101ciju:<\/span><\/p>\n<ul>\n<li style=\"font-weight: 400;\"><span style=\"font-weight: 400;\">D\u0101vanu kart\u0113m nav nepiecie\u0161ams atsevi\u0161\u0137s konts.<\/span><\/li>\n<li style=\"font-weight: 400;\"><span style=\"font-weight: 400;\">D\u0101vanu kartei j\u0101b\u016bt atsevi\u0161\u0137am produktam ERPLY invent\u0101r\u0101. Tai nevajadz\u0113tu b\u016bt precei no kr\u0101juma, tad to ir viegl\u0101k savienot ar pareizo ien\u0101kumu kontu. Lasiet par to k\u0101 uzst\u0101d\u012bt pareizo ien\u0101kumu kontu<\/span><a href=\"https:\/\/www.erplybooks.com\/lv\/rokasgramatas\/erply-integracija-erply-books-sistema\/\"> <span style=\"font-weight: 400;\">\u0161eit<\/span><\/a><span style=\"font-weight: 400;\">.<\/span><\/li>\n<li style=\"font-weight: 400;\"><span style=\"font-weight: 400;\">Ja klients maks\u0101 ar d\u0101vanu karti, t\u0101 j\u0101apstr\u0101d\u0101 un j\u0101uzst\u0101da k\u0101 maks\u0101jumu l\u012bdzeklis. Uzklik\u0161\u0137iniet uz \u201cUzst\u0101d\u012bjumi\u201d &gt; \u201cERPLY POS &amp; invent\u0101rs uzst\u0101d\u012bjumi\u201d &gt; \u201cSinhroniz\u0113t maks\u0101jumu kontus.\u201d Pievienojiet kontu maks\u0101jumiem ar d\u0101vanu karti.<\/span><\/li>\n<li style=\"font-weight: 400;\"><span style=\"font-weight: 400;\">D\u0101vanu kartes parasti tiek p\u0101rdotas to pilnaj\u0101 cen\u0101 (piem\u0113ram, 100 eiro, un nevis 100 eiro + PVN).<\/span><\/li>\n<li style=\"font-weight: 400;\"><span style=\"font-weight: 400;\">Ja v\u0113laties apr\u0113\u0137in\u0101t PVN ab\u0101m transakcij\u0101m, tad:<\/span>\n<ul>\n<li style=\"font-weight: 400;\"><span style=\"font-weight: 400;\">\u00a0<\/span><span style=\"font-weight: 400;\">Pievienojiet Books papildus inform\u0101ciju \u201cGIFTCARD\u201d d\u0101vanu kartes artikul\u0101. \u0160aj\u0101 gad\u012bjum\u0101, kad 0% PVN tiek pievienots invent\u0101r\u0101, tas tiks p\u0101rrakst\u012bts ar artikula PVN Books. D\u0101vanu kartes pirkums izskat\u0101s \u0161\u0101di (r\u0113\u0137ina summa Y un PVN):<\/span><\/li>\n<\/ul>\n<\/li>\n<li style=\"font-weight: 400;\"><span style=\"font-weight: 400;\">D: Debitori Y * (1 + PVN)<\/span><\/li>\n<li style=\"font-weight: 400;\"><span style=\"font-weight: 400;\">C: PVN Y*PVN<\/span><\/li>\n<li style=\"font-weight: 400;\"><span style=\"font-weight: 400;\">C: ien\u0101kumi Y apm\u0113r\u0101 kontam X<\/span><\/li>\n<li style=\"font-weight: 400;\"><span style=\"font-weight: 400;\">D: Nauda Y * (1 + PVN)<\/span><\/li>\n<li style=\"font-weight: 400;\"><span style=\"font-weight: 400;\">C: Debitori Y * (1 + PVN)<\/span><\/li>\n<li style=\"font-weight: 400;\"><span style=\"font-weight: 400;\">\u0160\u012bs transakcijas rezult\u0101t\u0101, Jums b\u016bs j\u0101maks\u0101 suma Y*KM Valsts ie\u0146\u0113mumu dienestam.<\/span>\n<ul>\n<li><span style=\"font-weight: 400;\">Dodieties uz \u201cGr\u0101matved\u012bba\u201d &gt; \u201cKontu tabula\u201d un pievienojiet nepiecie\u0161amo PVN kontam X. Gad\u012bjum\u0101, kad izmantojat d\u0101vanu karti maks\u0101jumam, d\u0101vanu kartes PVN tiks atr\u0113\u0137in\u0101ts. Maks\u0101jums ar d\u0101vanu karti izskat\u0101s \u0161\u0101di:<\/span><\/li>\n<\/ul>\n<\/li>\n<li style=\"font-weight: 400;\"><span style=\"font-weight: 400;\">(parasti ie\u0146\u0113mumi) D: debitori<\/span><\/li>\n<li style=\"font-weight: 400;\"><span style=\"font-weight: 400;\">(parasti ie\u0146\u0113mumi) C: PVN<\/span><\/li>\n<li style=\"font-weight: 400;\"><span style=\"font-weight: 400;\">(parasti ie\u0146\u0113mumi) C: ie\u0146\u0113mumi<\/span><\/li>\n<li style=\"font-weight: 400;\"><span style=\"font-weight: 400;\">D: d\u0101vanu karte kont\u0101 X<\/span><\/li>\n<li style=\"font-weight: 400;\"><span style=\"font-weight: 400;\">D: PVN<\/span><\/li>\n<li style=\"font-weight: 400;\"><span style=\"font-weight: 400;\">C: debitori<\/span><\/li>\n<li style=\"font-weight: 400;\"><span style=\"font-weight: 400;\">\u0160\u012bs transakcijas rezult\u0101t\u0101, klientam b\u016btu j\u0101maks\u0101 PVN (no p\u0101rdo\u0161anas cenas) m\u012bnus d\u0101vanu kartes PVN Valsts ie\u0146\u0113mumu dienestam. Ja d\u0101vanu karte tika izmantota 100% apm\u0113r\u0101, tad PVN, kas tika s\u0101kotn\u0113ji samaks\u0101ts par d\u0101vanu karti, tiks piepras\u012bts atpaka\u013c no Valsts ie\u0146\u0113muma dienesta.<\/span><\/li>\n<\/ul>\n<p><span style=\"font-weight: 400;\">Ja v\u0113laties izmantot atsevi\u0161\u0137u sav\u0101k\u0161anas kontu d\u0101vanu kar\u0161u PVN, tad izmantojiet d\u0101vanu kartes sav\u0101k\u0161anas kontu ar\u012b PVN.<\/span><\/p>\n<p><span style=\"font-weight: 400;\"><strong>NB!<\/strong> Paturiet pr\u0101t\u0101, ka nosakot PVN d\u0101vanu kartes kontam, tas pats PVN tiks piem\u0113rots, kad izmantosiet \u0161o kontu. Piem\u0113ram, ja J\u016bs izveidojat iepirkuma r\u0113\u0137inu izmantojot \u0161o kontu, tad \u0161is pats PVN tiks pievienots r\u0113\u0137inam.<\/span><\/p>\n","protected":false},"excerpt":{"rendered":"<p>D\u0101vanu kartes var tikt izmantotas gan maks\u0101jumiem, gan k\u0101 produkti; str\u0101d\u0101jot ar d\u0101vanu kart\u0113m l\u016bdzu atcerieties sekojo\u0161o inform\u0101ciju: D\u0101vanu kart\u0113m nav nepiecie\u0161ams atsevi\u0161\u0137s konts. D\u0101vanu kartei j\u0101b\u016bt atsevi\u0161\u0137am produktam ERPLY invent\u0101r\u0101. Tai nevajadz\u0113tu b\u016bt precei no kr\u0101juma, tad to ir viegl\u0101k savienot ar pareizo ien\u0101kumu kontu. Lasiet par to k\u0101 uzst\u0101d\u012bt pareizo ien\u0101kumu kontu \u0161eit. [&hellip;]<\/p>\n","protected":false},"author":3,"featured_media":0,"parent":6000,"menu_order":8,"comment_status":"closed","ping_status":"closed","template":"","meta":{"_et_pb_use_builder":"","_et_pb_old_content":"","_et_gb_content_width":"","footnotes":""},"categories":[],"tags":[],"class_list":["post-7435","page","type-page","status-publish","hentry"],"_links":{"self":[{"href":"https:\/\/www.erplybooks.com\/lv\/wp-json\/wp\/v2\/pages\/7435","targetHints":{"allow":["GET"]}}],"collection":[{"href":"https:\/\/www.erplybooks.com\/lv\/wp-json\/wp\/v2\/pages"}],"about":[{"href":"https:\/\/www.erplybooks.com\/lv\/wp-json\/wp\/v2\/types\/page"}],"author":[{"embeddable":true,"href":"https:\/\/www.erplybooks.com\/lv\/wp-json\/wp\/v2\/users\/3"}],"replies":[{"embeddable":true,"href":"https:\/\/www.erplybooks.com\/lv\/wp-json\/wp\/v2\/comments?post=7435"}],"version-history":[{"count":0,"href":"https:\/\/www.erplybooks.com\/lv\/wp-json\/wp\/v2\/pages\/7435\/revisions"}],"up":[{"embeddable":true,"href":"https:\/\/www.erplybooks.com\/lv\/wp-json\/wp\/v2\/pages\/6000"}],"wp:attachment":[{"href":"https:\/\/www.erplybooks.com\/lv\/wp-json\/wp\/v2\/media?parent=7435"}],"wp:term":[{"taxonomy":"category","embeddable":true,"href":"https:\/\/www.erplybooks.com\/lv\/wp-json\/wp\/v2\/categories?post=7435"},{"taxonomy":"post_tag","embeddable":true,"href":"https:\/\/www.erplybooks.com\/lv\/wp-json\/wp\/v2\/tags?post=7435"}],"curies":[{"name":"wp","href":"https:\/\/api.w.org\/{rel}","templated":true}]}}