{"id":7244,"date":"2018-01-29T13:32:30","date_gmt":"2018-01-29T13:32:30","guid":{"rendered":"http:\/\/www.erplybooks.com\/?page_id=7244\/"},"modified":"2018-03-22T12:27:42","modified_gmt":"2018-03-22T12:27:42","slug":"ka-rediget-bankas-izrakstu-erply-books","status":"publish","type":"page","link":"https:\/\/www.erplybooks.com\/lv\/rokasgramatas\/ka-rediget-bankas-izrakstu-erply-books\/","title":{"rendered":"K\u0101 redi\u0123\u0113t bankas izrakstu ERPLY Books"},"content":{"rendered":"<p><span style=\"font-weight: 400;\">K\u0101 redi\u0123\u0113t bankas izrakstu ERPLY Books? \u0160\u012b pam\u0101c\u012bba ir paredz\u0113ta tiem klientiem, kuru bankas izrakstus ERPLY Books neatbalsta. Tagad J\u016bs varat izveidot visus nepiecie\u0161amos uzst\u0101d\u012bjumus pa\u0161i.<\/span><\/p>\n<p><span style=\"font-weight: 400;\">Lai pievienotu bankas izrakstam visus nepiecie\u0161amos uzst\u0101d\u012bjumus, vispirms Jums nepiecie\u0161ams rast atbildi\/ izprast sekojo\u0161o inform\u0101ciju:<\/span><\/p>\n<ol>\n<li><span style=\"font-weight: 400;\">K\u0101ds ir \u0161\u012b faila kod\u0113jums?<\/span><\/li>\n<li><span style=\"font-weight: 400;\">K\u0101ds ir datu form\u0101ts?<\/span><\/li>\n<li><span style=\"font-weight: 400;\">K\u0101ds form\u0101ts ir failu atdal\u012bt\u0101jam?<\/span><\/li>\n<li><span style=\"font-weight: 400;\">K\u0101d\u0101 sec\u012bb\u0101 ir organiz\u0113ta inform\u0101cija?<\/span><\/li>\n<\/ol>\n<p><span style=\"font-weight: 400;\">Tad atveriet visp\u0101r\u012bgos parametrus un ierakstiet <\/span><span style=\"font-weight: 400;\">\u201cGlobal parameters\u201d<\/span><span style=\"font-weight: 400;\">\u00a0mekl\u0113t\u0101ja lodzi\u0146\u0101. Pievienojiet jaunu parametru ATTRIBUTE_GLOBAL_CUSTOM_BANKS<\/span><\/p>\n<p><strong>Pievienojiet sekojo\u0161os parametrus:<\/strong><\/p>\n<p><span style=\"font-weight: 400;\">V\u0113rt\u012bba = bankas nosaukums.<\/span><\/p>\n<p><span style=\"font-weight: 400;\">Alt v\u0113rt\u012bba = s\u0101kot no pirm\u0101s rindi\u0146as. &#8220;<\/span><span style=\"font-weight: 400;\">True&#8221; vai\u00a0&#8220;<\/span><span style=\"font-weight: 400;\">false&#8221;<\/span><\/p>\n<p><span style=\"font-weight: 400;\">Alt v\u0113rt\u012bba 2 = faila kod\u0113\u0161anas form\u0101ts.<\/span><\/p>\n<p><span style=\"font-weight: 400;\">Alt v\u0113rt\u012bba 3 = datu form\u0101ts.<\/span><\/p>\n<p><span style=\"font-weight: 400;\">Alt v\u0113rt\u012bba 4 = CSV faila atdal\u012bt\u0101js, iesp\u0113jam\u0101s v\u0113rt\u012bbas ir \u201c,\u201d, \u201c;\u201d, \u201c|\u201d.<\/span><\/p>\n<p><span style=\"font-weight: 400;\">Alt v\u0113rt\u012bba 9 = sec\u012bba inform\u0101cijai no bankas izraksta. Atdaliet inform\u0101ciju ar sv\u012btri\u0146\u0101m &gt; \u00a0\u201c|\u201d.<\/span><\/p>\n<p><strong>Aizpildiet sekojo\u0161o inform\u0101ciju:<\/strong><\/p>\n<ol>\n<li><span style=\"font-weight: 400;\">Datums<\/span><\/li>\n<li><span style=\"font-weight: 400;\">Izmaks\u0101t\u0101 summa (\u201csumma\u201d). Ja past\u0101v debeta summa un kred\u012bta summa, tad ierakstiet <\/span><span style=\"font-weight: 400;\">\u201cdebitSum\u201d\u00a0<\/span><span style=\"font-weight: 400;\">\u00a0un <\/span><span style=\"font-weight: 400;\">\u201ccreditSum\u201d<\/span><span style=\"font-weight: 400;\">.<\/span><\/li>\n<li><span style=\"font-weight: 400;\">Klienta vai pieg\u0101d\u0101t\u0101ja v\u0101rds<\/span><\/li>\n<li><span style=\"font-weight: 400;\">Apraksts<\/span><\/li>\n<li><span style=\"font-weight: 400;\">Arhiv\u0113\u0161anas atrib\u016bta \u201cid\u201d<\/span><\/li>\n<li><span style=\"font-weight: 400;\">Val\u016bta<\/span><\/li>\n<\/ol>\n<p><span style=\"font-weight: 400;\">Inform\u0101cijas sec\u012bbai ir j\u0101b\u016bt t\u0101dai pa\u0161ai k\u0101 bankas izrakst\u0101. Ja bankas izraksts satur vair\u0101k inform\u0101cijas k\u0101 \u0161eit aprakst\u012bts, atz\u012bm\u0113jiet to sada\u013c\u0101 \u201cOther\u201d<\/span><\/p>\n<p><b>Piem\u0113ram, ja fail\u0101 ir \u0161\u0101da rindi\u0146a<\/b><span style=\"font-weight: 400;\">:<\/span><\/p>\n<p><span style=\"font-weight: 400;\"> \u201cdatums\u201d, \u201cordera id\u201d, \u201cr\u0113\u0137ina id\u201d, \u201cnodok\u013cu tips\u201d, \u201cizmaksas summa\u201d, \u201cizmaksas val\u016bta\u201d, \u201cr\u0113\u0137in\u0101 uzr\u0101d\u012bt\u0101 cena\u201d, \u201cr\u0113\u0137ina val\u016bta\u201d, \u201cval\u016btas mai\u0146as kurss (EUR)\u201d, \u201capraksts.\u201d<\/span><\/p>\n<p><b>Tad rakstiet \u0161\u0101di:<\/b><\/p>\n<p><span style=\"font-weight: 400;\">date|id|other|other|amount|currency|other|other|other<\/span><\/p>\n","protected":false},"excerpt":{"rendered":"<p>K\u0101 redi\u0123\u0113t bankas izrakstu ERPLY Books? \u0160\u012b pam\u0101c\u012bba ir paredz\u0113ta tiem klientiem, kuru bankas izrakstus ERPLY Books neatbalsta. Tagad J\u016bs varat izveidot visus nepiecie\u0161amos uzst\u0101d\u012bjumus pa\u0161i. Lai pievienotu bankas izrakstam visus nepiecie\u0161amos uzst\u0101d\u012bjumus, vispirms Jums nepiecie\u0161ams rast atbildi\/ izprast sekojo\u0161o inform\u0101ciju: K\u0101ds ir \u0161\u012b faila kod\u0113jums? K\u0101ds ir datu form\u0101ts? K\u0101ds form\u0101ts ir failu atdal\u012bt\u0101jam? [&hellip;]<\/p>\n","protected":false},"author":3,"featured_media":0,"parent":6000,"menu_order":12,"comment_status":"closed","ping_status":"closed","template":"","meta":{"_et_pb_use_builder":"off","_et_pb_old_content":"","_et_gb_content_width":"","footnotes":""},"categories":[],"tags":[],"class_list":["post-7244","page","type-page","status-publish","hentry"],"_links":{"self":[{"href":"https:\/\/www.erplybooks.com\/lv\/wp-json\/wp\/v2\/pages\/7244","targetHints":{"allow":["GET"]}}],"collection":[{"href":"https:\/\/www.erplybooks.com\/lv\/wp-json\/wp\/v2\/pages"}],"about":[{"href":"https:\/\/www.erplybooks.com\/lv\/wp-json\/wp\/v2\/types\/page"}],"author":[{"embeddable":true,"href":"https:\/\/www.erplybooks.com\/lv\/wp-json\/wp\/v2\/users\/3"}],"replies":[{"embeddable":true,"href":"https:\/\/www.erplybooks.com\/lv\/wp-json\/wp\/v2\/comments?post=7244"}],"version-history":[{"count":0,"href":"https:\/\/www.erplybooks.com\/lv\/wp-json\/wp\/v2\/pages\/7244\/revisions"}],"up":[{"embeddable":true,"href":"https:\/\/www.erplybooks.com\/lv\/wp-json\/wp\/v2\/pages\/6000"}],"wp:attachment":[{"href":"https:\/\/www.erplybooks.com\/lv\/wp-json\/wp\/v2\/media?parent=7244"}],"wp:term":[{"taxonomy":"category","embeddable":true,"href":"https:\/\/www.erplybooks.com\/lv\/wp-json\/wp\/v2\/categories?post=7244"},{"taxonomy":"post_tag","embeddable":true,"href":"https:\/\/www.erplybooks.com\/lv\/wp-json\/wp\/v2\/tags?post=7244"}],"curies":[{"name":"wp","href":"https:\/\/api.w.org\/{rel}","templated":true}]}}