{"id":6425,"date":"2017-11-29T05:38:44","date_gmt":"2017-11-29T05:38:44","guid":{"rendered":"http:\/\/www.erplybooks.com\/?page_id=6425\/"},"modified":"2018-03-22T11:56:38","modified_gmt":"2018-03-22T11:56:38","slug":"importejot-datus-erply-gramatam","status":"publish","type":"page","link":"https:\/\/www.erplybooks.com\/lv\/rokasgramatas\/importejot-datus-erply-gramatam\/","title":{"rendered":"Import\u0113jot datus ERPLY Books"},"content":{"rendered":"<p>Import\u0113jot datus ERPLY Books? \u0160aj\u0101 rokasgr\u0101mat\u0101 ir par\u0101d\u012bts, k\u0101 Import\u0113t datus, lai ERPLY gr\u0101matas.<\/p>\n<p><iframe loading=\"lazy\" title=\"Importing Everything to ERPLY Books\" width=\"1080\" height=\"608\" src=\"https:\/\/www.youtube.com\/embed\/PZl628ZHhjw?feature=oembed\"  allow=\"accelerometer; autoplay; clipboard-write; encrypted-media; gyroscope; picture-in-picture\" allowfullscreen><\/iframe><\/p>\n","protected":false},"excerpt":{"rendered":"<p>Import\u0113jot datus ERPLY Books? \u0160aj\u0101 rokasgr\u0101mat\u0101 ir par\u0101d\u012bts, k\u0101 Import\u0113t datus, lai ERPLY gr\u0101matas.<\/p>\n","protected":false},"author":3,"featured_media":0,"parent":6000,"menu_order":1,"comment_status":"closed","ping_status":"closed","template":"","meta":{"_et_pb_use_builder":"","_et_pb_old_content":"","_et_gb_content_width":"","footnotes":""},"categories":[],"tags":[],"class_list":["post-6425","page","type-page","status-publish","hentry"],"_links":{"self":[{"href":"https:\/\/www.erplybooks.com\/lv\/wp-json\/wp\/v2\/pages\/6425","targetHints":{"allow":["GET"]}}],"collection":[{"href":"https:\/\/www.erplybooks.com\/lv\/wp-json\/wp\/v2\/pages"}],"about":[{"href":"https:\/\/www.erplybooks.com\/lv\/wp-json\/wp\/v2\/types\/page"}],"author":[{"embeddable":true,"href":"https:\/\/www.erplybooks.com\/lv\/wp-json\/wp\/v2\/users\/3"}],"replies":[{"embeddable":true,"href":"https:\/\/www.erplybooks.com\/lv\/wp-json\/wp\/v2\/comments?post=6425"}],"version-history":[{"count":0,"href":"https:\/\/www.erplybooks.com\/lv\/wp-json\/wp\/v2\/pages\/6425\/revisions"}],"up":[{"embeddable":true,"href":"https:\/\/www.erplybooks.com\/lv\/wp-json\/wp\/v2\/pages\/6000"}],"wp:attachment":[{"href":"https:\/\/www.erplybooks.com\/lv\/wp-json\/wp\/v2\/media?parent=6425"}],"wp:term":[{"taxonomy":"category","embeddable":true,"href":"https:\/\/www.erplybooks.com\/lv\/wp-json\/wp\/v2\/categories?post=6425"},{"taxonomy":"post_tag","embeddable":true,"href":"https:\/\/www.erplybooks.com\/lv\/wp-json\/wp\/v2\/tags?post=6425"}],"curies":[{"name":"wp","href":"https:\/\/api.w.org\/{rel}","templated":true}]}}