{"id":6395,"date":"2017-11-28T18:55:12","date_gmt":"2017-11-28T18:55:12","guid":{"rendered":"http:\/\/www.erplybooks.com\/?page_id=6395\/"},"modified":"2018-03-22T10:45:15","modified_gmt":"2018-03-22T10:45:15","slug":"karsu-maksajumu-saskanosana","status":"publish","type":"page","link":"https:\/\/www.erplybooks.com\/lv\/rokasgramatas\/karsu-maksajumu-saskanosana\/","title":{"rendered":"Kar\u0161u maks\u0101jumu saska\u0146o\u0161ana"},"content":{"rendered":"<p>\u0160\u012b pam\u0101c\u012bba paskaidro k\u0101 apstirprin\u0101t kar\u0161u termin\u0101\u013cu maks\u0101jumus ERPLY Books. T\u0101l\u0101k aprakst\u012btie uzst\u0101d\u012bjumi attiecas gan uz pirkuma, gan p\u0101rdo\u0161anas transakcij\u0101m.<\/p>\n<h2>1. Galvenie uzst\u0101d\u012bjumi<\/h2>\n<p>Vispirms nosakiet kontu, kur\u0161 Jums ir manu\u0101li j\u0101saska\u0146o bankas import\u0101. Uzklik\u0161\u0137iniet uz <em>Uzst\u0101d\u012bjumi \u2192 Konfigur\u0101cija<\/em> un sada\u013c\u0101 <u>\u201cReconcile this document&#8221; <\/u>\u00a0. P\u0113c tam saglab\u0101jiet un atsvaidziniet lapu.<\/p>\n<p>\u0160\u012b uzst\u0101d\u012bjuma lieto\u0161ana ietver to, ka Jums bankas import\u0101 manu\u0101li j\u0101apstiprina ar \u0161o kontu saist\u012bt\u0101s transakcijas, kur\u0101m b\u016bs statuss\u00a0 \u201cneizl\u012bdzin\u0101ts\u201d un t\u0101p\u0113c lietot\u0101jam ir j\u0101izl\u012bdzina \u0161\u012bs transakcijas manu\u0101li.<\/p>\n<p>NB! Ja Jums ir j\u0101izv\u0113las vair\u0101ki konti, kurus nepiecie\u0161ams izl\u012bdzin\u0101t manu\u0101li, tad sazinieties ar mums caur e-pastu <a href=\"mailto:support@erplybooks.com\">support@erplybooks.com<\/a>.<\/p>\n<h2>2. Bankas imports<\/h2>\n<p>Ja J\u016bs aug\u0161upiel\u0101d\u0113jat failu bankas import\u0101 (<em>Ie\u0146\u0113mumi\/ Iepirkumi un izdevumi \u2192 Bankas imports<\/em>) tad transakcij\u0101m ar kontu, kuru J\u016bs nor\u0101d\u012bj\u0101t uzst\u0101d\u012bjumos, uzr\u0101d\u012bsies statuss \u201cneizl\u012bdzin\u0101ts.\u201d<\/p>\n<p>Uzklik\u0161\u0137inot uz transakcijas ar peles labo pogu un izv\u0113loties \u201cAtrast nenok\u0101rtotos \u010dekus,\u201d atv\u0113rsies transakcijas. Atrodiet t\u0101s, kuras nepiecie\u0161ams izl\u012bdzin\u0101t un tad uzklik\u0161\u0137iniet uz pogas \u201cIzv\u0113l\u0113ties.\u201d Tad sist\u0113ma vaic\u0101s, kur\u0101 kont\u0101 J\u016bs v\u0113laties novietot atliku\u0161o naudu (noklus\u0113juma re\u017e\u012bm\u0101 t\u0101 tik ievietota bankas izdevumu kont\u0101). T\u0101d\u0113j\u0101di, summa, kuru izmantojat r\u0113\u0137inu apmaksai, var tikt sadal\u012bta.<\/p>\n<p><strong>Piem\u0113rs<\/strong>: Ja Jums ir pieci maks\u0101jumi 20 EUR apm\u0113r\u0101 (100 EUR kop\u0101), J\u016bs sa\u0146emsiet 98 EUR J\u016bsu bankas kont\u0101 (jo bankas pakalpojuma izmaksas ir 2 EUR). Tad atrodiet nenok\u0101rtot\u0101s transakcijas, izv\u0113lieties visas un tad apstipriniet. Sist\u0113ma Jums vaic\u0101s, kur v\u0113laties novietot atliku\u0161o naudu (noklus\u0113juma re\u017e\u012bm\u0101 t\u0101 tik ievietota bankas izdevumu kont\u0101). Tad ERPLY Books izveidos transakciju 100 EUR apm\u0113r\u0101 kartes termin\u0101\u013cu kont\u0101 un -2 EUR transakciju izdevumu kont\u0101 (tas tiks pievienots kred\u012btam un tad debeta konta summa b\u016bs +2 EUR).<\/p>\n<p>\u0160\u012b oper\u0101cija sniedz iesp\u0113ju savienot vair\u0101kus atsevi\u0161\u0137us maks\u0101jumus.<\/p>\n<h2>3. Maks\u0101jumu savieno\u0161ana ar projektiem<\/h2>\n<p>J\u016bs varat savienot kar\u0161u termin\u0101\u013ca dar\u012bjumus ar projektiem divos veidos: manu\u0101li un autom\u0101tiski.<\/p>\n<p>Ja v\u0113laties to dar\u012bt manu\u0101li, tad bankas import\u0101 uzklik\u0161\u0137iniet uz transakcijas un tad izv\u0113lieties vajadz\u012bgo projektu no izv\u0113nes labaj\u0101 pus\u0113.<\/p>\n<p>Ja v\u0113laties to dar\u012bt autom\u0101tiski, tad jums j\u0101pievieno jauns uzst\u0101d\u012bjums, kas sadala maks\u0101jumus un ien\u0101kumus projektu grup\u0101s. Uzklik\u0161\u0137iniet uz <em>Uzst\u0101d\u012bjumi \u2192 Konfigur\u0101cija<\/em> un atz\u012bm\u0113jiet \u201cAutom\u0101tiski savienojiet projektus, saska\u0146ojot maks\u0101jumus bankas import\u0101.\u201d Tad saglab\u0101jiet un atsvaidziniet lapu.<\/p>\n<p><strong>Piem\u0113rs:<br \/>\nUzst\u0101d\u012bjma darb\u012bba<\/strong><br \/>\nIzv\u0113lieties 10 maks\u0101jumus. Tr\u012bs no \u0161iem maks\u0101jumiem ir saist\u012bti ar projektiem X un Y un septi\u0146i citi maks\u0101jumi ir saist\u012bti ar projetiem X un Z.<br \/>\nSist\u0113ma sadal\u012bs maks\u0101jumus div\u0101s da\u013c\u0101s:<\/p>\n<ul>\n<li>Transakcija tr\u012bs ar X un Y saist\u012bto projektu maks\u0101jumu apm\u0113r\u0101;<\/li>\n<li>Transakcija septi\u0146u ar X un Z saist\u012bto projektu maks\u0101jumu apm\u0113r\u0101.<\/li>\n<\/ul>\n<p>NB! Izmaksas tiks sadal\u012btas proporcion\u0101i.<\/p>\n<p>Piem\u0113ram, ja izmaksas ir 2 EUR apm\u0113r\u0101, tad sist\u0113ma var\u0113tu izveidot vair\u0101kas transakcijas 0,5 un 0,3, un 1,2 EUR apm\u0113r\u0101. Sist\u0113ma iedal\u012bs naudu projektos, kas saist\u012bti ar transakcij\u0101m.<\/p>\n<p>\u0160is pats princips darbojas ar klientu maks\u0101jumu \u010dekiem. J\u016bs varat savienot maks\u0101jumus ar r\u0113\u0137iniem bankas import\u0101 un sadal\u012bt tos projektu grup\u0101s.<\/p>\n<h2>4. Maks\u0101juma statusa mai\u0146a uz nesaska\u0146otu<\/h2>\n<p>Ir iesp\u0113jams noraid\u012bt maks\u0101jumu, kas jau ir bijis apstiprin\u0101ts. Uzklik\u0161\u0137iniet uz <em>Ie\u0146\u0113mumi \u2192 Ien\u0101ko\u0161\u0101 nauda<\/em> un atrodiet maks\u0101jumu un atz\u012bm\u0113jiet to. Uzklik\u0161\u0137iniet uz <em>Vair\u0101k \u2192 Atz\u012bm\u0113t k\u0101 nesaska\u0146otu<\/em>.<\/p>\n","protected":false},"excerpt":{"rendered":"<p>\u0160\u012b pam\u0101c\u012bba paskaidro k\u0101 apstirprin\u0101t kar\u0161u termin\u0101\u013cu maks\u0101jumus ERPLY Books. T\u0101l\u0101k aprakst\u012btie uzst\u0101d\u012bjumi attiecas gan uz pirkuma, gan p\u0101rdo\u0161anas transakcij\u0101m. 1. Galvenie uzst\u0101d\u012bjumi Vispirms nosakiet kontu, kur\u0161 Jums ir manu\u0101li j\u0101saska\u0146o bankas import\u0101. Uzklik\u0161\u0137iniet uz Uzst\u0101d\u012bjumi \u2192 Konfigur\u0101cija un sada\u013c\u0101 \u201cReconcile this document&#8221; \u00a0. P\u0113c tam saglab\u0101jiet un atsvaidziniet lapu. \u0160\u012b uzst\u0101d\u012bjuma lieto\u0161ana ietver to, [&hellip;]<\/p>\n","protected":false},"author":3,"featured_media":0,"parent":6000,"menu_order":0,"comment_status":"closed","ping_status":"closed","template":"","meta":{"_et_pb_use_builder":"","_et_pb_old_content":"","_et_gb_content_width":"","footnotes":""},"categories":[],"tags":[],"class_list":["post-6395","page","type-page","status-publish","hentry"],"_links":{"self":[{"href":"https:\/\/www.erplybooks.com\/lv\/wp-json\/wp\/v2\/pages\/6395","targetHints":{"allow":["GET"]}}],"collection":[{"href":"https:\/\/www.erplybooks.com\/lv\/wp-json\/wp\/v2\/pages"}],"about":[{"href":"https:\/\/www.erplybooks.com\/lv\/wp-json\/wp\/v2\/types\/page"}],"author":[{"embeddable":true,"href":"https:\/\/www.erplybooks.com\/lv\/wp-json\/wp\/v2\/users\/3"}],"replies":[{"embeddable":true,"href":"https:\/\/www.erplybooks.com\/lv\/wp-json\/wp\/v2\/comments?post=6395"}],"version-history":[{"count":0,"href":"https:\/\/www.erplybooks.com\/lv\/wp-json\/wp\/v2\/pages\/6395\/revisions"}],"up":[{"embeddable":true,"href":"https:\/\/www.erplybooks.com\/lv\/wp-json\/wp\/v2\/pages\/6000"}],"wp:attachment":[{"href":"https:\/\/www.erplybooks.com\/lv\/wp-json\/wp\/v2\/media?parent=6395"}],"wp:term":[{"taxonomy":"category","embeddable":true,"href":"https:\/\/www.erplybooks.com\/lv\/wp-json\/wp\/v2\/categories?post=6395"},{"taxonomy":"post_tag","embeddable":true,"href":"https:\/\/www.erplybooks.com\/lv\/wp-json\/wp\/v2\/tags?post=6395"}],"curies":[{"name":"wp","href":"https:\/\/api.w.org\/{rel}","templated":true}]}}