{"id":6392,"date":"2017-11-28T07:46:46","date_gmt":"2017-11-28T07:46:46","guid":{"rendered":"http:\/\/www.erplybooks.com\/?page_id=6392\/"},"modified":"2018-03-22T12:20:51","modified_gmt":"2018-03-22T12:20:51","slug":"dazadi-maksajumu-veidi-erply-books","status":"publish","type":"page","link":"https:\/\/www.erplybooks.com\/lv\/rokasgramatas\/dazadi-maksajumu-veidi-erply-books\/","title":{"rendered":"Da\u017e\u0101di maks\u0101jumu veidi ERPLY Books"},"content":{"rendered":"<p style=\"text-align: left;\">Da\u017e\u0101di maks\u0101jumu veidi ERPLY Books? ERPLY Books pieejami tr\u012bs galvenie maks\u0101jumu tipi un zem\u0101k eso\u0161ais video iepaz\u012bstin\u0101s ar tiem.<\/p>\n<p><iframe loading=\"lazy\" title=\"Different Payment Types in ERPLY Books\" width=\"1080\" height=\"608\" src=\"https:\/\/www.youtube.com\/embed\/iatxSd0bIZg?feature=oembed\"  allow=\"accelerometer; autoplay; clipboard-write; encrypted-media; gyroscope; picture-in-picture\" allowfullscreen><\/iframe><\/p>\n","protected":false},"excerpt":{"rendered":"<p>Da\u017e\u0101di maks\u0101jumu veidi ERPLY Books? ERPLY Books pieejami tr\u012bs galvenie maks\u0101jumu tipi un zem\u0101k eso\u0161ais video iepaz\u012bstin\u0101s ar tiem.<\/p>\n","protected":false},"author":3,"featured_media":0,"parent":6000,"menu_order":4,"comment_status":"closed","ping_status":"closed","template":"","meta":{"_et_pb_use_builder":"","_et_pb_old_content":"","_et_gb_content_width":"","footnotes":""},"categories":[],"tags":[],"class_list":["post-6392","page","type-page","status-publish","hentry"],"_links":{"self":[{"href":"https:\/\/www.erplybooks.com\/lv\/wp-json\/wp\/v2\/pages\/6392","targetHints":{"allow":["GET"]}}],"collection":[{"href":"https:\/\/www.erplybooks.com\/lv\/wp-json\/wp\/v2\/pages"}],"about":[{"href":"https:\/\/www.erplybooks.com\/lv\/wp-json\/wp\/v2\/types\/page"}],"author":[{"embeddable":true,"href":"https:\/\/www.erplybooks.com\/lv\/wp-json\/wp\/v2\/users\/3"}],"replies":[{"embeddable":true,"href":"https:\/\/www.erplybooks.com\/lv\/wp-json\/wp\/v2\/comments?post=6392"}],"version-history":[{"count":0,"href":"https:\/\/www.erplybooks.com\/lv\/wp-json\/wp\/v2\/pages\/6392\/revisions"}],"up":[{"embeddable":true,"href":"https:\/\/www.erplybooks.com\/lv\/wp-json\/wp\/v2\/pages\/6000"}],"wp:attachment":[{"href":"https:\/\/www.erplybooks.com\/lv\/wp-json\/wp\/v2\/media?parent=6392"}],"wp:term":[{"taxonomy":"category","embeddable":true,"href":"https:\/\/www.erplybooks.com\/lv\/wp-json\/wp\/v2\/categories?post=6392"},{"taxonomy":"post_tag","embeddable":true,"href":"https:\/\/www.erplybooks.com\/lv\/wp-json\/wp\/v2\/tags?post=6392"}],"curies":[{"name":"wp","href":"https:\/\/api.w.org\/{rel}","templated":true}]}}