{"id":6342,"date":"2017-11-27T17:32:22","date_gmt":"2017-11-27T17:32:22","guid":{"rendered":"http:\/\/www.erplybooks.com\/?page_id=6342\/"},"modified":"2018-03-22T12:23:36","modified_gmt":"2018-03-22T12:23:36","slug":"valuta-erply-books-sistema","status":"publish","type":"page","link":"https:\/\/www.erplybooks.com\/lv\/rokasgramatas\/valuta-erply-books-sistema\/","title":{"rendered":"Val\u016bta ERPLY Books sist\u0113m\u0101"},"content":{"rendered":"<p>Val\u016bta ERPLY Books sist\u0113m\u0101. ERPLY Books sist\u0113m\u0101 val\u016btas tiek p\u0101rvald\u012btas kontu tabul\u0101, r\u0113\u0137inos un ar\u012b da\u017eos dar\u012bjumos.<\/p>\n<p><iframe loading=\"lazy\" title=\"Currencies in ERPLY Books\" width=\"1080\" height=\"608\" src=\"https:\/\/www.youtube.com\/embed\/uVxrIflvuSs?feature=oembed\"  allow=\"accelerometer; autoplay; clipboard-write; encrypted-media; gyroscope; picture-in-picture\" allowfullscreen><\/iframe><\/p>\n","protected":false},"excerpt":{"rendered":"<p>Val\u016bta ERPLY Books sist\u0113m\u0101. ERPLY Books sist\u0113m\u0101 val\u016btas tiek p\u0101rvald\u012btas kontu tabul\u0101, r\u0113\u0137inos un ar\u012b da\u017eos dar\u012bjumos.<\/p>\n","protected":false},"author":3,"featured_media":0,"parent":6000,"menu_order":8,"comment_status":"closed","ping_status":"closed","template":"","meta":{"_et_pb_use_builder":"","_et_pb_old_content":"","_et_gb_content_width":"","footnotes":""},"categories":[],"tags":[],"class_list":["post-6342","page","type-page","status-publish","hentry"],"_links":{"self":[{"href":"https:\/\/www.erplybooks.com\/lv\/wp-json\/wp\/v2\/pages\/6342","targetHints":{"allow":["GET"]}}],"collection":[{"href":"https:\/\/www.erplybooks.com\/lv\/wp-json\/wp\/v2\/pages"}],"about":[{"href":"https:\/\/www.erplybooks.com\/lv\/wp-json\/wp\/v2\/types\/page"}],"author":[{"embeddable":true,"href":"https:\/\/www.erplybooks.com\/lv\/wp-json\/wp\/v2\/users\/3"}],"replies":[{"embeddable":true,"href":"https:\/\/www.erplybooks.com\/lv\/wp-json\/wp\/v2\/comments?post=6342"}],"version-history":[{"count":0,"href":"https:\/\/www.erplybooks.com\/lv\/wp-json\/wp\/v2\/pages\/6342\/revisions"}],"up":[{"embeddable":true,"href":"https:\/\/www.erplybooks.com\/lv\/wp-json\/wp\/v2\/pages\/6000"}],"wp:attachment":[{"href":"https:\/\/www.erplybooks.com\/lv\/wp-json\/wp\/v2\/media?parent=6342"}],"wp:term":[{"taxonomy":"category","embeddable":true,"href":"https:\/\/www.erplybooks.com\/lv\/wp-json\/wp\/v2\/categories?post=6342"},{"taxonomy":"post_tag","embeddable":true,"href":"https:\/\/www.erplybooks.com\/lv\/wp-json\/wp\/v2\/tags?post=6342"}],"curies":[{"name":"wp","href":"https:\/\/api.w.org\/{rel}","templated":true}]}}