{"id":6330,"date":"2017-11-27T12:53:18","date_gmt":"2017-11-27T12:53:18","guid":{"rendered":"http:\/\/www.erplybooks.com\/?page_id=6330\/"},"modified":"2018-03-22T12:33:42","modified_gmt":"2018-03-22T12:33:42","slug":"faktoringa-izmantosana-erply-books-klientiem","status":"publish","type":"page","link":"https:\/\/www.erplybooks.com\/lv\/rokasgramatas\/faktoringa-izmantosana-erply-books-klientiem\/","title":{"rendered":"Faktoringa izmanto\u0161ana ERPLY Books klientiem"},"content":{"rendered":"<p>Faktoringa izmanto\u0161ana ERPLY Books klientiem. Pa\u0161laik ERPLY Books atbalsta faktoringu Nordea, Danske un Swedbank bank\u0101s.<\/p>\n<p><iframe loading=\"lazy\" title=\"Factoring Process in ERPLY Books (Latvian)\" width=\"1080\" height=\"608\" src=\"https:\/\/www.youtube.com\/embed\/r-DsgVIE6Ig?feature=oembed\"  allow=\"accelerometer; autoplay; clipboard-write; encrypted-media; gyroscope; picture-in-picture\" allowfullscreen><\/iframe><\/p>\n<h2>Faktoringa risin\u0101jums<\/h2>\n<p>Faktoringa risin\u0101jums sev\u012b iek\u013cauj sekojo\u0161\u0101s vajadz\u012bbas:<\/p>\n<ul>\n<li>To klientu p\u0101rvald\u012bba, ar kuriem tiek izmantots faktorings<\/li>\n<li>To r\u0113\u0137inu, ko v\u0113laties p\u0101rveidot fakt\u016brr\u0113\u0137inos, izv\u0113l\u0113\u0161an\u0101s<\/li>\n<li>Fakt\u016brr\u0113\u0137inu apmaksa pamata skait\u0101<\/li>\n<li>Fakt\u016brr\u0113\u0137inu atlikumu apmaksa<\/li>\n<li>Faktoringa konta p\u0101rvald\u012b\u0161ana<\/li>\n<\/ul>\n<p>\u0160\u012bbr\u012b\u017ea specifiskie risin\u0101jumi:<\/p>\n<ul>\n<li>Swedbank faktoringa bankas zi\u0146ojums<\/li>\n<li>Nordea (EE) ievaddatu fails<\/li>\n<li>Nordea (FI) ievaddatu fails<\/li>\n<li>Danske ievaddatu fails<\/li>\n<\/ul>\n<h2>Faktoringa konts<\/h2>\n<p>Katrai faktoringa darb\u012bbai b\u016btu j\u0101izmanto atsevi\u0161\u0137s faktoringa konts. \u0160o kontu J\u016bs izv\u0113laties, kad atz\u012bm\u0113jat r\u0113\u0137inus k\u0101 apmaks\u0101tus un kad \u0161is konts akumul\u0113jas bank\u0101. \u0160aj\u0101 gad\u012bjum\u0101 t\u0101 v\u0113rt\u012bba palielin\u0101s (Jums ir debitoru r\u0113\u0137ini bankai) kad atz\u012bm\u0113jat r\u0113\u0137inus k\u0101 apmaks\u0101tus. T\u0101 samazin\u0101s, kad banka k\u0101rto dar\u012bjumus ar naudu.<\/p>\n<h2>Ar kuriem klientiem tiek veikts faktorings?<\/h2>\n<p>Ja J\u016bs esat ar\u012b ERPLY POS &amp; Invent\u0101rs klients un uzst\u0101d\u012bjumos esat izv\u0113l\u0113jies, ka izmantojat faktoringu, m\u0113s autom\u0101tiski sinhroniz\u0113sim attiec\u012bgos ERPLY Books klientus. Tam Jums j\u0101pievieno nosac\u012bjums ERPLY uzst\u0101d\u012bjumos ATTRIBUTE_PAYS_VIA_FACTORING<\/p>\n<p>Ja J\u016bs v\u0113laties \u0161os nosac\u012bjumus main\u012bt, J\u016bs to varat izdar\u012bt ERPLY Books. Tam instrumentu panel\u012b mekl\u0113jiet \u201cklientu atrib\u016bti\u201d. Tur J\u016bs varat pievienot\/izdz\u0113st izv\u0113l\u0113tos klientus. Faktoringa izmanto\u0161anas nosac\u012bjums ir ATTRIBUTE_PAYS_VIA_FACTORING<\/p>\n<h2>Faktoringa process<\/h2>\n<p>Fakt\u016brr\u0113\u0137inu izveidei ir divas iesp\u0113jas.<\/p>\n<ol>\n<li>Dodieties uz \u201cien\u0101kumi\u201d, \u201catv\u0113rtie neapmaks\u0101tos izejo\u0161os r\u0113\u0137inus\u201d un izv\u0113lieties r\u0113\u0137inus, ko p\u0101rveidot fakt\u016brr\u0113\u0137inos. Dot\u0101 atskaite iek\u013cauj visus atv\u0113rtos neapmaks\u0101tos r\u0113\u0137inus \u2013 neatkar\u012bgi no t\u0101, vai klients tiks faktor\u0113ts vai n\u0113.<\/li>\n<li>Lai redz\u0113tu tikai r\u0113\u0137inus tiem klientiem, kas tiks faktor\u0113ti (un tikai tos r\u0113\u0137inus, kas v\u0113l nav p\u0101rveidoti fakt\u016brr\u0113\u0137inos), Jums j\u0101dodas uz instrumentu paneli un j\u0101nospie\u017e \u201cfaktoringa\u201d poga. Pogu pievieno ERPLY Books klientu apkalpo\u0161anas dienests \u2013 attiec\u012bgs piepras\u012bjums j\u0101iesniedz <a href=\"mailto:support@erplybooks.com\">support@erplybooks.com<\/a>. Visi iesp\u0113jamie fakt\u016brr\u0113\u0137ini tiks atv\u0113rti.<\/li>\n<\/ol>\n<p>Veiciet sekojo\u0161o:<\/p>\n<ol>\n<li>Izv\u0113lieties r\u0113\u0137inus, ko v\u0113laties p\u0101rveidot par fakt\u016brr\u0113\u0137iniem;<\/li>\n<li>Nospiediet \u2018vair\u0101k\u2019-&gt; \u2018faktorings\u2019;<\/li>\n<li>ERPLY Books lejupiel\u0101d\u0113s failu, ko varat aug\u0161upiel\u0101d\u0113t sav\u0101 bank\u0101;<\/li>\n<li>Vispirms dodieties uz banku un aug\u0161upiel\u0101d\u0113jiet failu tur, p\u0113c tam m\u0113s dro\u0161i varam zin\u0101t, ka r\u0113\u0137ini ir nos\u016bt\u012bti uz faktoringu;<\/li>\n<li>ERPLY Books p\u0113c faila lejupiel\u0101des atv\u0113rsies logs, kur\u0101 J\u016bs varat apstiprin\u0101t faktoringu nepiecie\u0161amaj\u0101 daudzum\u0101;<\/li>\n<li>Vispirms apstipriniet \u2013 tas apstiprin\u0101s r\u0113\u0137inus, tie vairs netiks par\u0101d\u012bti faktoring\u0101 (lai izsl\u0113gtu iesp\u0113jam\u012bbu tos nos\u016bt\u012bt uz banku divreiz)<\/li>\n<li>P\u0113c tam varat atz\u012bm\u0113t r\u0113\u0137inus k\u0101 apmaks\u0101tus, t\u0101pat varat izv\u0113l\u0113ties atz\u012bm\u0113\u0161anas procentu. P\u0113c piepras\u012bjuma atz\u012bm\u0113t k\u0101 apmaks\u0101tus ERPLY Books sagatavos izv\u0113l\u0113to r\u0113\u0137inu procentu\u0101lo skaitu, ko varat apstiprin\u0101t un saglab\u0101t. NB: P\u0101rliecinieties, ka bankas import\u0113\u0161anu J\u016bs esat izv\u0113l\u0113jies k\u0101 maks\u0101jumu konta faktoringa kontu!<\/li>\n<\/ol>\n<p><strong>K\u0101 pievienot maks\u0101jumus manu\u0101li?<\/strong><\/p>\n<p>Tam Jums j\u0101dodas uz \u201cneapmaks\u0101tie izejo\u0161ie r\u0113\u0137ini\u201d -&gt; atz\u012bm\u0113jiet r\u0113\u0137inu, ko v\u0113laties apmaks\u0101t un no apak\u0161\u0113j\u0101s lab\u0101s puses izv\u0113lieties \u201cpievienot maks\u0101jumu\u201d, p\u0113c tam aizpildiet kolonnas. Kontiem Jums j\u0101izv\u0113las faktoringa akumul\u0113\u0161anas konts.<\/p>\n<p><strong>Ko dar\u012bt, ja manas bankas faktoringa risin\u0101jums netiek atbalst\u012bts?<\/strong><\/p>\n<p>Ja J\u016bsu bankas faktoringa risin\u0101jums netiek atbalst\u012bts, J\u016bs to v\u0113l joproj\u0101m varat izmantot ERPLY. Tom\u0113r Jums manu\u0101li j\u0101nos\u016bta r\u0113\u0137ini bankai, kam nepiecie\u0161ams faktorings.<\/p>\n<p>Neskatoties uz to, m\u0113s ieteiktu piepras\u012bt iepaz\u012bstin\u0101t J\u016bsu banku ar pied\u0101v\u0101jumu. J\u016bs varat nos\u016bt\u012bt piepras\u012bjumu uz <a href=\"mailto:info@erplybooks.com\">info@erplybooks.com<\/a><\/p>\n<p><strong>Vai faktoringa kontam j\u0101b\u016bt bilancei?<\/strong><\/p>\n<p>Faktoringa kontam ir bilance, kad banka nav izpild\u012bjusi savas oblig\u0101cijas pret Jums. Bet ja nav debitoru par\u0101du un akumul\u0101cijas kont\u0101 ir cita bilance k\u0101 0, j\u0101mekl\u0113 k\u013c\u016bda virsgr\u0101mat\u0101. P\u0113c lo\u0123ikas diapazon\u0101, kur bilance bija 0 un no kura bilance vairs nav 0, j\u0101b\u016bt k\u013c\u016bdai.<\/p>\n","protected":false},"excerpt":{"rendered":"<p>Faktoringa izmanto\u0161ana ERPLY Books klientiem. Pa\u0161laik ERPLY Books atbalsta faktoringu Nordea, Danske un Swedbank bank\u0101s. Faktoringa risin\u0101jums Faktoringa risin\u0101jums sev\u012b iek\u013cauj sekojo\u0161\u0101s vajadz\u012bbas: To klientu p\u0101rvald\u012bba, ar kuriem tiek izmantots faktorings To r\u0113\u0137inu, ko v\u0113laties p\u0101rveidot fakt\u016brr\u0113\u0137inos, izv\u0113l\u0113\u0161an\u0101s Fakt\u016brr\u0113\u0137inu apmaksa pamata skait\u0101 Fakt\u016brr\u0113\u0137inu atlikumu apmaksa Faktoringa konta p\u0101rvald\u012b\u0161ana \u0160\u012bbr\u012b\u017ea specifiskie risin\u0101jumi: Swedbank faktoringa bankas zi\u0146ojums [&hellip;]<\/p>\n","protected":false},"author":3,"featured_media":0,"parent":6000,"menu_order":31,"comment_status":"closed","ping_status":"closed","template":"","meta":{"_et_pb_use_builder":"","_et_pb_old_content":"","_et_gb_content_width":"","footnotes":""},"categories":[],"tags":[],"class_list":["post-6330","page","type-page","status-publish","hentry"],"_links":{"self":[{"href":"https:\/\/www.erplybooks.com\/lv\/wp-json\/wp\/v2\/pages\/6330","targetHints":{"allow":["GET"]}}],"collection":[{"href":"https:\/\/www.erplybooks.com\/lv\/wp-json\/wp\/v2\/pages"}],"about":[{"href":"https:\/\/www.erplybooks.com\/lv\/wp-json\/wp\/v2\/types\/page"}],"author":[{"embeddable":true,"href":"https:\/\/www.erplybooks.com\/lv\/wp-json\/wp\/v2\/users\/3"}],"replies":[{"embeddable":true,"href":"https:\/\/www.erplybooks.com\/lv\/wp-json\/wp\/v2\/comments?post=6330"}],"version-history":[{"count":0,"href":"https:\/\/www.erplybooks.com\/lv\/wp-json\/wp\/v2\/pages\/6330\/revisions"}],"up":[{"embeddable":true,"href":"https:\/\/www.erplybooks.com\/lv\/wp-json\/wp\/v2\/pages\/6000"}],"wp:attachment":[{"href":"https:\/\/www.erplybooks.com\/lv\/wp-json\/wp\/v2\/media?parent=6330"}],"wp:term":[{"taxonomy":"category","embeddable":true,"href":"https:\/\/www.erplybooks.com\/lv\/wp-json\/wp\/v2\/categories?post=6330"},{"taxonomy":"post_tag","embeddable":true,"href":"https:\/\/www.erplybooks.com\/lv\/wp-json\/wp\/v2\/tags?post=6330"}],"curies":[{"name":"wp","href":"https:\/\/api.w.org\/{rel}","templated":true}]}}