{"id":6312,"date":"2017-11-27T12:13:52","date_gmt":"2017-11-27T12:13:52","guid":{"rendered":"http:\/\/www.erplybooks.com\/?page_id=6312\/"},"modified":"2018-03-22T11:19:52","modified_gmt":"2018-03-22T11:19:52","slug":"pirksanas-rekinu-maksajumu-failu-statusu-parvaldisana-erply-books","status":"publish","type":"page","link":"https:\/\/www.erplybooks.com\/lv\/rokasgramatas\/pirksanas-rekinu-maksajumu-failu-statusu-parvaldisana-erply-books\/","title":{"rendered":"Pirk\u0161anas r\u0113\u0137inu maks\u0101jumu failu statusu p\u0101rvald\u012b\u0161ana ERPLY Books"},"content":{"rendered":"<p style=\"text-align: left;\">Pirk\u0161anas r\u0113\u0137inu maks\u0101jumu failu statusu p\u0101rvald\u012b\u0161ana ERPLY Books<\/p>\n<p style=\"text-align: left;\">ERPLY Books iesp\u0113jo maks\u0101jumu failu apkopo\u0161anu, lai apmaks\u0101tu pieg\u0101d\u0101t\u0101ju r\u0113\u0137inus (k\u0101 ar\u012b algas, priek\u0161apmaksas u.c.).<\/p>\n<h2>K\u0101 apkopot prik\u0161anas r\u0113\u0137inu maks\u0101jumu failus ERPLY Books?<\/h2>\n<p>Vispirms izv\u0113lieties moduli \u201ckreditoru par\u0101di\u201d no instrumentu pane\u013ca. \u0160eit J\u016bs varat izv\u0113l\u0113ties r\u0113\u0137inus, kurus v\u0113laties apmaks\u0101t. Atz\u012bm\u0113jiet r\u0113\u0137inus un nospiediet \u201cEksport\u0113t maks\u0101jumus uz failu\u201d. Ja esat ievad\u012bjis savu bankas inform\u0101ciju, J\u016bs nesa\u0146emsiet k\u013c\u016bdas zi\u0146ojumu. Ja t\u0101 nav ievad\u012bta, programmat\u016bra izveidos k\u013c\u016bdas zi\u0146ojumu: \u201cTr\u016bkst bankas inform\u0101cijas.\u201d L\u016bdzu pievienojiet savu bankas nosaukumu un konta numuru no organiz\u0101cijas uzst\u0101d\u012bjumiem. Tad ERPLY Books J\u016bs nos\u016bt\u012bs uz \u201cBankas kontu\u201d moduli, kur J\u016bs varat ievad\u012bt savu bankas inform\u0101ciju. Ja J\u016bs to esat izdar\u012bjis, v\u0113lreiz nospiediet uz \u201cEksport\u0113t maks\u0101jumus uz failu\u201d. J\u016bs redz\u0113siet inform\u0101ciju par r\u0113\u0137iniem ar pieg\u0101d\u0101t\u0101ju bankas inform\u0101ciju. Ja neesat ievad\u012bjis vi\u0146u bankas inform\u0101ciju, J\u016bs to varat izdar\u012bt \u0161eit.<\/p>\n<p>Nospiediet \u201cEksport\u0113t maks\u0101jumus uz failu\u201d. Programmat\u016bra lejupiel\u0101d\u0113s maks\u0101jumu failu. J\u016bs varat to aug\u0161upiel\u0101d\u0113t sav\u0101 bank\u0101. Parasti bank\u0101m ir modulis ar nosaukumu \u201cmaks\u0101jumu import\u0113\u0161ana\u201d, no kura J\u016bs varat aug\u0161upiel\u0101d\u0113t failu. Ja jums rodas probl\u0113mas, aug\u0161upiel\u0101d\u0113jot failu bank\u0101, l\u016bdzu, sazinieties ar savas bankas atbalstu.<\/p>\n<p>P\u0113c nospie\u0161anas uz \u201cEksport\u0113t maks\u0101jumus uz failu\u201d tiek izveidota papildus poga \u2013 \u201cAtz\u012bm\u0113t k\u0101 apmaks\u0101tu\u201d. J\u016bs varat izmantot \u0161o pogu, lai atz\u012bm\u0113tu pirk\u0161anas r\u0113\u0137inus k\u0101 apmaks\u0101tus. Tas izmantos kontu, ko varat atrast no Uzst\u0101d\u012bjumi -&gt; S\u0101kotn\u0113jie dati -&gt; Sist\u0113mas konti: \u201c<em>Pending Money\u201d. <\/em>P\u0113c noklus\u0113juma programmat\u016bra neko neatz\u012bm\u0113s k\u0101 apmaks\u0101tu. Ja v\u0113laties to izmantot, tas j\u0101dara pa\u0161am. Kopum\u0101 m\u0113s ieteiktu atz\u012bm\u0113t r\u0113\u0137inus, kas tie\u0161\u0101m tiku\u0161i apmaks\u0101ti, bankas import\u0113\u0161anas laik\u0101. Ja Jums ir j\u0101maks\u0101 vienam un tam pa\u0161am klientam, neizmantojot atsauces numuru, sist\u0113ma pievienos vair\u0101kus r\u0113\u0137inus kop\u0101 un tie tiks apmaks\u0101ti vien\u0101 gr\u0101matojum\u0101. Bet, veicot gr\u0101matojumu, r\u0113\u0137ina numuri tiks pievienoti t\u0101 aprakstam atsevi\u0161\u0137i.<\/p>\n<p>Jums var\u0113tu b\u016bt divi jaut\u0101jumi, kuri, atkar\u012bb\u0101 no komp\u0101nijas, var b\u016bt nepiecie\u0161ami:<\/p>\n<ol>\n<li>Kurus r\u0113\u0137inus jau esmu nos\u016bt\u012bjis bankai?<\/li>\n<li>Vai ir iesp\u0113jams apkopot maks\u0101jumu failu, atkar\u012bb\u0101 no termi\u0146a datuma, nevis \u0161\u012bsdienas datuma?<\/li>\n<\/ol>\n<p>T\u0101 k\u0101 tie ir komp\u0101nijas uzst\u0101d\u012bjumi, tiem j\u0101pievieno noteikumi. To var izdar\u012bt ar glob\u0101lajiem atrib\u016btiem. Mekl\u0113jiet \u201c<em>global attributes<\/em>\u201d no instrumentu pane\u013ca.<\/p>\n<h2>Kurus r\u0113\u0137inus jau esmu nos\u016bt\u012bjis bankai?<\/h2>\n<p>\u201cnos\u016bt\u012bt bankai\u201d noteikums tiek iev\u0113rots, kad Jums ir atrib\u016bts ar nosaukumu:<\/p>\n<p>ATTRIBUTE_GLOBAL_AUTOMATIC_CONFIRM_PAID<\/p>\n<p>Rezult\u0101tam b\u016btu j\u0101b\u016bt sekojo\u0161am:<\/p>\n<p><img loading=\"lazy\" decoding=\"async\" class=\"alignnone wp-image-6315\" src=\"https:\/\/www.erplybooks.com\/wp-content\/uploads\/2017\/11\/Capture30-1-300x79.png\" alt=\"\" width=\"801\" height=\"211\" srcset=\"https:\/\/www.erplybooks.com\/wp-content\/uploads\/2017\/11\/Capture30-1-300x79.png 300w, https:\/\/www.erplybooks.com\/wp-content\/uploads\/2017\/11\/Capture30-1-768x203.png 768w, https:\/\/www.erplybooks.com\/wp-content\/uploads\/2017\/11\/Capture30-1.png 834w\" sizes=\"auto, (max-width: 801px) 100vw, 801px\" \/><\/p>\n<p>P\u0113c tam b\u016btu ieteicams izmantot apstiprin\u0101\u0161anas funkciju. Uzst\u0101d\u012bjumi -&gt; Organiz\u0101cijas dati, atz\u012bm\u0113jiet \u201cizmantot dokumentu apstiprin\u0101\u0161anu\u201d.<\/p>\n<p>Process:<\/p>\n<ul>\n<li>Ja j\u016bs apkopojat pirk\u0161anas r\u0113\u0137inu, p\u0113c noklus\u0113juma tam ir neapstiprin\u0101ts statuss<\/li>\n<li>J\u016bs varat izmain\u012bt statusu tie\u0161i uz pirk\u0161anas r\u0113\u0137ina (atz\u012bm\u0113jot \u201capstiprin\u0101ts\u201d statusa form\u0101)<\/li>\n<li>Ir iesp\u0113jama masveida statusa redi\u0123\u0113\u0161ana (atskaites -&gt; pirk\u0161anas r\u0113\u0137ini), kur J\u016bs varat izv\u0113l\u0113ties pirk\u0161anas r\u0113\u0137inus un nospiest \u201cCiti\u201d \u2013 \u201cApstiprin\u0101t\u201d<\/li>\n<li>Neapmaks\u0101tie ien\u0101ko\u0161ie r\u0113\u0137ini par\u0101da tikai apstiprin\u0101tos r\u0113\u0137inus<\/li>\n<li>Ja J\u016bs pievienojat pirk\u0161anas r\u0113\u0137ina maks\u0101juma failu, p\u0113c faila apkopo\u0161anas, programmat\u016bra autom\u0101tiski nomain\u012bs dokumenta statusu uz \u201cApstiprin\u0101ts un maks\u0101juma fails apkopots\u201d<\/li>\n<li>T\u0101 k\u0101 neapmaks\u0101tie ien\u0101ko\u0161ie r\u0113\u0137ini par\u0101da tikai apstiprin\u0101tus dokumentus, sit\u0113ma tos vairs tur nepar\u0101d\u012bs<\/li>\n<li>Ja J\u016bs v\u0113l joproj\u0101m v\u0113laties par k\u0101du r\u0113\u0137inu samaks\u0101t v\u0113lreiz, vai kaut kas ir noticis ar maks\u0101juma failu, J\u016bs varat atv\u0113rt r\u0113\u0137inu un pievienot tam jaunu statusu manu\u0101li.<\/li>\n<\/ul>\n<h2>Maks\u0101juma faila apkopo\u0161ana, atkar\u012bb\u0101 no r\u0113\u0137ina termi\u0146a<\/h2>\n<p>Pievienojiet sekojo\u0161o noteikumu:<\/p>\n<p>ATTIBUTE_GLOBAL_DEADLINE_PAYMENT_EXPORT<\/p>\n<p>Rezult\u0101tam b\u016btu j\u0101b\u016bt sekojo\u0161am:<\/p>\n<p><img loading=\"lazy\" decoding=\"async\" class=\"alignnone wp-image-6314\" src=\"https:\/\/www.erplybooks.com\/wp-content\/uploads\/2017\/11\/Capture29-1-300x75.png\" alt=\"\" width=\"748\" height=\"187\" srcset=\"https:\/\/www.erplybooks.com\/wp-content\/uploads\/2017\/11\/Capture29-1-300x75.png 300w, https:\/\/www.erplybooks.com\/wp-content\/uploads\/2017\/11\/Capture29-1-768x192.png 768w, https:\/\/www.erplybooks.com\/wp-content\/uploads\/2017\/11\/Capture29-1.png 829w\" sizes=\"auto, (max-width: 748px) 100vw, 748px\" \/><\/p>\n<p>P\u0113c tam, izv\u0113loties r\u0113\u0137inus no neapmaks\u0101tajiem izejo\u0161ajiem r\u0113\u0137iniem, ERPLY Books uzst\u0101d\u012bs to maks\u0101juma datumu k\u0101 r\u0113\u0137ina termi\u0146a datumu vai \u0161\u012bsdienas datumu (ja maks\u0101juma datums ir pag\u0101jis).<\/p>\n<p>NBL Ja maks\u0101jumi vienam pieg\u0101d\u0101t\u0101jam ir da\u017e\u0101dos datumus, sist\u0113ma maks\u0101jumus veiks atsevi\u0161\u0137i un nepievienos kop\u0101.<\/p>\n","protected":false},"excerpt":{"rendered":"<p>Pirk\u0161anas r\u0113\u0137inu maks\u0101jumu failu statusu p\u0101rvald\u012b\u0161ana ERPLY Books ERPLY Books iesp\u0113jo maks\u0101jumu failu apkopo\u0161anu, lai apmaks\u0101tu pieg\u0101d\u0101t\u0101ju r\u0113\u0137inus (k\u0101 ar\u012b algas, priek\u0161apmaksas u.c.). K\u0101 apkopot prik\u0161anas r\u0113\u0137inu maks\u0101jumu failus ERPLY Books? Vispirms izv\u0113lieties moduli \u201ckreditoru par\u0101di\u201d no instrumentu pane\u013ca. \u0160eit J\u016bs varat izv\u0113l\u0113ties r\u0113\u0137inus, kurus v\u0113laties apmaks\u0101t. Atz\u012bm\u0113jiet r\u0113\u0137inus un nospiediet \u201cEksport\u0113t maks\u0101jumus uz failu\u201d. [&hellip;]<\/p>\n","protected":false},"author":3,"featured_media":0,"parent":6000,"menu_order":0,"comment_status":"closed","ping_status":"closed","template":"","meta":{"_et_pb_use_builder":"","_et_pb_old_content":"","_et_gb_content_width":"","footnotes":""},"categories":[],"tags":[],"class_list":["post-6312","page","type-page","status-publish","hentry"],"_links":{"self":[{"href":"https:\/\/www.erplybooks.com\/lv\/wp-json\/wp\/v2\/pages\/6312","targetHints":{"allow":["GET"]}}],"collection":[{"href":"https:\/\/www.erplybooks.com\/lv\/wp-json\/wp\/v2\/pages"}],"about":[{"href":"https:\/\/www.erplybooks.com\/lv\/wp-json\/wp\/v2\/types\/page"}],"author":[{"embeddable":true,"href":"https:\/\/www.erplybooks.com\/lv\/wp-json\/wp\/v2\/users\/3"}],"replies":[{"embeddable":true,"href":"https:\/\/www.erplybooks.com\/lv\/wp-json\/wp\/v2\/comments?post=6312"}],"version-history":[{"count":0,"href":"https:\/\/www.erplybooks.com\/lv\/wp-json\/wp\/v2\/pages\/6312\/revisions"}],"up":[{"embeddable":true,"href":"https:\/\/www.erplybooks.com\/lv\/wp-json\/wp\/v2\/pages\/6000"}],"wp:attachment":[{"href":"https:\/\/www.erplybooks.com\/lv\/wp-json\/wp\/v2\/media?parent=6312"}],"wp:term":[{"taxonomy":"category","embeddable":true,"href":"https:\/\/www.erplybooks.com\/lv\/wp-json\/wp\/v2\/categories?post=6312"},{"taxonomy":"post_tag","embeddable":true,"href":"https:\/\/www.erplybooks.com\/lv\/wp-json\/wp\/v2\/tags?post=6312"}],"curies":[{"name":"wp","href":"https:\/\/api.w.org\/{rel}","templated":true}]}}