{"id":6300,"date":"2017-11-24T07:33:52","date_gmt":"2017-11-24T07:33:52","guid":{"rendered":"http:\/\/www.erplybooks.com\/?page_id=6300\/"},"modified":"2018-03-22T10:13:00","modified_gmt":"2018-03-22T10:13:00","slug":"e-pastu-parraudzisana-erply-books","status":"publish","type":"page","link":"https:\/\/www.erplybooks.com\/lv\/rokasgramatas\/e-pastu-parraudzisana-erply-books\/","title":{"rendered":"E-pastu p\u0101rraudz\u012b\u0161ana ERPLY Books"},"content":{"rendered":"<p>E-pasta\u00a0p\u0101rraudz\u012b\u0161ana ir pieejama ERPLY gr\u0101mat\u0101s.<br \/>\nERPLY Books \u013cauj Jums p\u0101rbaud\u012bt, vai nos\u016bt\u012btie e-pasti ir atv\u0113rti; \u201catleco\u0161i\u201d jeb nenos\u016bt\u012bti e-pasti var sare\u017e\u0123\u012bt J\u016bsu k\u0101 e-pastu nos\u016bt\u012bt\u0101ja gr\u0101matved\u012bbu. E-pastu nenon\u0101k\u0161anai gala adres\u0113 var b\u016bt vair\u0101ki iemesli. Piem\u0113ram, ja lietot\u0101js ir iek\u013cauts melnaj\u0101 sarakst\u0101, ir p\u0101r\u0101k liels sa\u0146\u0113m\u0113ju skaits u.t.t. Zin\u0101\u0161anas par atv\u0113rtiem un neatv\u0113rtiem e-pastiem var dot to nos\u016bt\u012bt\u0101jam noz\u012bm\u012bgu inform\u0101ciju par turpm\u0101ko gr\u0101matved\u012bbas gaitu.<\/p>\n<p><strong>ERPLY Books <\/strong>sist\u0113m\u0101 e-pastu atv\u0113r\u0161anas statuss var tikt p\u0101rbaud\u012bts sekojo\u0161i:<\/p>\n<p>Pirmk\u0101rt, Jums j\u0101dodas uz ERPLY Books instrumentu paneli. P\u0113c tam ierakstiet \u201catskai\u0161u \u0123enerators\u201d\u00a0 (<em>report generator<\/em>) mekl\u0113\u0161anas josl\u0101. Tas ir modulis, kas pal\u012bdz Jums atrast v\u0113lamo inform\u0101ciju no datub\u0101z\u0113m vai izveidot atskaiti, k\u0101du esat piepras\u012bjis. T\u0101pat Jums j\u0101izveido attiec\u012bga atskaite atskai\u0161u \u0123enerator\u0101, lai p\u0101rbaud\u012btu e-pastus.<\/p>\n<p>Piepras\u012bjumu izveidei lietot\u0101jam j\u0101aizpilda vismaz divas kolonnas \u2013 tabulas (<em>tables<\/em>) un izvaddati (<em>output<\/em>).<\/p>\n<ul>\n<li>Tabulas \u2013 nosaka datub\u0101zes, no kur\u0101m veikti piepras\u012bjumi. Ja J\u016bs v\u0113laties redz\u0113t inform\u0101ciju par r\u0113\u0137iniem, kontaktiem un e-pastiem, Jums tabulai j\u0101pievieno atbilsto\u0161i parametri.<\/li>\n<li>Izvaddati \u2013 atskai\u0161u \u0123enerator\u0101 piepras\u012bt\u0101s tabulas var satur\u0113t lielu datu apjomu, un parasti ne visus nepiecie\u0161ams par\u0101d\u012bt. Izvaddatu kolonn\u0101 tiek r\u0101d\u012bti tikai izv\u0113l\u0113tie dati. Piem\u0113ram, apskatot e-pastu, Jums var\u0113tu neinteres\u0113t nos\u016bt\u012b\u0161anas laiks, bet nos\u016bt\u012bt\u0101ja v\u0101rds un r\u0113\u0137ina numurs.<\/li>\n<\/ul>\n<p><strong>NB!<\/strong> Izvaddatu kolonnas izmain\u012b\u0161ana neizmaina pa\u0161u mekl\u0113jumu. Tiks par\u0101d\u012bti vieni un tie pa\u0161i rezult\u0101ti, ne\u0146emot v\u0113r\u0101 izvaddatu kolonnas v\u0113rt\u012bbas. Rezult\u0101tu kolonnas v\u0113rt\u012bba nosaka, k\u0101ds inform\u0101cijas apjoms tiek par\u0101d\u012bts lietot\u0101jam katr\u0101 mekl\u0113\u0161an\u0101.<\/p>\n<h2><strong>Piepras\u012bjumu piel\u0101go\u0161ana<\/strong><\/h2>\n<p>Lai pievienotu jaunu mekl\u0113\u0161anas parametru, spiediet \u201cPievienot\u201d. Tiks izveidota jauna rinda ar sekojo\u0161iem laukiem: Parametrs \u2013 lai izv\u0113l\u0113tos, kuru parametru v\u0113laties p\u0101rbaud\u012bt. Rezult\u0101tos vajadz\u012bgi tikai dokumenti ar statusu \u201ce-pasts\u201d. Tips \u2013 tiek izv\u0113l\u0113ta oper\u0101cija, ko veic ar paramteru. Noteiktaj\u0101 situ\u0101cij\u0101 ievada \u201cnav vien\u0101ds\u201d. V\u0113rt\u012bba \u2013 tiek izv\u0113l\u0113ta v\u0113rt\u012bba, ar ko sal\u012bdzin\u0101t parametru, \u0161aj\u0101 gad\u012bjum\u0101 \u2013 \u201caizv\u0113rts\u201d (<em>closed<\/em>) vai \u201catv\u0113rts\u201d (<em>opened<\/em>). \u201cAizv\u0113rts\u201d \u2013 \u0161\u012b atskai\u0161u \u0123eneratora pav\u0113le atlasa visus e-pastus, kas nav tiku\u0161i atv\u0113rti.<\/p>\n<p>Ja v\u0113laties p\u0101rbaud\u012bt neatv\u0113rtus e-pastus noteikt\u0101 laika posm\u0101, atskai\u0161u \u0123enerator\u0101 j\u0101pievieno papildus pav\u0113le. Pie\u0146emsim, ka v\u0113laties redz\u0113t neatv\u0113rtus e-pastus, kas satur r\u0113\u0137ina datumu v\u0113l\u0101ku k\u0101 01.01.2016. Tad j\u0101pievieno jauns parametrs un j\u0101nosaka t\u0101 v\u0113rt\u012bba \u2013 \u201cr\u0113\u0137ini\u201d (<em>invoices<\/em>), \u201cdatums\u201d. Lauci\u0146\u0101 \u201ctips\u201d j\u0101izv\u0113las \u201cvair\u0101k k\u0101\u201d. Lauci\u0146\u0101 \u201cv\u0113rt\u012bba\u201d autom\u0101tiski tiks pied\u0101v\u0101ts datums, \u0161aj\u0101 gad\u012bjum\u0101 \u2013 01.01.2016<\/p>\n<p>\u0160\u012b pav\u0113le atlasa visus e-pastus, kas nav sasniegu\u0161i sa\u0146\u0113m\u0113ja e-pasta adreses, nav tiku\u0161i atv\u0113rti un r\u0113\u0137inus, kas tiku\u0161i izveidoti v\u0113l\u0101k k\u0101 01.01.2016.<\/p>\n<p><img loading=\"lazy\" decoding=\"async\" class=\"alignnone wp-image-6301\" src=\"https:\/\/www.erplybooks.com\/wp-content\/uploads\/2017\/11\/Capture27-2-300x85.png\" alt=\"\" width=\"970\" height=\"275\" srcset=\"https:\/\/www.erplybooks.com\/wp-content\/uploads\/2017\/11\/Capture27-2-300x85.png 300w, https:\/\/www.erplybooks.com\/wp-content\/uploads\/2017\/11\/Capture27-2-768x218.png 768w, https:\/\/www.erplybooks.com\/wp-content\/uploads\/2017\/11\/Capture27-2-1024x291.png 1024w, https:\/\/www.erplybooks.com\/wp-content\/uploads\/2017\/11\/Capture27-2.png 1224w\" sizes=\"auto, (max-width: 970px) 100vw, 970px\" \/><\/p>\n<p>E-pastu statusi un to izskaidrojumi:<\/p>\n<ul>\n<li><strong>Apstiprin\u0101ts <\/strong>\u2013 sa\u0146\u0113m\u0113js ir sa\u0146\u0113mis e-pastu \u2013 tas ir nok\u013cuvis sa\u0146\u0113m\u0113ja e-pasta ies\u016btn\u0113<\/li>\n<li><strong>Apstiprin\u0101ts un atv\u0113rts <\/strong>\u2013 e-pasts ir sasniedzis san\u0113m\u0113ju un ir atv\u0113rts<\/li>\n<li><strong>Gaida \u2013 <\/strong>e-pasts v\u0113l nav sasniedzis m\u0113r\u0137i, bet nav bijis neveiksm\u012bgs<\/li>\n<li><strong>Neveiksm\u012bgs <\/strong>\u2013 e-pasta nos\u016bt\u012b\u0161ana ir bijusi neveiksm\u012bga, bet v\u0113l ir proces\u0101<\/li>\n<li><strong>Neizdevies <\/strong>\u00a0&#8211; e-pasta nos\u016bt\u012b\u0161ana nav izdevusies, tas vairs netiek m\u0113\u0123in\u0101ts nos\u016bt\u012bt<\/li>\n<\/ul>\n","protected":false},"excerpt":{"rendered":"<p>E-pasta\u00a0p\u0101rraudz\u012b\u0161ana ir pieejama ERPLY gr\u0101mat\u0101s. ERPLY Books \u013cauj Jums p\u0101rbaud\u012bt, vai nos\u016bt\u012btie e-pasti ir atv\u0113rti; \u201catleco\u0161i\u201d jeb nenos\u016bt\u012bti e-pasti var sare\u017e\u0123\u012bt J\u016bsu k\u0101 e-pastu nos\u016bt\u012bt\u0101ja gr\u0101matved\u012bbu. E-pastu nenon\u0101k\u0161anai gala adres\u0113 var b\u016bt vair\u0101ki iemesli. Piem\u0113ram, ja lietot\u0101js ir iek\u013cauts melnaj\u0101 sarakst\u0101, ir p\u0101r\u0101k liels sa\u0146\u0113m\u0113ju skaits u.t.t. Zin\u0101\u0161anas par atv\u0113rtiem un neatv\u0113rtiem e-pastiem var dot [&hellip;]<\/p>\n","protected":false},"author":3,"featured_media":0,"parent":6000,"menu_order":0,"comment_status":"closed","ping_status":"closed","template":"","meta":{"_et_pb_use_builder":"","_et_pb_old_content":"","_et_gb_content_width":"","footnotes":""},"categories":[],"tags":[],"class_list":["post-6300","page","type-page","status-publish","hentry"],"_links":{"self":[{"href":"https:\/\/www.erplybooks.com\/lv\/wp-json\/wp\/v2\/pages\/6300","targetHints":{"allow":["GET"]}}],"collection":[{"href":"https:\/\/www.erplybooks.com\/lv\/wp-json\/wp\/v2\/pages"}],"about":[{"href":"https:\/\/www.erplybooks.com\/lv\/wp-json\/wp\/v2\/types\/page"}],"author":[{"embeddable":true,"href":"https:\/\/www.erplybooks.com\/lv\/wp-json\/wp\/v2\/users\/3"}],"replies":[{"embeddable":true,"href":"https:\/\/www.erplybooks.com\/lv\/wp-json\/wp\/v2\/comments?post=6300"}],"version-history":[{"count":0,"href":"https:\/\/www.erplybooks.com\/lv\/wp-json\/wp\/v2\/pages\/6300\/revisions"}],"up":[{"embeddable":true,"href":"https:\/\/www.erplybooks.com\/lv\/wp-json\/wp\/v2\/pages\/6000"}],"wp:attachment":[{"href":"https:\/\/www.erplybooks.com\/lv\/wp-json\/wp\/v2\/media?parent=6300"}],"wp:term":[{"taxonomy":"category","embeddable":true,"href":"https:\/\/www.erplybooks.com\/lv\/wp-json\/wp\/v2\/categories?post=6300"},{"taxonomy":"post_tag","embeddable":true,"href":"https:\/\/www.erplybooks.com\/lv\/wp-json\/wp\/v2\/tags?post=6300"}],"curies":[{"name":"wp","href":"https:\/\/api.w.org\/{rel}","templated":true}]}}