{"id":6296,"date":"2017-11-24T07:25:55","date_gmt":"2017-11-24T07:25:55","guid":{"rendered":"http:\/\/www.erplybooks.com\/?page_id=6296\/"},"modified":"2018-03-22T11:19:23","modified_gmt":"2018-03-22T11:19:23","slug":"pirksanas-pasutijumi-erply-books","status":"publish","type":"page","link":"https:\/\/www.erplybooks.com\/lv\/rokasgramatas\/pirksanas-pasutijumi-erply-books\/","title":{"rendered":"Pirk\u0161anas pas\u016bt\u012bjumi ERPLY Books"},"content":{"rendered":"<p>\u0160aj\u0101 diagramm\u0101 par\u0101d\u012bts, k\u0101 p\u0101rvald\u012bt pirkumu pas\u016bt\u012bjumus ERPLY gr\u0101mat\u0101s.<\/p>\n<p><img loading=\"lazy\" decoding=\"async\" class=\"alignnone wp-image-6297\" src=\"https:\/\/www.erplybooks.com\/wp-content\/uploads\/2017\/11\/Capture26-2-300x198.png\" alt=\"\" width=\"527\" height=\"348\" srcset=\"https:\/\/www.erplybooks.com\/wp-content\/uploads\/2017\/11\/Capture26-2-300x198.png 300w, https:\/\/www.erplybooks.com\/wp-content\/uploads\/2017\/11\/Capture26-2.png 590w\" sizes=\"auto, (max-width: 527px) 100vw, 527px\" \/><\/p>\n<p>Priek\u0161apmaksas process:<\/p>\n<ul>\n<li>Pievienot P\/O (pirk\u0161anas pas\u016bt\u012bjumu) ERPLY <em>backoffice <\/em>(noform\u0113juma noda\u013c\u0101)<\/li>\n<li>Izprint\u0113t \u010dekus:\n<ul>\n<li>Atv\u0113rt pirk\u0161anas pas\u016bt\u012bjumus ERPLY Books<\/li>\n<li>Izv\u0113l\u0113ties P\/O, ko v\u0113laties apmaks\u0101t<\/li>\n<li>Nospiediet \u201cEksport\u0113t maks\u0101jumus fail\u0101\u201d<\/li>\n<li>Ja nepiecie\u0161ams, izlabojiet inform\u0101ciju (p\u0101rbaudiet numuru, skaitu u.c.)<\/li>\n<li>Nospiediet \u201ceksport\u0113t maks\u0101jumus fail\u0101\u201d<\/li>\n<\/ul>\n<\/li>\n<li>\u2014 Neaizveriet moduli \u2014<\/li>\n<li><strong>Izprint\u0113jiet \u010dekus <\/strong>un izs\u016btiet tos<\/li>\n<li>Nospiediet \u201c<strong>atz\u012bm\u0113t k\u0101 apmaks\u0101tus<\/strong>\u201d \u2013 tad ERPLY Books izveidos maks\u0101jumu ar \u201cpending money\u201d sist\u0113mas kontu (J\u016bs to varat izmain\u012bt uzst\u0101d\u012bjumos-&gt;s\u0101kotn\u0113jie dati-&gt; sist\u0113mas konti).<\/li>\n<li>Tagad J\u016bs varat izs\u016bt\u012bt maks\u0101juma deta\u013cas (nospiediet s\u016bt\u012bt-&gt;print\u0113t-&gt;nos\u016bt\u012bt e-pastu) <strong>pozit\u012bvai samaksai.<\/strong><\/li>\n<\/ul>\n<p>Tagad varat gaid\u012bt preces. Tikl\u012bdz preces ir ats\u016bt\u012btas, J\u016bs varat izv\u0113l\u0113ties pirk\u0161anas pas\u016bt\u012bjumu un no t\u0101 izveidot r\u0113\u0137inu. Priek\u0161apmaksa tiks autom\u0101tiski savienota ar pirk\u0161anas r\u0113\u0137inu.<\/p>\n","protected":false},"excerpt":{"rendered":"<p>\u0160aj\u0101 diagramm\u0101 par\u0101d\u012bts, k\u0101 p\u0101rvald\u012bt pirkumu pas\u016bt\u012bjumus ERPLY gr\u0101mat\u0101s. Priek\u0161apmaksas process: Pievienot P\/O (pirk\u0161anas pas\u016bt\u012bjumu) ERPLY backoffice (noform\u0113juma noda\u013c\u0101) Izprint\u0113t \u010dekus: Atv\u0113rt pirk\u0161anas pas\u016bt\u012bjumus ERPLY Books Izv\u0113l\u0113ties P\/O, ko v\u0113laties apmaks\u0101t Nospiediet \u201cEksport\u0113t maks\u0101jumus fail\u0101\u201d Ja nepiecie\u0161ams, izlabojiet inform\u0101ciju (p\u0101rbaudiet numuru, skaitu u.c.) Nospiediet \u201ceksport\u0113t maks\u0101jumus fail\u0101\u201d \u2014 Neaizveriet moduli \u2014 Izprint\u0113jiet \u010dekus un izs\u016btiet [&hellip;]<\/p>\n","protected":false},"author":3,"featured_media":0,"parent":6000,"menu_order":0,"comment_status":"closed","ping_status":"closed","template":"","meta":{"_et_pb_use_builder":"","_et_pb_old_content":"","_et_gb_content_width":"","footnotes":""},"categories":[],"tags":[],"class_list":["post-6296","page","type-page","status-publish","hentry"],"_links":{"self":[{"href":"https:\/\/www.erplybooks.com\/lv\/wp-json\/wp\/v2\/pages\/6296","targetHints":{"allow":["GET"]}}],"collection":[{"href":"https:\/\/www.erplybooks.com\/lv\/wp-json\/wp\/v2\/pages"}],"about":[{"href":"https:\/\/www.erplybooks.com\/lv\/wp-json\/wp\/v2\/types\/page"}],"author":[{"embeddable":true,"href":"https:\/\/www.erplybooks.com\/lv\/wp-json\/wp\/v2\/users\/3"}],"replies":[{"embeddable":true,"href":"https:\/\/www.erplybooks.com\/lv\/wp-json\/wp\/v2\/comments?post=6296"}],"version-history":[{"count":0,"href":"https:\/\/www.erplybooks.com\/lv\/wp-json\/wp\/v2\/pages\/6296\/revisions"}],"up":[{"embeddable":true,"href":"https:\/\/www.erplybooks.com\/lv\/wp-json\/wp\/v2\/pages\/6000"}],"wp:attachment":[{"href":"https:\/\/www.erplybooks.com\/lv\/wp-json\/wp\/v2\/media?parent=6296"}],"wp:term":[{"taxonomy":"category","embeddable":true,"href":"https:\/\/www.erplybooks.com\/lv\/wp-json\/wp\/v2\/categories?post=6296"},{"taxonomy":"post_tag","embeddable":true,"href":"https:\/\/www.erplybooks.com\/lv\/wp-json\/wp\/v2\/tags?post=6296"}],"curies":[{"name":"wp","href":"https:\/\/api.w.org\/{rel}","templated":true}]}}