{"id":6132,"date":"2017-11-13T09:29:26","date_gmt":"2017-11-13T09:29:26","guid":{"rendered":"http:\/\/www.erplybooks.com\/?page_id=6132\/"},"modified":"2023-06-21T11:06:18","modified_gmt":"2023-06-21T11:06:18","slug":"atskaisu-generators-erply-books-sistema","status":"publish","type":"page","link":"https:\/\/www.erplybooks.com\/lv\/rokasgramatas\/atskaisu-generators-erply-books-sistema\/","title":{"rendered":"Atskai\u0161u \u0123enerators ERPLY Books sist\u0113m\u0101"},"content":{"rendered":"<p style=\"text-align: center;\">Atskai\u0161u \u0123enerators ERPLY Books sist\u0113m\u0101<\/p>\n<p style=\"text-align: center;\"><strong>Lieto\u0161anas instrukcija.<\/strong><\/p>\n<p><a href=\"mailto:support@erplybooks.com\">support@erplybooks.com<\/a><\/p>\n<h2><strong>Satura r\u0101d\u012bt\u0101js<\/strong><\/h2>\n<p>1.\u00a0\u00a0\u00a0\u00a0\u00a0 Ievads<\/p>\n<p>2.\u00a0\u00a0\u00a0\u00a0\u00a0 Piepras\u012bjumi<\/p>\n<ul>\n<li>Vienk\u0101r\u0161i piepras\u012bjumi<\/li>\n<li>Detaliz\u0113ti piepras\u012bjumi<\/li>\n<li>Vair\u0101ki parametri<\/li>\n<li>Parametrs \u201cvai\u201d (<em>or<\/em>)<\/li>\n<\/ul>\n<p>3. Piepras\u012bjumu veido\u0161ana caur API<\/p>\n<p>4. Visp\u0101r\u012bgi<\/p>\n<h2>1. Ievads<\/h2>\n<p>ERPLY Books sist\u0113m\u0101 ir atskai\u0161u \u0123enerators, kas \u013cauj Jums izveidot lietot\u0101jam atbilsto\u0161us piepras\u012bjumus. T\u0101pat tas \u013cauj viegli izveidot J\u016bsu vajadz\u012bb\u0101m atbilsto\u0161as atskaites. S\u0101ciet, spie\u017eot uz Atskaites &gt; Atskai\u0161u \u0123enerators.<\/p>\n<h2>2. Piepras\u012bjumi<\/h2>\n<h3>2.1 Vienk\u0101r\u0161i piepras\u012bjumi<\/h3>\n<p>Lai izveidotu visvienk\u0101r\u0161\u0101kos piepras\u012bjumus, Jums ir j\u0101aizpilda tikai 2 lauki \u2013 tabulas (<em>tables<\/em>) un izvade (<em>output<\/em>).<\/p>\n<p><strong>Tabulas <\/strong>\u2013 \u0161is lauks atlasa izv\u0113l\u0113t\u0101s tabulas. Piem\u0113ram, ja v\u0113laties ieg\u016bt inform\u0101ciju par r\u0113\u0137iniem, izv\u0113lieties opciju \u201cr\u0113\u0137ins\u201d (<em>invoice<\/em>).<\/p>\n<p><strong>Izvade <\/strong>\u2013 Atskai\u0161u \u0123eneratora atbalst\u012bt\u0101s tabulas satur lielu inform\u0101cijas daudzumu. Liel\u0101ko da\u013cu no t\u0101 nav nepiecie\u0161ams apskat\u012bt. No \u0161\u012b lauka j\u0101atlasa tie dati, ko nepiecie\u0161ams apskat\u012bt. Piem\u0113ram, veidojot atskaiti par r\u0113\u0137iniem, var neb\u016bt nepiecie\u0161ama inform\u0101cija par r\u0113\u0137inu val\u016btas tipu vai PVN procentiem, bet var b\u016bt nepiecie\u0161ama inform\u0101cija par r\u0113\u0137ina izveides datumu un summu. \u0160aj\u0101 gad\u012bjum\u0101 izvades lauk\u0101 j\u0101izv\u0113las attiec\u012bg\u0101s opcijas.<\/p>\n<p><strong>NB! <\/strong>Neatkar\u012bgi no t\u0101 k\u0101di lauki ir izv\u0113l\u0113ti lauk\u0101 \u201cizvade\u201d, piepras\u012bjums paliek nemain\u012bgs. Izvaddatu izv\u0113le nosaka datu apjomu, kas tiek par\u0101d\u012bts lietot\u0101jam no katras tabulas. L\u016bdzu, \u0146emiet to v\u0113r\u0101, lasot \u0161aj\u0101 pam\u0101c\u012bb\u0101 dotos piem\u0113rus.<\/p>\n<ol>\n<li><strong>Piem\u0113rs: <\/strong>Ir izveidots piepras\u012bjums, kas atlasa izveido\u0161anas datumu visiem J\u016bsu organiz\u0101cijas r\u0113\u0137iniem.<\/li>\n<\/ol>\n<ul>\n<li><strong>Tabulas: <\/strong>\u201cR\u0113\u0137ini\u201d<\/li>\n<li><strong>Izvade:<\/strong> \u201cR\u0113\u0137ini.Izveido\u0161anas datums\u201d.<\/li>\n<\/ul>\n<ol start=\"2\">\n<li><strong>Piem\u0113rs: <\/strong>Ir izveidots piepras\u012bjums, kas par\u0101da banku gr\u0101matojumu datus. Tas par\u0101da tikai izveides datumu un katra gr\u0101matojuma summu.<\/li>\n<\/ol>\n<ul>\n<li><strong>Tabulas: <\/strong>\u201cGr\u0101matojumi\u201d<\/li>\n<li><strong>Izvade: <\/strong>\u201cGr\u0101matojumi.Izvedo\u0161anas datums\u201d un \u201cGr\u0101matojumi.Summa\u201d<\/li>\n<\/ul>\n<h3><strong>2.2 Detaliz\u0113ti piepras\u012bjumi<\/strong><\/h3>\n<p>Visbie\u017e\u0101k nav nepiecie\u0161ams par\u0101d\u012bt visus datus, ko satur tabula (k\u0101 iepriek\u0161\u0113j\u0101 piem\u0113r\u0101). Piem\u0113ram, var b\u016bt vajadz\u012bgi tikai r\u0113\u0137ini, kas izveidoti p\u0113c noteikta datuma, gr\u0101matojumi, kas saist\u012bti ar konkr\u0113tu r\u0113\u0137inu u.t.t. \u0160ajos gad\u012bjumos piepras\u012bjumiem j\u0101b\u016bt konkr\u0113tiem. Lai pievienotu jaunu mekl\u0113\u0161anas parametru, spiediet \u201cPievienot\u201d. Tiks izveidota jauna rinda ar sekojo\u0161iem laukiem:<\/p>\n<p><strong>Parametrs <\/strong>\u2013 Izv\u0113lieties parametru, ko v\u0113laties konkretiz\u0113t<\/p>\n<p><strong>Tips <\/strong>\u2013 Izv\u0113lieties tipu<\/p>\n<p><strong>V\u0113rt\u012bba <\/strong>\u2013 visbeidzot izv\u0113lieties v\u0113rt\u012bbu ar ko sal\u012bdzin\u0101t parametru.<\/p>\n<ol>\n<li><strong>Piem\u0113rs:<\/strong> piepras\u012bjums, kas mekl\u0113 p\u0101rdo\u0161anas r\u0113\u0137inu izveido\u0161anas datumus. Visi p\u0101r\u0113jie r\u0113\u0137ini tiek ignor\u0113ti.<\/li>\n<\/ol>\n<ul>\n<li><strong>Tabulas: <\/strong>\u201cR\u0113\u0137ini\u201d<\/li>\n<li><strong>Izvade: <\/strong>\u201cR\u0113\u0137ini.Izveido\u0161anas datums\u201d un \u201cR\u0113\u0137ini.Tips\u201d<\/li>\n<\/ul>\n<p>Tad pievieno parametru ar sekojo\u0161\u0101m v\u0113rt\u012bb\u0101m:<\/p>\n<ul>\n<li><strong>Parametrs: <\/strong>\u201cR\u0113\u0137ini.Tips\u201d<\/li>\n<li><strong>Tips:<\/strong> \u201cVien\u0101ds ar\u201d<\/li>\n<li><strong>V\u0113rt\u012bba:<\/strong> \u201cP\u0101rdo\u0161anas r\u0113\u0137ins\u201d<\/li>\n<\/ul>\n<ol start=\"2\">\n<li><strong>Piem\u0113rs: <\/strong>piepras\u012bjums, kas mekl\u0113 tikai r\u0113\u0137inus, kas izveidoti pirms 4. marta.<\/li>\n<\/ol>\n<ul>\n<li><strong>Tabulas: <\/strong>\u201cR\u0113\u0137ini\u201d<\/li>\n<li><strong>Izvade: <\/strong>\u201cR\u0113\u0137ini.Izveido\u0161anas datums\u201d<\/li>\n<\/ul>\n<p>Tad pievieno jaunu parametru ar sekojo\u0161\u0101m v\u0113rt\u012bb\u0101m:<\/p>\n<ul>\n<li><strong>Parametrs: <\/strong>\u201cR\u0113\u0137ini.Izveido\u0161anas datums\u201d<\/li>\n<li><strong>Tips:<\/strong> \u201cMaz\u0101k k\u0101\u201d<\/li>\n<li><strong>V\u0113rt\u012bba:<\/strong> <strong>\u201c<\/strong> marts\u201d<\/li>\n<\/ul>\n<ol start=\"3\">\n<li><strong>Piem\u0113rs: <\/strong>atrastas tikai organiz\u0101cijas ar v\u0101rdu \u201csports\u201d to nosaukumos.<\/li>\n<\/ol>\n<ul>\n<li><strong>Tabulas: <\/strong>\u201cKontakts\u201d<\/li>\n<li><strong>Izvade: <\/strong>\u201cKontakts.V\u0101rds\u201d<\/li>\n<\/ul>\n<p>Tad pievieno jaunu parametru ar sekojo\u0161\u0101m v\u0113rt\u012bb\u0101m:<\/p>\n<ul>\n<li><strong>Parametrs: <\/strong>\u201cKontakts.V\u0101rds\u201d<\/li>\n<li><strong>Tips:<\/strong> \u201cSatur\u201d<\/li>\n<li><strong>V\u0113rt\u012bba:<\/strong> <strong>\u201c<\/strong>sports\u201d<\/li>\n<\/ul>\n<ol start=\"4\">\n<li><strong>Piem\u0113rs: <\/strong>Izveidots mekl\u0113jums, kas l\u012bdz\u012bgs <strong> piem\u0113ram<\/strong>, bet \u0161oreiz mekl\u0113jot gr\u0101matojumus:<\/li>\n<\/ol>\n<ul>\n<li><strong>Tabulas: <\/strong>\u201cGr\u0101matojumi\u201d<\/li>\n<li><strong>Izvade: <\/strong>\u201cGr\u0101matojumi.Apraksts\u201d<\/li>\n<\/ul>\n<p>Tad pievieno jaunu parametru ar sekojo\u0161\u0101m v\u0113rt\u012bb\u0101m:<\/p>\n<ul>\n<li><strong>Parametrs: <\/strong>\u201cGr\u0101matojumi.Apraksts\u201d<\/li>\n<li><strong>Tips:<\/strong> \u201cSatur\u201d<\/li>\n<li><strong>V\u0113rt\u012bba:<\/strong> \u201cABC Sports Inc.\u201d<\/li>\n<\/ul>\n<h3>2.3 Vair\u0101ki parametri<\/h3>\n<p>Pievienojot mekl\u0113jumam vair\u0101kus parametrus, tiks par\u0101d\u012bti tikai tie rezult\u0101ti, kas atbilst <strong>visiem <\/strong>parametriem.<\/p>\n<ol>\n<li><strong>Piem\u0113rs: <\/strong>Izveidots mekl\u0113jums, kas par\u0101da tikai tos r\u0113\u0137inus, kas izveidoti starp 3. martu <strong>un <\/strong> j\u016bniju:<\/li>\n<\/ol>\n<ul>\n<li><strong>Tabulas: <\/strong>\u201cR\u0113\u0137ini\u201d<\/li>\n<li><strong>Izvade: <\/strong>\u201cR\u0113\u0137ini.Izveido\u0161anas datums\u201d un \u201cR\u0113\u0137ini.Tips\u201d un \u201cR\u0113\u0137ini.Summa\u201d<\/li>\n<\/ul>\n<p>Tad pievieno jaunu parametru ar sekojo\u0161\u0101m v\u0113rt\u012bb\u0101m:<\/p>\n<ul>\n<li><strong>Parametrs: <\/strong>\u201cR\u0113\u0137ini.Izveido\u0161anas datums\u201d<\/li>\n<li><strong>Tips:<\/strong> \u201cvair\u0101k k\u0101\u201d<\/li>\n<li><strong>V\u0113rt\u012bba:<\/strong> \u201c3. marts\u201d<\/li>\n<\/ul>\n<p>Tad pievieno otru parametru:<\/p>\n<ul>\n<li><strong>Parametrs: <\/strong>\u201cR\u0113\u0137ini.Izveido\u0161anas datums\u201d<\/li>\n<li><strong>Tips:<\/strong> \u201cmaz\u0101k k\u0101\u201d<\/li>\n<li><strong>V\u0113rt\u012bba:<\/strong> \u201c6. j\u016bnijs\u201d<\/li>\n<\/ul>\n<ol start=\"2\">\n<li><strong>Piem\u0113rs: <\/strong>J\u0101atrod gr\u0101matojumi ar aprakstu, kas satur \u201cABS Sports Inc.\u201d un ir izveidoti p\u0113c 3. marta.<\/li>\n<\/ol>\n<ul>\n<li><strong>Tabulas: <\/strong>\u201cGr\u0101matojumi\u201d<\/li>\n<li><strong>Izvade: <\/strong>\u201cGr\u0101matojumi.Izveido\u0161anas datums\u201d un \u201cGr\u0101matojumi.Apraksts\u201d un \u201cGr\u0101matojumi.Summa\u201d<\/li>\n<\/ul>\n<p>Tad pievieno jaunu parametru ar sekojo\u0161\u0101m v\u0113rt\u012bb\u0101m:<\/p>\n<ul>\n<li><strong>Parametrs: <\/strong>\u201cGr\u0101matojumi.Apraksts\u201d<\/li>\n<li><strong>Tips:<\/strong> \u201cSatur\u201d<\/li>\n<li><strong>V\u0113rtba:<\/strong> \u201cABS Sports Inc.\u201d<\/li>\n<\/ul>\n<p>Tad pievieno otru parametru:<\/p>\n<ul>\n<li><strong>Parametrs: <\/strong>\u201cGr\u0101matojumi.Izveido\u0161anas datums\u201d<\/li>\n<li><strong>Tips:<\/strong> \u201cVair\u0101k k\u0101\u201d<\/li>\n<li><strong>V\u0113rt\u012bba:<\/strong> \u201c3. marts\u201d<\/li>\n<\/ul>\n<h3>2.4 Parametrs \u201cVAI\u201d<\/h3>\n<p>J\u016bs varat ar\u012b preciz\u0113t savus mekl\u0113jumus, pievienojot alternat\u012bvus \u201cVAI\u201d parametrus jau eso\u0161iem parametriem. Tiks par\u0101d\u012bti rezult\u0101ti, kas atbilst vienam <strong>vai <\/strong>vair\u0101kiem no \u201cVAI\u201d parametriem.<\/p>\n<p><strong>NB! <\/strong>\u0160ie mekl\u0113jumi ar\u012b par\u0101da rezult\u0101tus, kas atbilst <strong>abiem <\/strong>no \u201cVAI\u201d parametriem, nevis tikai vienam vai otram.<\/p>\n<ol>\n<li><strong>Piem\u0113rs:<\/strong><\/li>\n<\/ol>\n<p>\u0160is piem\u0113rs ir l\u012bdz\u012bgs augst\u0101kmin\u0113tajam <strong>2. piem\u0113ram. <\/strong>Tiek izveidots mekl\u0113jums, kas par\u0101da gr\u0101matojumus, kas vai nu satur \u201cABC Sports Inc.\u201d VAI tiku\u0161i izveidoti p\u0113c 6. j\u016bnija. Ja tas ir pareizi izveidots, \u0161im mekl\u0113jumam vajadz\u0113tu par\u0101d\u012bt t\u0101du pa\u0161u vai liel\u0101ku rezult\u0101tu skaitu k\u0101 <strong>2. piem\u0113r\u0101. <\/strong>Noteikti nevajadz\u0113tu b\u016bt maz\u0101k.<\/p>\n<ul>\n<li><strong>Tabulas: <\/strong>\u201cGr\u0101matojumi\u201d<\/li>\n<li><strong>Izvade:<\/strong> \u201cGr\u0101matojumi.Izveido\u0161anas datums\u201d un \u201cGr\u0101matojumi.Apraksts\u201d un \u201cGr\u0101matojumi.Summa\u201d<\/li>\n<\/ul>\n<p>Tad pievieno jaunu parametru ar sekojo\u0161\u0101m v\u0113rt\u012bb\u0101m:<\/p>\n<ul>\n<li><strong>Parametrs: <\/strong>\u201cGr\u0101matojumi.Apraksts\u201d<\/li>\n<li><strong>Tips:<\/strong> \u201cSatur\u201d<\/li>\n<li><strong>V\u0113rt\u012bba:<\/strong> \u201cABC Sports Inc.\u201d<\/li>\n<\/ul>\n<p>Tad nospie\u017e VAI pogu un ievada:<\/p>\n<ul>\n<li><strong>Parametrs: <\/strong>\u201cGr\u0101matojumi.Izveido\u0161anas datums\u201d<\/li>\n<li><strong>Tips:<\/strong> \u201cVair\u0101k k\u0101\u201d<\/li>\n<li><strong>V\u0113rt\u012bba:<\/strong> \u201c6. j\u016bnijs\u201d<\/li>\n<\/ul>\n<h2>3. Mekl\u0113jumu izveide caur API<\/h2>\n<h3>3.1 Visp\u0101r\u012bgi<\/h3>\n<p>Lai izmantotu ERPLY Books atskai\u0161u \u0123eneratoru caur API, Jums j\u0101nos\u016bta POST piepras\u012bjums uz <a href=\"https:\/\/accounting.erply.com\/api\/report_generator\">https:\/\/accounting.erply.com\/api\/report_generator<\/a>.<\/p>\n<p>&nbsp;<\/p>\n<p>&nbsp;<\/p>\n","protected":false},"excerpt":{"rendered":"<p>Atskai\u0161u \u0123enerators ERPLY Books sist\u0113m\u0101 Lieto\u0161anas instrukcija. support@erplybooks.com Satura r\u0101d\u012bt\u0101js 1.\u00a0\u00a0\u00a0\u00a0\u00a0 Ievads 2.\u00a0\u00a0\u00a0\u00a0\u00a0 Piepras\u012bjumi Vienk\u0101r\u0161i piepras\u012bjumi Detaliz\u0113ti piepras\u012bjumi Vair\u0101ki parametri Parametrs \u201cvai\u201d (or) 3. Piepras\u012bjumu veido\u0161ana caur API 4. Visp\u0101r\u012bgi 1. Ievads ERPLY Books sist\u0113m\u0101 ir atskai\u0161u \u0123enerators, kas \u013cauj Jums izveidot lietot\u0101jam atbilsto\u0161us piepras\u012bjumus. T\u0101pat tas \u013cauj viegli izveidot J\u016bsu vajadz\u012bb\u0101m atbilsto\u0161as atskaites. S\u0101ciet, [&hellip;]<\/p>\n","protected":false},"author":3,"featured_media":0,"parent":6000,"menu_order":0,"comment_status":"closed","ping_status":"closed","template":"","meta":{"_et_pb_use_builder":"","_et_pb_old_content":"","_et_gb_content_width":"","footnotes":""},"categories":[],"tags":[],"class_list":["post-6132","page","type-page","status-publish","hentry"],"_links":{"self":[{"href":"https:\/\/www.erplybooks.com\/lv\/wp-json\/wp\/v2\/pages\/6132","targetHints":{"allow":["GET"]}}],"collection":[{"href":"https:\/\/www.erplybooks.com\/lv\/wp-json\/wp\/v2\/pages"}],"about":[{"href":"https:\/\/www.erplybooks.com\/lv\/wp-json\/wp\/v2\/types\/page"}],"author":[{"embeddable":true,"href":"https:\/\/www.erplybooks.com\/lv\/wp-json\/wp\/v2\/users\/3"}],"replies":[{"embeddable":true,"href":"https:\/\/www.erplybooks.com\/lv\/wp-json\/wp\/v2\/comments?post=6132"}],"version-history":[{"count":0,"href":"https:\/\/www.erplybooks.com\/lv\/wp-json\/wp\/v2\/pages\/6132\/revisions"}],"up":[{"embeddable":true,"href":"https:\/\/www.erplybooks.com\/lv\/wp-json\/wp\/v2\/pages\/6000"}],"wp:attachment":[{"href":"https:\/\/www.erplybooks.com\/lv\/wp-json\/wp\/v2\/media?parent=6132"}],"wp:term":[{"taxonomy":"category","embeddable":true,"href":"https:\/\/www.erplybooks.com\/lv\/wp-json\/wp\/v2\/categories?post=6132"},{"taxonomy":"post_tag","embeddable":true,"href":"https:\/\/www.erplybooks.com\/lv\/wp-json\/wp\/v2\/tags?post=6132"}],"curies":[{"name":"wp","href":"https:\/\/api.w.org\/{rel}","templated":true}]}}