{"id":6119,"date":"2017-11-13T09:08:37","date_gmt":"2017-11-13T09:08:37","guid":{"rendered":"http:\/\/www.erplybooks.com\/?page_id=6119\/"},"modified":"2018-03-22T12:32:42","modified_gmt":"2018-03-22T12:32:42","slug":"rekinu-nosutisana-izmantojot-erply-books","status":"publish","type":"page","link":"https:\/\/www.erplybooks.com\/lv\/rokasgramatas\/rekinu-nosutisana-izmantojot-erply-books\/","title":{"rendered":"R\u0113\u0137inu nos\u016bt\u012b\u0161ana izmantojot ERPLY Books"},"content":{"rendered":"<p>\u0160\u012b rokasgr\u0101mata paskaidro k\u0101 nos\u016bt\u012bt r\u0113\u0137inus ERPLY Books un k\u0101 main\u012bt nos\u016bt\u0101m\u0101 e-pasta saturu. R\u0113\u0137inu s\u016bt\u012b\u0161anai varat ar\u012b izmantot citus e-pasta pakalpojumus (Gmail, un citus), lejupiel\u0101d\u0113jot r\u0113\u0137inu no ERPLY Books un pievienojot to e-pasta zi\u0146ojumam.<\/p>\n<h2>K\u0101 es varu nos\u016bt\u012bt r\u0113\u0137inus ar ERPLY Books?<\/h2>\n<p>J\u016bs varat nos\u016bt\u012bt r\u0113\u0137inus pa e-pastu da\u017e\u0101dos veidos:<\/p>\n<p>1. Atveriet nepiecie\u0161amo r\u0113\u0137inu un nospiediet uz aploksnes pogas lapas apak\u0161\u0113j\u0101 sada\u013c\u0101 (jeb k\u0101jen\u0113). Izv\u0113loties \u0161o opciju, J\u016bs uzreiz varat main\u012bt e-pasta saturu un sist\u0113ma Jums pazi\u0146os (lab\u0113j\u0101 apak\u0161\u0113j\u0101 st\u016br\u012b par\u0101d\u012bsies mazs lodzi\u0146\u0161), ja r\u0113\u0137ins jau ir ticis nos\u016bt\u012bts klientam pa e-pastu.<\/p>\n<p><img loading=\"lazy\" decoding=\"async\" class=\"alignnone wp-image-6121\" src=\"https:\/\/www.erplybooks.com\/wp-content\/uploads\/2017\/11\/Capture17-3-300x162.png\" alt=\"\" width=\"819\" height=\"442\" srcset=\"https:\/\/www.erplybooks.com\/wp-content\/uploads\/2017\/11\/Capture17-3-300x162.png 300w, https:\/\/www.erplybooks.com\/wp-content\/uploads\/2017\/11\/Capture17-3-768x414.png 768w, https:\/\/www.erplybooks.com\/wp-content\/uploads\/2017\/11\/Capture17-3-1024x552.png 1024w, https:\/\/www.erplybooks.com\/wp-content\/uploads\/2017\/11\/Capture17-3.png 1290w\" sizes=\"auto, (max-width: 819px) 100vw, 819px\" \/><\/p>\n<p>2. Ie\u0146\u0113mumi \u00e0Neapmaks\u0101tie izejo\u0161ie r\u0113\u0137ini \u00e0 Neapmaks\u0101tie izejo\u0161ie r\u0113\u0137ini, at\u0137eks\u0113jiet vajadz\u012bgos r\u0113\u0137inus un nospiediet \u201cVair\u0101k\u201d lapas k\u0101jen\u0113 \u00e0 S\u016bt\u012bt e-pastu. \u0160\u0101d\u0101 veid\u0101 e-pasts tiks tie\u0161i nos\u016bt\u012bts klientam.<br \/>\n<img loading=\"lazy\" decoding=\"async\" class=\"alignnone wp-image-6122\" src=\"https:\/\/www.erplybooks.com\/wp-content\/uploads\/2017\/11\/Capture18-1-300x162.png\" alt=\"\" width=\"889\" height=\"480\" srcset=\"https:\/\/www.erplybooks.com\/wp-content\/uploads\/2017\/11\/Capture18-1-300x162.png 300w, https:\/\/www.erplybooks.com\/wp-content\/uploads\/2017\/11\/Capture18-1-768x416.png 768w, https:\/\/www.erplybooks.com\/wp-content\/uploads\/2017\/11\/Capture18-1-1024x554.png 1024w, https:\/\/www.erplybooks.com\/wp-content\/uploads\/2017\/11\/Capture18-1.png 1293w\" sizes=\"auto, (max-width: 889px) 100vw, 889px\" \/><\/p>\n<p>Ja sa\u0146emat k\u013c\u016bdas zi\u0146ojumu, ka klientam nav pievienotas e-pasta adreses, tad vispirms dodieties uz sada\u013cu Ie\u0146\u0113mumi \u00e0 Kontakts\u00a0un pievienojiet pareizo e-pasta adresi klienta inform\u0101cijai (nospie\u017eot \u24d8 pie klienta v\u0101rda, J\u016bs varat piek\u013c\u016bt klienta viz\u012btkartei un veikt izmai\u0146as \u2013 neaizmirstiet ar\u012b t\u0101s saglab\u0101t).<br \/>\n<img loading=\"lazy\" decoding=\"async\" class=\"alignnone wp-image-6123\" src=\"https:\/\/www.erplybooks.com\/wp-content\/uploads\/2017\/11\/Capture19-1-300x110.png\" alt=\"\" width=\"706\" height=\"259\" srcset=\"https:\/\/www.erplybooks.com\/wp-content\/uploads\/2017\/11\/Capture19-1-300x110.png 300w, https:\/\/www.erplybooks.com\/wp-content\/uploads\/2017\/11\/Capture19-1.png 616w\" sizes=\"auto, (max-width: 706px) 100vw, 706px\" \/><\/p>\n<ol>\n<li>Ie\u0146\u0113mumi \u00e0 Neapmaks\u0101tie izejo\u0161ie r\u0113\u0137ini \u00e0 P\u0101rdo\u0161anas r\u0113\u0137ini (atk\u0101rtojiet iepriek\u0161\u0113jo soli).<\/li>\n<\/ol>\n<h2>K\u0101 varu izmain\u012bt e-pasta saturu?<\/h2>\n<p>J\u016bs varat izmain\u012bt nos\u016bt\u0101m\u0101 r\u0113\u0137ina e-pasta saturu lap\u0101 Uzst\u0101d\u012bjumi \u2192 Konfigur\u0101cija lauci\u0146\u0101 \u201cTeksts e-pasta r\u0113\u0137in\u0101.\u201d P\u0113c noklus\u0113juma r\u0113\u0137ina e-pasta teksts ir: \u201cR\u0113\u0137ins, PDF: (saite ar r\u0113\u0137ina PDF versiju) un saite (HTML r\u0113\u0137ina saite).\u201d R\u0113\u0137ina e-pasta teksts var b\u016bt J\u016bsu pievienots teksts ar \u012bpa\u0161iem parametriem, kuri ievietoti k\u0101 HTML kods, kuru sist\u0113ma pievienos e-pasta saturam.<\/p>\n<p><img loading=\"lazy\" decoding=\"async\" class=\"alignnone wp-image-6124\" src=\"https:\/\/www.erplybooks.com\/wp-content\/uploads\/2017\/11\/Capture20-300x134.png\" alt=\"\" width=\"880\" height=\"393\" srcset=\"https:\/\/www.erplybooks.com\/wp-content\/uploads\/2017\/11\/Capture20-300x134.png 300w, https:\/\/www.erplybooks.com\/wp-content\/uploads\/2017\/11\/Capture20-768x342.png 768w, https:\/\/www.erplybooks.com\/wp-content\/uploads\/2017\/11\/Capture20-1024x456.png 1024w, https:\/\/www.erplybooks.com\/wp-content\/uploads\/2017\/11\/Capture20.png 1270w\" sizes=\"auto, (max-width: 880px) 100vw, 880px\" \/><\/p>\n<h2>Ko ir iesp\u0113jams pievienot tekstam r\u0113\u0137ina e-past\u0101?<\/h2>\n<p>Ja nev\u0113laties izmantot noklus\u0113juma saturu, J\u016bs varat pievienot J\u016bsu izv\u0113l\u0113tu tekstu (k\u0101 piem\u0113ram, parakstu) vai \u012bpa\u0161us parametrus, kurus sist\u0113ma izmanto, lai pievienotu \u012bpa\u0161as teksta v\u0113rt\u012bbas. J\u016bs varat izmantot sekojo\u0161os teksta parametrus:<\/p>\n<ol>\n<li>|USER|- pievienojiet nos\u016bt\u012bt\u0101ja v\u0101rdu,<\/li>\n<li>|NUMBER|\u2013 pievienojiet r\u0113\u0137ina numuru,<\/li>\n<li>|CUSTOMER|\u2013 pievienojiet klienta v\u0101rdu,<\/li>\n<li>|HTML_LINK|\u2013 pievienojiet HTML saiti,<\/li>\n<li>|PDF_LINK|\u2013 pievienojiet PDF failu r\u0113\u0137inam,<\/li>\n<li>|EINVOICE_LINK|\u2013 pievienojiet saiti uz r\u0113\u0137inu,<\/li>\n<li>|USERNAME|\u2013 pievienojiet lietot\u0101ja e-pastu.<\/li>\n<\/ol>\n<p>T\u0101 k\u0101 ar\u012b e-pasta zi\u0146ojums ir HTML kods, J\u016bs varat izmantot visas HTML koda pied\u0101v\u0101t\u0101s iesp\u0113jas:<\/p>\n<ol>\n<li>&lt;br&gt;&lt;br&gt; &#8211; atst\u0101j tuk\u0161u rindu starp diviem parametriem\/v\u0101rdiem;<\/li>\n<li>&lt;br&gt; &#8211; sadala divas v\u0113rt\u012bbas divas da\u017e\u0101d\u0101s rind\u0101s e-past\u0101 (jeb neatst\u0101j starp t\u0101m tuk\u0161u rindu).<\/li>\n<li>\u2026<\/li>\n<\/ol>\n","protected":false},"excerpt":{"rendered":"<p>\u0160\u012b rokasgr\u0101mata paskaidro k\u0101 nos\u016bt\u012bt r\u0113\u0137inus ERPLY Books un k\u0101 main\u012bt nos\u016bt\u0101m\u0101 e-pasta saturu. R\u0113\u0137inu s\u016bt\u012b\u0161anai varat ar\u012b izmantot citus e-pasta pakalpojumus (Gmail, un citus), lejupiel\u0101d\u0113jot r\u0113\u0137inu no ERPLY Books un pievienojot to e-pasta zi\u0146ojumam. K\u0101 es varu nos\u016bt\u012bt r\u0113\u0137inus ar ERPLY Books? J\u016bs varat nos\u016bt\u012bt r\u0113\u0137inus pa e-pastu da\u017e\u0101dos veidos: 1. Atveriet nepiecie\u0161amo r\u0113\u0137inu [&hellip;]<\/p>\n","protected":false},"author":3,"featured_media":0,"parent":6000,"menu_order":15,"comment_status":"closed","ping_status":"closed","template":"","meta":{"_et_pb_use_builder":"","_et_pb_old_content":"","_et_gb_content_width":"","footnotes":""},"categories":[],"tags":[],"class_list":["post-6119","page","type-page","status-publish","hentry"],"_links":{"self":[{"href":"https:\/\/www.erplybooks.com\/lv\/wp-json\/wp\/v2\/pages\/6119","targetHints":{"allow":["GET"]}}],"collection":[{"href":"https:\/\/www.erplybooks.com\/lv\/wp-json\/wp\/v2\/pages"}],"about":[{"href":"https:\/\/www.erplybooks.com\/lv\/wp-json\/wp\/v2\/types\/page"}],"author":[{"embeddable":true,"href":"https:\/\/www.erplybooks.com\/lv\/wp-json\/wp\/v2\/users\/3"}],"replies":[{"embeddable":true,"href":"https:\/\/www.erplybooks.com\/lv\/wp-json\/wp\/v2\/comments?post=6119"}],"version-history":[{"count":0,"href":"https:\/\/www.erplybooks.com\/lv\/wp-json\/wp\/v2\/pages\/6119\/revisions"}],"up":[{"embeddable":true,"href":"https:\/\/www.erplybooks.com\/lv\/wp-json\/wp\/v2\/pages\/6000"}],"wp:attachment":[{"href":"https:\/\/www.erplybooks.com\/lv\/wp-json\/wp\/v2\/media?parent=6119"}],"wp:term":[{"taxonomy":"category","embeddable":true,"href":"https:\/\/www.erplybooks.com\/lv\/wp-json\/wp\/v2\/categories?post=6119"},{"taxonomy":"post_tag","embeddable":true,"href":"https:\/\/www.erplybooks.com\/lv\/wp-json\/wp\/v2\/tags?post=6119"}],"curies":[{"name":"wp","href":"https:\/\/api.w.org\/{rel}","templated":true}]}}