{"id":6112,"date":"2017-11-13T08:51:15","date_gmt":"2017-11-13T08:51:15","guid":{"rendered":"http:\/\/www.erplybooks.com\/?page_id=6112\/"},"modified":"2018-03-22T12:18:07","modified_gmt":"2018-03-22T12:18:07","slug":"valutas-erply-books","status":"publish","type":"page","link":"https:\/\/www.erplybooks.com\/lv\/rokasgramatas\/valutas-erply-books\/","title":{"rendered":"Val\u016btas ERPLY Books"},"content":{"rendered":"<p>ERPLY Books sist\u0113m\u0101 val\u016btas tiek p\u0101rvald\u012btas kontu grafik\u0101, r\u0113\u0137inos un da\u017eos gr\u0101matojumos.<\/p>\n<p><iframe loading=\"lazy\" title=\"Currencies in ERPLY Books (Latvian)\" width=\"1080\" height=\"608\" src=\"https:\/\/www.youtube.com\/embed\/gLpEohjLgcE?feature=oembed\"  allow=\"accelerometer; autoplay; clipboard-write; encrypted-media; gyroscope; picture-in-picture\" allowfullscreen><\/iframe><\/p>\n","protected":false},"excerpt":{"rendered":"<p>ERPLY Books sist\u0113m\u0101 val\u016btas tiek p\u0101rvald\u012btas kontu grafik\u0101, r\u0113\u0137inos un da\u017eos gr\u0101matojumos.<\/p>\n","protected":false},"author":3,"featured_media":0,"parent":6000,"menu_order":3,"comment_status":"closed","ping_status":"closed","template":"","meta":{"_et_pb_use_builder":"","_et_pb_old_content":"","_et_gb_content_width":"","footnotes":""},"categories":[],"tags":[],"class_list":["post-6112","page","type-page","status-publish","hentry"],"_links":{"self":[{"href":"https:\/\/www.erplybooks.com\/lv\/wp-json\/wp\/v2\/pages\/6112","targetHints":{"allow":["GET"]}}],"collection":[{"href":"https:\/\/www.erplybooks.com\/lv\/wp-json\/wp\/v2\/pages"}],"about":[{"href":"https:\/\/www.erplybooks.com\/lv\/wp-json\/wp\/v2\/types\/page"}],"author":[{"embeddable":true,"href":"https:\/\/www.erplybooks.com\/lv\/wp-json\/wp\/v2\/users\/3"}],"replies":[{"embeddable":true,"href":"https:\/\/www.erplybooks.com\/lv\/wp-json\/wp\/v2\/comments?post=6112"}],"version-history":[{"count":0,"href":"https:\/\/www.erplybooks.com\/lv\/wp-json\/wp\/v2\/pages\/6112\/revisions"}],"up":[{"embeddable":true,"href":"https:\/\/www.erplybooks.com\/lv\/wp-json\/wp\/v2\/pages\/6000"}],"wp:attachment":[{"href":"https:\/\/www.erplybooks.com\/lv\/wp-json\/wp\/v2\/media?parent=6112"}],"wp:term":[{"taxonomy":"category","embeddable":true,"href":"https:\/\/www.erplybooks.com\/lv\/wp-json\/wp\/v2\/categories?post=6112"},{"taxonomy":"post_tag","embeddable":true,"href":"https:\/\/www.erplybooks.com\/lv\/wp-json\/wp\/v2\/tags?post=6112"}],"curies":[{"name":"wp","href":"https:\/\/api.w.org\/{rel}","templated":true}]}}