{"id":6109,"date":"2017-11-13T08:44:53","date_gmt":"2017-11-13T08:44:53","guid":{"rendered":"http:\/\/www.erplybooks.com\/?page_id=6109\/"},"modified":"2018-03-22T07:47:22","modified_gmt":"2018-03-22T07:47:22","slug":"atzimet-rekinus-ka-apmaksatus","status":"publish","type":"page","link":"https:\/\/www.erplybooks.com\/lv\/rokasgramatas\/atzimet-rekinus-ka-apmaksatus\/","title":{"rendered":"Atz\u012bm\u0113t r\u0113\u0137inus k\u0101 apmaks\u0101tus"},"content":{"rendered":"<p>K\u0101 re\u0123istr\u0113t r\u0113\u0137inus k\u0101 apmaks\u0101tus? K\u0101 ERPLY Books lietot\u0101js var atbr\u012bvoties no r\u0113\u0137iniem, kam b\u016btu j\u0101b\u016bt apmaks\u0101tiem? Noskatieties \u0161o video, lai ieg\u016btu vair\u0101k inform\u0101cijas.<\/p>\n<p><iframe loading=\"lazy\" title=\"How to get rid of invoices that should be paid in ERPLY Books\" width=\"1080\" height=\"608\" src=\"https:\/\/www.youtube.com\/embed\/mSVotGnd6Oc?feature=oembed\"  allow=\"accelerometer; autoplay; clipboard-write; encrypted-media; gyroscope; picture-in-picture\" allowfullscreen><\/iframe><\/p>\n","protected":false},"excerpt":{"rendered":"<p>K\u0101 re\u0123istr\u0113t r\u0113\u0137inus k\u0101 apmaks\u0101tus? K\u0101 ERPLY Books lietot\u0101js var atbr\u012bvoties no r\u0113\u0137iniem, kam b\u016btu j\u0101b\u016bt apmaks\u0101tiem? Noskatieties \u0161o video, lai ieg\u016btu vair\u0101k inform\u0101cijas.<\/p>\n","protected":false},"author":3,"featured_media":0,"parent":6000,"menu_order":0,"comment_status":"closed","ping_status":"closed","template":"","meta":{"_et_pb_use_builder":"","_et_pb_old_content":"","_et_gb_content_width":"","footnotes":""},"categories":[],"tags":[],"class_list":["post-6109","page","type-page","status-publish","hentry"],"_links":{"self":[{"href":"https:\/\/www.erplybooks.com\/lv\/wp-json\/wp\/v2\/pages\/6109","targetHints":{"allow":["GET"]}}],"collection":[{"href":"https:\/\/www.erplybooks.com\/lv\/wp-json\/wp\/v2\/pages"}],"about":[{"href":"https:\/\/www.erplybooks.com\/lv\/wp-json\/wp\/v2\/types\/page"}],"author":[{"embeddable":true,"href":"https:\/\/www.erplybooks.com\/lv\/wp-json\/wp\/v2\/users\/3"}],"replies":[{"embeddable":true,"href":"https:\/\/www.erplybooks.com\/lv\/wp-json\/wp\/v2\/comments?post=6109"}],"version-history":[{"count":0,"href":"https:\/\/www.erplybooks.com\/lv\/wp-json\/wp\/v2\/pages\/6109\/revisions"}],"up":[{"embeddable":true,"href":"https:\/\/www.erplybooks.com\/lv\/wp-json\/wp\/v2\/pages\/6000"}],"wp:attachment":[{"href":"https:\/\/www.erplybooks.com\/lv\/wp-json\/wp\/v2\/media?parent=6109"}],"wp:term":[{"taxonomy":"category","embeddable":true,"href":"https:\/\/www.erplybooks.com\/lv\/wp-json\/wp\/v2\/categories?post=6109"},{"taxonomy":"post_tag","embeddable":true,"href":"https:\/\/www.erplybooks.com\/lv\/wp-json\/wp\/v2\/tags?post=6109"}],"curies":[{"name":"wp","href":"https:\/\/api.w.org\/{rel}","templated":true}]}}