{"id":6097,"date":"2017-11-13T08:31:15","date_gmt":"2017-11-13T08:31:15","guid":{"rendered":"http:\/\/www.erplybooks.com\/?page_id=6097\/"},"modified":"2018-03-22T10:16:10","modified_gmt":"2018-03-22T10:16:10","slug":"gst-parvaldiba-erply-books","status":"publish","type":"page","link":"https:\/\/www.erplybooks.com\/lv\/rokasgramatas\/gst-parvaldiba-erply-books\/","title":{"rendered":"GST p\u0101rvald\u012bba ERPLY Books"},"content":{"rendered":"<p>Sekojo\u0161ais video par\u0101da, k\u0101 p\u0101rvald\u012bt GST ERPLY Books.<\/p>\n<p><iframe loading=\"lazy\" title=\"Australian Goods and Services Tax in ERPLY Books (Latvian)\" width=\"1080\" height=\"608\" src=\"https:\/\/www.youtube.com\/embed\/3DXtSXe8mjc?feature=oembed\"  allow=\"accelerometer; autoplay; clipboard-write; encrypted-media; gyroscope; picture-in-picture\" allowfullscreen><\/iframe><\/p>\n","protected":false},"excerpt":{"rendered":"<p>Sekojo\u0161ais video par\u0101da, k\u0101 p\u0101rvald\u012bt GST ERPLY Books.<\/p>\n","protected":false},"author":3,"featured_media":0,"parent":6000,"menu_order":0,"comment_status":"closed","ping_status":"closed","template":"","meta":{"_et_pb_use_builder":"","_et_pb_old_content":"","_et_gb_content_width":"","footnotes":""},"categories":[],"tags":[],"class_list":["post-6097","page","type-page","status-publish","hentry"],"_links":{"self":[{"href":"https:\/\/www.erplybooks.com\/lv\/wp-json\/wp\/v2\/pages\/6097","targetHints":{"allow":["GET"]}}],"collection":[{"href":"https:\/\/www.erplybooks.com\/lv\/wp-json\/wp\/v2\/pages"}],"about":[{"href":"https:\/\/www.erplybooks.com\/lv\/wp-json\/wp\/v2\/types\/page"}],"author":[{"embeddable":true,"href":"https:\/\/www.erplybooks.com\/lv\/wp-json\/wp\/v2\/users\/3"}],"replies":[{"embeddable":true,"href":"https:\/\/www.erplybooks.com\/lv\/wp-json\/wp\/v2\/comments?post=6097"}],"version-history":[{"count":0,"href":"https:\/\/www.erplybooks.com\/lv\/wp-json\/wp\/v2\/pages\/6097\/revisions"}],"up":[{"embeddable":true,"href":"https:\/\/www.erplybooks.com\/lv\/wp-json\/wp\/v2\/pages\/6000"}],"wp:attachment":[{"href":"https:\/\/www.erplybooks.com\/lv\/wp-json\/wp\/v2\/media?parent=6097"}],"wp:term":[{"taxonomy":"category","embeddable":true,"href":"https:\/\/www.erplybooks.com\/lv\/wp-json\/wp\/v2\/categories?post=6097"},{"taxonomy":"post_tag","embeddable":true,"href":"https:\/\/www.erplybooks.com\/lv\/wp-json\/wp\/v2\/tags?post=6097"}],"curies":[{"name":"wp","href":"https:\/\/api.w.org\/{rel}","templated":true}]}}