{"id":6069,"date":"2017-11-13T07:40:05","date_gmt":"2017-11-13T07:40:05","guid":{"rendered":"http:\/\/www.erplybooks.com\/?page_id=6069\/"},"modified":"2023-06-19T07:34:24","modified_gmt":"2023-06-19T07:34:24","slug":"maziem-uznemumiem","status":"publish","type":"page","link":"https:\/\/www.erplybooks.com\/lv\/maziem-uznemumiem\/","title":{"rendered":"Maziem uz\u0146\u0113mumiem"},"content":{"rendered":"<p style=\"text-align: left;\">ERPLY Books dar\u012bs visu iesp\u0113jamo, lai pal\u012bdz\u0113tu J\u016bsu uz\u0146\u0113mumam att\u012bst\u012bties. M\u0113s pied\u0101v\u0101jam da\u017e\u0101das funkcijas un iesp\u0113jas, kas pal\u012bdz\u0113s Jums pa\u0161am p\u0101rvald\u012bt j\u016bsu ikdienas uzdevumus.<\/p>\n<h2>Gr\u0101matved\u012bba<\/h2>\n<table class=\"temp-table\">\n<tbody>\n<tr>\n<td width=\"50%\"><strong>ERPLY Books sist\u0113ma sedz visas ar gr\u0101matved\u012bbu saist\u012bt\u0101s darb\u012bbas un ne tikai. Mazie uz\u0146\u0113mumi var izmantot visus noklus\u0113jamu iestat\u012bjumus, un lielie uz\u0146\u0113mumu var piel\u0101got programmat\u016bru sav\u0101m vajadz\u012bb\u0101m.<\/strong><\/p>\n<ul>\n<li>ERPLY Books sist\u0113m\u0101 ir iek\u013cautas visas gr\u0101matved\u012bbai nepiecie\u0161am\u0101k\u0101s funkcijas no kontu tabulas, galven\u0101s virsgr\u0101matas l\u012bdz kontu re\u0123istram.<\/li>\n<li><strong>R\u0113\u0137inu un maks\u0101jumu p\u0101rvald\u012b\u0161ana<\/strong> notiek cit\u0101 l\u012bmen\u012b &#8211; blakus manu\u0101l\u0101s datu ievades funkcijai, ir ar\u012b iesp\u0113ja visu veikt autom\u0101tiski.<\/li>\n<li>Atskaites ir pieejamas gr\u0101matve\u017eiem, uz\u0146\u0113mumu p\u0101rvaldniekiem, auditu ties\u012bbu p\u0101rvaldniekiem utt.<\/li>\n<\/ul>\n<\/td>\n<td><iframe loading=\"lazy\" src=\"https:\/\/www.youtube.com\/embed\/1BWHq4zMCXo\" width=\"560\" height=\"315\" frameborder=\"0\" allowfullscreen=\"allowfullscreen\"><\/iframe><\/td>\n<\/tr>\n<\/tbody>\n<\/table>\n<p>&nbsp;<\/p>\n<h2><a href=\"https:\/\/www.erplybooks.com\/manuals\/manage-sales-invoices-erply-books\/\"><strong><img loading=\"lazy\" decoding=\"async\" class=\" wp-image-6071 alignleft\" src=\"https:\/\/www.erplybooks.com\/wp-content\/uploads\/2017\/11\/Capture11-1-300x162.png\" alt=\"\" width=\"670\" height=\"362\" srcset=\"https:\/\/www.erplybooks.com\/wp-content\/uploads\/2017\/11\/Capture11-1-300x162.png 300w, https:\/\/www.erplybooks.com\/wp-content\/uploads\/2017\/11\/Capture11-1-768x415.png 768w, https:\/\/www.erplybooks.com\/wp-content\/uploads\/2017\/11\/Capture11-1-1024x553.png 1024w, https:\/\/www.erplybooks.com\/wp-content\/uploads\/2017\/11\/Capture11-1.png 1298w\" sizes=\"auto, (max-width: 670px) 100vw, 670px\" \/><\/strong>P\u0101rdo\u0161anas p\u0101rvald\u012b\u0161ana<\/a><\/h2>\n<p style=\"text-align: left;\"><strong>ERPLY Books sist\u0113ma atbalsta J\u016bsu p\u0101rdo\u0161anas procesu: viegli pievienojiet jaunus r\u0113\u0137inus, lieciet tiem <\/strong><a href=\"https:\/\/www.erplybooks.com\/manuals\/recurring-invoices\/\"><strong>atk\u0101rtoties<\/strong><\/a><strong>, import\u0113jiet vair\u0101kus r\u0113\u0137inus utt.<\/strong><\/p>\n<ul>\n<li>S\u016bt\u012bt r\u0113\u0137inus, izmantojot e-pastu, un redz\u0113t, kur\u0161 ir apskat\u012bjis (vai ar\u012b uzzin\u0101t, vai zi\u0146ojums ir nepieg\u0101d\u0101ts) r\u0113\u0137inu;<\/li>\n<li>Pievienot atk\u0101rtojo\u0161os r\u0113\u0137inus;<\/li>\n<li>P\u0101rvald\u012bt nesamaks\u0101tos r\u0113\u0137inus &#8211; pievienot r\u0113\u0137inus, import\u0113t maks\u0101jumus un s\u016bt\u012bt klientiem atg\u0101din\u0101jumus;<\/li>\n<li>Pieejamas da\u017e\u0101das val\u016btas, da\u017e\u0101di r\u0113\u0137inu paraugi (un valodas);<\/li>\n<li>Izmantojat citu p\u0101rdo\u0161anas sist\u0113mu?<br \/>\nImport\u0113jiet r\u0113\u0137inus izmantojot <a href=\"https:\/\/www.erplybooks.com\/api\/\"><strong>API<\/strong><\/a> vai izmantojiet Excel failu.<\/li>\n<\/ul>\n<h2><a href=\"https:\/\/www.erplybooks.com\/manuals\/purchase-inbox-erply-books\/\">Iepriek\u0161 aug\u0161upiel\u0101d\u0113tie faili<\/a><a href=\"https:\/\/www.erplybooks.com\/manuals\/purchase-inbox-erply-books\/\">\u00a0<img loading=\"lazy\" decoding=\"async\" class=\" wp-image-6047 alignright\" src=\"https:\/\/www.erplybooks.com\/wp-content\/uploads\/2017\/11\/Capture4-2-300x201.png\" alt=\"\" width=\"630\" height=\"422\" srcset=\"https:\/\/www.erplybooks.com\/wp-content\/uploads\/2017\/11\/Capture4-2-300x201.png 300w, https:\/\/www.erplybooks.com\/wp-content\/uploads\/2017\/11\/Capture4-2-768x514.png 768w, https:\/\/www.erplybooks.com\/wp-content\/uploads\/2017\/11\/Capture4-2.png 853w\" sizes=\"auto, (max-width: 630px) 100vw, 630px\" \/><\/a><\/h2>\n<p><strong>Iesp\u0113ja aug\u0161upiel\u0101d\u0113t failus var jums ietaup\u012bt 80% laika, kas tiek pavad\u012bts p\u0101rvaldot iepirkuma r\u0113\u0137inus. Katrai organiz\u0101cijai ir sava unik\u0101la e-pasta adrese, uz kuru pieg\u0101d\u0101t\u0101ji var s\u016bt\u012bt savus r\u0113\u0137inus. Iepirkumu r\u0113\u0137ini, kuri tiek s\u016bt\u012bti uz \u0161o e-pastu, ir viegli re\u0123istr\u0113jami: labaj\u0101 pus\u0113 J\u016bs redzat r\u0113\u0137inu; kreisaj\u0101 pus\u0113 J\u016bs to varat ievad\u012bt.<\/strong><\/p>\n<ul>\n<li>Izsniedziet saviem pieg\u0101d\u0101t\u0101jiem\u00a0savu ERPLY Books sist\u0113mas e-pastu. E-pasti un tiem pievienotie faili tiks nekav\u0113joties saglab\u0101ti un arhiv\u0113ti ERPLY Books sist\u0113m\u0101.<\/li>\n<li>Visi dokumenti ir vien\u0101 viet\u0101, k\u0101 ar\u012b arhiv\u0113ti, lai neviens dokuments nepazustu.<\/li>\n<li>PDF failu p\u0101rveidot\u0101js un e-r\u0113\u0137inu autom\u0101tisk\u0101 apstr\u0101de pal\u012bdz uzglab\u0101t r\u0113\u0137inus.<\/li>\n<li>Arhiv\u0113t bildes\/PDF failus\/e-r\u0113\u0137inus, v\u0101kt maks\u0101jumu failus.<\/li>\n<li>E-r\u0113\u0137ini &#8211; ERPLY Books sist\u0113ma atbalsta Fitek un Omniva e-r\u0113\u0137inu risin\u0101jumus. Autom\u0101tisk\u0101 konfigur\u0101cija ietaupa laiku, ko t\u0113r\u0113 manu\u0101l\u0101 datu ievade.<\/li>\n<\/ul>\n<h2><a href=\"https:\/\/www.erplybooks.com\/manuals\/payroll-calculation\/\"><strong><img loading=\"lazy\" decoding=\"async\" class=\" wp-image-6078 alignleft\" src=\"https:\/\/www.erplybooks.com\/wp-content\/uploads\/2017\/11\/Capture13-1-300x146.png\" alt=\"\" width=\"612\" height=\"298\" srcset=\"https:\/\/www.erplybooks.com\/wp-content\/uploads\/2017\/11\/Capture13-1-300x146.png 300w, https:\/\/www.erplybooks.com\/wp-content\/uploads\/2017\/11\/Capture13-1-768x373.png 768w, https:\/\/www.erplybooks.com\/wp-content\/uploads\/2017\/11\/Capture13-1.png 916w\" sizes=\"auto, (max-width: 612px) 100vw, 612px\" \/><\/strong>Algas apr\u0113\u0137in\u0101\u0161ana<\/a><\/h2>\n<p><strong>Pievienojiet algas noteikumus, darbinieku kontaktus, da\u017e\u0101dus algas veidus, nodok\u013cu likmes, apkopojiet atva\u013cin\u0101juma dienas, slim\u012bbas lapas, un viegli apr\u0113\u0137iniet algu.<\/strong><\/p>\n<ul>\n<li>Izveidojiet savus algas maks\u0101\u0161anas noteikumus;<\/li>\n<li>P\u0101rvaldiet visu pamata inform\u0101ciju saist\u012bb\u0101 ar darbiniekiem;<\/li>\n<li>Visaptvero\u0161a algas atskaite, kas par\u0101da inform\u0101ciju par algas apr\u0113\u0137inu;<\/li>\n<li>Izmaks\u0101jiet atalgojumu t\u0101d\u0101 pa\u0161\u0101 veid\u0101, k\u0101d\u0101 j\u016bs izveidojat failus pieg\u0101d\u0101t\u0101jiem.<\/li>\n<\/ul>\n<h2>Banka<strong><img loading=\"lazy\" decoding=\"async\" class=\" wp-image-6055 alignright\" src=\"https:\/\/www.erplybooks.com\/wp-content\/uploads\/2017\/11\/Capture6-1-300x217.png\" alt=\"\" width=\"597\" height=\"432\" srcset=\"https:\/\/www.erplybooks.com\/wp-content\/uploads\/2017\/11\/Capture6-1-300x217.png 300w, https:\/\/www.erplybooks.com\/wp-content\/uploads\/2017\/11\/Capture6-1.png 731w\" sizes=\"auto, (max-width: 597px) 100vw, 597px\" \/><\/strong><\/h2>\n<p><strong>Ar ERPLY Books sist\u0113mu J\u016bs varat import\u0113t J\u016bsu bankas izrakstu un lejupiel\u0101d\u0113t maks\u0101jumu failu, kuru j\u016bs varat aug\u0161upiel\u0101d\u0113t bankai.<\/strong><\/p>\n<ul>\n<li><a href=\"https:\/\/www.erplybooks.com\/manuals\/bank-import-erply-books\/\"><strong>Bankas imports<\/strong><\/a> var autom\u0101tiski atpaz\u012bt l\u012bdz pat 100% no dar\u012bjumiem;<\/li>\n<li>J\u016bs varat v\u0113l vair\u0101k automatiz\u0113t bankas importu, pievienojot jaunus bankas noteikumus;<\/li>\n<li>ERPLY Books sist\u0113ma atpaz\u012bst visas EU, US, AU, ZA, CA bankas, k\u0101 ar\u012b vair\u0101kas citas pasaules bankas (tai skait\u0101 PayPal). Ja m\u0113s neatbalst\u0101m j\u016bsu banku, tad j\u016bs varat pievienot visus nepiecie\u0161amos noteikumus pa\u0161i.<\/li>\n<li>Izveidojiet maks\u0101juma failus (izprint\u0113t \u010dekus, p\u0101rvad\u012bt naudu vai izveidot SEPA\/<a href=\"https:\/\/www.erplybooks.com\/manuals\/creating-aba-files-manual\/\"><strong>ABA failus<\/strong><\/a>) pirkumiem, alg\u0101m, priek\u0161apmaks\u0101m un <a href=\"https:\/\/www.erplybooks.com\/manuals\/managing-payments-erply-books\/\"><strong>citiem maks\u0101jumiem<\/strong><\/a>;<\/li>\n<li>Ja maks\u0101jat vair\u0101kus r\u0113\u0137inus vienam pieg\u0101d\u0101t\u0101jam, tad sist\u0113ma izveidos vienu maks\u0101jumu.<\/li>\n<\/ul>\n<p>&nbsp;<\/p>\n<h2 style=\"text-align: left;\"><strong><img loading=\"lazy\" decoding=\"async\" class=\" wp-image-6074 alignleft\" src=\"https:\/\/www.erplybooks.com\/wp-content\/uploads\/2017\/11\/Capture12-1-300x198.png\" alt=\"\" width=\"503\" height=\"332\" srcset=\"https:\/\/www.erplybooks.com\/wp-content\/uploads\/2017\/11\/Capture12-1-300x198.png 300w, https:\/\/www.erplybooks.com\/wp-content\/uploads\/2017\/11\/Capture12-1-768x506.png 768w, https:\/\/www.erplybooks.com\/wp-content\/uploads\/2017\/11\/Capture12-1.png 1024w\" sizes=\"auto, (max-width: 503px) 100vw, 503px\" \/><\/strong>Profesion\u0101la atskaite<\/h2>\n<p><strong>ERPLY Books sist\u0113ma atbalsta j\u016bsu un j\u016bsu gr\u0101matve\u017ea atskaites vajadz\u012bbas.<\/strong><\/p>\n<ul>\n<li>Lejupiel\u0101d\u0113jiet atskaiti Excel fail\u0101 vai PDF fail\u0101;<\/li>\n<li>Pievienojiet ie\u0146\u0113mumus un maks\u0101jumus, lai p\u0101rvald\u012btu par\u0101dus un nos\u016bt\u012btu atg\u0101din\u0101jumus;<\/li>\n<li>Nepiecie\u0161am\u0101s <a href=\"https:\/\/www.erplybooks.com\/manuals\/managing-tax-rates\/\"><strong>nodok\u013cu atskaites<\/strong><\/a>;<\/li>\n<li>Paskatieties, k\u0101 Jums izdodas 12 m\u0113ne\u0161us izmantot <a href=\"https:\/\/www.erplybooks.com\/manuals\/financial-statements\/\"><strong>P\/L (ien\u0101kumi un zaud\u0113jumi)<\/strong><\/a>, sal\u012bdzinot atskaites un naudas pl\u016bsmas atskaites.<\/li>\n<\/ul>\n<p style=\"text-align: center;\"><a class=\"btn-filled btn\" href=\"https:\/\/app.erplybooks.com\/register\"><strong>Re\u0123istr\u0113jaties<\/strong><strong><u>\u00a0bez maksas<\/u><\/strong><\/a><\/p>\n<h3><\/h3>\n","protected":false},"excerpt":{"rendered":"<p>ERPLY Books dar\u012bs visu iesp\u0113jamo, lai pal\u012bdz\u0113tu J\u016bsu uz\u0146\u0113mumam att\u012bst\u012bties. M\u0113s pied\u0101v\u0101jam da\u017e\u0101das funkcijas un iesp\u0113jas, kas pal\u012bdz\u0113s Jums pa\u0161am p\u0101rvald\u012bt j\u016bsu ikdienas uzdevumus. Gr\u0101matved\u012bba ERPLY Books sist\u0113ma sedz visas ar gr\u0101matved\u012bbu saist\u012bt\u0101s darb\u012bbas un ne tikai. Mazie uz\u0146\u0113mumi var izmantot visus noklus\u0113jamu iestat\u012bjumus, un lielie uz\u0146\u0113mumu var piel\u0101got programmat\u016bru sav\u0101m vajadz\u012bb\u0101m. ERPLY Books sist\u0113m\u0101 [&hellip;]<\/p>\n","protected":false},"author":3,"featured_media":0,"parent":0,"menu_order":59,"comment_status":"closed","ping_status":"closed","template":"","meta":{"_et_pb_use_builder":"","_et_pb_old_content":"","_et_gb_content_width":"","footnotes":""},"categories":[],"tags":[],"class_list":["post-6069","page","type-page","status-publish","hentry"],"_links":{"self":[{"href":"https:\/\/www.erplybooks.com\/lv\/wp-json\/wp\/v2\/pages\/6069","targetHints":{"allow":["GET"]}}],"collection":[{"href":"https:\/\/www.erplybooks.com\/lv\/wp-json\/wp\/v2\/pages"}],"about":[{"href":"https:\/\/www.erplybooks.com\/lv\/wp-json\/wp\/v2\/types\/page"}],"author":[{"embeddable":true,"href":"https:\/\/www.erplybooks.com\/lv\/wp-json\/wp\/v2\/users\/3"}],"replies":[{"embeddable":true,"href":"https:\/\/www.erplybooks.com\/lv\/wp-json\/wp\/v2\/comments?post=6069"}],"version-history":[{"count":0,"href":"https:\/\/www.erplybooks.com\/lv\/wp-json\/wp\/v2\/pages\/6069\/revisions"}],"wp:attachment":[{"href":"https:\/\/www.erplybooks.com\/lv\/wp-json\/wp\/v2\/media?parent=6069"}],"wp:term":[{"taxonomy":"category","embeddable":true,"href":"https:\/\/www.erplybooks.com\/lv\/wp-json\/wp\/v2\/categories?post=6069"},{"taxonomy":"post_tag","embeddable":true,"href":"https:\/\/www.erplybooks.com\/lv\/wp-json\/wp\/v2\/tags?post=6069"}],"curies":[{"name":"wp","href":"https:\/\/api.w.org\/{rel}","templated":true}]}}