{"id":6035,"date":"2017-11-13T07:21:36","date_gmt":"2017-11-13T07:21:36","guid":{"rendered":"http:\/\/www.erplybooks.com\/?page_id=6035\/"},"modified":"2023-06-20T08:35:39","modified_gmt":"2023-06-20T08:35:39","slug":"gramatvedibas-funkcijas","status":"publish","type":"page","link":"https:\/\/www.erplybooks.com\/lv\/gramatvedibas-funkcijas\/","title":{"rendered":"Gr\u0101matved\u012bbas funkcijas"},"content":{"rendered":"<p style=\"text-align: center;\">ERPLY Books sist\u0113mai ir visas nepiecie\u0161am\u0101s funkcijas, kuras vajadz\u012bgas gr\u0101matved\u012bbas p\u0101rvald\u012b\u0161anai. Papildus &#8220;parastaj\u0101m\u201d funkcij\u0101m kl\u0101t n\u0101k ar\u012b papildfunkcijas, kuras var pal\u012bdz\u0113t automatiz\u0113t J\u016bsu ievad\u012btos datus un uzlabot J\u016bsu atskaites.<\/p>\n<h2>Gr\u0101matved\u012bba<\/h2>\n<table class=\"temp-table\">\n<tbody>\n<tr>\n<td width=\"50%\"><strong>ERPLY Books sist\u0113ma attiecas uz vis\u0101m darb\u012bb\u0101m, kuras saist\u012btas ar gr\u0101matved\u012bbu, un ne tikai. Mazie uz\u0146\u0113mumi var izmantot visus noklus\u0113jamu iestat\u012bjumus un lielie uz\u0146\u0113mumu var piel\u0101got programmat\u016bru sav\u0101m vajadz\u012bb\u0101m.<\/strong><\/p>\n<ul>\n<li>ERPLY Books sist\u0113ma iek\u013cauj visas gr\u0101matved\u012bbas <a href=\"https:\/\/www.erplybooks.com\/manuals\/\"><strong>pamata funkcijas<\/strong><\/a>, no kontu tabulas, galven\u0101s virsgr\u0101matas l\u012bdz kontu re\u0123istram.<\/li>\n<li>R\u0113\u0137inu un maks\u0101jumu p\u0101rvald\u012b\u0161ana notiek augst\u0101k\u0101 l\u012bmen\u012b &#8211; papildu parastajai manu\u0101lajai datu ievades funkcijai ir iesp\u0113ja ar\u012b visu veikt autom\u0101tiski;<\/li>\n<li>Atskaites ir pieejamas gr\u0101matve\u017eiem, uz\u0146\u0113muma p\u0101rvaldniekiem, auditu ties\u012bbu p\u0101rvaldniekiem utt.<\/li>\n<\/ul>\n<\/td>\n<td><iframe loading=\"lazy\" src=\"https:\/\/www.youtube.com\/embed\/1BWHq4zMCXo\" width=\"560\" height=\"315\" frameborder=\"0\" allowfullscreen=\"allowfullscreen\"><\/iframe><\/td>\n<\/tr>\n<\/tbody>\n<\/table>\n<h2><strong><br \/>\n<\/strong>Gr\u0101matved\u012bbas datu <img loading=\"lazy\" decoding=\"async\" class=\" wp-image-5282 alignleft\" src=\"https:\/\/www.erplybooks.com\/wp-content\/uploads\/2017\/02\/ERPLY-Books-functionalities-map-EN-to-Website-300x156.jpg\" alt=\"\" width=\"647\" height=\"336\" srcset=\"https:\/\/www.erplybooks.com\/wp-content\/uploads\/2017\/02\/ERPLY-Books-functionalities-map-EN-to-Website-300x156.jpg 300w, https:\/\/www.erplybooks.com\/wp-content\/uploads\/2017\/02\/ERPLY-Books-functionalities-map-EN-to-Website-768x399.jpg 768w, https:\/\/www.erplybooks.com\/wp-content\/uploads\/2017\/02\/ERPLY-Books-functionalities-map-EN-to-Website-1024x531.jpg 1024w, https:\/\/www.erplybooks.com\/wp-content\/uploads\/2017\/02\/ERPLY-Books-functionalities-map-EN-to-Website.jpg 1763w\" sizes=\"auto, (max-width: 647px) 100vw, 647px\" \/>glab\u0101\u0161anas &#8220;m\u0101kon\u012b\u201d platforma<\/h2>\n<p><strong>ERPLY Books ir viegli pielietojama, balst\u012bta uz datu glab\u0101\u0161anu &#8220;m\u0101kon\u012b\u201d gr\u0101matved\u012bbas programmat\u016bra, kuru var izmantot gan mazi, gan lieli uz\u0146\u0113mumi. <\/strong><\/p>\n<ul>\n<li>ERPLY Books sist\u0113mu var izmantot jebkur\u0101 viet\u0101 un ier\u012bc\u0113, kuru var piesl\u0113gt internetam un kurai ir t\u012bmek\u013ca p\u0101rl\u016bks;<\/li>\n<li>Programmat\u016bra tiek regul\u0101ri atjaunota, un atjaunin\u0101jumi tiek veikti re\u0101laj\u0101 laik\u0101, kas no Jums neprasa nek\u0101das papildus darb\u012bbas;<\/li>\n<li>J\u016bs varat savienot ERPLY Books ar citu programmat\u016bru &#8211; pa\u0161iem izveidot <a href=\"https:\/\/www.erplybooks.com\/api\/\"><strong>API<\/strong><\/a> pievieno\u0161anu, izmantot jau eksist\u0113jo\u0161us savienojumus vai funkcijas, kas pal\u012bdz import\u0113t vai eksport\u0113t inform\u0101ciju.<\/li>\n<\/ul>\n<h2>Vair\u0101ku organiz\u0101ciju p\u0101rvald\u012b\u0161ana<\/h2>\n<h4><strong><img loading=\"lazy\" decoding=\"async\" class=\" wp-image-6042 alignright\" src=\"https:\/\/www.erplybooks.com\/wp-content\/uploads\/2017\/11\/Capture3-1-300x124.png\" alt=\"\" width=\"651\" height=\"269\" srcset=\"https:\/\/www.erplybooks.com\/wp-content\/uploads\/2017\/11\/Capture3-1-300x124.png 300w, https:\/\/www.erplybooks.com\/wp-content\/uploads\/2017\/11\/Capture3-1.png 617w\" sizes=\"auto, (max-width: 651px) 100vw, 651px\" \/><\/strong><\/h4>\n<p><strong>ERPLY Books sist\u0113ma ir lieliska, ja Jums ir vair\u0101ki uz\u0146\u0113mumi &#8211; vienalga vai esat gr\u0101matvedis, kuram ir vair\u0101ki klienti, vai esat \u012bpa\u0161nieks vair\u0101kiem uz\u0146\u0113mumiem.<\/strong><\/p>\n<ul>\n<li>Visa inform\u0101cija ir pieejama no jebkuras vietas un ar vienu pierakst\u012b\u0161anos m\u0101jaslapai.<\/li>\n<li>J\u016bs varat lejupiel\u0101d\u0113t nodok\u013cu atskaites, p\u0101rvald\u012bt iepirkumu failus un bankas importu, izmantojot starp-organiz\u0101ciju p\u0101rvald\u012bbas paneli &#8211; nav nepiecie\u0161ams p\u0101riet no vienas organiz\u0101cijas uz citu;<\/li>\n<li>J\u016bs varat redz\u0113t starp-organiz\u0101ciju atskaites.<\/li>\n<\/ul>\n<h2><strong><img loading=\"lazy\" decoding=\"async\" class=\" wp-image-6050 alignleft\" src=\"https:\/\/www.erplybooks.com\/wp-content\/uploads\/2017\/11\/Capture4-3-300x216.png\" alt=\"\" width=\"579\" height=\"417\" srcset=\"https:\/\/www.erplybooks.com\/wp-content\/uploads\/2017\/11\/Capture4-3-300x216.png 300w, https:\/\/www.erplybooks.com\/wp-content\/uploads\/2017\/11\/Capture4-3.png 556w\" sizes=\"auto, (max-width: 579px) 100vw, 579px\" \/><\/strong>Iepriek\u0161 aug\u0161upiel\u0101d\u0113tie faili<\/h2>\n<p><a href=\"https:\/\/www.erplybooks.com\/manuals\/purchase-inbox-erply-books\/\"><strong>Iesp\u0113ja aug\u0161upiel\u0101d\u0113t failus<\/strong><\/a> <strong>var jums ietaup\u012bt 80% laika, kas tiek pavad\u012bts, p\u0101rvaldot iepirkuma r\u0113\u0137inus.<\/strong><strong> Katrai organiz\u0101cijai ir sava unik\u0101la e-pasta adrese, uz kuru pieg\u0101d\u0101t\u0101ji var s\u016bt\u012bt savus r\u0113\u0137inus.\u00a0 Iepirkumu r\u0113\u0137ini, kuri tiek s\u016bt\u012bti uz \u0161o e-pastu, ir viegli re\u0123istr\u0113jami: labaj\u0101 pus\u0113 j\u016bs redzat r\u0113\u0137inu; kreisaj\u0101 pus\u0113 j\u016bs to varat ievad\u012bt.<\/strong><\/p>\n<ul>\n<li>Izsniedziet saviem pieg\u0101d\u0101t\u0101jiem j\u016bsu ERPLY Books sist\u0113mas e-pastu. E-pasti un tiem pievienotie faili tiks nekav\u0113joties saglab\u0101ti un arhiv\u0113ti ERPLY Books sist\u0113m\u0101.<\/li>\n<li>Visi dokumenti ir vienkopus, k\u0101 ar\u012b arhiv\u0113ti, lai neviens dokuments nepazustu.<\/li>\n<li>PDF failu p\u0101rveidot\u0101js un e-r\u0113\u0137inu autom\u0101tisk\u0101 apstr\u0101de pal\u012bdz uzglab\u0101t r\u0113\u0137inus.<\/li>\n<li>Arhiv\u0113t bildes\/PDF failus\/e-r\u0113\u0137inus, v\u0101kt maks\u0101jumu failus.<\/li>\n<li>E-r\u0113\u0137ini &#8211; ERPLY Books sist\u0113ma atbalsta Fitek un Omniva e-r\u0113\u0137inu risin\u0101jumus. Autom\u0101tisk\u0101 konfigur\u0101cija ietaupa laiku, ko t\u0113r\u0113 manu\u0101lajai datu ievadei.<\/li>\n<\/ul>\n<h2>Visa import\u0113\u0161ana<strong><img loading=\"lazy\" decoding=\"async\" class=\" wp-image-6052 alignright\" src=\"https:\/\/www.erplybooks.com\/wp-content\/uploads\/2017\/11\/Capture5-1-300x166.png\" alt=\"\" width=\"560\" height=\"310\" srcset=\"https:\/\/www.erplybooks.com\/wp-content\/uploads\/2017\/11\/Capture5-1-300x166.png 300w, https:\/\/www.erplybooks.com\/wp-content\/uploads\/2017\/11\/Capture5-1.png 653w\" sizes=\"auto, (max-width: 560px) 100vw, 560px\" \/><\/strong><\/h2>\n<p><strong>Ir pieejamas automatiz\u0113tas opcijas, kas \u013cauj <\/strong><strong>import\u0113t<\/strong><strong> visus nepiecie\u0161amos ERPLY Books sist\u0113mas sarakstus: r\u0113\u0137inus, maks\u0101jumus, klientus, artikulus, kontus un pat r\u0113\u0137inu rindas.<\/strong><strong><br \/>\n<\/strong><\/p>\n<ul>\n<li>Kad import\u0113jat vair\u0101k nek\u0101 1000 r\u0113\u0137inu, izmantojiet CSV (ar komatu atdal\u012btas summas) failus;<\/li>\n<li>Import\u0113jiet nelielus datu daudzumus (l\u012bdz 1000 rind\u0101m), nokop\u0113jot to no elektronisk\u0101s tabulas, tad sist\u0113m\u0101 iekr\u0101sojiet kolonnas &#8220;zilas\u201d un nospiediet &#8220;Ctrl + v\u201d;<\/li>\n<li>Ja jums ir nepiecie\u0161ami bie\u017ea datu import\u0113\u0161ana, tad j\u016bs varat uzzin\u0101t vair\u0101k par API &#8211; varb\u016bt ir iesp\u0113ja to integr\u0113t.<\/li>\n<\/ul>\n<h2 style=\"text-align: left;\"><strong><img loading=\"lazy\" decoding=\"async\" class=\" wp-image-6055 alignleft\" src=\"https:\/\/www.erplybooks.com\/wp-content\/uploads\/2017\/11\/Capture6-1-300x217.png\" alt=\"\" width=\"579\" height=\"419\" srcset=\"https:\/\/www.erplybooks.com\/wp-content\/uploads\/2017\/11\/Capture6-1-300x217.png 300w, https:\/\/www.erplybooks.com\/wp-content\/uploads\/2017\/11\/Capture6-1.png 731w\" sizes=\"auto, (max-width: 579px) 100vw, 579px\" \/><\/strong>Banka<\/h2>\n<p><strong>Ar ERPLY Books sist\u0113mu J\u016bs varat import\u0113t j\u016bsu bankas izrakstu un lejupiel\u0101d\u0113t maks\u0101jumu failu, kuru j\u016bs varat aug\u0161upiel\u0101d\u0113t bankai.<\/strong><\/p>\n<ul>\n<li><a href=\"https:\/\/www.erplybooks.com\/manuals\/bank-import-erply-books\/\"><strong>Bankas imports<\/strong><\/a> var autom\u0101tiski atpaz\u012bt l\u012bdz pat 100% no dar\u012bjumiem;<\/li>\n<li>J\u016bs varat v\u0113l vair\u0101k automatiz\u0113t bankas importu, pievienojot jaunus bankas noteikumus;<\/li>\n<li>ERPLY Books sist\u0113ma atpaz\u012bst visas EU, US, AU, ZA, CA bankas, k\u0101 ar\u012b vair\u0101kas citas pasaules bankas (tai skait\u0101 PayPal). Ja m\u0113s neatbalst\u0101m j\u016bsu banku, tad j\u016bs varat pievienot visus nepiecie\u0161amos noteikumus pa\u0161i.<\/li>\n<li>Izveidojiet maks\u0101juma failus (izprint\u0113t \u010dekus, p\u0101rvad\u012bt naudu vai izveidot SEPA\/ABA failus) pirkumiem, alg\u0101m, priek\u0161apmaks\u0101m un citiem maks\u0101jumiem;<\/li>\n<li>Ja maks\u0101jat vair\u0101kus r\u0113\u0137inus vienam pieg\u0101d\u0101t\u0101jam, tad sist\u0113ma izveidos vienu maks\u0101jumu.<\/li>\n<\/ul>\n<h2>Mobilit\u0101te<strong><img loading=\"lazy\" decoding=\"async\" class=\" wp-image-6057 alignright\" src=\"https:\/\/www.erplybooks.com\/wp-content\/uploads\/2017\/11\/Capture7-1-300x224.png\" alt=\"\" width=\"593\" height=\"443\" srcset=\"https:\/\/www.erplybooks.com\/wp-content\/uploads\/2017\/11\/Capture7-1-300x224.png 300w, https:\/\/www.erplybooks.com\/wp-content\/uploads\/2017\/11\/Capture7-1-768x573.png 768w, https:\/\/www.erplybooks.com\/wp-content\/uploads\/2017\/11\/Capture7-1.png 947w\" sizes=\"auto, (max-width: 593px) 100vw, 593px\" \/><\/strong><strong><br \/>\n<\/strong><\/h2>\n<p><strong>Izveidojot jaunu uz\u0146\u0113mumu ERPLY Books sist\u0113m\u0101, visi uzst\u0101d\u012bjumi ir noklus\u0113jum\u0101. Bet viss var tikt main\u012bts &#8211; ja Jums ir mazs uz\u0146\u0113mums, izmantojiet programmat\u016bru k\u0101da t\u0101 ir, ja Jums ir liels uz\u0146\u0113mums, tad varat main\u012bt visu atbilsto\u0161i j\u016bsu vajadz\u012bb\u0101m.<\/strong><\/p>\n<ul>\n<li>Personaliz\u0113ta kontu tabula un PVN likmes &#8211; ats\u016btiet mums jaut\u0101jumu par to, k\u0101 ieg\u016bt vienu konta tabulu visiem j\u016bsu uz\u0146\u0113mumiem.<\/li>\n<li>Ja nav piem\u0113rotas atskaites parasto atskai\u0161u sarakst\u0101, tad J\u016bs varat to izveidot, izmantojot <a href=\"https:\/\/www.erplybooks.com\/manuals\/report-generator\/\"><strong>atskai\u0161u veidot\u0101ju<\/strong><\/a>;<\/li>\n<li>Veidojiet pa\u0161i savu P\/L (ien\u0101kumi un zaud\u0113jumi) un\/vai bilanci;<\/li>\n<li>Atskaites ir pieejamas vair\u0101k\u0101s val\u016bt\u0101s;<\/li>\n<li>Automatiz\u0113jiet banku, pievienojot jaunus noteikumus;<\/li>\n<li>Automatiz\u0113jiet noteikumus iepirkumiem, lai ERPLY Books sist\u0113ma autom\u0101tiski import\u0113tu iepirkumu r\u0113\u0137inus.<\/li>\n<\/ul>\n<h2 style=\"text-align: left;\"><strong><img loading=\"lazy\" decoding=\"async\" class=\" wp-image-6059 alignleft\" src=\"https:\/\/www.erplybooks.com\/wp-content\/uploads\/2017\/11\/Capture8-1-300x267.png\" alt=\"\" width=\"458\" height=\"408\" srcset=\"https:\/\/www.erplybooks.com\/wp-content\/uploads\/2017\/11\/Capture8-1-300x267.png 300w, https:\/\/www.erplybooks.com\/wp-content\/uploads\/2017\/11\/Capture8-1.png 708w\" sizes=\"auto, (max-width: 458px) 100vw, 458px\" \/><\/strong>Pieejas izsnieg\u0161ana lietot\u0101jiem<\/h2>\n<p><strong>J\u016bs lietot\u0101jiem varat pie\u0161\u0137irt da\u017e\u0101das priek\u0161roc\u012bbas.<\/strong><\/p>\n<ul>\n<li>Atsp\u0113jojiet iesp\u0113ju visam, kam lietot\u0101jam nevajadz\u0113tu b\u016bt pieejai;<\/li>\n<li>P\u0101rvaldiet lietot\u0101jus t\u0101, lai tikai autoriz\u0113tiem cilv\u0113kiem ir pieeja J\u016bsu kontam.<\/li>\n<\/ul>\n<p>&nbsp;<\/p>\n<h4><\/h4>\n<h2>Sekojiet klientam\/pieg\u0101d\u0101t\u0101jam izs\u016bt\u012btajiem e-pastiem<\/h2>\n<h4><strong> <img loading=\"lazy\" decoding=\"async\" class=\" wp-image-5303 alignright\" src=\"https:\/\/www.erplybooks.com\/wp-content\/uploads\/2016\/10\/Capture16-1-300x140.png\" alt=\"\" width=\"467\" height=\"218\" srcset=\"https:\/\/www.erplybooks.com\/wp-content\/uploads\/2016\/10\/Capture16-1-300x140.png 300w, https:\/\/www.erplybooks.com\/wp-content\/uploads\/2016\/10\/Capture16-1-768x359.png 768w, https:\/\/www.erplybooks.com\/wp-content\/uploads\/2016\/10\/Capture16-1-1024x478.png 1024w, https:\/\/www.erplybooks.com\/wp-content\/uploads\/2016\/10\/Capture16-1.png 1079w\" sizes=\"auto, (max-width: 467px) 100vw, 467px\" \/><\/strong><\/h4>\n<p><strong>ERPLY Books sist\u0113ma seko l\u012bdzi e-pastiem, kuri ir izs\u016bt\u012bti no programmat\u016bras.<\/strong><\/p>\n<ul>\n<li>Apskatiet, kuri e-pasti nav sa\u0146emti un kuri e-pasti ir sa\u0146emti (k\u0101 ar\u012b atv\u0113rti);<\/li>\n<li>Izsekojiet da\u017e\u0101d\u0101m darb\u012bb\u0101m: r\u0113\u0137inu s\u016bt\u012b\u0161ana, maks\u0101jumu atg\u0101din\u0101jumi, pieg\u0101d\u0101t\u0101ja bilances p\u0101rskats;<\/li>\n<li>Izmantojiet, cik vien iesp\u0113jams, e-pasta statusa atskaiti, tai skait\u0101 ar\u012b periodisku r\u0113\u0137inu opciju un automatiz\u0113tu r\u0113\u0137inu apstr\u0101di.<\/li>\n<\/ul>\n<h2 style=\"text-align: left;\"><strong><img loading=\"lazy\" decoding=\"async\" class=\" wp-image-6061 alignleft\" src=\"https:\/\/www.erplybooks.com\/wp-content\/uploads\/2017\/11\/Capture9-1-300x213.png\" alt=\"\" width=\"463\" height=\"329\" srcset=\"https:\/\/www.erplybooks.com\/wp-content\/uploads\/2017\/11\/Capture9-1-300x213.png 300w, https:\/\/www.erplybooks.com\/wp-content\/uploads\/2017\/11\/Capture9-1-768x545.png 768w, https:\/\/www.erplybooks.com\/wp-content\/uploads\/2017\/11\/Capture9-1.png 798w\" sizes=\"auto, (max-width: 463px) 100vw, 463px\" \/><\/strong>E-r\u0113\u0137ini<\/h2>\n<p><strong>ERPLY Books atbalsta Fitek un Omniva e-r\u0113\u0137inu risin\u0101jumu.<\/strong><\/p>\n<ul style=\"text-align: left;\">\n<li>S\u016btiet p\u0101rdo\u0161anas r\u0113\u0137inus uz e-r\u0113\u0137inu sist\u0113mu;<\/li>\n<li>Lejupiel\u0101d\u0113jiet iepirkumu r\u0113\u0137inus no e-r\u0113\u0137inu sist\u0113mas;<\/li>\n<li>Lasiet inform\u0101ciju autom\u0101tiski no e-r\u0113\u0137iniem un izveidojiet r\u0113\u0137inus iepirkumu aug\u0161upiel\u0101d\u0113tajos failos.<\/li>\n<\/ul>\n<h2><\/h2>\n<h2><a href=\"https:\/\/www.erplybooks.com\/manuals\/vat-management\/\">PVN<\/a>\/ GST (Pre\u010du un pakalpojumu nodoklis)<strong><img loading=\"lazy\" decoding=\"async\" class=\" wp-image-6062 alignright\" src=\"https:\/\/www.erplybooks.com\/wp-content\/uploads\/2017\/11\/Capture10-2-300x135.png\" alt=\"\" width=\"551\" height=\"248\" srcset=\"https:\/\/www.erplybooks.com\/wp-content\/uploads\/2017\/11\/Capture10-2-300x135.png 300w, https:\/\/www.erplybooks.com\/wp-content\/uploads\/2017\/11\/Capture10-2-768x345.png 768w, https:\/\/www.erplybooks.com\/wp-content\/uploads\/2017\/11\/Capture10-2.png 936w\" sizes=\"auto, (max-width: 551px) 100vw, 551px\" \/><\/strong><\/h2>\n<p><strong>ERPLY Books pied\u0101v\u0101 visas funkcijas, kuras J\u016bs varat iedom\u0101ties, par iepirkumu un izdevumu nodok\u013ciem &#8211; no nodok\u013cu apr\u0113\u0137in\u0101\u0161anas, papildu darb\u012bb\u0101m un atgriezeniskiem nodok\u013ciem l\u012bdz katr\u0101 valst\u012b noteiktaj\u0101m atskait\u0113m.<\/strong><\/p>\n<ul>\n<li>J\u016bs varat pievienot neierobe\u017eotu skaitu nodok\u013cu likmju;<\/li>\n<li>ERPLY Books sist\u0113ma zina, kas jums ir nepiecie\u0161ams, ja j\u016bsu uz\u0146\u0113mums darbojas ES;<\/li>\n<li>Nodok\u013ciem ir vair\u0101ku l\u012bme\u0146u noteikumi: savienojiet tos ar kontu, klientu vai pat klientu grupu;<\/li>\n<li>Autom\u0101tiski apr\u0113\u0137iniet nodokli no priek\u0161apmaksas.<\/li>\n<\/ul>\n<p style=\"text-align: center;\"><a class=\"btn-filled btn\" href=\"https:\/\/app.erplybooks.com\/register\"><strong>Re\u0123istr\u0113jaties<\/strong><strong><u>\u00a0bez maksas<\/u><\/strong><\/a><\/p>\n<h3><\/h3>\n<p>&nbsp;<\/p>\n<p>&nbsp;<\/p>\n<h3><\/h3>\n","protected":false},"excerpt":{"rendered":"<p>ERPLY Books sist\u0113mai ir visas nepiecie\u0161am\u0101s funkcijas, kuras vajadz\u012bgas gr\u0101matved\u012bbas p\u0101rvald\u012b\u0161anai. Papildus &#8220;parastaj\u0101m\u201d funkcij\u0101m kl\u0101t n\u0101k ar\u012b papildfunkcijas, kuras var pal\u012bdz\u0113t automatiz\u0113t J\u016bsu ievad\u012btos datus un uzlabot J\u016bsu atskaites. Gr\u0101matved\u012bba ERPLY Books sist\u0113ma attiecas uz vis\u0101m darb\u012bb\u0101m, kuras saist\u012btas ar gr\u0101matved\u012bbu, un ne tikai. Mazie uz\u0146\u0113mumi var izmantot visus noklus\u0113jamu iestat\u012bjumus un lielie uz\u0146\u0113mumu var [&hellip;]<\/p>\n","protected":false},"author":3,"featured_media":0,"parent":0,"menu_order":60,"comment_status":"closed","ping_status":"closed","template":"","meta":{"_et_pb_use_builder":"","_et_pb_old_content":"","_et_gb_content_width":"","footnotes":""},"categories":[],"tags":[],"class_list":["post-6035","page","type-page","status-publish","hentry"],"_links":{"self":[{"href":"https:\/\/www.erplybooks.com\/lv\/wp-json\/wp\/v2\/pages\/6035","targetHints":{"allow":["GET"]}}],"collection":[{"href":"https:\/\/www.erplybooks.com\/lv\/wp-json\/wp\/v2\/pages"}],"about":[{"href":"https:\/\/www.erplybooks.com\/lv\/wp-json\/wp\/v2\/types\/page"}],"author":[{"embeddable":true,"href":"https:\/\/www.erplybooks.com\/lv\/wp-json\/wp\/v2\/users\/3"}],"replies":[{"embeddable":true,"href":"https:\/\/www.erplybooks.com\/lv\/wp-json\/wp\/v2\/comments?post=6035"}],"version-history":[{"count":0,"href":"https:\/\/www.erplybooks.com\/lv\/wp-json\/wp\/v2\/pages\/6035\/revisions"}],"wp:attachment":[{"href":"https:\/\/www.erplybooks.com\/lv\/wp-json\/wp\/v2\/media?parent=6035"}],"wp:term":[{"taxonomy":"category","embeddable":true,"href":"https:\/\/www.erplybooks.com\/lv\/wp-json\/wp\/v2\/categories?post=6035"},{"taxonomy":"post_tag","embeddable":true,"href":"https:\/\/www.erplybooks.com\/lv\/wp-json\/wp\/v2\/tags?post=6035"}],"curies":[{"name":"wp","href":"https:\/\/api.w.org\/{rel}","templated":true}]}}