{"id":6000,"date":"2017-11-13T05:41:33","date_gmt":"2017-11-13T05:41:33","guid":{"rendered":"http:\/\/www.erplybooks.com\/?page_id=6000\/"},"modified":"2023-06-20T08:35:02","modified_gmt":"2023-06-20T08:35:02","slug":"rokasgramatas","status":"publish","type":"page","link":"https:\/\/www.erplybooks.com\/lv\/rokasgramatas\/","title":{"rendered":"Rokasgr\u0101matas"},"content":{"rendered":"<h2>Visp\u0101r\u012bgas rokasgr\u0101matas<\/h2>\n<p><strong><a href=\"https:\/\/www.erplybooks.com\/lv\/rokasgramatas\/gramatveza-darba-paligs\/\">Gr\u0101matve\u017ea darba pal\u012bgs<\/a><\/strong><\/p>\n<p><strong><a href=\"https:\/\/www.erplybooks.com\/lv\/rokasgramatas\/erply-integracija-erply-books-sistema\/\">ERPLY integr\u0101cija ERPLY Books sist\u0113m\u0101<\/a><\/strong><\/p>\n<p><strong><a href=\"https:\/\/www.erplybooks.com\/lv\/rokasgramatas\/ka-parliecinaties-ka-erply-book-sistema-jusu-atvertas-bilances-nemainas\/\">K\u0101 p\u0101rliecin\u0101ties, ka ERPLY Book sist\u0113m\u0101 j\u016bsu atv\u0113rt\u0101s bilances nemain\u0101s?<\/a><\/strong><\/p>\n<p><strong><a href=\"https:\/\/www.erplybooks.com\/lv\/rokasgramatas\/parvaldit-kontus-erply-books-sistema\/\">P\u0101rvald\u012bt kontus ERPLY Books sist\u0113m\u0101<\/a><\/strong><\/p>\n<p><strong><a href=\"https:\/\/www.erplybooks.com\/lv\/rokasgramatas\/importejot-datus-erply-gramatam\/\">Import\u0113jot datus ERPLY gr\u0101mat\u0101m<\/a><\/strong><\/p>\n<p><strong><a href=\"https:\/\/www.erplybooks.com\/lv\/rokasgramatas\/jauns-izmaksu-plans-erply-books\/\">Jauns izmaksu pl\u0101ns ERPLY Books<\/a><\/strong><\/p>\n<h2>Zi\u0146o\u0161ana<\/h2>\n<p><a href=\"https:\/\/www.erplybooks.com\/lv\/rokasgramatas\/pelnas-un-zaudejumu-zinojumi-un-bilance-erply-books\/\"><strong>Pe\u013c\u0146as un zaud\u0113jumu zi\u0146ojumi un bilance ERPLY Books<\/strong><\/a><\/p>\n<p><a href=\"https:\/\/www.erplybooks.com\/lv\/rokasgramatas\/gst-parvaldiba-erply-books\/\"><strong>GST p\u0101rvald\u012bba ERPLY Books<\/strong><\/a><\/p>\n<p><a href=\"https:\/\/www.erplybooks.com\/lv\/rokasgramatas\/pvn-parvaldisana\/\"><strong>PVN P\u0101rvald\u012b\u0161ana<\/strong><\/a><\/p>\n<p><a href=\"https:\/\/www.erplybooks.com\/lv\/rokasgramatas\/atskaisu-generators-erply-books-sistema\/\"><strong>Atskai\u0161u \u0123enerators ERPLY Books sist\u0113m\u0101<\/strong><\/a><\/p>\n<p><a href=\"https:\/\/www.erplybooks.com\/lv\/rokasgramatas\/isaf-faila-printesana-ar-erply-books\/\"><strong>iSAF faila print\u0113\u0161ana ar ERPLY Books<\/strong><\/a><\/p>\n<p><a href=\"https:\/\/www.erplybooks.com\/lv\/rokasgramatas\/e-pastu-parraudzisana-erply-books\/\"><strong>E-pastu p\u0101rraudz\u012b\u0161ana ERPLY Books<\/strong><\/a><\/p>\n<p><a href=\"https:\/\/www.erplybooks.com\/lv\/rokasgramatas\/kopsavilkuma-atskaite\/\"><strong>Kopsavilkuma atskaite<\/strong><\/a><\/p>\n<p><a href=\"https:\/\/www.erplybooks.com\/lv\/rokasgramatas\/iepirkumu-un-pardosanas-atskaites-erply-books\/\"><strong>Iepirkumu un p\u0101rdo\u0161anas atskaites ERPLY Books<\/strong><\/a><\/p>\n<h2>Bud\u017eets<\/h2>\n<p><strong><a href=\"https:\/\/www.erplybooks.com\/lv\/rokasgramatas\/budzeta-izveidosana-un-parbaude-erply-books\/\">Bud\u017eeta izveido\u0161ana un p\u0101rbaude ERPLY Books<\/a><\/strong><\/p>\n<h2>Priek\u0161apmaksa<\/h2>\n<p><a href=\"https:\/\/www.erplybooks.com\/lv\/rokasgramatas\/maksajumu-parvaldisana-erply-books\/\"><b>Maks\u0101jumu p\u0101rvald\u012b\u0161ana REPLY\u00a0Books<\/b><\/a><\/p>\n<p><a href=\"https:\/\/www.erplybooks.com\/lv\/rokasgramatas\/prieksapmaksas\/\"><strong>Priek\u0161apmaksas<\/strong><\/a><\/p>\n<h2>R\u0113\u0137ini. Maks\u0101jumi<\/h2>\n<p><a href=\"https:\/\/www.erplybooks.com\/lv\/rokasgramatas\/izdevumu-atlidzinasana-erply-books\/\"><strong>Izdevumu atl\u012bdzin\u0101\u0161ana ERPLY Books<\/strong><\/a><\/p>\n<p><a href=\"https:\/\/www.erplybooks.com\/lv\/rokasgramatas\/ka-parvaldit-pardosanas-rekinus-erply-books\/\"><strong>K\u0101 p\u0101rvald\u012bt p\u0101rdo\u0161anas r\u0113\u0137inus ERPLY Books<\/strong><\/a><\/p>\n<p><a href=\"https:\/\/www.erplybooks.com\/lv\/rokasgramatas\/pirksanas-iesutne-erply-books\/\"><strong>Pirk\u0161anas ies\u016btne ERPLY Books<\/strong><\/a><\/p>\n<p><a href=\"https:\/\/www.erplybooks.com\/lv\/rokasgramatas\/atzimet-rekinus-ka-apmaksatus\/\"><strong>Atz\u012bm\u0113t r\u0113\u0137inus k\u0101 apmaks\u0101tus<\/strong><\/a><\/p>\n<p><a href=\"https:\/\/www.erplybooks.com\/lv\/rokasgramatas\/valutas-erply-books\/\"><strong>Val\u016btas ERPLY Books<\/strong><\/a><\/p>\n<p><a href=\"https:\/\/www.erplybooks.com\/lv\/rokasgramatas\/rekinu-nosutisana-izmantojot-erply-books\/\"><strong>R\u0113\u0137inu nos\u016bt\u012b\u0161ana izmantojot ERPLY Books<\/strong><\/a><\/p>\n<p><a href=\"https:\/\/www.erplybooks.com\/lv\/rokasgramatas\/atgadinajumi-par-atvertiem-debitoru-paradiem-erply-books\/\"><strong>Atg\u0101din\u0101jumi par atv\u0113rtiem debitoru par\u0101diem ERPLY Books<\/strong><\/a><\/p>\n<p><a href=\"https:\/\/www.erplybooks.com\/lv\/rokasgramatas\/periodiski-rekini\/\"><strong>Periodiski r\u0113\u0137ini<\/strong><\/a><\/p>\n<p><a href=\"https:\/\/www.erplybooks.com\/lv\/rokasgramatas\/iepirkumu-un-pardosanas-artikuli-erply-books\/\"><strong>Iepirkumu un p\u0101rdo\u0161anas artikuli ERPLY Books<\/strong><\/a><\/p>\n<p><a href=\"https:\/\/www.erplybooks.com\/lv\/rokasgramatas\/pirksanas-pasutijumi-erply-books\/\"><strong>Pirk\u0161anas pas\u016bt\u012bjumi ERPLY Books<\/strong><\/a><\/p>\n<p><strong><a href=\"https:\/\/www.erplybooks.com\/lv\/rokasgramatas\/pirksanas-rekinu-maksajumu-failu-statusu-parvaldisana-erply-books\/\">Pirk\u0161anas r\u0113\u0137inu maks\u0101jumu failu statusu p\u0101rvald\u012b\u0161ana ERPLY Books<\/a><\/strong><\/p>\n<p><a href=\"https:\/\/www.erplybooks.com\/lv\/rokasgramatas\/maksajumu-parvaldisana-erply-books\/\"><strong>Maks\u0101jumu p\u0101rvald\u012b\u0161ana ERPLY Books<\/strong><\/a><\/p>\n<p><a href=\"https:\/\/www.erplybooks.com\/lv\/rokasgramatas\/perioda-slegsana-vai-gada-beigsana-erply-books\/\"><strong>Perioda sl\u0113g\u0161ana vai gada beig\u0161ana ERPLY Books<\/strong><\/a><\/p>\n<p><a href=\"https:\/\/www.erplybooks.com\/lv\/faktoringa-izmantosana-erply-books-klientiem\/\"><strong>Faktoringa izmanto\u0161ana ERPLY Books klientiem<\/strong><\/a><\/p>\n<p><a href=\"https:\/\/www.erplybooks.com\/lv\/rokasgramatas\/valuta-erply-books-sistema\/\"><strong>Val\u016bta ERPLY Books sist\u0113m\u0101<\/strong><\/a><\/p>\n<p><a href=\"https:\/\/www.erplybooks.com\/lv\/rokasgramatas\/dazadi-maksajumu-veidi-erply-books\/\"><strong>Da\u017e\u0101di maks\u0101jumu veidi ERPLY Books<\/strong><\/a><\/p>\n<p><a href=\"https:\/\/www.erplybooks.com\/lv\/rokasgramatas\/karsu-maksajumu-saskanosana\/\"><strong>Kar\u0161u maks\u0101jumu saska\u0146o\u0161ana<\/strong><\/a><\/p>\n<p><a href=\"https:\/\/www.erplybooks.com\/lv\/rokasgramatas\/aba-failu-izveidosana-erply-books\/\"><strong>ABA failu izveido\u0161ana ERPLY Books<\/strong><\/a><\/p>\n<p><a href=\"https:\/\/www.erplybooks.com\/lv\/rokasgramatas\/ka-rediget-bankas-izrakstu-erply-books\/\"><strong>K\u0101 redi\u0123\u0113t bankas izrakstu ERPLY Books<\/strong><\/a><\/p>\n<p><a href=\"https:\/\/www.erplybooks.com\/lv\/rokasgramatas\/rekinu-apstiprinasana\/\"><strong>R\u0113\u0137inu apstiprin\u0101\u0161ana<\/strong><\/a><\/p>\n<p><a href=\"https:\/\/www.erplybooks.com\/lv\/rokasgramatas\/davanu-kartes-erply-books\/\"><strong>D\u0101vanu kartes ERPLY Books<\/strong><\/a><\/p>\n<h2>Klients<\/h2>\n<p><a href=\"https:\/\/www.erplybooks.com\/lv\/rokasgramatas\/periodiski-rekini\/\"><strong>Periodiski r\u0113\u0137ini<\/strong><\/a><\/p>\n<p><a href=\"https:\/\/www.erplybooks.com\/lv\/faktoringa-izmantosana-erply-books-klientiem\/\"><strong>Faktoringa izmanto\u0161ana ERPLY Books klientiem<\/strong><\/a><\/p>\n<p><a href=\"https:\/\/www.erplybooks.com\/lv\/rokasgramatas\/klienta-darijumu-parskats-erply-books\/\"><strong>Klienta dar\u012bjumu p\u0101rskats ERPLY Books<\/strong><\/a><\/p>\n<p><a href=\"https:\/\/www.erplybooks.com\/lv\/rokasgramatas\/e-pastu-parraudzisana-erply-books\/\"><strong>E-pastu p\u0101rraudz\u012b\u0161ana ERPLY Books<\/strong><\/a><\/p>\n<h2>Par\u0101da vad\u012bba<\/h2>\n<p><a href=\"https:\/\/www.erplybooks.com\/lv\/rokasgramatas\/klienta-darijumu-parskats-erply-books\/\"><strong>Klienta dar\u012bjumu p\u0101rskats ERPLY Books<\/strong><\/a><\/p>\n<p><a href=\"https:\/\/www.erplybooks.com\/lv\/rokasgramatas\/e-pastu-parraudzisana-erply-books\/\"><strong>E-pastu p\u0101rraudz\u012b\u0161ana ERPLY Books<\/strong><\/a><\/p>\n<p><a href=\"https:\/\/www.erplybooks.com\/lv\/rokasgramatas\/atgadinajumi-par-atvertiem-debitoru-paradiem-erply-books\/\"><strong>Atg\u0101din\u0101jumi par atv\u0113rtiem debitoru par\u0101diem ERPLY Books<\/strong><\/a><\/p>\n<h2 style=\"text-align: left;\">Algu<\/h2>\n<p class=\"page-title\"><a href=\"https:\/\/www.erplybooks.com\/lv\/rokasgramatas\/algu-modulis-erply-books\/\"><strong>Algu modulis ERPLY Books<\/strong><\/a><\/p>\n<h2>Banka<\/h2>\n<p><a href=\"https:\/\/www.erplybooks.com\/lv\/rokasgramatas\/bankas-imports\/\"><strong>Bankas imports<\/strong><\/a><\/p>\n<p><a href=\"https:\/\/www.erplybooks.com\/lv\/rokasgramatas\/karsu-maksajumu-saskanosana\/\"><strong>Kar\u0161u maks\u0101jumu saska\u0146o\u0161ana<\/strong><\/a><\/p>\n<h2 class=\"page-title\">Pamatl\u012bdzek\u013ci<\/h2>\n<p><a href=\"https:\/\/www.erplybooks.com\/lv\/rokasgramatas\/pamatlidzekli-erply-books\/\"><strong>Pamatl\u012bdzek\u013ci ERPLY Books<\/strong><\/a><\/p>\n<h2>Projekti<\/h2>\n<p><a href=\"https:\/\/www.erplybooks.com\/lv\/rokasgramatas\/projekti-erply-books\/\"><strong>Projekti ERPLY Books<\/strong><\/a><\/p>\n<p><a href=\"https:\/\/www.erplybooks.com\/lv\/rokasgramatas\/projektu-grupas-erply-books\/\"><strong>Projektu grupas ERPLY Books<\/strong><\/a><\/p>\n<p><a href=\"https:\/\/www.erplybooks.com\/lv\/viens-uznemums-dazadas-atrasanas-vietas-ka-stradat-ar-erply-un-erply-books\/\"><strong>Viens uz\u0146\u0113mums da\u017e\u0101d\u0101s atra\u0161an\u0101s viet\u0101s \u2013 \u0137\u0101 str\u0101d\u0101t ar to ERPLY un ERPLY Books<\/strong><\/a><\/p>\n<h2>Integr\u0101cija<\/h2>\n<p><a href=\"https:\/\/www.erplybooks.com\/lv\/rokasgramatas\/erply-integracija-erply-books-sistema\/\"><strong>ERPLY integr\u0101cija ERPLY Books sist\u0113m\u0101<\/strong><\/a><\/p>\n<p><a href=\"https:\/\/www.erplybooks.com\/et\/api\/\"><strong>API<\/strong><\/a><\/p>\n<h2>Iestat\u012bjumi<\/h2>\n<p><a href=\"https:\/\/www.erplybooks.com\/lv\/rokasgramatas\/perioda-slegsana-vai-gada-beigsana-erply-books\/\"><strong>Perioda sl\u0113g\u0161ana vai gada beig\u0161ana ERPLY Books<\/strong><\/a><\/p>\n<p><a href=\"https:\/\/www.erplybooks.com\/lv\/rokasgramatas\/valuta-erply-books-sistema\/\"><strong>Val\u016bta ERPLY Books sist\u0113m\u0101<\/strong><\/a><\/p>\n<p><a href=\"https:\/\/www.erplybooks.com\/lv\/rokasgramatas\/ka-parliecinaties-ka-erply-book-sistema-jusu-atvertas-bilances-nemainas\/\"><strong>K\u0101 p\u0101rliecin\u0101ties, ka ERPLY Book sist\u0113m\u0101 j\u016bsu atv\u0113rt\u0101s bilances nemain\u0101s?<\/strong><\/a><\/p>\n<p><a href=\"https:\/\/www.erplybooks.com\/lv\/rokasgramatas\/parvaldit-kontus-erply-books-sistema\/\"><strong>P\u0101rvald\u012bt kontus ERPLY Books sist\u0113m\u0101<\/strong><\/a><\/p>\n<p><a href=\"https:\/\/www.erplybooks.com\/lv\/rokasgramatas\/kontu-tabula\/\"><strong>Kontu tabula<\/strong><\/a><\/p>\n<p><a href=\"https:\/\/www.erplybooks.com\/lv\/rokasgramatas\/kontaktu-parvaldisana-erply-books-sistema\/\"><strong>Kontaktu p\u0101rvald\u012b\u0161ana ERPLY Books sist\u0113m\u0101<\/strong><\/a><\/p>\n<p><a href=\"https:\/\/www.erplybooks.com\/manuals\/account-mapping-erply-books\/\"><strong>Account Mapping<\/strong><\/a><\/p>\n<h2>Labojot k\u013c\u016bdas<\/h2>\n<p><a href=\"https:\/\/www.erplybooks.com\/lv\/rokasgramatas\/ka-parliecinaties-ka-erply-book-sistema-jusu-atvertas-bilances-nemainas\/\"><strong>K\u0101 p\u0101rliecin\u0101ties, ka ERPLY Book sist\u0113m\u0101 j\u016bsu atv\u0113rt\u0101s bilances nemain\u0101s?<\/strong><\/a><\/p>\n<p><a href=\"https:\/\/www.erplybooks.com\/lv\/rokasgramatas\/kludu-labosana-erply-books-sistema\/\"><strong>K\u013c\u016bdu labo\u0161ana ERPLY Books sist\u0113m\u0101<\/strong><\/a><\/p>\n<p><a href=\"https:\/\/www.erplybooks.com\/lv\/rokasgramatas\/ko-darit-ja-debitoru-paradi-sakrit-ar-bilanci\/\"><strong>Ko dar\u012bt, ja debitoru par\u0101di sakr\u012bt ar bilanci?<\/strong><\/a><\/p>\n<p>&nbsp;<\/p>\n","protected":false},"excerpt":{"rendered":"<p>Visp\u0101r\u012bgas rokasgr\u0101matas Gr\u0101matve\u017ea darba pal\u012bgs ERPLY integr\u0101cija ERPLY Books sist\u0113m\u0101 K\u0101 p\u0101rliecin\u0101ties, ka ERPLY Book sist\u0113m\u0101 j\u016bsu atv\u0113rt\u0101s bilances nemain\u0101s? P\u0101rvald\u012bt kontus ERPLY Books sist\u0113m\u0101 Import\u0113jot datus ERPLY gr\u0101mat\u0101m Jauns izmaksu pl\u0101ns ERPLY Books Zi\u0146o\u0161ana Pe\u013c\u0146as un zaud\u0113jumu zi\u0146ojumi un bilance ERPLY Books GST p\u0101rvald\u012bba ERPLY Books PVN P\u0101rvald\u012b\u0161ana Atskai\u0161u \u0123enerators ERPLY Books sist\u0113m\u0101 iSAF [&hellip;]<\/p>\n","protected":false},"author":3,"featured_media":0,"parent":0,"menu_order":0,"comment_status":"closed","ping_status":"closed","template":"","meta":{"_et_pb_use_builder":"","_et_pb_old_content":"","_et_gb_content_width":"","footnotes":""},"categories":[],"tags":[],"class_list":["post-6000","page","type-page","status-publish","hentry"],"_links":{"self":[{"href":"https:\/\/www.erplybooks.com\/lv\/wp-json\/wp\/v2\/pages\/6000","targetHints":{"allow":["GET"]}}],"collection":[{"href":"https:\/\/www.erplybooks.com\/lv\/wp-json\/wp\/v2\/pages"}],"about":[{"href":"https:\/\/www.erplybooks.com\/lv\/wp-json\/wp\/v2\/types\/page"}],"author":[{"embeddable":true,"href":"https:\/\/www.erplybooks.com\/lv\/wp-json\/wp\/v2\/users\/3"}],"replies":[{"embeddable":true,"href":"https:\/\/www.erplybooks.com\/lv\/wp-json\/wp\/v2\/comments?post=6000"}],"version-history":[{"count":0,"href":"https:\/\/www.erplybooks.com\/lv\/wp-json\/wp\/v2\/pages\/6000\/revisions"}],"wp:attachment":[{"href":"https:\/\/www.erplybooks.com\/lv\/wp-json\/wp\/v2\/media?parent=6000"}],"wp:term":[{"taxonomy":"category","embeddable":true,"href":"https:\/\/www.erplybooks.com\/lv\/wp-json\/wp\/v2\/categories?post=6000"},{"taxonomy":"post_tag","embeddable":true,"href":"https:\/\/www.erplybooks.com\/lv\/wp-json\/wp\/v2\/tags?post=6000"}],"curies":[{"name":"wp","href":"https:\/\/api.w.org\/{rel}","templated":true}]}}