{"id":5995,"date":"2017-11-13T05:49:58","date_gmt":"2017-11-13T05:49:58","guid":{"rendered":"http:\/\/www.erplybooks.com\/?page_id=5995\/"},"modified":"2024-04-03T10:41:25","modified_gmt":"2024-04-03T10:41:25","slug":"biezi-uzdotie-jautajumi","status":"publish","type":"page","link":"https:\/\/www.erplybooks.com\/lv\/biezi-uzdotie-jautajumi\/","title":{"rendered":"BUJ"},"content":{"rendered":"<h2 style=\"text-align: center;\">Bie\u017ei uzdotie jaut\u0101jumi (BUJ)<\/h2>\n<h4 style=\"text-align: center;\">Klientu atbalsts dienests<\/h4>\n<p style=\"text-align: center;\">support@erplybooks.com<\/p>\n<h2>Vai man ir j\u0101paraksta l\u012bgums ar ERPLY Books?<\/h2>\n<p>L\u012bgums (mutisks vai rakstisks) jums tiks nos\u016bt\u012bts, ja j\u016bs piere\u0123istr\u0113jaties k\u0101dam no maksas pl\u0101niem. Sazinoties ar mums, j\u016bs varat main\u012bt cenas pl\u0101nu, kad v\u0113laties.<\/p>\n<h2>Kuras valstis sadarbojas ar ERPLY Books?<\/h2>\n<p>ERPLY Books sist\u0113ma ir pieejama jebkur, kur ir interneta piesl\u0113gums. K\u0101 piem\u0113ram, j\u016bs varat izmantot ERPLY Books ang\u013cu, igau\u0146u, krievu, v\u0101cu, somu, d\u0101\u0146u, lietuvie\u0161u, sp\u0101\u0146u, fran\u010du, latvie\u0161u, grie\u0137u, hindu un \u0137\u012bnie\u0161u valod\u0101s. Tas iek\u013cauj ar\u012b banku p\u0101rskata import\u0113\u0161anas iesp\u0113jas no EU, AU, CA, US, ZA bank\u0101m un MX programmas.<\/p>\n<h2>K\u0101 uzs\u0101kt ERPLY Books sist\u0113mas lieto\u0161anu?<\/h2>\n<p>Vispirms, jums vajadz\u0113s izveidot kontu un pievienot lietot\u0101jus. Ja jums v\u0113laties s\u0101kt no s\u0101kuma vai turpin\u0101t gr\u0101matved\u012bbas darbus, tad j\u016bsu uz\u0146\u0113muma inform\u0101cijas ievieto\u0161ana ir nepiecie\u0161ama darb\u012bba. K\u0101 ar\u012b, jums ir iesp\u0113ja p\u0101rvietot uz ERPLY Books sist\u0113mu visus iepriek\u0161 veikto gr\u0101matved\u012bbas darbu datus.<\/p>\n<h2>K\u0101 es varu import\u0113t datus uz ERPLY Books sist\u0113mu no man\u0101m iepriek\u0161\u0113j\u0101m gr\u0101matved\u012bbas programm\u0101m?<\/h2>\n<p>Ja jums nepiecie\u0161am\u0101 inform\u0101cija ir ievietota Excel fail\u0101, tad j\u016bs varat iekop\u0113t to ERPLY Books sist\u0113m\u0101. Papildus \u0161ai inform\u0101cijai, noskatieties \u0161o <a href=\"https:\/\/www.youtube.com\/watch?v=PZl628ZHhjw\"><strong>video<\/strong><\/a>.<\/p>\n<h2>Vai manam ERPLY Books kontam var b\u016bt vair\u0101ki lietot\u0101ji?<\/h2>\n<p>J\u0101, j\u016bs varat pievienot lietot\u0101jus no &#8220;Uzst\u0101d\u012bjumiem\u201d -&gt; &#8220;Lietot\u0101ji\u201d un pievienojot lietot\u0101ju e-pasta adreses, pie\u0161\u0137irot lietot\u0101jam savu lomu un p\u0101rmai\u0146us savienot to ar uz\u0146\u0113muma atra\u0161an\u0101s vietu vai jebkuru citu projektu. P\u0113c lietot\u0101ja pievieno\u0161anas, vi\u0146am\/vi\u0146ai ir j\u0101piere\u0123istr\u0113jas k\u0101 ERPLY Books lietot\u0101jam un j\u0101ieg\u016bst piek\u013cuve pilnvarotajai organiz\u0101cijai.<\/p>\n<h2>Vai vienam kontam var pieder\u0113t vair\u0101ki uz\u0146\u0113mumi?<\/h2>\n<p>J\u0101, j\u016bs varat pievienot uz\u0146\u0113mumu uzklik\u0161\u0137inot uz j\u016bsu pa\u0161reiz\u0113j\u0101 uz\u0146\u0113muma un izv\u0113loties &#8220;Pievienot organiz\u0101ciju\u201d.<\/p>\n<h2>Vai ERPLY Books sist\u0113mu var izmantot plan\u0161etdator\u0101?<\/h2>\n<p>J\u0101, ERPLY Books sist\u0113ma ir pieejama no plan\u0161etdator\u0101 vai viedt\u0101lrun\u012b. Ja v\u0113laties izmantot to no \u0161\u012bm ier\u012bc\u0113m, jums ir j\u0101lejupl\u0101d\u0113 ERPLY Books aplik\u0101cija no Google Play Store vai iTunes aplik\u0101ciju veikaliem. Aplik\u0101cij\u0101 ir visas nepiecie\u0161am\u0101s funkcijas, lai p\u0101rvald\u012btu j\u016bsu gr\u0101matved\u012bbu, bet t\u0101 t\u0101pat nav tik piln\u012bga k\u0101 datora versija.<\/p>\n<h2>K\u0101das \u012bsin\u0101jumikonas (shortcuts) var izmantot ERPLY Books sist\u0113m\u0101?<\/h2>\n<p>Saglab\u0101\u0161anai nospiediet &#8220;Ctrl\/komandtausti\u0146\u0161 + s\u201d<\/p>\n<p>Ja v\u0113laties ko izdz\u0113st (ja esat iez\u012bm\u0113jis tabul\u0101 rindi\u0146u):\u00a0<strong>&#8220;Ctrl\/komandtausti\u0146\u0161 + d\u201d<\/strong><\/p>\n<p>Virzienmai\u0146a uz instrumentu pane\u013ca: \u00a0<strong>&#8220;Ctrl\/komandtausti\u0146\u0161 + m\u201d<\/strong><\/p>\n<h2>K\u0101 darbojas ERPLY Books sist\u0113ma?<\/h2>\n<p>Lai padar\u012btu ERPLY Books sist\u0113mu saprotamu visiem, pat tiem, kuriem nav padzi\u013cin\u0101tas zin\u0101\u0161anas gr\u0101matved\u012bb\u0101, m\u0113s esam izveidoju\u0161i \u0161o sist\u0113mu balstoties uz ikdienas gr\u0101matved\u012bbas aktivit\u0101t\u0113m (piem\u0113ram, kad p\u0101rdodat produktu vai pakalpojumu, jums tikai j\u0101izveido r\u0113\u0137ins un j\u0101\u013cauj sist\u0113mai pa\u0161ai autom\u0101tiski rad\u012bt nepiecie\u0161amos ierakstus). \u0160\u012b pati situ\u0101cija attiecas ar\u012b uz produktu vai pakalpojumu pirk\u0161anu. Ja j\u016bs esat pareizi izveidojis uz\u0146\u0113muma kontu un izmantojat pareizos moduli attiec\u012bgaj\u0101m darb\u012bb\u0101m, tad jums nav j\u0101uztraucas par pareizajiem ierakstiem &#8211; tie tiks izveidoti autom\u0101tiski, kad j\u016bs saglab\u0101jat veikt\u0101s darb\u012bbas.<\/p>\n<p>Jums b\u016bs j\u0101veic konta izpl\u0101no\u0161ana pirms ERPLY Books sist\u0113ma izv\u0113las pareizo kontu, kad izveido autom\u0101tiskus ierakstus. Ja j\u016bs izmantojat m\u016bsu izveidoto Kontu tabulu, tad visa konta izpl\u0101no\u0161ana tiek izdar\u012bta j\u016bsu viet\u0101. Ja v\u0113laties izmantot savu iepriek\u0161\u0113jo Konta tabulu, tad t\u0101 vispirms ir j\u0101pievieno j\u016bsu uz\u0146\u0113muma kontam, un jums ir j\u0101p\u0101rbauda vai visi Sist\u0113mas konti ERPLY Books sist\u0113m\u0101 pareizi atbilst kontam no j\u016bsu Kontu tabulas. Lai to p\u0101rbaud\u012btu, ejiet uz &#8220;Uzst\u0101d\u012bjumi\u201d &gt; &#8220;S\u0101kotn\u0113jie dati\u201d &gt; &#8220;Sist\u0113mas konti\u201d.<\/p>\n<h2>K\u0101d\u0101 form\u0101t\u0101 atskaites var tikt saglab\u0101tas un izprint\u0113tas?<\/h2>\n<p>J\u016bs varat lejupl\u0101d\u0113t visas atskaites \u0161\u0101dos form\u0101tos: PDF,.xlsx, .csv and .html.<\/p>\n<h2>K\u0101 es varu ieg\u016bt savu datu dubl\u0113juma failus?<\/h2>\n<p>ERPLY Books autom\u0101tiski izveido dubl\u0113jumus. Ja v\u0113laties lejupl\u0101d\u0113t savas kopijas, tad jums atsevi\u0161\u0137i j\u0101iel\u0101d\u0113 .csv fails no atsevi\u0161\u0137\u0101m atskait\u0113m.<\/p>\n<h2>K\u0101 izveidot un lietot references numurus?<\/h2>\n<p>J\u016bs varat pievienot kontakta kartei references numuru.\u00a0 Dodieties uz &#8220;Ien\u0101kumu lapa\u201d (vai &#8220;Iepirkumi un izdevumi\u201d) &gt; &#8220;Kontakti\u201d, atz\u012bm\u0113jiet nepiecie\u0161amo kontaktu, uzklik\u0161\u0137iniet uz &#8220;Kontakta lapa\u201d un &#8220;Izveidot jaunu\u201d references numuru.\u00a0 References numuri tiek r\u0113\u0137inos par\u0101d\u012bti autom\u0101tiski un dar\u012bjumi, kuri ir izveidoti izmantojot references numuru, tiek autom\u0101tiski savienoti ar attiec\u012bgo r\u0113\u0137inu un\/vai kontaktu \u201cBanku importos\u201d.<\/p>\n<h2>Ko dar\u012bt, ja k\u0101da ERPLY Books funkcija nav nepiecie\u0161ama?<\/h2>\n<p>Nekr\u012btiet izmisum\u0101! Sazinieties ar m\u016bsu klientu atbalsta centru <a href=\"mailto:support@margn.com\"><strong>support@erplybooks.com<\/strong><\/a>, lai m\u0113s varam jums sniegt padomus un pal\u012bdz\u0113t \u0161aj\u0101 probl\u0113m\u0101.<\/p>\n<h2>K\u0101 es varu izveidot kopiju no dokumenta?<\/h2>\n<p>No &#8220;Atskaites\u201d modu\u013ca -&gt; &#8220;Iepirkumu\/Izdevumu r\u0113\u0137ini\u201d, j\u016bs varat izv\u0113l\u0113ties vajadz\u012bgo sada\u013cu un nospiest &#8220;Kop\u0113t\u201d. Ja v\u0113laties izveidot vair\u0101ku r\u0113\u0137inu kopijas (piem\u0113ram, atk\u0101rtojo\u0161o r\u0113\u0137inu), tad r\u012bkojieties atbilsto\u0161i &#8211; izv\u0113laties piem\u0113roto r\u0113\u0137inu (turiet tausti\u0146u <em>Ctrl<\/em>) un nospiediet &#8220;Kop\u0113t\u201d.<\/p>\n<h2>Kas ir Iepirkumu un p\u0101rdo\u0161anas artikuli?<\/h2>\n<p>Iepirkumu un p\u0101rdo\u0161anas artikuli ir visas lietas, kuras j\u016bs iep\u0113rkat vai p\u0101rdodat. Lai izveidotu un saglab\u0101tu r\u0113\u0137inu, jums j\u0101pievieno artikuli (ne tikai konti). Lai redi\u0123\u0113tu vai pievienotu Iepirkumu un p\u0101rdo\u0161anas artikulu, dodieties uz &#8220;Ien\u0101kumu lapa\u201d (vai &#8220;Iepirkumi un izdevumi\u201d) -&gt; &#8220;Iepirkumu un p\u0101rdo\u0161anas artikuli\u201d. K\u0101 ar\u012b, j\u016bs varat pievienot, ja nepiecie\u0161ams, visiem artikuliem ien\u0101kumu un\/vai izdevumu kontu.<\/p>\n<h2>K\u0101 ierakst\u012bt Pamatl\u012bdzek\u013cus ERPLY Books sist\u0113m\u0101?<\/h2>\n<p>Pamatl\u012bdzek\u013cus var pievienot vai atrast &#8220;Iepirkumos un izdevumos\u201d -&gt; &#8220;Iepirkumu r\u0113\u0137inos\u201d (Pievienot jaunu) -&gt; &#8220;Ieg\u0101d\u0101tie fiks\u0113tie akt\u012bvi\u201d. Visi ieg\u0101d\u0101tie pamatl\u012bdzek\u013ci ir atrodami &#8220;Gr\u0101matved\u012bb\u0101\u201d -&gt; &#8220;Pamatl\u012bdzek\u013ci\u201d vai atrodami atsevi\u0161\u0137i k\u0101 artikuli zem &#8220;Ien\u0101kumu lapa\u201d (vai &#8220;Iepirkumi un izdevumi\u201d) -&gt; &#8220;Iepirkumu un p\u0101rdo\u0161anas artikuli\u201d. Ir svar\u012bgi pievienot pareizo pamatl\u012bdzek\u013cu ilgumu (m\u0113ne\u0161os). Lai apr\u0113\u0137in\u0101tu nolietojumu, dodieties uz &#8220;Gr\u0101matved\u012bbu\u201d -&gt; &#8220;Apr\u0113\u0137in\u0101t nolietojumu\u201d.<\/p>\n<h2>Vai es varu ERPLY Books sist\u0113m\u0101 nos\u016bt\u012bt p\u0101rdo\u0161anas r\u0113\u0137inus?<\/h2>\n<p>J\u0101, tie\u0161i t\u0101pat k\u0101 nokop\u0113t r\u0113\u0137inu, ir iesp\u0113jams to ar\u012b aizs\u016bt\u012bt. Vienk\u0101r\u0161i izv\u0113laties nepiecie\u0161amo r\u0113\u0137inu, zem &#8220;Vair\u0101k\u201d noklik\u0161\u0137iniet &#8220;Kop\u0113t\u201d un izv\u0113laties &#8220;S\u016bt\u012bt\u201d. NB! Ir svar\u012bgi, ka visiem kontaktiem ir e-pasta adreses zem vi\u0146u kontakta lapas, lai \u0161\u012b funkcija darbotos pareizi.<\/p>\n<h2>Vai es varu izveidot savu r\u0113\u0137ina veidu?<\/h2>\n<p>Nav jums pa\u0161iem iesp\u0113jams izveidot r\u0113\u0137ina veidu, bet m\u0113s to varam izdar\u012bt j\u016bsu viet\u0101. Tikai paskaidrojiet mums k\u0101du j\u016bs v\u0113l\u0113tos redz\u0113t izn\u0101kumu vai vajadz\u012bg\u0101s izmai\u0146as un m\u0113s izveidosim nepiecie\u0161amo form\u0101tu. M\u016bsu cenu sarakst\u0101 ir nor\u0101d\u012bts, ka \u0161im pakalpojumam ir atsevi\u0161\u0137a cena. Nelielas izmai\u0146as ir bezmaksas.<\/p>\n<h2>K\u0101 es varu savienot bankas kontu ar ERPLY Books sist\u0113mu?<\/h2>\n<p>ERPLY Books ir divas funkcijas banku dar\u012bjumiem (protams ir ar\u012b iesp\u0113ja pievienot maks\u0101jumus manu\u0101li):<\/p>\n<ul>\n<li>Bankas importi;<\/li>\n<li>Un bankas saska\u0146o\u0161ana.<\/li>\n<\/ul>\n<p>Pirmais, bankas imports ir dom\u0101ts bankas dar\u012bjumu ierakstiem, kam\u0113r import\u0113jat bankas zi\u0146ojumus ERPLY Books sist\u0113m\u0101.\u00a0Bankas saska\u0146o\u0161ana ir dom\u0101ta bankas dar\u012bjumu apstiprin\u0101\u0161anai.<\/p>\n<p>J\u016bs varat izmantot tikai bankas importus vai tikai bankas saska\u0146o\u0161anu. Vai abus. Vai ne vienu no tiem. Visas opcijas ir pieejamas ERPLY Books sist\u0113m\u0101.\u00a0Lai uzzin\u0101tu vair\u0101k par bankas importiem, noskatieties \u0161o <a href=\"https:\/\/youtu.be\/xKg-RTLVqyY\"><strong>video<\/strong><\/a> J\u016bs varat ar\u012b izlas\u012bt <a href=\"https:\/\/youtu.be\/xKg-RTLVqyY\"><strong>\u0161eit<\/strong><\/a> \u012bsu instrukciju par bankas dar\u012bjumiem.<\/p>\n<h2>Vai es varu pievienot r\u0113\u0137inus Bankas importam?<\/h2>\n<p>J\u0101, lai to izdar\u012btu, nospiediet &#8220;Banku import\u0101\u201d labo tausti\u0146u uz maks\u0101juma un pievienojiet jaunu r\u0113\u0137inu.<br \/>\nBanku importi ERPLY Books sist\u0113m\u0101 atbalsta visus banku zi\u0146ojumus, kuri ir Igaunij\u0101 str\u0101d\u0101jo\u0161\u0101s bankas izsniegti. Turkl\u0101t, t\u0101 atbalsta liel\u0101ko internacion\u0101lo banku zi\u0146ojumus un ar\u012b PayPal. &#8220;Banku importa\u201d sp\u0113ja autom\u0101tiski m\u0101c\u012bties no iepriek\u0161\u0113j\u0101m darb\u012bb\u0101m un dar\u012bjumiem, ir visstipr\u0101k\u0101 funkcija ERPLY Books sist\u0113m\u0101, un dr\u012bz t\u0101 b\u016bs standarta da\u013ca no ikdienas gr\u0101matved\u012bbas.<\/p>\n<h2>K\u0101 eksport\u0113t vair\u0101kus maks\u0101jumus vien\u0101 fail\u0101?<\/h2>\n<p>ERPLY Books sist\u0113ma \u013cauj jums iek\u013caut vair\u0101kus maks\u0101jumus vien\u0101 fail\u0101 un, l\u012bdz ar to, ietaupa laiku uz vair\u0101ku par\u0101du nomaks\u0101\u0161anu vienlaic\u012bgi. Lai to izdar\u012btu, dodieties uz &#8220;Neapmaks\u0101tie ien\u0101ko\u0161ie r\u0113\u0137ini\u201d, izv\u0113laties vajadz\u012bgo r\u0113\u0137inu un uzklik\u0161\u0137iniet uz &#8220;Eksport\u0113t maks\u0101jumu uz failiem\u201d. T\u0101 k\u0101 vis\u0101m Eirozonas bank\u0101m ir j\u0101atbalsta SEPA maks\u0101jumi, tad izv\u0113lieties SEPA maks\u0101jumus k\u0101 maks\u0101jumu veidu. Tas noz\u012bm\u0113, ka faila form\u0101ts b\u016bs ISO 20022 XML, kuri ir ar\u012b j\u0101izv\u0113las, kad aug\u0161upiel\u0101d\u0113jat failu uz j\u016bsu banku.<\/p>\n<h2>K\u0101 ierakst\u012bt priek\u0161apmaksu?<\/h2>\n<p>&#8220;Bankas import\u0101\u201d j\u016bs varat izv\u0113l\u0113ties tikai klientu vai pieg\u0101d\u0101t\u0101ju, kur\u0161 b\u016bs savienots ar maks\u0101jumu. \u0160is maks\u0101jums tiks autom\u0101tiski atz\u012bm\u0113ts k\u0101 priek\u0161apmaksa\/avanss. Lai manu\u0101li pievienotu priek\u0161apmaksu, dodieties un &#8220;Neapmaks\u0101tie ien\u0101ko\u0161ie r\u0113\u0137ini\u201d, un neizv\u0113loties r\u0113\u0137inu, nospiediet &#8220;Pievienot maks\u0101jumu\u201d.<\/p>\n<h2>K\u0101 padar\u012bt Banku importu v\u0113l autom\u0101tisk\u0101ku?<\/h2>\n<p>Ja klienta vai pieg\u0101d\u0101t\u0101ja v\u0101rds bankas zi\u0146ojum\u0101 ir t\u0101ds pats k\u0101 &#8220;Kontaktos\u201d, tad tas palielina sist\u0113mas automatiz\u0113\u0161anu, kad savieno pareizo maks\u0101jumu ar pareizo r\u0113\u0137inu un\/vai kontaktu. K\u0101 ar\u012b &#8211; katru reizi pareizi izmantojiet Banku importu. T\u0101 k\u0101 sist\u0113ma m\u0101c\u0101s no iepriek\u0161\u0113j\u0101m aktivit\u0101t\u0113m, ir ieteicam savienot visu pareizi. K\u0101 ar\u012b iesp\u0113jams Bankas noteikumiem automatiz\u0113t da\u017e\u0101dus past\u0101v\u012bgus maks\u0101jumus.<\/p>\n<h2>K\u0101 izmantot priek\u0161apmaksu?<\/h2>\n<p>Lai izmantotu eksist\u0113jo\u0161u priek\u0161apmaksu, dodieties uz &#8220;Neapmaks\u0101tie ien\u0101ko\u0161ie r\u0113\u0137ini\u201d, izv\u0113lieties r\u0113\u0137inu un nospiediet &#8220;Izmantot priek\u0161apmaksu\u201d.<\/p>\n<h2>K\u0101 ierakst\u012bt kred\u012bta r\u0113\u0137inu?<\/h2>\n<p>Nokop\u0113jiet vajadz\u012bgos r\u0113\u0137inus un nomainiet daudzumu un\/vai summu uz negat\u012bvu.<\/p>\n<h2>K\u0101 ierakst\u012bt kred\u012btz\u012bmes maks\u0101jumu?<\/h2>\n<p>Manu\u0101li pievienojiet negat\u012bvu maks\u0101jumu kred\u012btz\u012bmei.<\/p>\n<h2>K\u0101 labot maks\u0101jumu?<\/h2>\n<p>J\u016bs varat atrast un izlabot maks\u0101jumu ejot uz &#8220;Atskaites\u201d -&gt; &#8220;Naudas pl\u016bsmas atskaite\u201d. Lai atrastu un izlabotu r\u0113\u0137inu, dodieties uz &#8220;Atskaites\u201d -&gt;\u00a0 &#8220;Naudas pl\u016bsmas atskaite\u201d. Tad izv\u0113lieties vajadz\u012bgo maks\u0101jumu\/kv\u012btis, divreiz uzklik\u0161\u0137iniet uz t\u0101 un tad j\u016bs varat main\u012bt vajadz\u012bgos lauci\u0146us. Beig\u0101s, saglab\u0101jiet izmai\u0146as.<\/p>\n<h2>K\u0101 veikt savstarp\u0113jos nor\u0113\u0137inus?<\/h2>\n<p>Lai nor\u0113\u0137in\u0101tu r\u0113\u0137inus, ierakstiet instrumentu pane\u013ca mekl\u0113t\u0101j\u0101 &#8220;Settle Sales and Purchase Invoices\u201d. Tad sist\u0113ma j\u016bs vispirms aizved\u012bs l\u012bdz r\u0113\u0137iniem un tad uz iepirkumu r\u0113\u0137iniem. Izv\u0113lieties pareizo r\u0113\u0137inu un saglab\u0101jiet visu. Savstarp\u0113jos nor\u0113\u0137inus darb\u012bba tiek nekav\u0113joties lejupiel\u0101d\u0113t\u0101 j\u016bsu dator\u0101 p\u0113c saglab\u0101\u0161anas.<\/p>\n<h2>K\u0101 savienot maks\u0101jumus\/kv\u012btis ar vair\u0101kiem r\u0113\u0137iniem, neizmantojot bankas zi\u0146ojumus?<\/h2>\n<p>Dodieties uz &#8220;Bankas importu\u201d un neizv\u0113loties bankas zi\u0146ojumu, izv\u0113lieties no bankas \u0161\u016bn\u0101m &#8220;Pievienot manu\u0101li (iek\u0161\u0101)\u201d vai &#8220;Pievienot manu\u0101li (\u0101r\u0101)\u201d. Pievienojiet maks\u0101juma summu un tad atrodiet pareizo r\u0113\u0137inu.<\/p>\n<h2>K\u0101 savienot maks\u0101jumu\/kv\u012bti ar vair\u0101kiem r\u0113\u0137iniem Banku import\u0101?<\/h2>\n<p>Banku import\u0101 uzklik\u0161\u0137iniet uz \u201eMaks\u0101jumi\u201d un \u201eKv\u012btis\u201d, tad uz &#8220;Atrast samaks\u0101tos r\u0113\u0137inus\u201d. Izv\u0113lieties pareizo un savienojiet to ar maks\u0101jumu\/kv\u012bti. J\u016bs varat ar\u012b manu\u0101li sadal\u012bt maks\u0101jumu sada\u013c\u0101s, kad Banku import\u0101 uzklik\u0161\u0137iniet uz maks\u0101juma un tad uzklik\u0161\u0137iniet uz &#8220;Pievienot aktivit\u0101ti\u201d. Sadaliet maks\u0101jumu da\u017e\u0101d\u0101s rindi\u0146\u0101s uz p\u0113c tam saglab\u0101jiet.<\/p>\n<h2>Vai ir iesp\u0113ja apstiprin\u0101t r\u0113\u0137inu?<\/h2>\n<p>J\u0101, j\u016bs atrad\u012bsiet vajadz\u012bgo \u0161\u016bnu, kad atv\u0113rsiet r\u0113\u0137inu.<\/p>\n<h2>K\u0101 ierakst\u012bt Bankas maksa?<\/h2>\n<p>M\u0113s jums iesak\u0101m to dar\u012bt tie\u0161i Bankas import\u0101. Izv\u0113lieties maks\u0101jumu un pievienojiet attiec\u012bgo kontu (Bankas maks\u0101jumu kontu). N\u0101kamaj\u0101 reiz\u0113 sist\u0113ma autom\u0101tiski izv\u0113las pareizo kontu \u0161im maks\u0101jumam.<\/p>\n<h2>K\u0101 aizsl\u0113gt periodu vai nosl\u0113gt gadu?<\/h2>\n<p>Ir vair\u0101ki veidi k\u0101 aizsl\u0113gt vai beigt periodu ERPLY Books sist\u0113m\u0101. M\u0113s iesak\u0101m jums aizsl\u0113gt konkr\u0113tu laika periodu, kad esat pareizi pabeidzis t\u0101 gr\u0101matved\u012bbu un negribat veikt vair\u0101k izmai\u0146u. K\u0101 ar\u012b, j\u016bs varat aizsl\u0113gt veselu periodu, konkr\u0113tus kontus, r\u0113\u0137inus un ierakstus. Bet ja esat pabeidzis un p\u0101rskat\u012bjies vesela gada gr\u0101matved\u012bbu un iesniedzis vajadz\u012bg\u0101s atskaites, tad j\u016bs varat nosl\u0113gt to ar\u012b ERPLY Books sist\u0113m\u0101. Lasiet vair\u0101k <a href=\"https:\/\/www.erplybooks.com\/manuals\/locking-period\/\"><strong>\u0161eit<\/strong><\/a>.<\/p>\n<h2>K\u0101 integr\u0113t ERPLY ar ERPLY Books sist\u0113mu?<\/h2>\n<p>Integr\u0113t ERPLY ar ERPLY Books sist\u0113mu ir \u013coti viegli. Tom\u0113r, j\u016bsu uz\u0146\u0113muma sare\u017e\u0123\u012bt\u012bbas d\u0113\u013c, var\u0113tu rasties vair\u0101ki jaut\u0101jumi, kuriem vajadz\u012bga atbilde pirms sinhroniz\u0113\u0161anas. Pie tam, lai uzzin\u0101tu vair\u0101k k\u0101 integr\u0113t ERPLY POS un ERPLY Books, l\u016bdzu, noklik\u0161\u0137iniet <a href=\"https:\/\/www.erplybooks.com\/manuals\/setup-for-erply-users\/\"><strong>\u0161eit<\/strong><\/a>.<\/p>\n<h2>Kas ir projekti ERPLY Books sist\u0113m\u0101?<\/h2>\n<p>Projekti ir tikai viena no sist\u0113mas paz\u012bm\u0113m, paz\u012bme, kas str\u0101d\u0101 visos ERPLY Books modu\u013cos. Tai nav j\u0101b\u016bt kr\u0101tuvei, tas var b\u016bt ar\u012b individu\u0101ls darbinieks, cilv\u0113ku grupa, ma\u0161\u012bna, produkts, pils\u0113ta, utt. Ir iesp\u0113jams ar\u012b izmantot projektu hierarhiju &#8211; Galven\u0101 projekta iesp\u0113jas savieno citus projektus. Lai izlas\u012btu vair\u0101k par projektiem, spiediet <a href=\"https:\/\/www.erplybooks.com\/manuals\/projects-erply-books\/\"><strong>\u0161eit<\/strong><\/a>.<\/p>\n<h2>Masu labo\u0161ana ERPLY Books sist\u0113m\u0101<\/h2>\n<p>Lai redz\u0113tu video instrukciju par to k\u0101 veikt masu labo\u0161anu ERPLY Books sist\u0113m\u0101, spiediet <a href=\"https:\/\/www.youtube.com\/watch?v=T658rBRT-34\"><strong>\u0161eit<\/strong><\/a>.<\/p>\n<h2>Pamatl\u012bdzek\u013cu ieg\u0101d\u0101\u0161an\u0101s<\/h2>\n<p>Pamatl\u012bdzek\u013cu pirk\u0161ana ir parasts pirk\u0161anas dar\u012bjums. Pirmk\u0101rt, pirk\u0161anas un re\u0123istr\u0113\u0161anas modulis pamatl\u012bdzek\u013ciem ir t\u0101ds pats un j\u016bs tur varat nok\u013c\u016bt caur: \u201eIzdevumi (pievienot jaunu)\u201d \u2192 \u201ePamatl\u012bdzek\u013cu iepirk\u0161ana\u201d.\u00a0L\u012bdz\u012bgi citu datu import\u0113\u0161anai, j\u016bs varat import\u0113t datus no Excel tabulas uz \u0161ejieni. Lasiet vair\u0101k par pamatl\u012bdzek\u013ciem <a href=\"https:\/\/www.erplybooks.com\/manuals\/fixed-assets\/\"><strong>\u0161eit<\/strong><\/a>.<\/p>\n<h2>K\u0101 p\u0101rvald\u012bt klientu zi\u0146ojumus?<\/h2>\n<p>Lai ieg\u016btu vair\u0101k inform\u0101cijas par klientu zi\u0146ojumiem, m\u0113s jums iesak\u0101m noskat\u012bties \u0161o <a href=\"https:\/\/youtu.be\/mmdGF9PSiB4\"><strong>video<\/strong><\/a>.<\/p>\n<h2>K\u0101 p\u0101rvald\u012bt no ERPLY Books nos\u016bt\u012btus e-pastus?<\/h2>\n<p>ERPLY Books sist\u0113m\u0101 j\u016bs varat p\u0101rbaud\u012bt vai nos\u016bt\u012btie e-pasti ir atv\u0113rti vai ar\u012b atn\u0101ku\u0161i atpaka\u013c, kas var\u0113tu sare\u017e\u0123\u012bt gr\u0101matved\u012bbu jums k\u0101 s\u016bt\u012bt\u0101jam. K\u0101 ar\u012b, ir vair\u0101ki iemesli, k\u0101p\u0113c e-pasti atgrie\u017eas, piem\u0113ram, tie ir blo\u0137\u0113ti, sa\u0146\u0113m\u0113ju skaits, utt. Inform\u0101cija par atv\u0113rtiem un atpaka\u013c ats\u016bt\u012btiem e-pastiem var sniegt svar\u012bgu inform\u0101ciju s\u016bt\u012bt\u0101jam par to k\u0101 turpin\u0101t gr\u0101matved\u012bbu. S\u012bk\u0101kai inform\u0101cijai, lasiet <a href=\"https:\/\/www.erplybooks.com\/manuals\/monitoring-emails-erply-books\/\"><strong>\u0161eit<\/strong><\/a>.<\/p>\n","protected":false},"excerpt":{"rendered":"<p>Bie\u017ei uzdotie jaut\u0101jumi (BUJ) Klientu atbalsts dienests support@erplybooks.com Vai man ir j\u0101paraksta l\u012bgums ar ERPLY Books? L\u012bgums (mutisks vai rakstisks) jums tiks nos\u016bt\u012bts, ja j\u016bs piere\u0123istr\u0113jaties k\u0101dam no maksas pl\u0101niem. Sazinoties ar mums, j\u016bs varat main\u012bt cenas pl\u0101nu, kad v\u0113laties. Kuras valstis sadarbojas ar ERPLY Books? ERPLY Books sist\u0113ma ir pieejama jebkur, kur ir interneta [&hellip;]<\/p>\n","protected":false},"author":3,"featured_media":0,"parent":0,"menu_order":75,"comment_status":"closed","ping_status":"closed","template":"","meta":{"_et_pb_use_builder":"","_et_pb_old_content":"","_et_gb_content_width":"","footnotes":""},"categories":[],"tags":[],"class_list":["post-5995","page","type-page","status-publish","hentry"],"_links":{"self":[{"href":"https:\/\/www.erplybooks.com\/lv\/wp-json\/wp\/v2\/pages\/5995","targetHints":{"allow":["GET"]}}],"collection":[{"href":"https:\/\/www.erplybooks.com\/lv\/wp-json\/wp\/v2\/pages"}],"about":[{"href":"https:\/\/www.erplybooks.com\/lv\/wp-json\/wp\/v2\/types\/page"}],"author":[{"embeddable":true,"href":"https:\/\/www.erplybooks.com\/lv\/wp-json\/wp\/v2\/users\/3"}],"replies":[{"embeddable":true,"href":"https:\/\/www.erplybooks.com\/lv\/wp-json\/wp\/v2\/comments?post=5995"}],"version-history":[{"count":0,"href":"https:\/\/www.erplybooks.com\/lv\/wp-json\/wp\/v2\/pages\/5995\/revisions"}],"wp:attachment":[{"href":"https:\/\/www.erplybooks.com\/lv\/wp-json\/wp\/v2\/media?parent=5995"}],"wp:term":[{"taxonomy":"category","embeddable":true,"href":"https:\/\/www.erplybooks.com\/lv\/wp-json\/wp\/v2\/categories?post=5995"},{"taxonomy":"post_tag","embeddable":true,"href":"https:\/\/www.erplybooks.com\/lv\/wp-json\/wp\/v2\/tags?post=5995"}],"curies":[{"name":"wp","href":"https:\/\/api.w.org\/{rel}","templated":true}]}}