{"id":32522,"date":"2023-08-04T10:42:47","date_gmt":"2023-08-04T10:42:47","guid":{"rendered":"https:\/\/www.erplybooks.com\/erply-integracija\/"},"modified":"2023-08-04T12:51:10","modified_gmt":"2023-08-04T12:51:10","slug":"erply-integracija","status":"publish","type":"page","link":"https:\/\/www.erplybooks.com\/lv\/erply-integracija\/","title":{"rendered":"ERPLY integr\u0101cija"},"content":{"rendered":"<h1>ERPLY naudas un noliktavas integr\u0101cija<\/h1>\n<p>&nbsp;<\/p>\n<p><span style=\"font-weight: 400;\">ERPLY Business Software ir daudzpus\u012bg\u0101k\u0101 kases apar\u0101tu un kr\u0101jumu p\u0101rvald\u012bbas programmat\u016bra veiksm\u012bga mazumtirdzniec\u012bbas biznesa vad\u012b\u0161anai un izaugsmei. Izmantojot ERPLY, jaunu veikalu pievieno\u0161ana ir \u0101tra un vienk\u0101r\u0161a, radot uz p\u0101rdo\u0161anu orient\u0113tu biznesa platformu un pal\u012bdzot p\u0101rdot vair\u0101k!<\/span><\/p>\n<p><span style=\"font-weight: 400;\">ERPLY m\u0101ko\u0146a b\u0101zes kases un noliktavas programmat\u016bra darbojas vis\u0101s ier\u012bc\u0113s un darbojas gan ar interneta piesl\u0113gumu, gan bez t\u0101. Pateicoties tam, lietot\u0101ji var tai piek\u013c\u016bt pat tad, ja tiek p\u0101rtraukts interneta savienojums. Turkl\u0101t var veikt ar\u012b p\u0101rdo\u0161anas dar\u012bjumus, kuru dati tiks sinhroniz\u0113ti ar m\u0101koni, kad savienojums tiks atjaunots.<\/span><\/p>\n<p><span style=\"font-weight: 400;\">Gr\u0101matu un ERPLY integr\u0101cija ir piln\u012bgs ERP risin\u0101jums mazumtirdzniec\u012bbai un vairumtirdzniec\u012bbai. Integr\u0101cija padara r\u0113\u0137inu un kv\u012b\u0161u sinhroniz\u0101ciju un gr\u0101matved\u012bbas p\u0101rvald\u012bbu \u012bpa\u0161i \u0113rtu. Visas ar gr\u0101matved\u012bbu saist\u012bt\u0101s darb\u012bbas, kas veiktas ERPLY, autom\u0101tiski tiek atspogu\u013cotas Gr\u0101mat\u0101s.<\/span><\/p>\n<p><span style=\"font-weight: 400;\">Visaptvero\u0161s risin\u0101jums gan ies\u0101c\u0113jiem, gan maziem, gan lieliem uz\u0146\u0113mumiem. Noklus\u0113juma iestat\u012btie noteikumi ir piem\u0113roti maziem un jauniem uz\u0146\u0113mumiem. Darbojo\u0161am vai lielam uz\u0146\u0113mumam ir simtiem da\u017e\u0101du iesp\u0113ju, kuras var konfigur\u0113t\/izvietot atbilsto\u0161i uz\u0146\u0113muma lielumam. Piem\u0113ram:<\/span><\/p>\n<ul>\n<li style=\"font-weight: 400;\" aria-level=\"2\"><span style=\"font-weight: 400;\">ja klienti maks\u0101, pamatojoties uz pas\u016bt\u012bjumiem, tam var pievienot atsevi\u0161\u0137us noteikumus. Pirmk\u0101rt, sinhroniz\u0113t visus pas\u016bt\u012bjumus, bet, piem\u0113ram, izsl\u0113gt avansa r\u0113\u0137inus, otrk\u0101rt, autom\u0101tiski piesaist\u012bt bankas importu ar pas\u016bt\u012bjumiem;<\/span><\/li>\n<li style=\"font-weight: 400;\" aria-level=\"2\"><span style=\"font-weight: 400;\">ja izm\u0113ru sarakst\u0101 ir nepiecie\u0161ams redz\u0113t atsevi\u0161\u0137us POS termin\u0101\u013cus, \u0161o iestat\u012bjumu var aktiviz\u0113t tikai ar vienu \u0137eks\u012bti;<\/span><\/li>\n<li style=\"font-weight: 400;\" aria-level=\"2\"><span style=\"font-weight: 400;\">nev\u0113laties skat\u012bt neidentific\u0113ta priv\u0101t\u0101 klienta r\u0113\u0137inus atsevi\u0161\u0137i, bet gan dienas kopsumm\u0101. Tam var veikt atsevi\u0161\u0137u iestat\u012bjumu, k\u0101 rezult\u0101t\u0101 atsevi\u0161\u0137i tiek uzskait\u012bti visi identific\u0113to klientu r\u0113\u0137ini un anon\u012bms priv\u0101tais klients ar vienu r\u0113\u0137inu dien\u0101.<\/span><\/li>\n<\/ul>\n<p><span style=\"font-weight: 400;\">Pateicoties ERPLY Books ilglaic\u012bgajai pieredzei, esam sask\u0101ru\u0161ies ar daudz\u0101m da\u017e\u0101d\u0101m vajadz\u012bb\u0101m, un sist\u0113ma, visticam\u0101k, atrisin\u0101s visas j\u016bsu ba\u017eas.<\/span><\/p>\n<h2><\/h2>\n<h2><span style=\"font-weight: 400;\">ERPLY ar skaidras naudas un noliktavas integr\u0101ciju:<\/span><\/h2>\n<p>&nbsp;<\/p>\n<ul>\n<li style=\"list-style-type: none;\">\n<ul>\n<li style=\"font-weight: 400;\" aria-level=\"2\"><span style=\"font-weight: 400;\">dati tiek autom\u0101tiski sinhroniz\u0113ti p\u0113c J\u016bsu izv\u0113l\u0113ta laika bez jebk\u0101d\u0101m papildu darb\u012bb\u0101m;<\/span><\/li>\n<li style=\"font-weight: 400;\" aria-level=\"2\"><span style=\"font-weight: 400;\">iestat\u012bt kontus da\u017e\u0101d\u0101m ERPLY veiktaj\u0101m transakcij\u0101m, kas autom\u0101tiski atspogu\u013co sinhroniz\u0113tos datus pakalpojum\u0101 Books;<\/span><\/li>\n<li style=\"font-weight: 400;\" aria-level=\"2\"><span style=\"font-weight: 400;\">izveidot atsevi\u0161\u0137us kontus produktu un klientu grup\u0101m, kuros dar\u012bjumi tiek atspogu\u013coti Gr\u0101mat\u0101s;<\/span><\/li>\n<li style=\"font-weight: 400;\" aria-level=\"2\"><span style=\"font-weight: 400;\">iesp\u0113jams uzst\u0101d\u012bt papildu noteikumus, piem\u0113ram, &#8220;nesinhroniz\u0113t apraides lapas&#8221;;<\/span><\/li>\n<li style=\"font-weight: 400;\" aria-level=\"2\"><span style=\"font-weight: 400;\">ir <strong>99% automatiz\u0113ts bankas imports<\/strong>, ar kura pal\u012bdz\u012bbu var p\u0101rvald\u012bt maks\u0101jumus un ie\u0146\u0113mumus.<\/span><\/li>\n<\/ul>\n<\/li>\n<\/ul>\n<p>&nbsp;<\/p>\n<h2>ERPLY integr\u0101cijas iestat\u012b\u0161ana:<\/h2>\n<p><span style=\"font-weight: 400;\">\u0160eit skatiet prec\u012bzas darb\u012bbas, k\u0101 izveidot ERPLY savienojumu.<\/span><\/p>\n<p><span style=\"font-weight: 400;\">Detaliz\u0113tu inform\u0101ciju par ERPLY Cash and Warehouse integr\u0101ciju varat atrast \u0161eit. Ievie\u0161anas piepras\u012bjuma vai citu jaut\u0101jumu gad\u012bjum\u0101, l\u016bdzu, sazinieties ar mums <\/span><a href=\"mailto:info@erplybooks.com\"><span style=\"font-weight: 400;\">info@erplybooks.com<\/span><\/a><span style=\"font-weight: 400;\">.<\/span><\/p>\n","protected":false},"excerpt":{"rendered":"<p>ERPLY naudas un noliktavas integr\u0101cija &nbsp; ERPLY Business Software ir daudzpus\u012bg\u0101k\u0101 kases apar\u0101tu un kr\u0101jumu p\u0101rvald\u012bbas programmat\u016bra veiksm\u012bga mazumtirdzniec\u012bbas biznesa vad\u012b\u0161anai un izaugsmei. Izmantojot ERPLY, jaunu veikalu pievieno\u0161ana ir \u0101tra un vienk\u0101r\u0161a, radot uz p\u0101rdo\u0161anu orient\u0113tu biznesa platformu un pal\u012bdzot p\u0101rdot vair\u0101k! ERPLY m\u0101ko\u0146a b\u0101zes kases un noliktavas programmat\u016bra darbojas vis\u0101s ier\u012bc\u0113s un darbojas gan [&hellip;]<\/p>\n","protected":false},"author":19,"featured_media":0,"parent":0,"menu_order":51,"comment_status":"closed","ping_status":"closed","template":"","meta":{"_et_pb_use_builder":"","_et_pb_old_content":"","_et_gb_content_width":"","footnotes":""},"categories":[1211],"tags":[1217],"class_list":["post-32522","page","type-page","status-publish","hentry","category-integracijas","tag-integracija"],"_links":{"self":[{"href":"https:\/\/www.erplybooks.com\/lv\/wp-json\/wp\/v2\/pages\/32522","targetHints":{"allow":["GET"]}}],"collection":[{"href":"https:\/\/www.erplybooks.com\/lv\/wp-json\/wp\/v2\/pages"}],"about":[{"href":"https:\/\/www.erplybooks.com\/lv\/wp-json\/wp\/v2\/types\/page"}],"author":[{"embeddable":true,"href":"https:\/\/www.erplybooks.com\/lv\/wp-json\/wp\/v2\/users\/19"}],"replies":[{"embeddable":true,"href":"https:\/\/www.erplybooks.com\/lv\/wp-json\/wp\/v2\/comments?post=32522"}],"version-history":[{"count":0,"href":"https:\/\/www.erplybooks.com\/lv\/wp-json\/wp\/v2\/pages\/32522\/revisions"}],"wp:attachment":[{"href":"https:\/\/www.erplybooks.com\/lv\/wp-json\/wp\/v2\/media?parent=32522"}],"wp:term":[{"taxonomy":"category","embeddable":true,"href":"https:\/\/www.erplybooks.com\/lv\/wp-json\/wp\/v2\/categories?post=32522"},{"taxonomy":"post_tag","embeddable":true,"href":"https:\/\/www.erplybooks.com\/lv\/wp-json\/wp\/v2\/tags?post=32522"}],"curies":[{"name":"wp","href":"https:\/\/api.w.org\/{rel}","templated":true}]}}