{"id":32515,"date":"2023-08-02T09:01:23","date_gmt":"2023-08-02T09:01:23","guid":{"rendered":"https:\/\/www.erplybooks.com\/?page_id=32515"},"modified":"2023-08-02T09:42:34","modified_gmt":"2023-08-02T09:42:34","slug":"32515-2","status":"publish","type":"page","link":"https:\/\/www.erplybooks.com\/lv\/32515-2\/","title":{"rendered":"Izv\u0113lies lab\u0101ko risin\u0101jumu sava e-veikala pas\u016bt\u012bjumu p\u0101rvald\u012b\u0161anai"},"content":{"rendered":"<p><span style=\"font-weight: 400;\">ERPLY Books ir vair\u0101kas iesp\u0113jas e-veikalu integr\u0101cijai. Mums ir savs mini e-veikals un ir izveidotas integr\u0101cijas ar WooCommerce un Shopify.<\/span><\/p>\n<p><span style=\"font-weight: 400;\">Izmantojot integr\u0101ciju, varat \u0113rti nos\u016bt\u012bt e-veikal\u0101 veiktos pas\u016bt\u012bjumus uz ERPLY Books un p\u0101rvald\u012bt maks\u0101jumus, kred\u012btkar\u0161u maks\u0101jumus un no turpat veiktajiem pas\u016bt\u012bjumiem izveidot p\u0101rdo\u0161anas r\u0113\u0137inus. J\u016bs varat p\u0101rvald\u012bt pas\u016bt\u012bjuma procesu un veikt visu p\u0101r\u0113jo gr\u0101matved\u012bbas uzskaiti vienuviet.<\/span><\/p>\n<p><span style=\"font-weight: 400;\">Visas integr\u0101cijas var apvienot ar m\u016bsu funkcij\u0101m:<\/span><\/p>\n<ul>\n<li style=\"font-weight: 400;\" aria-level=\"1\"><span style=\"font-weight: 400;\">pas\u016bt\u012b\u0161anas process (atveriet sada\u013cu &#8220;Iestat\u012bjumi&#8221; un aktiviz\u0113jiet &#8220;Pas\u016bt\u012bjumiem izmantot priek\u0161apmaksu?&#8221;)<\/span><\/li>\n<li style=\"font-weight: 400;\" aria-level=\"1\"><span style=\"font-weight: 400;\">Paylike integr\u0101cija<\/span><\/li>\n<li style=\"font-weight: 400;\" aria-level=\"1\"><span style=\"font-weight: 400;\">Swedbank, Accountscoring (pan-Balticum), Nordea (FI), Danske (FI), OP (FI) integr\u0101cijas<\/span><\/li>\n<li style=\"font-weight: 400;\" aria-level=\"1\"><span style=\"font-weight: 400;\">bankas imports visiem citiem maks\u0101jumu veidiem<\/span><\/li>\n<\/ul>\n<p><span style=\"font-weight: 400;\">Uzziniet vair\u0101k par m\u016bsu integr\u0101cijas iesp\u0113j\u0101m:<\/span><\/p>\n<h4><b>WooCommerce <img loading=\"lazy\" decoding=\"async\" class=\" wp-image-22580 alignright\" src=\"https:\/\/www.erplybooks.com\/wp-content\/uploads\/2021\/07\/woocommerce-logo.png\" alt=\"WooCommerce logo\" width=\"253\" height=\"115\" \/><\/b><\/h4>\n<p><span style=\"font-weight: 400;\">WooCommerce integr\u0101cija<\/span><\/p>\n<h4><b>Shopify<\/b><\/h4>\n<p><span style=\"font-weight: 400;\">Shopify<\/span><span style=\"font-weight: 400;\"><br \/>\n<\/span><span style=\"font-weight: 400;\"><br \/>\n<\/span><span style=\"font-weight: 400;\">Shopify integr\u0101cija<img loading=\"lazy\" decoding=\"async\" class=\" wp-image-21452 alignright\" src=\"https:\/\/www.erplybooks.com\/wp-content\/uploads\/2021\/05\/Shopify_logo_wordmark.png\" alt=\"Shopify\" width=\"242\" height=\"70\" \/><\/span><span style=\"font-weight: 400;\"><br \/>\n<\/span><span style=\"font-weight: 400;\"><br \/>\n<\/span><span style=\"font-weight: 400;\">Shopify integr\u0101cijas iestat\u012b\u0161ana<br \/>\n<\/span><\/p>\n<h4><strong>Mini e-veikals<\/strong><\/h4>\n<p><span style=\"font-weight: 400;\">J\u016bsu Mini e-veikals ir gatavs<\/span><span style=\"font-weight: 400;\"><br \/>\n<\/span><span style=\"font-weight: 400;\"><br \/>\n<\/span><span style=\"font-weight: 400;\">Mini e-veikala iestat\u012b\u0161ana<\/span><\/p>\n<h4><b>Paylike<\/b><img loading=\"lazy\" decoding=\"async\" class=\" wp-image-21446 alignright\" src=\"https:\/\/www.erplybooks.com\/wp-content\/uploads\/2021\/05\/paylike.png\" alt=\"Paylike\" width=\"224\" height=\"77\" srcset=\"https:\/\/www.erplybooks.com\/wp-content\/uploads\/2021\/05\/paylike.png 406w, https:\/\/www.erplybooks.com\/wp-content\/uploads\/2021\/05\/paylike-300x103.png 300w, https:\/\/www.erplybooks.com\/wp-content\/uploads\/2021\/05\/paylike-400x140.png 400w\" sizes=\"auto, (max-width: 224px) 100vw, 224px\" \/><\/h4>\n<p><span style=\"font-weight: 400;\">Izmantojiet Paylike maks\u0101juma veidu<\/span><\/p>\n<h4><b>Partner API<\/b><\/h4>\n<p><a href=\"https:\/\/www.erplybooks.com\/partner-api\/\"><span style=\"font-weight: 400;\">Partnera API dokument\u0101cija (ENG)<\/span><\/a><\/p>\n","protected":false},"excerpt":{"rendered":"<p>ERPLY Books ir vair\u0101kas iesp\u0113jas e-veikalu integr\u0101cijai. Mums ir savs mini e-veikals un ir izveidotas integr\u0101cijas ar WooCommerce un Shopify. Izmantojot integr\u0101ciju, varat \u0113rti nos\u016bt\u012bt e-veikal\u0101 veiktos pas\u016bt\u012bjumus uz ERPLY Books un p\u0101rvald\u012bt maks\u0101jumus, kred\u012btkar\u0161u maks\u0101jumus un no turpat veiktajiem pas\u016bt\u012bjumiem izveidot p\u0101rdo\u0161anas r\u0113\u0137inus. J\u016bs varat p\u0101rvald\u012bt pas\u016bt\u012bjuma procesu un veikt visu p\u0101r\u0113jo gr\u0101matved\u012bbas uzskaiti [&hellip;]<\/p>\n","protected":false},"author":24,"featured_media":0,"parent":0,"menu_order":0,"comment_status":"closed","ping_status":"closed","template":"","meta":{"_et_pb_use_builder":"","_et_pb_old_content":"","_et_gb_content_width":"","footnotes":""},"categories":[],"tags":[],"class_list":["post-32515","page","type-page","status-publish","hentry"],"_links":{"self":[{"href":"https:\/\/www.erplybooks.com\/lv\/wp-json\/wp\/v2\/pages\/32515","targetHints":{"allow":["GET"]}}],"collection":[{"href":"https:\/\/www.erplybooks.com\/lv\/wp-json\/wp\/v2\/pages"}],"about":[{"href":"https:\/\/www.erplybooks.com\/lv\/wp-json\/wp\/v2\/types\/page"}],"author":[{"embeddable":true,"href":"https:\/\/www.erplybooks.com\/lv\/wp-json\/wp\/v2\/users\/24"}],"replies":[{"embeddable":true,"href":"https:\/\/www.erplybooks.com\/lv\/wp-json\/wp\/v2\/comments?post=32515"}],"version-history":[{"count":0,"href":"https:\/\/www.erplybooks.com\/lv\/wp-json\/wp\/v2\/pages\/32515\/revisions"}],"wp:attachment":[{"href":"https:\/\/www.erplybooks.com\/lv\/wp-json\/wp\/v2\/media?parent=32515"}],"wp:term":[{"taxonomy":"category","embeddable":true,"href":"https:\/\/www.erplybooks.com\/lv\/wp-json\/wp\/v2\/categories?post=32515"},{"taxonomy":"post_tag","embeddable":true,"href":"https:\/\/www.erplybooks.com\/lv\/wp-json\/wp\/v2\/tags?post=32515"}],"curies":[{"name":"wp","href":"https:\/\/api.w.org\/{rel}","templated":true}]}}