{"id":32501,"date":"2023-08-02T08:27:59","date_gmt":"2023-08-02T08:27:59","guid":{"rendered":"https:\/\/www.erplybooks.com\/integracijas\/"},"modified":"2024-04-09T11:10:34","modified_gmt":"2024-04-09T11:10:34","slug":"integracijas","status":"publish","type":"page","link":"https:\/\/www.erplybooks.com\/lv\/integracijas\/","title":{"rendered":"Integr\u0101cijas"},"content":{"rendered":"<p>[et_pb_section fb_built=&#8221;1&#8243; custom_padding_last_edited=&#8221;on|phone&#8221; disabled_on=&#8221;off|off|off&#8221; admin_label=&#8221;Integratsioonid&#8221; module_class=&#8221;sec-inte&#8221; _builder_version=&#8221;4.9.7&#8243; _module_preset=&#8221;default&#8221; custom_padding=&#8221;41px||||false|false&#8221; custom_padding_tablet=&#8221;&#8221; custom_padding_phone=&#8221;20px||20px||true|false&#8221; collapsed=&#8221;off&#8221;][et_pb_row custom_padding_last_edited=&#8221;on|tablet&#8221; admin_label=&#8221;Row&#8221; _builder_version=&#8221;4.9.7&#8243; _module_preset=&#8221;default&#8221; width=&#8221;95%&#8221; width_tablet=&#8221;&#8221; width_phone=&#8221;90%&#8221; width_last_edited=&#8221;on|phone&#8221; custom_margin=&#8221;-80px|||30px|false|false&#8221; custom_padding_tablet=&#8221;||0px||false|false&#8221; custom_padding_phone=&#8221;&#8221; locked=&#8221;off&#8221;][et_pb_column type=&#8221;4_4&#8243; _builder_version=&#8221;4.9.4&#8243; _module_preset=&#8221;default&#8221;][et_pb_text _builder_version=&#8221;4.9.7&#8243; _module_preset=&#8221;default&#8221; header_2_font_size=&#8221;40px&#8221; header_2_line_height=&#8221;49px&#8221; text_orientation=&#8221;center&#8221; custom_padding_tablet=&#8221;||0px||false|false&#8221; custom_padding_phone=&#8221;&#8221; custom_padding_last_edited=&#8221;on|tablet&#8221; header_2_font_size_tablet=&#8221;36px&#8221; header_2_font_size_phone=&#8221;32px&#8221; header_2_font_size_last_edited=&#8221;on|phone&#8221; header_2_line_height_tablet=&#8221;44px&#8221; header_2_line_height_phone=&#8221;39px&#8221; header_2_line_height_last_edited=&#8221;on|phone&#8221; text_orientation_tablet=&#8221;left&#8221; text_orientation_phone=&#8221;&#8221; text_orientation_last_edited=&#8221;on|tablet&#8221;]<\/p>\n<h2 style=\"text-align: left;\">Integr\u0101cijas<\/h2>\n<p>[\/et_pb_text][et_pb_text _builder_version=&#8221;4.9.7&#8243; _module_preset=&#8221;default&#8221; header_2_font_size=&#8221;40px&#8221; header_2_line_height=&#8221;49px&#8221; text_orientation=&#8221;center&#8221; custom_padding_tablet=&#8221;||0px||false|false&#8221; custom_padding_phone=&#8221;&#8221; custom_padding_last_edited=&#8221;on|tablet&#8221; header_2_font_size_tablet=&#8221;36px&#8221; header_2_font_size_phone=&#8221;32px&#8221; header_2_font_size_last_edited=&#8221;on|phone&#8221; header_2_line_height_tablet=&#8221;44px&#8221; header_2_line_height_phone=&#8221;39px&#8221; header_2_line_height_last_edited=&#8221;on|phone&#8221; text_orientation_tablet=&#8221;left&#8221; text_orientation_phone=&#8221;&#8221; text_orientation_last_edited=&#8221;on|tablet&#8221;]<\/p>\n<p style=\"text-align: left;\"><span style=\"font-weight: 400;\">ERPLY Books var integr\u0113t ar daudz\u0101m programm\u0101m, lai izveidotu piln\u012bgu un lab\u0101ko risin\u0101jumu j\u016bsu uz\u0146\u0113mumam.<\/span><\/p>\n<p style=\"text-align: left;\"><b>Piem\u0113ram, ERPLY Books gr\u0101matved\u012bbas programmat\u016bru var saist\u012bt ar:<\/b><\/p>\n<ul>\n<li style=\"list-style-type: none;\">\n<ul style=\"text-align: left;\">\n<li style=\"font-weight: 400;\" aria-level=\"2\"><span style=\"font-weight: 400;\">ar noliktavas programmat\u016bru;<\/span><\/li>\n<li style=\"font-weight: 400;\" aria-level=\"2\"><span style=\"font-weight: 400;\">ar izmaksu p\u0101rvald\u012bbas programmat\u016bru;<\/span><\/li>\n<li style=\"font-weight: 400;\" aria-level=\"2\"><span style=\"font-weight: 400;\">ar kred\u012bta maks\u0101jumiem;<\/span><\/li>\n<li style=\"font-weight: 400;\" aria-level=\"2\"><span style=\"font-weight: 400;\">ar tie\u0161saistes veikaliem;<\/span><\/li>\n<li style=\"font-weight: 400;\" aria-level=\"2\"><span style=\"font-weight: 400;\">ar bankas izrakstu importu.<\/span><\/li>\n<\/ul>\n<\/li>\n<\/ul>\n<p style=\"text-align: left;\"><span style=\"font-weight: 400;\">Pievienojiet vajadz\u012bgo programmat\u016bru un \u0113rti sak\u0101rtojiet visu gr\u0101matved\u012bbu ERPLY Books!<\/span><\/p>\n<p style=\"text-align: left;\"><span style=\"font-weight: 400;\">ERPLY Books past\u0101v\u012bgi veido jaunas integr\u0101cijas, kas veicina efekt\u012bv\u0101ku j\u016bsu uz\u0146\u0113muma darb\u012bbu. Noklik\u0161\u0137iniet uz zem\u0101k eso\u0161ajiem logotipiem un lasiet vair\u0101k par integr\u0101cij\u0101m!<\/span><\/p>\n<p>[\/et_pb_text][\/et_pb_column][\/et_pb_row][et_pb_row _builder_version=&#8221;4.9.7&#8243; _module_preset=&#8221;default&#8221; width=&#8221;100%&#8221; width_tablet=&#8221;&#8221; width_phone=&#8221;90%&#8221; width_last_edited=&#8221;on|phone&#8221; custom_margin=&#8221;||||false|false&#8221; custom_padding=&#8221;||0px||false|false&#8221; hover_enabled=&#8221;0&#8243; column_structure=&#8221;1_5,1_5,1_5,1_5,1_5&#8243; sticky_enabled=&#8221;0&#8243;][et_pb_column type=&#8221;1_5&#8243; _builder_version=&#8221;4.9.4&#8243; _module_preset=&#8221;default&#8221; custom_css_main_element=&#8221;display: flex;||flex-wrap: wrap;||justify-content: center;&#8221;][et_pb_image src=&#8221;https:\/\/www.erplybooks.com\/wp-content\/uploads\/2021\/05\/erply-logo-blue-300&#215;82.png&#8221; alt=&#8221;ERPLY&#8221; title_text=&#8221;ERPLY&#8221; url=&#8221;https:\/\/www.erplybooks.com\/et\/erply-integratsioon\/&#8221; admin_label=&#8221;Image&#8221; _builder_version=&#8221;4.9.7&#8243; _module_preset=&#8221;default&#8221; background_color=&#8221;#FAFAFA&#8221; width=&#8221;100%&#8221; custom_margin=&#8221;|20px||20px|false|true&#8221;][\/et_pb_image][et_pb_image src=&#8221;https:\/\/www.erplybooks.com\/wp-content\/uploads\/2021\/05\/swedbank-logo.png&#8221; alt=&#8221;Swedbank&#8221; title_text=&#8221;Swedbank&#8221; url=&#8221;https:\/\/www.erplybooks.com\/lv\/swedbank\/&#8221; _builder_version=&#8221;4.9.7&#8243; _module_preset=&#8221;default&#8221; background_color=&#8221;#FAFAFA&#8221; custom_margin=&#8221;|20px||20px|false|true&#8221;][\/et_pb_image][et_pb_image src=&#8221;https:\/\/www.erplybooks.com\/wp-content\/uploads\/2022\/02\/finbite-logo.png&#8221; title_text=&#8221;Finbite&#8221; url=&#8221;https:\/\/www.erplybooks.com\/et\/finbite-integratsioon\/&#8221; _builder_version=&#8221;4.9.7&#8243; _module_preset=&#8221;default&#8221;][\/et_pb_image][et_pb_image src=&#8221;https:\/\/www.erplybooks.com\/wp-content\/uploads\/2023\/04\/Logo_RGB_banqup_blue-horizontal-1.png&#8221; title_text=&#8221;Banqup&#8221; url=&#8221;https:\/\/www.erplybooks.com\/et\/banqup-integratsioon\/&#8221; _builder_version=&#8221;4.9.7&#8243; _module_preset=&#8221;default&#8221;][\/et_pb_image][\/et_pb_column][et_pb_column type=&#8221;1_5&#8243; _builder_version=&#8221;4.9.4&#8243; _module_preset=&#8221;default&#8221; custom_css_main_element=&#8221;display: flex;||flex-wrap: wrap;||justify-content: center;&#8221;][et_pb_image src=&#8221;https:\/\/www.erplybooks.com\/wp-content\/uploads\/2021\/05\/envoice-logo903x300-300&#215;100.png&#8221; alt=&#8221;Envoice&#8221; title_text=&#8221;Envoice&#8221; url=&#8221;https:\/\/www.erplybooks.com\/et\/envoice-integratsioonilahendus\/&#8221; _builder_version=&#8221;4.9.7&#8243; _module_preset=&#8221;default&#8221; background_color=&#8221;#FAFAFA&#8221; custom_margin=&#8221;|20px||20px|false|true&#8221;][\/et_pb_image][et_pb_image src=&#8221;https:\/\/www.erplybooks.com\/wp-content\/uploads\/2021\/07\/woocommerce-logo.png&#8221; alt=&#8221;WooCommerce&#8221; title_text=&#8221;WooCommerce&#8221; url=&#8221;https:\/\/www.erplybooks.com\/et\/woocommerce-integratsioon\/&#8221; _builder_version=&#8221;4.9.7&#8243; _module_preset=&#8221;default&#8221; background_color=&#8221;#FAFAFA&#8221; custom_margin=&#8221;|20px||20px|false|true&#8221; admin_label=&#8221;Image&#8221;][\/et_pb_image][et_pb_image src=&#8221;https:\/\/www.erplybooks.com\/wp-content\/uploads\/2022\/02\/fitekin-logo.png&#8221; title_text=&#8221;Fitekin&#8221; url=&#8221;https:\/\/www.erplybooks.com\/et\/fitekin-integratsioon\/&#8221; _builder_version=&#8221;4.9.7&#8243; _module_preset=&#8221;default&#8221;][\/et_pb_image][et_pb_image src=&#8221;https:\/\/www.erplybooks.com\/wp-content\/uploads\/2021\/05\/paylike.png&#8221; alt=&#8221;Paylike&#8221; title_text=&#8221;paylike&#8221; url=&#8221;https:\/\/www.erplybooks.com\/et\/paylike-integratsioon\/&#8221; _builder_version=&#8221;4.9.7&#8243; _module_preset=&#8221;default&#8221;][\/et_pb_image][\/et_pb_column][et_pb_column type=&#8221;1_5&#8243; _builder_version=&#8221;4.9.4&#8243; _module_preset=&#8221;default&#8221; custom_css_main_element=&#8221;display: flex;||flex-wrap: wrap;||justify-content: center;&#8221;][et_pb_image src=&#8221;https:\/\/www.erplybooks.com\/wp-content\/uploads\/2021\/07\/Logo-Blue-1.png&#8221; alt=&#8221;CostPocket&#8221; title_text=&#8221;CostPocket&#8221; url=&#8221;https:\/\/www.erplybooks.com\/et\/costpocket\/&#8221; admin_label=&#8221;Image&#8221; _builder_version=&#8221;4.9.7&#8243; _module_preset=&#8221;default&#8221; background_color=&#8221;#FAFAFA&#8221; custom_margin=&#8221;|20px||20px|false|true&#8221;][\/et_pb_image][et_pb_image src=&#8221;https:\/\/www.erplybooks.com\/wp-content\/uploads\/2021\/07\/Accountscoring.png&#8221; alt=&#8221;Accountscoring&#8221; title_text=&#8221;Accountscoring&#8221; url=&#8221;https:\/\/www.erplybooks.com\/et\/accountscoring-integratsioon\/&#8221; _builder_version=&#8221;4.9.7&#8243; _module_preset=&#8221;default&#8221; background_color=&#8221;#FAFAFA&#8221; custom_margin=&#8221;|20px||20px|false|true&#8221;][\/et_pb_image][et_pb_image src=&#8221;https:\/\/www.erplybooks.com\/wp-content\/uploads\/2022\/02\/nordigen.png&#8221; title_text=&#8221;Nordigen&#8221; url=&#8221;https:\/\/www.erplybooks.com\/et\/nordigen-integratsioon\/&#8221; _builder_version=&#8221;4.9.7&#8243; _module_preset=&#8221;default&#8221;][\/et_pb_image][et_pb_image src=&#8221;https:\/\/www.erplybooks.com\/wp-content\/uploads\/2023\/07\/sliptree-logo-32px.png&#8221; title_text=&#8221;Sliptree&#8221; url=&#8221;https:\/\/www.erplybooks.com\/et\/sliptree-uhendus\/&#8221; _builder_version=&#8221;4.9.7&#8243; _module_preset=&#8221;default&#8221;][\/et_pb_image][\/et_pb_column][et_pb_column type=&#8221;1_5&#8243; _builder_version=&#8221;4.9.4&#8243; _module_preset=&#8221;default&#8221; custom_css_main_element=&#8221;display: flex;||flex-wrap: wrap;||justify-content: center;&#8221;][et_pb_image src=&#8221;https:\/\/www.erplybooks.com\/wp-content\/uploads\/2021\/07\/API.png&#8221; alt=&#8221;Keypay&#8221; title_text=&#8221;API&#8221; url=&#8221;https:\/\/www.erplybooks.com\/et\/api-integratsioon\/&#8221; admin_label=&#8221;Image&#8221; _builder_version=&#8221;4.9.7&#8243; _module_preset=&#8221;default&#8221; background_color=&#8221;#FAFAFA&#8221; custom_margin=&#8221;|20px||20px|false|true&#8221;][\/et_pb_image][et_pb_image src=&#8221;https:\/\/www.erplybooks.com\/wp-content\/uploads\/2021\/07\/unnamed.png&#8221; alt=&#8221;voog&#8221; title_text=&#8221;Voog&#8221; url=&#8221;https:\/\/www.erplybooks.com\/et\/voog-integratsioon\/&#8221; _builder_version=&#8221;4.9.7&#8243; _module_preset=&#8221;default&#8221; background_color=&#8221;#FAFAFA&#8221; custom_margin=&#8221;|20px||20px|false|true&#8221;][\/et_pb_image][et_pb_image src=&#8221;https:\/\/www.erplybooks.com\/wp-content\/uploads\/2021\/07\/moderan-logo-color-2X.png&#8221; alt=&#8221;Moderan Logo&#8221; title_text=&#8221;Moderan&#8221; url=&#8221;https:\/\/www.erplybooks.com\/et\/moderan-integratsioon\/&#8221; _builder_version=&#8221;4.9.7&#8243; _module_preset=&#8221;default&#8221;][\/et_pb_image][\/et_pb_column][et_pb_column type=&#8221;1_5&#8243; _builder_version=&#8221;4.9.4&#8243; _module_preset=&#8221;default&#8221; custom_css_main_element=&#8221;display: flex;||flex-wrap: wrap;||justify-content: center;&#8221;][et_pb_image src=&#8221;https:\/\/www.erplybooks.com\/wp-content\/uploads\/2021\/05\/Shopify_logo_wordmark-300&#215;87.png&#8221; alt=&#8221;Shopify&#8221; title_text=&#8221;Shopify&#8221; url=&#8221;https:\/\/www.erplybooks.com\/et\/shopify-ja-erply-booksi-integratsiooni-juhend\/&#8221; _builder_version=&#8221;4.9.7&#8243; _module_preset=&#8221;default&#8221; background_color=&#8221;#FAFAFA&#8221; custom_margin=&#8221;|20px||20px|false|true&#8221;][\/et_pb_image][et_pb_image src=&#8221;https:\/\/www.erplybooks.com\/wp-content\/uploads\/2021\/05\/wemply_logo.png&#8221; alt=&#8221;Wemply&#8221; title_text=&#8221;Wemply&#8221; url=&#8221;https:\/\/www.erplybooks.com\/et\/wemply-integratsioon\/&#8221; _builder_version=&#8221;4.9.7&#8243; _module_preset=&#8221;default&#8221; background_color=&#8221;#FAFAFA&#8221; custom_margin=&#8221;|20px||20px|false|true&#8221;][\/et_pb_image][et_pb_image src=&#8221;https:\/\/www.erplybooks.com\/wp-content\/uploads\/2022\/09\/Untitled-design-3-e1663663507543.png&#8221; title_text=&#8221;Tarkpay&#8221; url=&#8221;https:\/\/www.erplybooks.com\/et\/tarkpay-integratsioon\/&#8221; _builder_version=&#8221;4.9.7&#8243; _module_preset=&#8221;default&#8221;][\/et_pb_image][\/et_pb_column][\/et_pb_row][\/et_pb_section]<\/p>\n","protected":false},"excerpt":{"rendered":"<p>[et_pb_section fb_built=&#8221;1&#8243; custom_padding_last_edited=&#8221;on|phone&#8221; disabled_on=&#8221;off|off|off&#8221; admin_label=&#8221;Integratsioonid&#8221; module_class=&#8221;sec-inte&#8221; _builder_version=&#8221;4.9.7&#8243; _module_preset=&#8221;default&#8221; custom_padding=&#8221;41px||||false|false&#8221; custom_padding_tablet=&#8221;&#8221; custom_padding_phone=&#8221;20px||20px||true|false&#8221; collapsed=&#8221;off&#8221;][et_pb_row custom_padding_last_edited=&#8221;on|tablet&#8221; admin_label=&#8221;Row&#8221; _builder_version=&#8221;4.9.7&#8243; _module_preset=&#8221;default&#8221; width=&#8221;95%&#8221; width_tablet=&#8221;&#8221; width_phone=&#8221;90%&#8221; width_last_edited=&#8221;on|phone&#8221; custom_margin=&#8221;-80px|||30px|false|false&#8221; custom_padding_tablet=&#8221;||0px||false|false&#8221; custom_padding_phone=&#8221;&#8221; locked=&#8221;off&#8221;][et_pb_column type=&#8221;4_4&#8243; _builder_version=&#8221;4.9.4&#8243; _module_preset=&#8221;default&#8221;][et_pb_text _builder_version=&#8221;4.9.7&#8243; _module_preset=&#8221;default&#8221; header_2_font_size=&#8221;40px&#8221; header_2_line_height=&#8221;49px&#8221; text_orientation=&#8221;center&#8221; custom_padding_tablet=&#8221;||0px||false|false&#8221; custom_padding_phone=&#8221;&#8221; custom_padding_last_edited=&#8221;on|tablet&#8221; header_2_font_size_tablet=&#8221;36px&#8221; header_2_font_size_phone=&#8221;32px&#8221; header_2_font_size_last_edited=&#8221;on|phone&#8221; header_2_line_height_tablet=&#8221;44px&#8221; header_2_line_height_phone=&#8221;39px&#8221; header_2_line_height_last_edited=&#8221;on|phone&#8221; text_orientation_tablet=&#8221;left&#8221; text_orientation_phone=&#8221;&#8221; text_orientation_last_edited=&#8221;on|tablet&#8221;] Integr\u0101cijas [\/et_pb_text][et_pb_text _builder_version=&#8221;4.9.7&#8243; _module_preset=&#8221;default&#8221; header_2_font_size=&#8221;40px&#8221; header_2_line_height=&#8221;49px&#8221; text_orientation=&#8221;center&#8221; custom_padding_tablet=&#8221;||0px||false|false&#8221; custom_padding_phone=&#8221;&#8221; custom_padding_last_edited=&#8221;on|tablet&#8221; header_2_font_size_tablet=&#8221;36px&#8221; [&hellip;]<\/p>\n","protected":false},"author":19,"featured_media":0,"parent":0,"menu_order":0,"comment_status":"closed","ping_status":"closed","template":"","meta":{"_et_pb_use_builder":"on","_et_pb_old_content":"","_et_gb_content_width":"","footnotes":""},"categories":[1211,1211],"tags":[1212,1212],"class_list":{"0":"post-32501","1":"page","2":"type-page","3":"status-publish","4":"hentry","5":"category-integracijas","7":"tag-integracijas"},"_links":{"self":[{"href":"https:\/\/www.erplybooks.com\/lv\/wp-json\/wp\/v2\/pages\/32501","targetHints":{"allow":["GET"]}}],"collection":[{"href":"https:\/\/www.erplybooks.com\/lv\/wp-json\/wp\/v2\/pages"}],"about":[{"href":"https:\/\/www.erplybooks.com\/lv\/wp-json\/wp\/v2\/types\/page"}],"author":[{"embeddable":true,"href":"https:\/\/www.erplybooks.com\/lv\/wp-json\/wp\/v2\/users\/19"}],"replies":[{"embeddable":true,"href":"https:\/\/www.erplybooks.com\/lv\/wp-json\/wp\/v2\/comments?post=32501"}],"version-history":[{"count":0,"href":"https:\/\/www.erplybooks.com\/lv\/wp-json\/wp\/v2\/pages\/32501\/revisions"}],"wp:attachment":[{"href":"https:\/\/www.erplybooks.com\/lv\/wp-json\/wp\/v2\/media?parent=32501"}],"wp:term":[{"taxonomy":"category","embeddable":true,"href":"https:\/\/www.erplybooks.com\/lv\/wp-json\/wp\/v2\/categories?post=32501"},{"taxonomy":"post_tag","embeddable":true,"href":"https:\/\/www.erplybooks.com\/lv\/wp-json\/wp\/v2\/tags?post=32501"}],"curies":[{"name":"wp","href":"https:\/\/api.w.org\/{rel}","templated":true}]}}