{"id":21346,"date":"2021-05-28T18:07:09","date_gmt":"2021-05-28T18:07:09","guid":{"rendered":"https:\/\/www.erplybooks.com\/erply-books-professionaalne-raamatupidamistarkvara-sinu-ettevottele\/"},"modified":"2021-05-31T05:36:02","modified_gmt":"2021-05-31T05:36:02","slug":"erply-books-professionaalne-raamatupidamistarkvara-sinu-ettevottele","status":"publish","type":"page","link":"https:\/\/www.erplybooks.com\/lv\/","title":{"rendered":"Professional Accounting Software"},"content":{"rendered":"<p>[et_pb_section fb_built=&#8221;1&#8243; fullwidth=&#8221;on&#8221; _builder_version=&#8221;4.9.4&#8243; _module_preset=&#8221;default&#8221;][et_pb_fullwidth_code _builder_version=&#8221;4.9.4&#8243; _module_preset=&#8221;default&#8221;][\/et_pb_fullwidth_code][\/et_pb_section][et_pb_section fb_built=&#8221;1&#8243; _builder_version=&#8221;4.9.4&#8243; _module_preset=&#8221;default&#8221;][et_pb_row _builder_version=&#8221;4.9.4&#8243; _module_preset=&#8221;default&#8221;][et_pb_column type=&#8221;4_4&#8243; _builder_version=&#8221;4.9.4&#8243; _module_preset=&#8221;default&#8221;][et_pb_text _builder_version=&#8221;4.9.4&#8243; _module_preset=&#8221;default&#8221;]<\/p>\n<h2 style=\"text-align: center;\">Visas nepiecie\u0161am\u0101s gr\u0101matved\u012bbas funkcijas<\/h2>\n<p style=\"text-align: center;\"><span style=\"font-weight: 400;\">Sare\u017e\u0123\u012bti<\/span><span style=\"font-weight: 400;\"> ieraksti ir p\u0101rv\u0113rsti saprotam\u0101s darb\u012bb\u0101s, <\/span><span style=\"font-weight: 400;\">ko tagad var p\u0101rvald\u012bt katrs.<\/span> ERPLY Books sist\u0113ma iek\u013cauj visu gr\u0101matved\u012bbai nepiecie\u0161amo \u2013 no automatiz\u0113tiem banku importiem, iepirkumu p\u0101rvald\u012b\u0161anas l\u012bdz saprotam\u0101m atskait\u0113m.<\/p>\n<h2 style=\"text-align: center;\">Atskaites, kuras j\u016bs v\u0113laties<\/h2>\n<p style=\"text-align: center;\">12 m\u0113ne\u0161u bilance un ieguvumu &amp; zaud\u0113jumu zi\u0146ojumi, nodok\u013cu p\u0101rskats, klientu un pieg\u0101d\u0101t\u0101ju atskaites, naudas pl\u016bsmas atskaites, galvenie darb\u012bbas r\u0101d\u012bt\u0101ji (GDR) utt. J\u016bs varat lejupiel\u0101d\u0113t visas atskaites Excel form\u0101t\u0101 un skat\u012bt p\u0113c atra\u0161an\u0101s vietas, datuma, utt.<\/p>\n<h2 style=\"text-align: center;\">Datu glab\u0101\u0161ana \u201em\u0101kon\u012b\u201d tehnolo\u0123ija<\/h2>\n<p style=\"text-align: center;\">Aplik\u0101cij\u0101m, kuras ir balst\u012btas uz datu glab\u0101\u0161anu \u201em\u0101kon\u012b\u201d, ir daudz priek\u0161roc\u012bbu, sal\u012bdzinot ar tradicion\u0101laj\u0101m programmat\u016br\u0101m. ERPLY Books sist\u0113ma at\u013cauj <span style=\"font-weight: 400;\">Jums<\/span><span style=\"font-weight: 400;\"> jebkur\u0101 br\u012bd\u012b<\/span><span style=\"font-weight: 400;\">,<\/span> jebkur\u0101 viet\u0101 piek\u013c\u016bt saviem datiem. Regul\u0101ri atjaunin\u0101jumi tiek veikti uzreiz p\u0113c tam, kad ir veiktas darb\u012bbas.<\/p>\n<h2 style=\"text-align: center;\">Uzticas t\u016bksto\u0161iem lietot\u0101ju<\/h2>\n<p style=\"text-align: center;\">ERPLY Books sist\u0113mai ir vair\u0101k k\u0101\u00a010 000 lietot\u0101ju vis\u0101 pasaul\u0113. M\u016bsu lietot\u0101ji ir apliecin\u0101jums m\u016bsu uzticam\u012bbai.<\/p>\n<p>[\/et_pb_text][\/et_pb_column][\/et_pb_row][\/et_pb_section]<\/p>\n","protected":false},"excerpt":{"rendered":"<p>[et_pb_section fb_built=&#8221;1&#8243; fullwidth=&#8221;on&#8221; _builder_version=&#8221;4.9.4&#8243; _module_preset=&#8221;default&#8221;][et_pb_fullwidth_code _builder_version=&#8221;4.9.4&#8243; _module_preset=&#8221;default&#8221;][\/et_pb_fullwidth_code][\/et_pb_section][et_pb_section fb_built=&#8221;1&#8243; _builder_version=&#8221;4.9.4&#8243; _module_preset=&#8221;default&#8221;][et_pb_row _builder_version=&#8221;4.9.4&#8243; _module_preset=&#8221;default&#8221;][et_pb_column type=&#8221;4_4&#8243; _builder_version=&#8221;4.9.4&#8243; _module_preset=&#8221;default&#8221;][et_pb_text _builder_version=&#8221;4.9.4&#8243; _module_preset=&#8221;default&#8221;] Visas nepiecie\u0161am\u0101s gr\u0101matved\u012bbas funkcijas Sare\u017e\u0123\u012bti ieraksti ir p\u0101rv\u0113rsti saprotam\u0101s darb\u012bb\u0101s, ko tagad var p\u0101rvald\u012bt katrs. ERPLY Books sist\u0113ma iek\u013cauj visu gr\u0101matved\u012bbai nepiecie\u0161amo \u2013 no automatiz\u0113tiem banku importiem, iepirkumu p\u0101rvald\u012b\u0161anas l\u012bdz saprotam\u0101m atskait\u0113m. Atskaites, kuras j\u016bs v\u0113laties 12 m\u0113ne\u0161u [&hellip;]<\/p>\n","protected":false},"author":17,"featured_media":0,"parent":0,"menu_order":38,"comment_status":"closed","ping_status":"closed","template":"","meta":{"_et_pb_use_builder":"on","_et_pb_old_content":"","_et_gb_content_width":"","footnotes":""},"categories":[],"tags":[],"class_list":["post-21346","page","type-page","status-publish","hentry"],"_links":{"self":[{"href":"https:\/\/www.erplybooks.com\/lv\/wp-json\/wp\/v2\/pages\/21346","targetHints":{"allow":["GET"]}}],"collection":[{"href":"https:\/\/www.erplybooks.com\/lv\/wp-json\/wp\/v2\/pages"}],"about":[{"href":"https:\/\/www.erplybooks.com\/lv\/wp-json\/wp\/v2\/types\/page"}],"author":[{"embeddable":true,"href":"https:\/\/www.erplybooks.com\/lv\/wp-json\/wp\/v2\/users\/17"}],"replies":[{"embeddable":true,"href":"https:\/\/www.erplybooks.com\/lv\/wp-json\/wp\/v2\/comments?post=21346"}],"version-history":[{"count":0,"href":"https:\/\/www.erplybooks.com\/lv\/wp-json\/wp\/v2\/pages\/21346\/revisions"}],"wp:attachment":[{"href":"https:\/\/www.erplybooks.com\/lv\/wp-json\/wp\/v2\/media?parent=21346"}],"wp:term":[{"taxonomy":"category","embeddable":true,"href":"https:\/\/www.erplybooks.com\/lv\/wp-json\/wp\/v2\/categories?post=21346"},{"taxonomy":"post_tag","embeddable":true,"href":"https:\/\/www.erplybooks.com\/lv\/wp-json\/wp\/v2\/tags?post=21346"}],"curies":[{"name":"wp","href":"https:\/\/api.w.org\/{rel}","templated":true}]}}