{"id":7475,"date":"2018-02-16T07:37:44","date_gmt":"2018-02-16T07:37:44","guid":{"rendered":"http:\/\/www.erplybooks.com\/?page_id=7475\/"},"modified":"2018-03-22T13:51:54","modified_gmt":"2018-03-22T13:51:54","slug":"ataskaitu-suvestine","status":"publish","type":"page","link":"https:\/\/www.erplybooks.com\/lt\/vadovas\/ataskaitu-suvestine\/","title":{"rendered":"Ataskait\u0173 suvestin\u0117"},"content":{"rendered":"<p>Ataskait\u0173 suvestin\u0117 rodo sugrupuotus duomenis, kurie yra ataskaitoje. Pavyzd\u017eiui, kai turite du sandorius,kurie turi tokius pat projektus ir mokes\u010di\u0173 tarifus, tie sandoriai ataskait\u0173 suvestin\u0117je bus apibendrinti ir parodyti kaip vienas.<\/p>\n<p>Ataskait\u0173 suvestin\u0117 rodo reikaling\u0105 duomen\u0173 kiek\u012f tokia tvarka, kokia nori naudotojas. Naudotojas gali parsisi\u0173sti \u0161i\u0105 ataskait\u0105 su CSV failu.<\/p>\n<p>Nor\u0117dami gauti ataskait\u0173 suvestin\u0119, neprivalote naudoti vis\u0173 ERPLY Books funkcij\u0173 (neprivalote naudotis dideliu planu). Galite naudoti tik kelias funkcijas ir vis tiek gauti ataskait\u0173 suvestin\u0119.<\/p>\n<p>Sandorio suvestin\u0117 \u2013 sandorio suvestin\u0117 yra surinkti sandoriai, suskirstyti pagal aspektus tam tikram laiko tarpe, atsi\u017evelgiant, \u012f tai, kad suvestin\u0117s sandoriuose yra skirtingos aspekt\u0173 grup\u0117s. Aspektai yra mokes\u010di\u0173 tarifas, projektai, s\u0105skaitos. Tai rei\u0161kia, kad kai s\u0105skaita-fakt\u016bra turi tris sandorio eilutes, tada atsiras trys sandorio suvestin\u0117s eilut\u0117s. Kai kokia nors kita s\u0105skaita-fakt\u016bra turi tok\u012f pat projekt\u0105, mokes\u010di\u0173 tarif\u0105 ir s\u0105skait\u0105, tada \u0161ie duomenys ataskait\u0173 suvestin\u0117je bus sujungti. Tod\u0117l, ataskait\u0173 suvestin\u0117 rodo ma\u017eiausi\u0105 aspekt\u0173 grup\u0119.<\/p>\n<p><strong>Galite prid\u0117ti papildomus laukelius ataskaitos suvestinei:<\/strong><\/p>\n<ul>\n<li>Projekto grup\u0117s<\/li>\n<li>PVM<\/li>\n<li>Kliento duomenys (vardas, kodas (sandorio partnerio kodas bus paimtas i\u0161 kliento kodo eilut\u0117s), registracijos kodas)<\/li>\n<li>S\u0105skaita (numeris, pavadinimas)<\/li>\n<\/ul>\n<p>Paie\u0161kos skiltyje nurodykite tip\u0105 \u201eSummary report\u201c.<\/p>\n<p>Stulpeli\u0173 reik\u0161m\u0117s:<\/p>\n<ul>\n<li>Pavadinimas \u2013 pasirinkite pavadinim\u0105, kur\u012f norite pamatyti Excel.<\/li>\n<li>stulpelis \u2013 projekto grup\u0117 (jei reikia)<\/li>\n<li>Tipas \u2013 kai n\u0117ra projekto grup\u0117s<\/li>\n<li>Suderinimas \u2013 suderinimas yra Excel, jis rodo kuriuose stulpeliuose bus \u0161ios kompanijos duomenys.<\/li>\n<\/ul>\n<p>Jei norite parsisi\u0173sti ataskait\u0173 suvestin\u0119 i\u0161 j\u016bs\u0173 paskyros, pra\u0161ome susisiekti su mumis.<\/p>\n<p>Galite parsisi\u0173sti CSV fail\u0105, kur matysite parametrus, kuriuos pasirinkote. Galite matyti duomenis pasirinktame periode. Kiekvienos organizacijos aspektus matysite skirtingose eilut\u0117se.<\/p>\n<p><strong>Projekto ID apib\u016bdinimas parsisi\u0173stame faile<\/strong><\/p>\n<p>Nor\u0117dami nustatyti ID apib\u016bdinim\u0105, eikite \u012f Nustatymai&gt; Pradiniai duomenys&gt;Projektai&gt; stulpelis Apib\u016bdinimas\/ID.<\/p>\n","protected":false},"excerpt":{"rendered":"<p>Ataskait\u0173 suvestin\u0117 rodo sugrupuotus duomenis, kurie yra ataskaitoje. Pavyzd\u017eiui, kai turite du sandorius,kurie turi tokius pat projektus ir mokes\u010di\u0173 tarifus, tie sandoriai ataskait\u0173 suvestin\u0117je bus apibendrinti ir parodyti kaip vienas. Ataskait\u0173 suvestin\u0117 rodo reikaling\u0105 duomen\u0173 kiek\u012f tokia tvarka, kokia nori naudotojas. Naudotojas gali parsisi\u0173sti \u0161i\u0105 ataskait\u0105 su CSV failu. Nor\u0117dami gauti ataskait\u0173 suvestin\u0119, neprivalote naudoti [&hellip;]<\/p>\n","protected":false},"author":3,"featured_media":0,"parent":5728,"menu_order":0,"comment_status":"closed","ping_status":"closed","template":"","meta":{"_et_pb_use_builder":"","_et_pb_old_content":"","_et_gb_content_width":"","footnotes":""},"categories":[],"tags":[],"class_list":["post-7475","page","type-page","status-publish","hentry"],"_links":{"self":[{"href":"https:\/\/www.erplybooks.com\/lt\/wp-json\/wp\/v2\/pages\/7475","targetHints":{"allow":["GET"]}}],"collection":[{"href":"https:\/\/www.erplybooks.com\/lt\/wp-json\/wp\/v2\/pages"}],"about":[{"href":"https:\/\/www.erplybooks.com\/lt\/wp-json\/wp\/v2\/types\/page"}],"author":[{"embeddable":true,"href":"https:\/\/www.erplybooks.com\/lt\/wp-json\/wp\/v2\/users\/3"}],"replies":[{"embeddable":true,"href":"https:\/\/www.erplybooks.com\/lt\/wp-json\/wp\/v2\/comments?post=7475"}],"version-history":[{"count":0,"href":"https:\/\/www.erplybooks.com\/lt\/wp-json\/wp\/v2\/pages\/7475\/revisions"}],"up":[{"embeddable":true,"href":"https:\/\/www.erplybooks.com\/lt\/wp-json\/wp\/v2\/pages\/5728"}],"wp:attachment":[{"href":"https:\/\/www.erplybooks.com\/lt\/wp-json\/wp\/v2\/media?parent=7475"}],"wp:term":[{"taxonomy":"category","embeddable":true,"href":"https:\/\/www.erplybooks.com\/lt\/wp-json\/wp\/v2\/categories?post=7475"},{"taxonomy":"post_tag","embeddable":true,"href":"https:\/\/www.erplybooks.com\/lt\/wp-json\/wp\/v2\/tags?post=7475"}],"curies":[{"name":"wp","href":"https:\/\/api.w.org\/{rel}","templated":true}]}}