{"id":7438,"date":"2018-02-08T08:38:45","date_gmt":"2018-02-08T08:38:45","guid":{"rendered":"http:\/\/www.erplybooks.com\/?page_id=7438\/"},"modified":"2018-03-22T15:05:10","modified_gmt":"2018-03-22T15:05:10","slug":"saskaitos-fakturos-patvirtinimas","status":"publish","type":"page","link":"https:\/\/www.erplybooks.com\/lt\/vadovas\/saskaitos-fakturos-patvirtinimas\/","title":{"rendered":"S\u0105skaitos-fakt\u016bros patvirtinimas"},"content":{"rendered":"<p>\u0160is naudotojo \u017einynas apib\u016bdina kaip naudoti s\u0105skaitos-fakt\u016bros patvirtinim\u0105 ERPLY Books. S\u0105skaitos-fakt\u016bros patvirtinimas yra naujas sprendimas, kuris reikalauja, kad kas nors patikrint\u0173 s\u0105skaitas-fakt\u016bras prie\u0161 ka\u017ekam jas apmokant. Tai n\u0117ra privalomas pasirinkimas. Klientai gali tai sukonfiguruoti pagal savo poreikius.<\/p>\n<p><iframe loading=\"lazy\" title=\"Invoice approval in Purchase Inbox\" width=\"1080\" height=\"608\" src=\"https:\/\/www.youtube.com\/embed\/AvBglzAgHNM?feature=oembed\"  allow=\"accelerometer; autoplay; clipboard-write; encrypted-media; gyroscope; picture-in-picture\" allowfullscreen><\/iframe><\/p>\n<p>\u010cia mes apib\u016bdinsime:<\/p>\n<ul>\n<li>Kas yra s\u0105skaitos-fakt\u016bros patvirtinimas<\/li>\n<li>Kaip j\u012f naudoti<\/li>\n<li>Kokios yra taisykl\u0117s s\u0105skaitos-fakt\u016bros patvirtinimui<\/li>\n<li>Kaip prid\u0117ti failus prie s\u0105skaitos-fakt\u016bros ir kaip juos patvirtinti<\/li>\n<li>Patvirtinimo procesas<\/li>\n<li>S\u0105skaitos-fakt\u016bros b\u016bsenos<\/li>\n<\/ul>\n<h2>Kas yra s\u0105skaitos-fakt\u016bros patvirtinimas?<\/h2>\n<p>S\u0105skaitos-fakt\u016bros patvirtinimas padaro pirkimo s\u0105skait\u0173-fakt\u016br\u0173 apmok\u0117jimus saugesnius. Galite priskirti konkre\u010dius \u017emones, kurie tur\u0117s patvirtinti s\u0105skaitas-fakt\u016bras prie\u0161 jas i\u0161siun\u010diant apmok\u0117jimui. D\u0117l to, kad galite patvirtinti ir failus ir s\u0105skaitas-fakt\u016bras, sistema gali dirbti kaip skaitmeninis archyvavimo failas.<\/p>\n<h2>Kaip naudoti s\u0105skait\u0173-fakt\u016br\u0173 patvirtinim\u0105?<\/h2>\n<p>Nor\u0117dami naudoti s\u0105skaitos-fakt\u016bros patvirtinim\u0105, pirma turite pasirinkti patvirtinimo taisykles. \u010cia yra patvirtinimo proceso nustatymai.<\/p>\n<h3>Patvirtinimo taisykl\u0117s:<\/h3>\n<ul>\n<li>Pirma turite nustatyti, kad norite naudoti patvirtinim\u0105. Eikite \u012f \u201cNustatymai\u201d &gt; \u201cKonfiguravimas\u201d ir tada pa\u017eym\u0117kite \u201cNaudoti s\u0105skaitos-fakt\u016bros patvirtinim\u0105\u201d<\/li>\n<li>Eikite \u012f \u201ds\u0105skaitos-fakt\u016bros patvirtinimo taisykl\u0117s \u201d ir nustatykite sekan\u010dius pasirinkimus:\n<ul>\n<li>\u012egalinti &gt; Taip \u2013 \u012fgalinti \u0161i\u0105 funkcij\u0105.<\/li>\n<li>Minimalus tvirtintoj\u0173 skai\u010dius \u2013 nustatyti minimal\u0173 \u017emoni\u0173 kiek\u012f, kurie turi patvirtinti s\u0105skaitas-fakt\u016bras.<\/li>\n<li>S\u0105skaita-fakt\u016bra turi b\u016bti patvirtinta \u2013 priskiriant konkret\u0173 asmen\u012f (generalinis direktorius, vyriausias apskaitininkas), kurie tur\u0117s patvirtinti s\u0105skait\u0105-fakt\u016br\u0105.<\/li>\n<\/ul>\n<\/li>\n<\/ul>\n<p><img loading=\"lazy\" decoding=\"async\" class=\"alignnone wp-image-7439\" src=\"https:\/\/www.erplybooks.com\/wp-content\/uploads\/2018\/02\/Capture59-1-300x50.png\" alt=\"\" width=\"714\" height=\"119\" srcset=\"https:\/\/www.erplybooks.com\/wp-content\/uploads\/2018\/02\/Capture59-1-300x50.png 300w, https:\/\/www.erplybooks.com\/wp-content\/uploads\/2018\/02\/Capture59-1.png 614w\" sizes=\"auto, (max-width: 714px) 100vw, 714px\" \/><\/p>\n<h2>Kaip prid\u0117ti failus prie s\u0105skaitos-fakt\u016bros ir kaip juos tvirtinti?<\/h2>\n<p>Galite prid\u0117ti failus prie egzistuojan\u010di\u0173 s\u0105skait\u0173-fakt\u016br\u0173 nu\u0117jus \u012f\u201cNustatymai\u201d &gt; \u201cKonfiguracija\u201d &gt; pasirinkimas \u201cEl.pa\u0161tas\u201d ir nukopijuoti el.pa\u0161to adres\u0105.<\/p>\n<p>Nusi\u0173skite norim\u0105 fail\u0105, kur\u012f norite prid\u0117ti prie s\u0105skaitos-fakt\u016bros, \u012f \u0161\u012f el.pa\u0161t\u0105. kai i\u0161si\u0173site fail\u0105(us), eikite \u012f \u201cPirkimai\u201d &gt; \u201cPirkim\u0173 pa\u0161tas\u201d. Pamatysite vis\u0105 nepatvirtint\u0173 fail\u0173 s\u0105ra\u0161\u0105. Pamatysite mygtukus meniu apa\u010dioje. Galite patvirtinti failus paspaud\u0119 \u201cpatvirtinti\u201d.<\/p>\n<p>Yra ir kitas b\u016bdas prid\u0117ti failus prie s\u0105skaitos-fakt\u016bros. Eikite \u012f \u201cPirkimai\u201d &gt; \u201cPirkim\u0173 pa\u0161tas (naujas)\u201d. Pasirinkite fail\u0105, kur\u012f norite prid\u0117ti prie s\u0105skaitos-fakt\u016bros. Jis gali b\u016bti XML, PDF, PNG ja JPG formatu. I\u0161saugokite prid\u0117t\u0105 fail\u0105 ir i\u0161saugokite s\u0105skait\u0105-fakt\u016br\u0105 (i\u0161saugojimo mygtukus rasite meniu apa\u010dioje). Galite patvirtinti s\u0105skait\u0105-fakt\u016br\u0105 nu\u0117j\u0119 \u012f \u201cPirkimai\u201d &gt; \u201cPirkim\u0173 pa\u0161tas\u201d ir ten pamatysite nepatvirtint\u0173 s\u0105skait\u0173-fakt\u016br\u0173 s\u0105ra\u0161\u0105. Paspauskite \u201cpatvirtinti\u201d nor\u0117dami patvirtinti fail\u0105.<\/p>\n<p>Galite matyti failus, kurie yra prid\u0117ti prie s\u0105skait\u0173-fakt\u016br\u0173 nu\u0117j\u0119 \u012f\u201cAtaskaitos\u201d &gt; \u201cPirkimo s\u0105skaitos-fakt\u016bros\u201d. Paspauskite ant paskutinio mygtuko eilut\u0117je \u201cspausdinti\u201d ir bus atidarytas naujas langas, kuriame gal\u0117site matyti prid\u0117tus failus. Kai ten paspausite, parsisi\u0173site prid\u0117t\u0105 fail\u0105. Jei nematote mygtuko spausdinti, tada j\u016bs\u0173 ekranas yra per ma\u017eas ir turite paslinkti de\u0161in\u0117n.<\/p>\n<ul>\n<li>Pasirinkimas: s\u0105skaita-fakt\u016bra negali b\u016bti patvirtinta kai ji neturi failo<\/li>\n<li>Galite sukurit s\u0105skait\u0105-fakt\u016br\u0105, bet negalite jos patvirtinti kol nebus nustatyti patvirtinimo nustatymai.<\/li>\n<\/ul>\n<h2>Patvirtinimo procesas<\/h2>\n<p>Tvirtintojas:<\/p>\n<ul>\n<li>Galite prid\u0117ti tvirtintojus prie vartotot\u0173 privilegij\u0173<\/li>\n<li>Galite suteikti privilegijas naudotojams nu\u0117j\u0117 \u012f \u201cNustatymai\u201d &gt; \u201cNaudotojai\u201d. Atsivers naudotoj\u0173 s\u0105ra\u0161as. Dukart paspauskite ant naudotojo el.pa\u0161to ir gal\u0117site pamatyti visas privilegijas, kurias galite suteikti naudotojui.<\/li>\n<li>Tvirtintojas yra asmuo, kuris turi tvirtintojo teises. Galite suteikti tvirtintojo teises kai prid\u0117site privilegij\u0105 \u201cnustatymai-tvirtintojas\u201d.<\/li>\n<li>Kai tvirtintojas tik tikrina, tada panaikinkite s\u0105skait\u0173-fakt\u016br\u0173 prid\u0117jimo privilegij\u0105. Nor\u0117dami tai padaryti, pa\u0161alinkite privilegij\u0105 \u201credaguoti-pirkimo s\u0105skaitos-fakt\u016bros\u201d. Tada paspauskite ant i\u0161saugojimo mygtuko.<\/li>\n<\/ul>\n<p><strong>S\u0105skatos-fakt\u016bros patvirtinimo pracesas:<\/strong><\/p>\n<ul>\n<li>Galite tvirtinti failus ir s\u0105skaitas-fakt\u016bras:\n<ul>\n<li>Jei visos s\u0105skaitos-fakt\u016bros turi b\u016bti suarchyvuotos, tada reikalaukite, kad s\u0105skaita-fakt\u016bra negal\u0117t\u0173 b\u016bti sukurta be failo. Tokiu atveju naudokite naudokite tik s\u0105skaitos-fakt\u016bros tvirtinim\u0105 \u2013 po s\u0105skaitos-fakt\u016bros suk\u016brimo, naudojant patvirtint\u0105 fail\u0105, sistema automati\u0161kai prid\u0117s fakt\u016brai b\u016bsen\u0105 \u201cpatvirtinta\u201d. Tod\u0117l negalite sukurti s\u0105skaitos-fakt\u016bros su b\u016bsena patvirtinta, jei ji turi nepatvirtint\u0105 fail\u0105. Jei kas nors i\u0161 tvirtintoj\u0173 atmes s\u0105skait\u0105-fakt\u016br\u0105, o ka\u017ekas patvirtins, tada s\u0105skaita-fakt\u016bra tur\u0117s b\u016bsen\u0105 atmesta. S\u0105skaita-fakt\u016bra yra patvirtinama kai n\u0117ra nei vieno atmetimo ir visi \u017emon\u0117s, kurie turi patvirtinti s\u0105skait\u0105-fakt\u016br\u0105, j\u0105 patvirtino.<\/li>\n<li>Jei failus gaunate v\u0117liau tada priimtina sukurti s\u0105skait\u0105-fakt\u016br\u0105 prie\u0161 fail\u0173 gavim\u0105. Kai apskaitininkas negali j\u0173 patvirtinti, tada jos lieka su statusu nepatvirtinta. Tada tvirtintojas gali patvirtinti s\u0105skaitas-fakt\u016bras (arba gali laukti failo ir tada patvirtinti \u2013 tada apskaitininkas gali susieti fail\u0105 su s\u0105skaita-fakt\u016bra).<\/li>\n<\/ul>\n<\/li>\n<\/ul>\n<p><strong>Skirtingos fail\u0173 b\u016bsenos:<\/strong><\/p>\n<ul>\n<li>Nepatvirtinta \u2013 ka\u017ekas turi patvirtinti fail\u0105<\/li>\n<li>Laukiama \u2013 failas buvo patvirtintas ir galite sukurti s\u0105skait\u0105-fakt\u016br\u0105<\/li>\n<li>Patvirtinta \u2013 i\u0161 failo buvo sukurta s\u0105skaita-fakt\u016bra<\/li>\n<\/ul>\n<p>Galite prid\u0117ti apskaitininkus \u201cNustatymai\u201d &gt; \u201cNaudotojai\u201d. Tada paspauskite \u201cprid\u0117ti naudotojus\u201d ir u\u017epildykite informacij\u0105. Jei norite egzistuojant\u012f naudotoj\u0105 paversti apskaitininku, tada panaikinkite autorizacij\u0105 ir prid\u0117kite naudotoj\u0105 i\u0161 naujo kaip apskaitinink\u0105. Atverkite privilegijas (dukart paspaudus ant el.pa\u0161to adreso) ir pa\u0161alinkite \u201cnustatymai-atributas\u201d ir \u201cnustatymai-konfiguracija\u201d.<\/p>\n<p><strong>S\u0105skait\u0173-fakt\u016br\u0173 b\u016bsenos:<\/strong><\/p>\n<ul>\n<li>Patvirtinta \u2013 failas buvo prid\u0117tas prie s\u0105skaitos-fakt\u016bros ir buvo patvirtintas<\/li>\n<li>Nepatvirtinta \u2013 turb\u016bt nepatvirtintas failas buvo prid\u0117tas prie s\u0105skaitos-fakt\u016bros, o gal b\u016bt failas yra nerastas<\/li>\n<li>U\u017erakinta \u2013 jei s\u0105skaita-fakt\u016bra yra u\u017erakinta, tada negalite daryti joki\u0173 pakeitim\u0173. Tur\u0117site panaikinti u\u017erakinim\u0105 nor\u0117dami ka\u017ek\u0105 keisti.<\/li>\n<li>Patvirtinta ir mok\u0117jimas i\u0161si\u0173stas \u012f bank\u0105 \u2013 failas buvo prid\u0117tas ir mok\u0117jimo failas buvo sukurtas.<\/li>\n<\/ul>\n<p>Galite keisti pirkimo s\u0105skait\u0173-fakt\u016br\u0173 b\u016bsenas kai kuriate nauj\u0105 s\u0105skait\u0105-fakt\u016br\u0105 (\u201cpirkimai\u201d &gt; \u201cpirkimo s\u0105skaita-fakt\u016bra (prid\u0117ti nauj\u0105)\u201d. Kai atsivers naujas langas, kair\u0117je pus\u0117je bus meniu. Galite keisti b\u016bsen\u0105 paskutiniame meniu elemente. Galite matyti egzistuojan\u010dias s\u0105skait\u0173-fakt\u016br\u0173 b\u016bsenas \u201cPirkimai\u201d &gt; \u201catverti mok\u0117tinas sumas\u201d &gt; \u201cpirkimo s\u0105skaitos-fakt\u016bros\u201d.galite matyti dokument\u0173 tipus: patvirtinta, nepatvirtinta, u\u017erakinta, patvirtinta ir mok\u0117jimas i\u0161si\u0173stas \u012f bank\u0105.<\/p>\n<h2>S\u0105skaitos-fakt\u016bros tvirtinimo b\u016bsenos:<\/h2>\n<ul>\n<li>Atmesta \u2013 failas nepatvirtintas<\/li>\n<li>Patvirtinta \u2013 s\u0105skaita-fakt\u016bra turi fail\u0105<\/li>\n<li>Naudotojas, kuris gali patvirtinti s\u0105skaitas-fakt\u016bras:\n<ul>\n<li>Gali kurti s\u0105skaitas-fakt\u016bras kai turi teis\u0119 tai daryti<\/li>\n<li>Gali tvirtinti\/atmesti jau egzistuojan\u010dias s\u0105skaitas-fakt\u016bras ir dokumentus<\/li>\n<\/ul>\n<\/li>\n<li>Naudotojas, kuris negali tvirtinti s\u0105skait\u0173-fakt\u016br\u0173:\n<ul>\n<li>Gali saugoti s\u0105skaitas-fakt\u016bras su b\u016bsena nepatvirtinta<\/li>\n<li>Negali i\u0161saugoti fail\u0173<\/li>\n<li>Negali i\u0161saugoti s\u0105skaitos-fakt\u016bros<\/li>\n<li>Gali tik prid\u0117ti status\u0105 \u201cNepatvirtinta \u201d<\/li>\n<\/ul>\n<\/li>\n<\/ul>\n<h2>DUK<\/h2>\n<p><strong>Kaip galiu prid\u0117ti tvirtintojus?<\/strong><\/p>\n<p>Eikite \u012f \u201cnustatymai\u201d &gt; \u201ckonfiguracija\u201d. \u010cia galite prid\u0117ti kelet\u0105 \u017emoni\u0173, kurie bus tvirtintojai.<\/p>\n<p><strong>Kaip nustatyti, kad asmuo X visada turi patvirtinti s\u0105skaitas-fakt\u016bras? <\/strong><\/p>\n<p>Eikite \u012f \u201cnustatymai\u201d &gt; \u201ckonfiguracija\u201d. \u010cia galite prid\u0117ti \u017emog\u0173, kuris visada tur\u0117s patvirtinti s\u0105skaitas-fakt\u016bras.<\/p>\n<p><strong>Ar galiu patvirtinti kelet\u0105 s\u0105skait\u0173-fakt\u016br\u0173 vienu metu?<\/strong><\/p>\n<p>Taip. Atverkite pirkimo s\u0105skait\u0173-fakt\u016br\u0173 s\u0105ra\u0161\u0105 (\u201cPirkimai\u201d &gt; \u201catverti mok\u0117tinas sumas\u201d) ir pasirinkite b\u016bsen\u0105 nepatvirtinta. Atsiras nepatvirtint\u0173 s\u0105skait\u0173-fakt\u016br\u0173 s\u0105ra\u0161as. Pasirinkite s\u0105skaitas-fakt\u016bras, kurias norite patvirtinti, ir paspauskite mygtuk\u0105 tvirtinti.<\/p>\n<p><strong>Ar galite panaikinti patvirtinim\u0105 patvirtintai s\u0105skaitai-fakt\u016brai? <\/strong><\/p>\n<p>Taip. Eikite \u012f \u201cPirkimai\u201d &gt; \u201catverti mok\u0117tinas sumas\u201d &gt; \u201cpirkimo s\u0105skaitos-fakt\u016bros\u201d. Bus atvertas pirkimo s\u0105skait\u0173-fakt\u016br\u0173 s\u0105ra\u0161as. Nor\u0117dami atidaryti s\u0105skait\u0105-fakt\u016br\u0105, paspauskite ant jos numerio. Kair\u0117je matysite meniu, galite pakeisti s\u0105skaitos-fakt\u016bros b\u016bsen\u0105 paskutiniame meniu elemente.<\/p>\n<p><strong>Kada galiu matyti visas s\u0105skaitas-fakt\u016bras su b\u016bsena \u201cnepatvirtinta\u201d?<\/strong><\/p>\n<p>Eikite \u012f \u201cPirkimai\u201d &gt; \u201catverti mok\u0117tinas sumas\u201d &gt; \u201cpirkimo s\u0105skaitos-fakt\u016bros\u201d. Bus atvertas pirkimo s\u0105skait\u0173-fakt\u016br\u0173 s\u0105ra\u0161as. Pasirinkite b\u016bsen\u0105 \u201cnepatvirtinta\u201d ir tada gal\u0117site matyti visas nepatvirtintas s\u0105skaitas-fakt\u016bras.<\/p>\n<p><strong>Kur galiu pamatyti visas nepatvirtintas s\u0105skaitas-fakt\u016bras?<\/strong><\/p>\n<p>Eikite \u012f \u201cpirkimai\u201d &gt; \u201cpirkim\u0173 pa\u0161tas\u201d. \u010cia rasite \u012fkelt\u0173 fail\u0173 s\u0105ra\u0161\u0105. Kai pasirinksite b\u016bsen\u0105 \u201cnepatvirtinta\u201d, tada gal\u0117site matyti nepatvirtint\u0173 fail\u0173 s\u0105ra\u0161\u0105.<\/p>\n<p><strong>Ar \u012fmanoma duoti \u0161iek tiek informacijos apskaitininkui prie\u0161 sukuriant s\u0105skait\u0105-fakt\u016br\u0105? <\/strong><\/p>\n<p>Taip, galite tai atlikti pirkim\u0173 pa\u0161te patvirtinimo metu \u2013 prid\u0117kite projekt\u0105 ir papildom\u0105 informacij\u0105.<\/p>\n<p><strong>Kur galima pamatyti tvirtinim\u0173 istorij\u0105? <\/strong><\/p>\n<p>Galite tai matyti ataskait\u0173 generatoriuje. Lentel\u0117je pasirinkite \u201cs\u0105skaitos-fakt\u016bros patvirtinimas\u201d ir \u201cs\u0105skaitos-faskt\u016bros\u201d. Produkcijoje pasirinkite\u201cs\u0105skaitos-fakt\u016bros patvirtinimas. K\u016br\u0117jas (ID)\u201d ir \u201dS\u0105skaitos-fakt\u016bros.S\u0105skaitos-fakt\u016bros Nr.\u201d.<\/p>\n<p><strong>Kur galiu matyti visus patvirtinimus? <\/strong><\/p>\n<p>Ataskait\u0173 generatoriuje.<\/p>\n<p><strong>Kur galiu pamatyti visas b\u016bsenas, prid\u0117tas prie s\u0105skaitos-fakt\u016bros? <\/strong><\/p>\n<p>Atidarykite s\u0105skait\u0105-fakt\u016br\u0105 ir paspauskite \u201ckita\u201d &gt; \u201c\u017ei\u016br\u0117ti b\u016bsenas\u201d.<\/p>\n","protected":false},"excerpt":{"rendered":"<p>\u0160is naudotojo \u017einynas apib\u016bdina kaip naudoti s\u0105skaitos-fakt\u016bros patvirtinim\u0105 ERPLY Books. S\u0105skaitos-fakt\u016bros patvirtinimas yra naujas sprendimas, kuris reikalauja, kad kas nors patikrint\u0173 s\u0105skaitas-fakt\u016bras prie\u0161 ka\u017ekam jas apmokant. Tai n\u0117ra privalomas pasirinkimas. Klientai gali tai sukonfiguruoti pagal savo poreikius. \u010cia mes apib\u016bdinsime: Kas yra s\u0105skaitos-fakt\u016bros patvirtinimas Kaip j\u012f naudoti Kokios yra taisykl\u0117s s\u0105skaitos-fakt\u016bros patvirtinimui Kaip prid\u0117ti failus [&hellip;]<\/p>\n","protected":false},"author":3,"featured_media":0,"parent":5728,"menu_order":2,"comment_status":"closed","ping_status":"closed","template":"","meta":{"_et_pb_use_builder":"","_et_pb_old_content":"","_et_gb_content_width":"","footnotes":""},"categories":[],"tags":[],"class_list":["post-7438","page","type-page","status-publish","hentry"],"_links":{"self":[{"href":"https:\/\/www.erplybooks.com\/lt\/wp-json\/wp\/v2\/pages\/7438","targetHints":{"allow":["GET"]}}],"collection":[{"href":"https:\/\/www.erplybooks.com\/lt\/wp-json\/wp\/v2\/pages"}],"about":[{"href":"https:\/\/www.erplybooks.com\/lt\/wp-json\/wp\/v2\/types\/page"}],"author":[{"embeddable":true,"href":"https:\/\/www.erplybooks.com\/lt\/wp-json\/wp\/v2\/users\/3"}],"replies":[{"embeddable":true,"href":"https:\/\/www.erplybooks.com\/lt\/wp-json\/wp\/v2\/comments?post=7438"}],"version-history":[{"count":0,"href":"https:\/\/www.erplybooks.com\/lt\/wp-json\/wp\/v2\/pages\/7438\/revisions"}],"up":[{"embeddable":true,"href":"https:\/\/www.erplybooks.com\/lt\/wp-json\/wp\/v2\/pages\/5728"}],"wp:attachment":[{"href":"https:\/\/www.erplybooks.com\/lt\/wp-json\/wp\/v2\/media?parent=7438"}],"wp:term":[{"taxonomy":"category","embeddable":true,"href":"https:\/\/www.erplybooks.com\/lt\/wp-json\/wp\/v2\/categories?post=7438"},{"taxonomy":"post_tag","embeddable":true,"href":"https:\/\/www.erplybooks.com\/lt\/wp-json\/wp\/v2\/tags?post=7438"}],"curies":[{"name":"wp","href":"https:\/\/api.w.org\/{rel}","templated":true}]}}