{"id":6872,"date":"2018-01-05T05:59:29","date_gmt":"2018-01-05T05:59:29","guid":{"rendered":"http:\/\/www.erplybooks.com\/?page_id=6872\/"},"modified":"2018-03-01T14:43:35","modified_gmt":"2018-03-01T14:43:35","slug":"mokejimo-failo-sudarymas-erply-books","status":"publish","type":"page","link":"https:\/\/www.erplybooks.com\/lt\/vadovas\/mokejimo-failo-sudarymas-erply-books\/","title":{"rendered":"Mok\u0117jimo failo sudarymas ERPLY Books"},"content":{"rendered":"<p>\u0160iame vadove paai\u0161kinami mok\u0117jimo failo ypatumai ir kaip juos i\u0161si\u0173sti \u012f bank\u0105.<\/p>\n<p>Pagal \u012fmon\u0117s taisykles, pasirinkite s\u0105skaitas fakt\u016bras, kurias turite sumok\u0117ti vien\u0105 kart\u0105 per dien\u0105, vien\u0105 kart\u0105 per savait\u0119, ar m\u0117nes\u012f. Tuomet patikrinkite mok\u0117jimo failo duomenis; prireikus pataisykite. Pasirinkite reikiam\u0105 mok\u0117jimo tip\u0105 ir parsisi\u0173skite mok\u0117jimo fail\u0105. Nuo \u0161iol galite parsisi\u0173sti \u0161\u012f fail\u0105 \u012f bank\u0105.<\/p>\n<p>\u0160iame vadove visa informacija apra\u0161oma i\u0161samiau.<\/p>\n<h2>1. Atviros mok\u0117tinos sumos<\/h2>\n<p>Atsidarykite \u201eatvir\u0173 mok\u0117tin\u0173 sum\u0173\u201d modul\u012f (meniu juostoje paspaud\u0119 \u201eMok\u0117tinos sumos\u201c arba eikite \u012f \u201ePirkimai\u201c &gt; \u201eAtviros mok\u0117tinos sumos\u201c). Pasirinkite norimas apmok\u0117ti s\u0105skaitas fakt\u016bras ir paspauskite \u201eSukurti mok\u0117jimo fail\u0105\u201c.<\/p>\n<h2>2. Mok\u0117jimo failo suk\u016brimas<\/h2>\n<h3>2.1 \u012emon\u0117s duomnys<\/h3>\n<p>Jums paspaudus ant mygtuko \u201eSukurti mok\u0117jimo fail\u0105\u201c, atsivers naujas langas su j\u016bs\u0173 banko informacija ir tomis s\u0105skaitomis fakt\u016bromis, kurias esate pasirink\u0119. Banko informacija rodoma atsi\u017evelgiant \u012f tai, koki\u0105 informacij\u0105 esate prid\u0117j\u0119 \u012f \u201eOrganizacijos duomenyse\u201c (\u201eNustatymai\u201c &gt; \u201eOrganizacijos duomenys\u201c). Nei nesate u\u017epild\u0119 informacijos \u201eOrganizacijos duomenys\u2018, matysite klaidos prane\u0161im\u0105 (u\u017epildykite banko pavadinim\u0105, banko s\u0105skaitos numer\u012f, IBAN ir SWIFT).<\/p>\n<h3>2.2 Skirtingi mok\u0117jim\u0173 tipai<\/h3>\n<p>Spustel\u0117kite \u201eTipas\u201c eilut\u0117s rodykl\u0119 ir atversite skirting\u0173 fail\u0173 tip\u0173 s\u0105ra\u0161\u0105.<\/p>\n<p><img loading=\"lazy\" decoding=\"async\" class=\"alignnone wp-image-6873\" src=\"https:\/\/www.erplybooks.com\/wp-content\/uploads\/2018\/01\/Capture-300x213.png\" alt=\"\" width=\"441\" height=\"313\" srcset=\"https:\/\/www.erplybooks.com\/wp-content\/uploads\/2018\/01\/Capture-300x213.png 300w, https:\/\/www.erplybooks.com\/wp-content\/uploads\/2018\/01\/Capture.png 498w\" sizes=\"auto, (max-width: 441px) 100vw, 441px\" \/><\/p>\n<p><strong>Skirtini fail\u0173 tipai:<\/strong><\/p>\n<p><strong>SEPA <\/strong>&#8211; SEPA mok\u0117jimas, tai ES mok\u0117jimas, sujungiantis visas ES \u0161alis bei Islandij\u0105, Lichten\u0161tein\u0105, Monak\u0105 Norvegij\u0105 ir \u0160veicarij\u0105 \u012f vien\u0105 mok\u0117jimo zon\u0105. Tai leid\u017eia individualiems \u017emon\u0117ms ir verslo vienetams si\u0173sti ir gauti elektroninius mok\u0117jimus (tarptautinius ir vietinius mok\u0117jimus).<\/p>\n<p><strong>Maksekorraldus <\/strong>\u2013 Estijos vietinis mok\u0117jimas<\/p>\n<p><strong>QBO (3 puslapyje) <\/strong>&#8211; \u010dekiams<\/p>\n<p><strong>Baham\u0173 bankas<\/strong> &#8211; \u010dekiams<\/p>\n<p><strong>QBO (viduryje) <\/strong>\u00a0&#8211; \u010dekiams<\/p>\n<p><strong>QBO (vir\u0161uje) <\/strong>&#8211; \u010dekiams<\/p>\n<p><strong>DLM102 (viduryje) <\/strong>&#8211; \u010dekiams<\/p>\n<p><strong>W9085 (vir\u0161uje) <\/strong>&#8211; \u010dekiams<\/p>\n<p><strong>QBO (apa\u010dioje) <\/strong>&#8211; \u010dekiams<\/p>\n<p><strong>Perlaidos prane\u0161imas<\/strong> &#8211; Galite i\u0161si\u0173sti el. lai\u0161k\u0105 savo tiek\u0117jui su informacija apie tai, kokias s\u0105skaitas fakt\u016bras apmok\u0117jote<\/p>\n<p><strong>ABA <\/strong>&#8211; Australijos mok\u0117jimo failas (<em>Australijos bankinink\u0173 asociacijos failas<\/em>)<\/p>\n<p><strong>Swedbank <\/strong>\u2013 Tipuose \u0161ios parinkties n\u0117ra. Tai atskira integracija tarp ERPLY Books ir Swedbank. Ji padeda i\u0161si\u0173sti mok\u0117jimo nurodymus automati\u0161kai. Spauskite <a href=\"https:\/\/www.erplybooks.com\/swedbank\/\">\u010dia<\/a>, nor\u0117dami su\u017einoti daugiau informacijos.<\/p>\n<h4>2.2.1 IBAN patvirtinimas<\/h4>\n<p>IBAN patvirtinamas pasirinkus \u201eSEPA\u201c \u00a0mok\u0117jimo tip\u0105. IBAN naudojamas ES \u0161alyse, siekiant mok\u0117jimus atlikti grei\u010diau ir efektyviau. ES \u0161alyse naudojamos mok\u0117jim\u0173 sistemos pagal IBAN gali atpa\u017einti ir patvirtinti kliento s\u0105skaitos numer\u012f.<\/p>\n<p>Gav\u0119 prane\u0161im\u0105, kad IBAN negaliojantis, ta\u010diau pagal jus viskas teisinga, dar kart\u0105 spustel\u0117kite \u201eSukurti mok\u0117jimo fail\u0105\u201c.<\/p>\n<h3>2.3 \u00a0Tiek\u0117jo banko informacija apie s\u0105skait\u0105 fakt\u016br\u0105<\/h3>\n<p>Jei nepateik\u0117te tiek\u0117j\u0173 banko informacijos, \u0161ios eilut\u0117s bus tu\u0161\u010dios. Informacij\u0105 galite prid\u0117ti modulyje \u201eSukurti mok\u0117jimo fail\u0105\u201c. Jei vis\u0105 reikiam\u0105 informacij\u0105 esate prid\u0117j\u0119, spustel\u0117kite \u201eSukurti mok\u0117jimo fail\u0105\u201c. Tuomet sistema parsi\u0173s fail\u0105, kur\u012f gal\u0117site \u012fkelti \u012f savo bank\u0105.<\/p>\n<h3>2.4 I\u0161ankstiniai mok\u0117jimai \/ alg\u0173 mok\u0117jimai \/ kiti mok\u0117jimai tiek\u0117jui<\/h3>\n<p>Spustel\u0117j\u0119 \u201e+\u201c mygtuk\u0105, atversite nauj\u0105 lang\u0105:<\/p>\n<p><img loading=\"lazy\" decoding=\"async\" class=\"alignnone wp-image-6874\" src=\"https:\/\/www.erplybooks.com\/wp-content\/uploads\/2018\/01\/Capture1-300x201.png\" alt=\"\" width=\"414\" height=\"277\" srcset=\"https:\/\/www.erplybooks.com\/wp-content\/uploads\/2018\/01\/Capture1-300x201.png 300w, https:\/\/www.erplybooks.com\/wp-content\/uploads\/2018\/01\/Capture1.png 359w\" sizes=\"auto, (max-width: 414px) 100vw, 414px\" \/><\/p>\n<p>\u012eveskite sum\u0105 ir tiek\u0117jo, kuriam norite atlikti mok\u0117jim\u0105, pavadinim\u0105 arba prid\u0117kite nauj\u0105 mok\u0117jim\u0105.<\/p>\n<h2>3. Apmok\u0117tos s\u0105skaitos fakt\u016bros \u017eym\u0117jimas<\/h2>\n<p><strong>Pastaba: naudokite tai tik tada, kai nenaudojate \u201eMok\u0117jimas patvirtintas ir i\u0161si\u0173stas \u012f bank\u0105\u201c proceso ir importo i\u0161 banko. <\/strong><\/p>\n<p>Parsisiunt\u0119 mok\u0117jimo fail\u0105, meniu apa\u010dioje matysite nauj\u0105 mygtuk\u0105 \u201e\u017dym\u0117ti kaip apmok\u0117ta\u201c. Kad \u0161i\u0173 s\u0105skait\u0173 statusas b\u016bt\u0173 \u201eapmok\u0117ta\u201c, spustel\u0117kite \u0161\u012f mygtuk\u0105. Pagal numatytuosius nustatymus, ERPLY Books ne\u017eym\u0117s \u0161i\u0173 s\u0105skait\u0173 fakt\u016br\u0173 kaip apmok\u0117t\u0173. Taigi, tai priklauso nuo kliento: nor\u0117dami, kad \u0161ios s\u0105skaitos fakt\u016bros (kurias pasirinkote \u012ftraukti \u012f mok\u0117jimo fail\u0105) b\u016bt\u0173 pa\u017eym\u0117tos kaip apmok\u0117tos, spustel\u0117kite mygtuk\u0105. Rekomenduojame pasirinkti tas s\u0105skaitas fakt\u016bras, kurias apmok\u0117jote bankiniame importe. Mygtukas \u201e\u017dym\u0117ti kaip apmok\u0117ta\u201c \u2013 tik klientams.<\/p>\n<p><strong>Kokia paskyra naudojama?<\/strong><\/p>\n<p>Eikite \u012f \u201eNustatymai\u201c &gt; \u00a0\u201ePradiniai duomenys\u201c &gt; \u201eSistemos paskyros\u201c. Ten rasite paskyr\u0105 \u201eLaukiami pinigai\u201c, kur nustat\u0117te sistemos naudojam\u0105 s\u0105skait\u0105. J\u0105 galite pakeisti. Atlik\u0119 pakeitimus nepamir\u0161kite i\u0161saugoti.<\/p>\n<h2>4. Nuorodos numeris<\/h2>\n<p>Jei vienam tiek\u0117jui atlikote dvejus mok\u0117jimus, ta\u010diau tr\u016bko nuorodos numeri\u0173, sistema \u0161iuos du mok\u0117jimus sujungs. Taigi, vienu mok\u0117jimu apmok\u0117site dvi s\u0105skaitas fakt\u016bras. Apra\u0161ymas \u201e<em>1. s\u0105skaitos fakt\u016bros numeris, 2.s\u0105skaitos fakt\u016bros numeris<\/em>\u201c bus prid\u0117tas jums atlikus bankin\u012f mok\u0117jim\u0105 (kai nebus nuorodos numeri\u0173 ir mok\u0117jimai bus sujungiami).<\/p>\n<h2>DUK<\/h2>\n<p><strong>1. Kok\u012f mok\u0117jim\u0105 jau esu i\u0161siunt\u0119s \u012f bank\u0105?<\/strong><\/p>\n<p>Eikite \u012f \u201eNustatymai\u201c &gt; \u201eKonfig\u016bracija\u201c ir pa\u017eym\u0117kite varnele prie\u0161ais \u201ePakeisti s\u0105skaitos fakt\u016bros b\u016bsen\u0105 \u012f \u201eMok\u0117jimas patvirtintas ir i\u0161si\u0173stas \u012f bank\u0105\u201c, pildant mok\u0117jimo fail\u0105\u201c. Jei esate prid\u0117j\u0119 taisykl\u0119, tuomet bus sekama, kokios s\u0105skaitos fakt\u016bros siun\u010diamos \u012f bank\u0105.<br \/>\nSudarius pirkimo s\u0105skait\u0105 fakt\u016br\u0105, pagal numatytuosius nustatymus ji \u201enepatvirtinta\u201c.<\/p>\n<p>Procesas:<\/p>\n<ul>\n<li>Galite pakeisti b\u016bsen\u0105, atv\u0117r\u0119 mok\u0117jimo s\u0105skait\u0105 fakt\u016br\u0105.<\/li>\n<li>Galite atlikti masinius pakeitimus, nu\u0117j\u0119 \u012f \u201eAtaskaitos\u201c &gt; \u201ePirkimo s\u0105skaitos fakt\u016bros\u201c, pasirink\u0119 norimas pirkimo s\u0105skaitas fakt\u016bras ir spustel\u0117j\u0119 \u201ePatvirtinti\u201c.<\/li>\n<li>Patvirtintas s\u0105skaitas fakt\u016bras galite rasti \u201eAtviros mok\u0117tinos sumos\u201c.<\/li>\n<li>Eikite \u012f \u201eNustatymai\u201c &gt; \u201eKonfig\u016bracija\u201c ir pa\u017eym\u0117kite varnele \u201ePakeisti s\u0105skaitos fakt\u016bros b\u016bsen\u0105 \u012f \u201eMok\u0117jimas patvirtintas ir i\u0161si\u0173stas \u012f bank\u0105\u201c, pildant mok\u0117jimo fail\u0105\u201c. Jums prid\u0117jus mok\u0117jimo fail\u0105, sudarius s\u0105skait\u0105 fakt\u016br\u0105, programa automati\u0161kai pakei\u010dia dokumento b\u016bsen\u0105 \u012f \u201eMok\u0117jimas patvirtintas ir i\u0161si\u0173stas \u012f bank\u0105\u201c.<\/li>\n<li>Jei t\u0105 pa\u010di\u0105 s\u0105skait\u0105 fakt\u016br\u0105 reikia apmok\u0117ti dar kart\u0105 (ka\u017ekas nutiko mok\u0117jimo failui), atverkite reikiam\u0105 s\u0105skait\u0105 fakt\u016br\u0105 ir prid\u0117kite mok\u0117jim\u0105 rankiniu b\u016bdu.<\/li>\n<\/ul>\n<p><strong>2. Ar galiu sukonfig\u016bruoti mok\u0117jimo fail\u0105 pagal s\u0105skaitos fakt\u016bros i\u0161ra\u0161ymo dat\u0105, jei ji n\u0117ra \u0161ios dienos?<\/strong><\/p>\n<p>Kadangi tai \u012fmonei pridedamas nustatymas, j\u012f galite prid\u0117ti nu\u0117j\u0119 \u012f \u201eKonfig\u016bracija\u201c. Pa\u017eym\u0117kite varnele prie\u0161ais \u201eSukurti mok\u0117jimo fail\u0105 su apmok\u0117jimo termino data\u201c.<\/p>\n<p>Jums pasirinkus s\u0105skaitas fakt\u016bras pagal atviras mok\u0117tinas sumas, ERPLY Books kaip mok\u0117jimo dat\u0105 prid\u0117s pabaigos arba \u0161iandienos dat\u0105 (kai pabaigos data praeityje).<\/p>\n<p>Pastaba: jei vienam tiek\u0117jui skirti keli mok\u0117jimai su skirtingomis datomis, mok\u0117jimai bus atskiri, o ne vienas (tokie mok\u0117jimai nebus sud\u0117ti \u012f vien\u0105).<\/p>\n<p>&nbsp;<\/p>\n","protected":false},"excerpt":{"rendered":"<p>\u0160iame vadove paai\u0161kinami mok\u0117jimo failo ypatumai ir kaip juos i\u0161si\u0173sti \u012f bank\u0105. Pagal \u012fmon\u0117s taisykles, pasirinkite s\u0105skaitas fakt\u016bras, kurias turite sumok\u0117ti vien\u0105 kart\u0105 per dien\u0105, vien\u0105 kart\u0105 per savait\u0119, ar m\u0117nes\u012f. Tuomet patikrinkite mok\u0117jimo failo duomenis; prireikus pataisykite. Pasirinkite reikiam\u0105 mok\u0117jimo tip\u0105 ir parsisi\u0173skite mok\u0117jimo fail\u0105. Nuo \u0161iol galite parsisi\u0173sti \u0161\u012f fail\u0105 \u012f bank\u0105. \u0160iame [&hellip;]<\/p>\n","protected":false},"author":3,"featured_media":0,"parent":5728,"menu_order":0,"comment_status":"closed","ping_status":"closed","template":"","meta":{"_et_pb_use_builder":"","_et_pb_old_content":"","_et_gb_content_width":"","footnotes":""},"categories":[],"tags":[],"class_list":["post-6872","page","type-page","status-publish","hentry"],"_links":{"self":[{"href":"https:\/\/www.erplybooks.com\/lt\/wp-json\/wp\/v2\/pages\/6872","targetHints":{"allow":["GET"]}}],"collection":[{"href":"https:\/\/www.erplybooks.com\/lt\/wp-json\/wp\/v2\/pages"}],"about":[{"href":"https:\/\/www.erplybooks.com\/lt\/wp-json\/wp\/v2\/types\/page"}],"author":[{"embeddable":true,"href":"https:\/\/www.erplybooks.com\/lt\/wp-json\/wp\/v2\/users\/3"}],"replies":[{"embeddable":true,"href":"https:\/\/www.erplybooks.com\/lt\/wp-json\/wp\/v2\/comments?post=6872"}],"version-history":[{"count":0,"href":"https:\/\/www.erplybooks.com\/lt\/wp-json\/wp\/v2\/pages\/6872\/revisions"}],"up":[{"embeddable":true,"href":"https:\/\/www.erplybooks.com\/lt\/wp-json\/wp\/v2\/pages\/5728"}],"wp:attachment":[{"href":"https:\/\/www.erplybooks.com\/lt\/wp-json\/wp\/v2\/media?parent=6872"}],"wp:term":[{"taxonomy":"category","embeddable":true,"href":"https:\/\/www.erplybooks.com\/lt\/wp-json\/wp\/v2\/categories?post=6872"},{"taxonomy":"post_tag","embeddable":true,"href":"https:\/\/www.erplybooks.com\/lt\/wp-json\/wp\/v2\/tags?post=6872"}],"curies":[{"name":"wp","href":"https:\/\/api.w.org\/{rel}","templated":true}]}}