{"id":6249,"date":"2017-11-20T06:42:48","date_gmt":"2017-11-20T06:42:48","guid":{"rendered":"http:\/\/www.erplybooks.com\/?page_id=6249\/"},"modified":"2018-03-22T23:09:36","modified_gmt":"2018-03-22T23:09:36","slug":"saskaitu-fakturu-siuntimas-el-pastu-erply-books","status":"publish","type":"page","link":"https:\/\/www.erplybooks.com\/lt\/vadovas\/saskaitu-fakturu-siuntimas-el-pastu-erply-books\/","title":{"rendered":"S\u0105skait\u0173-fakt\u016br\u0173 siuntimas el. pa\u0161tu ERPLY Books"},"content":{"rendered":"<p>\u0160i instrukcija paai\u0161kina kaip si\u0173sti s\u0105skaitas-fakt\u016bras ERPLY Books ir kaip pakeisti siun\u010diamo el. lai\u0161ko turin\u012f. Si\u0173sdami lai\u0161kus J\u016bs taip pat galite naudoti kitas el. pa\u0161to paslaugas (Gmail t.t), jeigu J\u016bs atsisiun\u010diate s\u0105skait\u0105-fakt\u016br\u0105 i\u0161 ERPLY Books \u012f savo kompiuter\u012f ir pridedate j\u0105 prie lai\u0161ko.<\/p>\n<h2>Kur gal\u0117\u010diau nusi\u0173sti s\u0105skaitas-fakt\u016bras ERPLY Books?<\/h2>\n<p>J\u016bs galite si\u0173sti s\u0105skaitas-fakt\u016bras el. pa\u0161tu keliais b\u016bdais:<\/p>\n<ol>\n<li>Atidarykite norim\u0105 s\u0105skait\u0105-fakt\u016br\u0105 ir paspauskite voko \u017eenkliuk\u0105 apatin\u0117je puslapio eilut\u0117je. \u0160iuo b\u016bdu j\u016bs galite tiesiogiai keisti el. lai\u0161ko turin\u012f ir sistema jums prane\u0161 (apatiniame de\u0161iniajame kampe pasirodys nedidelis langelis), kai s\u0105skaita fakt\u016bra bus i\u0161si\u0173sta klientui el. pa\u0161tu.<\/li>\n<\/ol>\n<p><img loading=\"lazy\" decoding=\"async\" class=\"alignnone wp-image-6250\" src=\"https:\/\/www.erplybooks.com\/wp-content\/uploads\/2017\/11\/Capture42-300x160.png\" alt=\"\" width=\"739\" height=\"394\" srcset=\"https:\/\/www.erplybooks.com\/wp-content\/uploads\/2017\/11\/Capture42-300x160.png 300w, https:\/\/www.erplybooks.com\/wp-content\/uploads\/2017\/11\/Capture42-768x409.png 768w, https:\/\/www.erplybooks.com\/wp-content\/uploads\/2017\/11\/Capture42.png 1023w\" sizes=\"auto, (max-width: 739px) 100vw, 739px\" \/><\/p>\n<ol start=\"2\">\n<li>Pajamos\u2192Neapmok\u0117tos pardavimo s\u0105skaitos-fakt\u016bros\u2192 Neapmok\u0117tos pardavimo s\u0105skaitos-fakt\u016bros, pa\u017eym\u0117kite s\u0105skaitas-fakt\u016bras, kurias norite pasirinkti ir paspauskite \u201cdaugiau\u201d apatiniame langelyje\u2192 si\u0173sti el.lai\u0161k\u0105. \u0160iuo b\u016bdu el.lai\u0161kas bus nusi\u0173stas tiesiai klientui.<\/li>\n<\/ol>\n<h1><img loading=\"lazy\" decoding=\"async\" class=\"alignnone wp-image-6251\" src=\"https:\/\/www.erplybooks.com\/wp-content\/uploads\/2017\/11\/Capture43-300x163.png\" alt=\"\" width=\"756\" height=\"411\" srcset=\"https:\/\/www.erplybooks.com\/wp-content\/uploads\/2017\/11\/Capture43-300x163.png 300w, https:\/\/www.erplybooks.com\/wp-content\/uploads\/2017\/11\/Capture43-768x417.png 768w, https:\/\/www.erplybooks.com\/wp-content\/uploads\/2017\/11\/Capture43-1024x556.png 1024w, https:\/\/www.erplybooks.com\/wp-content\/uploads\/2017\/11\/Capture43.png 1284w\" sizes=\"auto, (max-width: 756px) 100vw, 756px\" \/><\/h1>\n<p><strong>Jeigu gaunate prane\u0161im\u0105 apie klaid\u0105, kuris prane\u0161a, <\/strong>kad klientui n\u0117ra priskirtas el. pa\u0161to adresas, tuomet j\u016bs pirmiausia turite nueiti \u012f puslap\u012f Pajamos\u00ad \u2192Kontaktai ir prid\u0117ti teising\u0105 el.pa\u0161to adres\u0105 klientui ( paspaud\u0119 \u201ci\u201d \u017eenkliuk\u0105, kuris yra prie\u0161 kliento vard\u0105, J\u016bs galite gaut\u012f informacij\u0105 apie kliento kortel\u0119. Atlik\u0119 pakeitimus, nepamir\u0161kite juos i\u0161saugoti.)<\/p>\n<p><img loading=\"lazy\" decoding=\"async\" class=\"alignnone wp-image-6252\" src=\"https:\/\/www.erplybooks.com\/wp-content\/uploads\/2017\/11\/Capture44-300x116.png\" alt=\"\" width=\"745\" height=\"288\" srcset=\"https:\/\/www.erplybooks.com\/wp-content\/uploads\/2017\/11\/Capture44-300x116.png 300w, https:\/\/www.erplybooks.com\/wp-content\/uploads\/2017\/11\/Capture44.png 665w\" sizes=\"auto, (max-width: 745px) 100vw, 745px\" \/><\/p>\n<ol start=\"3\">\n<li><strong>Pajamos<\/strong>\u2192Neapmok\u0117tos pardavimo s\u0105skaitos-fakt\u016bros\u2192Pardavim\u0173 ataskaita (viskas tas pats kaip ir ankstesniame pavyzdyje).<\/li>\n<\/ol>\n<h2>Kur galiu pakeisti el. lai\u0161ko turin\u012f?<\/h2>\n<p>J\u016bs galite keisti el.lai\u0161ko, i\u0161si\u0173sto su s\u0105skaita-fakt\u016bra, turin\u012f, paspaud\u0119 Nustatymai\u2192Forma (Configuration), langelyje \u201c S\u0105skaitos-fakt\u016bros siuntimo el. pa\u0161tu tekstas\u201d. Pagal numatytuosius nustatymus s\u0105skaitos-fakt\u016bros el. lai\u0161ko tekstas yra: s\u0105skaita- fakt\u016bra, PDF: (su nuoroda \u012f s\u0105skaitos-fakt\u016bros PDF format\u0105) ir Link (su HTML nuoroda \u012f s\u0105skaitos-fakt\u016br\u0105). S\u0105skaitos-fakt\u016bros el. lai\u0161ko tekste galite prid\u0117ti savo tekst\u0105 ar konkre\u010dius parametrus \u012fterptus kaip HTML kod\u0105, kuriuos sistema prid\u0117s \u012f el. lai\u0161ko turin\u012f.<\/p>\n<h1><img loading=\"lazy\" decoding=\"async\" class=\"alignnone wp-image-6253\" src=\"https:\/\/www.erplybooks.com\/wp-content\/uploads\/2017\/11\/Capture45-300x155.png\" alt=\"\" width=\"732\" height=\"378\" srcset=\"https:\/\/www.erplybooks.com\/wp-content\/uploads\/2017\/11\/Capture45-300x155.png 300w, https:\/\/www.erplybooks.com\/wp-content\/uploads\/2017\/11\/Capture45-768x397.png 768w, https:\/\/www.erplybooks.com\/wp-content\/uploads\/2017\/11\/Capture45-1024x529.png 1024w, https:\/\/www.erplybooks.com\/wp-content\/uploads\/2017\/11\/Capture45.png 1173w\" sizes=\"auto, (max-width: 732px) 100vw, 732px\" \/><\/h1>\n<p>K\u0105 galima prid\u0117ti prie s\u0105skaitos- fakt\u016bros el. lai\u0161ko teksto?<\/p>\n<p>Jeigu J\u016bs nenorite naudoti numatytojo turinio, J\u016bs galite prid\u0117ti norim\u0105 tekst\u0105 (tai gali b\u016bti, pavyd\u017eiui, para\u0161as) ar konkre\u010dius parametrus, kuriuos sistema naudoja nor\u0117dama prid\u0117ti konkre\u010dias vertes \u012f tekst\u0105. Parametrai, kuriuos galite naudoti, yra:<\/p>\n<ol>\n<li>|USER|- prid\u0117ti siunt\u0117jo vard\u0105<\/li>\n<li>|NUMBER|- prid\u0117ti s\u0105skaitos-fakt\u016bros numer\u012f<\/li>\n<li>|CUSTOMER|- prid\u0117ti kliento vard\u0105<\/li>\n<li>|HTML_LINK|- prid\u0117ti HTML nuorod\u0105<\/li>\n<li>|PDF_LINK|- prid\u0117ti s\u0105skaitos-fakt\u016bros PDF nuorod\u0105<\/li>\n<li>|EINVOICE_LINK|- prid\u0117ti el.- s\u0105skaitos- fakt\u016bros nuorod\u0105<\/li>\n<li>|USERNAME|- prid\u0117ti vartotojo el. pa\u0161t\u0105.<\/li>\n<\/ol>\n<p>Be to, kadangi el. lai\u0161ko tekstas yra HTML kodas, J\u016bs galite naudoti visas HTML galimybes:<\/p>\n<ol>\n<li>&lt;br&gt;&lt;br&gt;- palieka tu\u0161\u010di\u0105 eilut\u0119 tarp dviej\u0173 parametr\u0173\/\u017eod\u017ei\u0173<\/li>\n<li>&lt;br&gt;- paskirsto dvi vertes \u012f skirtingas eilutes elektroniame lai\u0161ke (nepalieka tarp j\u0173 tu\u0161\u010dios eilut\u0117s)<\/li>\n<li>&#8230;<\/li>\n<\/ol>\n","protected":false},"excerpt":{"rendered":"<p>\u0160i instrukcija paai\u0161kina kaip si\u0173sti s\u0105skaitas-fakt\u016bras ERPLY Books ir kaip pakeisti siun\u010diamo el. lai\u0161ko turin\u012f. Si\u0173sdami lai\u0161kus J\u016bs taip pat galite naudoti kitas el. pa\u0161to paslaugas (Gmail t.t), jeigu J\u016bs atsisiun\u010diate s\u0105skait\u0105-fakt\u016br\u0105 i\u0161 ERPLY Books \u012f savo kompiuter\u012f ir pridedate j\u0105 prie lai\u0161ko. Kur gal\u0117\u010diau nusi\u0173sti s\u0105skaitas-fakt\u016bras ERPLY Books? J\u016bs galite si\u0173sti s\u0105skaitas-fakt\u016bras el. pa\u0161tu [&hellip;]<\/p>\n","protected":false},"author":3,"featured_media":0,"parent":5728,"menu_order":15,"comment_status":"closed","ping_status":"closed","template":"","meta":{"_et_pb_use_builder":"","_et_pb_old_content":"","_et_gb_content_width":"","footnotes":""},"categories":[],"tags":[],"class_list":["post-6249","page","type-page","status-publish","hentry"],"_links":{"self":[{"href":"https:\/\/www.erplybooks.com\/lt\/wp-json\/wp\/v2\/pages\/6249","targetHints":{"allow":["GET"]}}],"collection":[{"href":"https:\/\/www.erplybooks.com\/lt\/wp-json\/wp\/v2\/pages"}],"about":[{"href":"https:\/\/www.erplybooks.com\/lt\/wp-json\/wp\/v2\/types\/page"}],"author":[{"embeddable":true,"href":"https:\/\/www.erplybooks.com\/lt\/wp-json\/wp\/v2\/users\/3"}],"replies":[{"embeddable":true,"href":"https:\/\/www.erplybooks.com\/lt\/wp-json\/wp\/v2\/comments?post=6249"}],"version-history":[{"count":0,"href":"https:\/\/www.erplybooks.com\/lt\/wp-json\/wp\/v2\/pages\/6249\/revisions"}],"up":[{"embeddable":true,"href":"https:\/\/www.erplybooks.com\/lt\/wp-json\/wp\/v2\/pages\/5728"}],"wp:attachment":[{"href":"https:\/\/www.erplybooks.com\/lt\/wp-json\/wp\/v2\/media?parent=6249"}],"wp:term":[{"taxonomy":"category","embeddable":true,"href":"https:\/\/www.erplybooks.com\/lt\/wp-json\/wp\/v2\/categories?post=6249"},{"taxonomy":"post_tag","embeddable":true,"href":"https:\/\/www.erplybooks.com\/lt\/wp-json\/wp\/v2\/tags?post=6249"}],"curies":[{"name":"wp","href":"https:\/\/api.w.org\/{rel}","templated":true}]}}