{"id":6227,"date":"2017-11-15T09:11:15","date_gmt":"2017-11-15T09:11:15","guid":{"rendered":"http:\/\/www.erplybooks.com\/?page_id=6227\/"},"modified":"2018-03-22T15:16:06","modified_gmt":"2018-03-22T15:16:06","slug":"priminimai-apie-neapmoketas-pardavimo-saskaitas-fakturas-erply-books","status":"publish","type":"page","link":"https:\/\/www.erplybooks.com\/lt\/vadovas\/priminimai-apie-neapmoketas-pardavimo-saskaitas-fakturas-erply-books\/","title":{"rendered":"Priminimai apie neapmok\u0117tas pardavimo s\u0105skaitas-fakt\u016bras ERPLY Books"},"content":{"rendered":"<p>Priminim\u0173 apie neapmok\u0117tas pardavimo s\u0105skaitas-fakt\u016bras siuntimas klientams gali atimti gana daug laiko. ERPLY Books pavyko automatizuoti \u0161\u012f proces\u0105 dideliu mastu. Priminim\u0173 siuntimas nebeatima tiek daug laiko kiek anks\u010diau. Kai patobulinome \u0161\u012f modul\u012f, mes atkreip\u0117me d\u0117mes\u012f \u012f kelis praktinius sprendimus. Pavyzd\u017eiui, siun\u010diant priminimus visiems skolininkams vienu metu ir skirtingiems skolininkams pagal datas, projektus ar klientus. Jums tereikia laikytis \u0161i\u0173 etap\u0173, o laiko s\u0105naudos tampa minimalios.<\/p>\n<h2>Laiku neapmok\u0117tos pardavimo s\u0105skaitos-fakt\u016bros<\/h2>\n<p>Pirmas \u017eingsnis yra surasti laiku neapmok\u0117tas s\u0105skaitas-fakt\u016bras. Geriausias b\u016bdas surasti laiku neapmok\u0117tas s\u0105skaitas-fakt\u016bras yra: Ataskait\u0173 langas \u2192Pajamos \u2192Pirk\u0117j\u0173 ataskaita.<\/p>\n<p>Paspaudus \u2018<strong>Pirk\u0117j\u0173 ataskaita\u2019 <\/strong>atsidaro modulis \u2018<strong>Senos s\u0105skaitos-fakt\u016bros\u2019 (<\/strong>\u2018<strong>Aged receivables\u2019). <\/strong>Programa rodo visas laiku neapmok\u0117tas s\u0105skaitas-fakt\u016bras. Jei reikia, galite specifikuoti s\u0105skait\u0173 fakt\u016br\u0173 s\u0105ra\u0161\u0105. Tai rei\u0161kia, kad vartotojas gali atskirti s\u0105skaitas-fakt\u016bras pagal datas, kliento vard\u0105 ar projektus.<\/p>\n<h3><img loading=\"lazy\" decoding=\"async\" class=\"alignnone wp-image-6228\" src=\"https:\/\/www.erplybooks.com\/wp-content\/uploads\/2017\/11\/Capture40-300x163.png\" alt=\"\" width=\"661\" height=\"359\" srcset=\"https:\/\/www.erplybooks.com\/wp-content\/uploads\/2017\/11\/Capture40-300x163.png 300w, https:\/\/www.erplybooks.com\/wp-content\/uploads\/2017\/11\/Capture40-768x417.png 768w, https:\/\/www.erplybooks.com\/wp-content\/uploads\/2017\/11\/Capture40-1024x555.png 1024w, https:\/\/www.erplybooks.com\/wp-content\/uploads\/2017\/11\/Capture40.png 1298w\" sizes=\"auto, (max-width: 661px) 100vw, 661px\" \/><\/h3>\n<p><strong>Pirmiausia, J\u016bs turite pa\u017eym\u0117ti klientus, su kuriais norite bendrauti.<\/strong> \u0160iuo atveju, prid\u0117kite \u2018varnel\u0119\u2019 prie\u0161ais s\u0105skaitas-fakt\u016bras. Atidarius \u201eEksportuoti\u201c i\u0161skleid\u017eiam\u0105j\u012f meniu, programin\u0117 \u012franga leid\u017eia Jums pasirinkti vien\u0105 i\u0161 \u0161i\u0173 parink\u010di\u0173: el.lai\u0161kas, HTML, PDF, Excel, CSV. Kai keliate atitinkamas s\u0105skaitas \u012f HTML ar PDF format\u0105, atsidaro galimyb\u0117 atsispausdinti vis\u0105 laiku neapmok\u0117t\u0173 s\u0105skait\u0173-fakt\u016br\u0173 ataskait\u0105. Pasirinkus el.lai\u0161k\u0105 galima lengvai nusi\u0173sti ataskait\u0105 \u012f Excel. CSV perk\u0117limas rei\u0161kia, kad galite atsisi\u0173sti ataskait\u0105 \u012f savo kompiuter\u012f atitinkamais formatais (xlsx arba csv).<\/p>\n<p>Paspaudus <strong>Spausdinti &amp; Si\u0173sti <\/strong>atsidaro i\u0161skleid\u017eiamasis meniu, kuriame yra tokios parinktys kaip:<\/p>\n<ul>\n<li>PDF Apmok\u0117jimo priminimas- programin\u0117 \u012franga atsiun\u010dia PDF fail\u0105 apie mok\u0117jimo priminim\u0105.<\/li>\n<li>PDF Pa\u017eyma apie likut\u012f- programin\u0117 \u012franga atsiun\u010dia pa\u017eymos apie likut\u012f PDF fail\u0105.<\/li>\n<li>lai\u0161kas Apmok\u0117jimo priminimas- programin\u0117 \u012franga klientui siun\u010dia el. lai\u0161k\u0105 su mok\u0117jimo priminimu.<\/li>\n<li>lai\u0161kas Pa\u017eyma apie likut\u012f &#8211; programin\u0117 \u012franga siun\u010dia klientui el. lai\u0161k\u0105 su pa\u017eyma apie likut\u012f.<\/li>\n<\/ul>\n<p><img loading=\"lazy\" decoding=\"async\" class=\"alignnone wp-image-6229\" src=\"https:\/\/www.erplybooks.com\/wp-content\/uploads\/2017\/11\/Capture41-300x162.png\" alt=\"\" width=\"696\" height=\"376\" srcset=\"https:\/\/www.erplybooks.com\/wp-content\/uploads\/2017\/11\/Capture41-300x162.png 300w, https:\/\/www.erplybooks.com\/wp-content\/uploads\/2017\/11\/Capture41-768x416.png 768w, https:\/\/www.erplybooks.com\/wp-content\/uploads\/2017\/11\/Capture41-1024x554.png 1024w, https:\/\/www.erplybooks.com\/wp-content\/uploads\/2017\/11\/Capture41.png 1297w\" sizes=\"auto, (max-width: 696px) 100vw, 696px\" \/><\/p>\n<ul>\n<li>Paspaudus \u201ci\u201d \u017eenkliuk\u0105, atsidarys langas, kuriame gal\u0117site keisti arba prid\u0117ti vis\u0105 su klientu susijusi\u0105 informacij\u0105 ( bendrus duomenis, kontaktinius duomenis, banko duomenis);<\/li>\n<li>Paspaudus telefono \u017eenkliuk\u0105, programin\u0117 \u012franga rodys kliento telefono numer\u012f. Taip pat yra galimyb\u0117 prid\u0117ti pastabas apie skambut\u012f. Pavyzd\u017eiui, Klientas atsak\u0117\/neatsak\u0117; Klientas pa\u017ead\u0117jo sumok\u0117ti i\u0161 karto\/sumok\u0117ti per savait\u0119.<\/li>\n<li>Paspaud\u0119 voko \u017eenkliuk\u0105, galite nusi\u0173sti klientui tam tikr\u0105 pa\u017eym\u0105 apie likut\u012f\/priminim\u0105. Nor\u0117damai i\u0161si\u0173sti el. lai\u0161kus J\u016bs turite b\u016bti i\u0161saugoj\u0119 klient\u0173 el. pa\u0161to adresus ERPLY Books. Papras\u010diausias b\u016bdas tai padaryti yra paspaudus \u201ci\u201d \u017eenkliuk\u0105 esant\u012f s\u0105skaitos-fakt\u016bros priekyje. Jeigu nesate klientui prid\u0117j\u0119 el. pa\u0161to adreso, programin\u0117 \u012franga si\u016blo sprendim\u0105 atsispausdinti pa\u017eym\u0105 apie likut\u012f\/ priminim\u0105 ir i\u0161si\u0173sti tai pa\u0161tu.<\/li>\n<\/ul>\n<p>ERPLY Books gali b\u016bti taikomi automatiniai apmok\u0117jimo priminimai. Tai galima padaryti, sukuriant atitinkamus nustatymus.<\/p>\n<ul>\n<li>lai\u0161ko pavadinimas &#8211; pagal tai sistema sukurs el. lai\u0161ko pavadinim\u0105. NB: Sistema gale lai\u0161ko automati\u0161kai prid\u0117s \u012fmon\u0117s pavadinim\u0105!<\/li>\n<li>lai\u0161ko turinys &#8211; el. lai\u0161ko turinys html formatu.<\/li>\n<li>Ataskaitos tipas &#8211; klientoLikutis arba klientoPriminimas. Pirmasis yra pa\u017eyma apie likut\u012f, o antrasis yra priminimas.<\/li>\n<li>Pav\u0117luotos dienos &#8211; minimalus dien\u0173 skai\u010dius, per kurias s\u0105skaitos-fakt\u016bros apmok\u0117jimas turi b\u016bti atliktas. \u0160is skai\u010dius bus apskai\u010diuotas taikant \u0161\u012f metod\u0105:\n<ul>\n<li>jeigu klientas turi vien\u0105 laiku neapmok\u0117t\u0105 s\u0105skait\u0105-fakt\u016br\u0105, tuomet bus skai\u010diuojamos \u0161ios s\u0105skaitos-fakt\u016bros pav\u0117luotos dienos.<\/li>\n<li>jeigu klientas turi kelet\u0105 laiku neapmok\u0117t\u0173 s\u0105skait\u0173-fakt\u016br\u0173, tuomet bus apskai\u010diuojama pagal s\u0105skait\u0105-fakt\u016bra, kuri buvo ma\u017eiausiai u\u017edelsta apmok\u0117ti.<\/li>\n<\/ul>\n<\/li>\n<li>Dienos nuo paskutinio prane\u0161imo- galite nustatyti kas kiek laiko si\u0173sti nauj\u0105 prane\u0161im\u0105. Pavyzd\u017eiui, jeigu J\u016bs kasdien siun\u010diate klientui nauj\u0105 s\u0105skait\u0105-fakt\u016br\u0105 ir jis n\u0117 vienos i\u0161 j\u0173 neapmoka, jis kiekvien\u0105 dien\u0105 gaus nauj\u0105 prane\u0161im\u0105 (su tuo pa\u010diu tekstu). Esant tokiai situacijai b\u016bt\u0173 protinga nustatyti \u2018dien\u0173 atid\u0117jimo\u2019 interval\u0105 ma\u017eiausiai +1. \u0160iuo atveju, klientas negaus naujo prane\u0161imo kiekvien\u0105 dien\u0105. Taigi, tai labai svarbu, jeigu J\u016bs norite i\u0161si\u0173sti klientui ma\u017eiausiai du skirtingus priminim\u0173 tipus.<\/li>\n<li>U\u017eblokuoti klientus \u2013 taip, jeigu norite u\u017eblokuoti klientus ERPLY POS &amp; Inventory.<\/li>\n<li>Minimali skola &#8211; galimyb\u0117 i\u0161vengti prane\u0161im\u0173 siuntimo klientams, kuri\u0173 skola \u017eemiau vidurkio<\/li>\n<li>Nesi\u0173sti klientams su i\u0161ankstiniu apmok\u0117jiimu \u2013 galimyb\u0117 prid\u0117ti s\u0105lyg\u0105 nesi\u0173sti prane\u0161im\u0173 klientams, kurie turi i\u0161ankstin\u012f apmok\u0117jim\u0105, kuris skiriasi nuo nulio. Tai rei\u0161kia, kad J\u016bs pirmiausia turite sureguliuoti \u0161io kliento duomenis prie\u0161 programinei \u012frangai pradedant si\u0173sti jam prane\u0161imus.<\/li>\n<\/ul>\n","protected":false},"excerpt":{"rendered":"<p>Priminim\u0173 apie neapmok\u0117tas pardavimo s\u0105skaitas-fakt\u016bras siuntimas klientams gali atimti gana daug laiko. ERPLY Books pavyko automatizuoti \u0161\u012f proces\u0105 dideliu mastu. Priminim\u0173 siuntimas nebeatima tiek daug laiko kiek anks\u010diau. Kai patobulinome \u0161\u012f modul\u012f, mes atkreip\u0117me d\u0117mes\u012f \u012f kelis praktinius sprendimus. Pavyzd\u017eiui, siun\u010diant priminimus visiems skolininkams vienu metu ir skirtingiems skolininkams pagal datas, projektus ar klientus. Jums [&hellip;]<\/p>\n","protected":false},"author":3,"featured_media":0,"parent":5728,"menu_order":13,"comment_status":"closed","ping_status":"closed","template":"","meta":{"_et_pb_use_builder":"","_et_pb_old_content":"","_et_gb_content_width":"","footnotes":""},"categories":[],"tags":[],"class_list":["post-6227","page","type-page","status-publish","hentry"],"_links":{"self":[{"href":"https:\/\/www.erplybooks.com\/lt\/wp-json\/wp\/v2\/pages\/6227","targetHints":{"allow":["GET"]}}],"collection":[{"href":"https:\/\/www.erplybooks.com\/lt\/wp-json\/wp\/v2\/pages"}],"about":[{"href":"https:\/\/www.erplybooks.com\/lt\/wp-json\/wp\/v2\/types\/page"}],"author":[{"embeddable":true,"href":"https:\/\/www.erplybooks.com\/lt\/wp-json\/wp\/v2\/users\/3"}],"replies":[{"embeddable":true,"href":"https:\/\/www.erplybooks.com\/lt\/wp-json\/wp\/v2\/comments?post=6227"}],"version-history":[{"count":0,"href":"https:\/\/www.erplybooks.com\/lt\/wp-json\/wp\/v2\/pages\/6227\/revisions"}],"up":[{"embeddable":true,"href":"https:\/\/www.erplybooks.com\/lt\/wp-json\/wp\/v2\/pages\/5728"}],"wp:attachment":[{"href":"https:\/\/www.erplybooks.com\/lt\/wp-json\/wp\/v2\/media?parent=6227"}],"wp:term":[{"taxonomy":"category","embeddable":true,"href":"https:\/\/www.erplybooks.com\/lt\/wp-json\/wp\/v2\/categories?post=6227"},{"taxonomy":"post_tag","embeddable":true,"href":"https:\/\/www.erplybooks.com\/lt\/wp-json\/wp\/v2\/tags?post=6227"}],"curies":[{"name":"wp","href":"https:\/\/api.w.org\/{rel}","templated":true}]}}