{"id":6224,"date":"2017-11-15T09:02:04","date_gmt":"2017-11-15T09:02:04","guid":{"rendered":"http:\/\/www.erplybooks.com\/?page_id=6224\/"},"modified":"2018-03-22T14:51:49","modified_gmt":"2018-03-22T14:51:49","slug":"pirkimu-ir-pardavimu-prekespaslaugos-erply-books","status":"publish","type":"page","link":"https:\/\/www.erplybooks.com\/lt\/vadovas\/pirkimu-ir-pardavimu-prekespaslaugos-erply-books\/","title":{"rendered":"Pirkim\u0173 ir pardavim\u0173 prek\u0117s\/paslaugos ERPLY Books"},"content":{"rendered":"<p>Prek\u0117\/paslauga ERPLY Books yra parametras\/atributas, kuris dirba s\u0105skaitos-fakt\u016bros modulyje. \u00a0Galima sujungti pajam\u0173, s\u0105naud\u0173, ilgalaikio turto s\u0105skaitas su prek\u0117mis\/paslaugomis. Be to, j\u016bs galite nustatyti, ar tai yra pirkimo ar pardavimo s\u0105skaitos-fakt\u016bros prek\u0117\/paslauga. J\u016bs galite rasti prekes\/paslaugas <strong>\u201cPardavimai\u201d\/\u201cPirkimai\u201d &gt; \u201c<\/strong><strong>Pirkim\u0173 ir pardavim\u0173 prek\u0117s\/paslaugos\u201d.<\/strong> Kai atidarysite \u0161\u012f modul\u012f, antra\u0161t\u0117je j\u016bs gal\u0117site ie\u0161koti prek\u0117s\/paslaugos pagal pavadinim\u0105, tip\u0105 (pagaminta produkcija, ilgalaikis turtas, paslauga) ir pasirinkti, k\u0105 rodyti (rodyti visk\u0105, prek\u0117s\/paslaugos pardavim\u0173 s\u0105skaitoje-fakt\u016broje, prek\u0117s\/paslaugos pirkim\u0173 s\u0105skaitoje-fakt\u016broje).<\/p>\n<p><strong>Prek\u0117s\/paslaugos tipai<\/strong>:<\/p>\n<ul>\n<li><strong>Pagaminta produkcija<\/strong> \u2013 prek\u0117s\/paslaugos, kurios yra susijusios su atsarg\u0173 produktais.<\/li>\n<li><strong>Ilgalaikis turtas<\/strong> &#8211; prek\u0117s\/paslaugos, kurios yra susijusios su ilgalaikiu turtu.<\/li>\n<li><strong>Paslaugos<\/strong> &#8211; prek\u0117s\/paslaugos, kurios yra susijusios su paslaugomis ir nesand\u0117liniais produktais.<\/li>\n<\/ul>\n<p>J\u016bs galite prid\u0117ti naujas prekes\/paslaugas paspaud\u0119 \u201c<strong>+<\/strong>\u201d mygtuk\u0105. Tai atvers prek\u0117s\/paslaugos kortel\u0119, kurioje j\u016bs gal\u0117site u\u017epildyti reikiam\u0105 informacij\u0105. Jeigu j\u016bs jau esate prid\u0117j\u0119 prek\u0119\/paslaug\u0105, ta\u010diau norite pakeisti informacij\u0105, tuomet paspauskite ant reikiamos prek\u0117s\/paslaugos, o tada ant \u201cPrek\u0117s\/paslaugos Kortel\u0117s\u201d mygtuko, arba j\u016bs galite pakeisti informacij\u0105 prek\u0117s\/paslaugos eilut\u0117je.<\/p>\n<p><strong>Prek\u0117s\/paslaugos filtrai:<\/strong><\/p>\n<ul>\n<li>Pavadinimas- Prek\u0117s\/Paslaugos pavadinimas<\/li>\n<li>Prek\u0117\/Paslauga pardavim\u0173 s\u0105skaitoje-fakt\u016broje &#8211; Prek\u0117s\/Paslaugos, kurios yra pardavim\u0173 s\u0105skaitoje- fakt\u016broje.<\/li>\n<li>Prek\u0117\/Paslauga pirkim\u0173 s\u0105skaitoje-fakt\u016broje \u2013 Prek\u0117s\/Paslaugos, kurios yra pirkim\u0173 s\u0105skaitoje-fakt\u016broje<\/li>\n<li>Kodas &#8211; galite naudoti \u0161\u012f parametr\u0105 paie\u0161kai.<\/li>\n<li>Vienetas \u2013 kg, km, dalis ir t.t.<\/li>\n<li>S\u0105naud\u0173 S\u0105skaita \u2013 S\u0105naud\u0173 s\u0105skaita taikoma \u0161iai prekei\/paslaugai.<\/li>\n<li>Pajam\u0173 S\u0105skaita &#8211; Pajam\u0173 s\u0105skaita taikoma \u0161iai prekei\/paslaugai.<\/li>\n<li>Atsarg\u0173\/ Ilgalaiki\u0173 Turt\u0173 S\u0105skaita \u2013 J\u016bs galite prid\u0117ti tai prek\u0117s\/paslaugos kortel\u0117je. \u0160i s\u0105skaita bus prid\u0117ta prie pagamintos produkcijos ir ilgalaikio turto.<\/li>\n<li>Nusid\u0117v\u0117jimo S\u0105skaita \u2013 J\u016bs galite prid\u0117to tai prie ilgalaikio turto.<\/li>\n<li>Tipas &#8211; pagaminta produkcija, ilgalaikis turtas, paslauga.<\/li>\n<li>Bazin\u0117 Kaina \u2013 Pradin\u0117 kaina (neprivaloma)<\/li>\n<li>Antkainis \u2013 Papildomas Mokestis<\/li>\n<li>Kaina \u2013 Kaina su papildomu mokes\u010diu<\/li>\n<li>Mokestis \u2013 PVM %<\/li>\n<li>Turto naudojimo laikas m\u0117nesiais \u2013 ilgalaikio turto naudojimo laikas m\u0117nesiais.<\/li>\n<li>Apra\u0161ymas \u2013 Papildoma informacija<\/li>\n<li>D Kiek &#8211; Debeto kiekis<\/li>\n<li>K Kiek &#8211; Kredito kiekis<\/li>\n<\/ul>\n<p>I\u0161saugokite, kai prid\u0117site vis\u0105 reikiam\u0105 informacij\u0105.<\/p>\n<p>Jeigu norite i\u0161trinti prek\u0119\/paslaug\u0105, tuomet pasirinkite prek\u0119\/paslaug\u0105 ir spustel\u0117kite raudonos \u0161iuk\u0161liad\u0117\u017e\u0117s \u017eenkliuk\u0105. Tada patvirtinkite pa\u0161alinim\u0105 paspausdami \u201cTaip\u201d. Kai sukursite nauj\u0105 pirkimo ar pardavimo s\u0105skait\u0105 &#8211; fakt\u016br\u0105 ir naudosite esam\u0105 prek\u0119\/paslaug\u0105, tuomet informacija, kuri\u0105 prid\u0117jote prek\u0117s\/paslaugos modulyje, bus pateikta s\u0105skaitoje- fakt\u016broje (vienetas, pajam\u0173 ir s\u0105naud\u0173 s\u0105skaita, mokestis).<\/p>\n<p>Jeigu norite panaudoti prek\u0117s\/paslaugos apra\u0161ymus s\u0105skaitose-fakt\u016brose, tuomet eikite \u012f \u201cNustatymai\u201d &gt; \u201cForma (Configuration)\u201d ir pa\u017eym\u0117kite varnele prie \u201cNaudoti gaminio apra\u0161ymus s\u0105skaitose- fakt\u016brose?\u201d. Tada i\u0161saugokite ir atnaujinkite puslap\u012f. \u0160i funkcija rei\u0161kia, kad, pavyzd\u017eiui, jeigu j\u016bs turite prek\u0119 \u201ebiuro gaminiai\u201c, ir kai tai naudojate, j\u016bs galite prid\u0117ti papildom\u0105 apra\u0161ym\u0105 s\u0105skaitoje- fakt\u016broje, pavyzd\u017eiui, popierius, ra\u0161ikliai, knygos ir t.t&#8230; Jeigu neprid\u0117site \u0161ios funkcijos, tuomet j\u016bs gal\u0117site naudoti prek\u0119\/paslaug\u0105, bet apra\u0161ymo langelis nebus rodomas s\u0105skaitoje- fakt\u016broje.<\/p>\n<p>Kai nueisite \u012f \u201cAtaskaitos\u201d &gt; \u201cPrek\u0117s\/Paslaugos ataskaita\u201d, j\u016bs gal\u0117site matyti ataskait\u0105 apie pirkim\u0173 ir pardavim\u0173 prekes\/paslaugas. J\u016bs gal\u0117site matyti kada naudojote tam tikr\u0105 prek\u0119\/paslaug\u0105, su kuria s\u0105skaita-fakt\u016bra ir kas buvo tiek\u0117jas ir kt.<\/p>\n","protected":false},"excerpt":{"rendered":"<p>Prek\u0117\/paslauga ERPLY Books yra parametras\/atributas, kuris dirba s\u0105skaitos-fakt\u016bros modulyje. \u00a0Galima sujungti pajam\u0173, s\u0105naud\u0173, ilgalaikio turto s\u0105skaitas su prek\u0117mis\/paslaugomis. Be to, j\u016bs galite nustatyti, ar tai yra pirkimo ar pardavimo s\u0105skaitos-fakt\u016bros prek\u0117\/paslauga. J\u016bs galite rasti prekes\/paslaugas \u201cPardavimai\u201d\/\u201cPirkimai\u201d &gt; \u201cPirkim\u0173 ir pardavim\u0173 prek\u0117s\/paslaugos\u201d. Kai atidarysite \u0161\u012f modul\u012f, antra\u0161t\u0117je j\u016bs gal\u0117site ie\u0161koti prek\u0117s\/paslaugos pagal pavadinim\u0105, tip\u0105 (pagaminta produkcija, [&hellip;]<\/p>\n","protected":false},"author":3,"featured_media":0,"parent":5728,"menu_order":0,"comment_status":"closed","ping_status":"closed","template":"","meta":{"_et_pb_use_builder":"","_et_pb_old_content":"","_et_gb_content_width":"","footnotes":""},"categories":[],"tags":[],"class_list":["post-6224","page","type-page","status-publish","hentry"],"_links":{"self":[{"href":"https:\/\/www.erplybooks.com\/lt\/wp-json\/wp\/v2\/pages\/6224","targetHints":{"allow":["GET"]}}],"collection":[{"href":"https:\/\/www.erplybooks.com\/lt\/wp-json\/wp\/v2\/pages"}],"about":[{"href":"https:\/\/www.erplybooks.com\/lt\/wp-json\/wp\/v2\/types\/page"}],"author":[{"embeddable":true,"href":"https:\/\/www.erplybooks.com\/lt\/wp-json\/wp\/v2\/users\/3"}],"replies":[{"embeddable":true,"href":"https:\/\/www.erplybooks.com\/lt\/wp-json\/wp\/v2\/comments?post=6224"}],"version-history":[{"count":0,"href":"https:\/\/www.erplybooks.com\/lt\/wp-json\/wp\/v2\/pages\/6224\/revisions"}],"up":[{"embeddable":true,"href":"https:\/\/www.erplybooks.com\/lt\/wp-json\/wp\/v2\/pages\/5728"}],"wp:attachment":[{"href":"https:\/\/www.erplybooks.com\/lt\/wp-json\/wp\/v2\/media?parent=6224"}],"wp:term":[{"taxonomy":"category","embeddable":true,"href":"https:\/\/www.erplybooks.com\/lt\/wp-json\/wp\/v2\/categories?post=6224"},{"taxonomy":"post_tag","embeddable":true,"href":"https:\/\/www.erplybooks.com\/lt\/wp-json\/wp\/v2\/tags?post=6224"}],"curies":[{"name":"wp","href":"https:\/\/api.w.org\/{rel}","templated":true}]}}