{"id":6214,"date":"2017-11-15T08:57:37","date_gmt":"2017-11-15T08:57:37","guid":{"rendered":"http:\/\/www.erplybooks.com\/?page_id=6214\/"},"modified":"2018-03-22T23:16:23","modified_gmt":"2018-03-22T23:16:23","slug":"projektai-erply-books-programoje","status":"publish","type":"page","link":"https:\/\/www.erplybooks.com\/lt\/vadovas\/projektai-erply-books-programoje\/","title":{"rendered":"Projektai ERPLY Books programoje"},"content":{"rendered":"<p>\u0160ioje instrukcijoje ai\u0161kinama kaip naudotis projektais ERPLY Books programoje. ERPLY Boooks programoje projektas yra elementas, parametras, kuris veikia visuose moduliuose. Tai neb\u016btinai turi b\u016bti sand\u0117lys, tai gali b\u016bti atskiras darbuotojas, \u017emoni\u0173 grup\u0117, automobilis, produktas, miestas ir kt. Programoje galima naudoti projekt\u0173 hierarchij\u0105 \u2013 pagrindinis projektas gali jungti kitus ma\u017eesnius projektus.<\/p>\n<p>ERPLY Books programoje yra daug pasirinkimo variant\u0173. Pavyzd\u017eiui, galima susieti atskirus projektus su s\u0105skaitomis-fakt\u016bromis. Taip pat galima gauti \u012fvairias ataskaitas pasirenkant projektus ir leisti darbuotojams\u00a0 matyti projekto duomenis skirtus tik jiems.<\/p>\n<p>Puslap\u012f skirt\u0105 prid\u0117ti, keisti ir per\u017ei\u016br\u0117ti projektus galima rasti skiltyje Nustatymai \u2192 Pradiniai duomenys \u2192 Projektai.<\/p>\n<h2>1. S\u0105skait\u0173 projektas<\/h2>\n<p>Prek\u0117s eilut\u0117s paskutiniame langelyje galima prid\u0117ti projektus s\u0105skaitoje (\u017er. paveiksl\u0117l\u012f \u017eemiau).<\/p>\n<p><img loading=\"lazy\" decoding=\"async\" class=\"alignnone wp-image-6216\" src=\"https:\/\/www.erplybooks.com\/wp-content\/uploads\/2017\/11\/capture34-300x165.png\" alt=\"\" width=\"573\" height=\"315\" srcset=\"https:\/\/www.erplybooks.com\/wp-content\/uploads\/2017\/11\/capture34-300x165.png 300w, https:\/\/www.erplybooks.com\/wp-content\/uploads\/2017\/11\/capture34-768x421.png 768w, https:\/\/www.erplybooks.com\/wp-content\/uploads\/2017\/11\/capture34-1024x562.png 1024w, https:\/\/www.erplybooks.com\/wp-content\/uploads\/2017\/11\/capture34.png 1278w\" sizes=\"auto, (max-width: 573px) 100vw, 573px\" \/><\/p>\n<p>Jeigu sistemoje jau buvote prid\u0117j\u0119 projekt\u0105 , tuomet j\u012f galima pasirinkti \u0161iame langelyje. Jei ne, galima prid\u0117ti projekt\u0105 pasirinkus t\u0105 pat\u012f langel\u012f (paspaudus Prid\u0117ti+, nukreipiama \u012f puslap\u012f, kuriame pridedami projektai).<\/p>\n<p>Pavyzd\u017eiui: J\u016bs\u0173 \u012fmon\u0117 perka \u012frang\u0105 biurui tik i\u0161 departamento esan\u010dio Taline. Reik\u0117s u\u017epildyti visus s\u0105skaitos laukelius ir i\u0161 projekt\u0173 langelio pasirinkti Talin\u0105. Tada \u0161i s\u0105skaita bus susieta su j\u016bs\u0173 \u012fmon\u0117s departamentu Taline.<\/p>\n<h2>2. S\u0105skait\u0173 apsikeitimas tarp projekt\u0173<\/h2>\n<p>Jeigu j\u016bs\u0173 \u012fmon\u0117 nori i\u0161dalinti s\u0105skait\u0105 tarp skirting\u0173 projekt\u0173, jums reik\u0117s prid\u0117ti tiek prek\u0117s eilu\u010di\u0173 s\u0105skaitoje, kiek yra projekt\u0173.<\/p>\n<p>Pavyzd\u017eiui: j\u016bs\u0173 \u012fmon\u0117 turi perka du kompiuterius, vienas Tartu departamentui Tartu, kitas \u2013 Taline. \u0160iuo atveju, reik\u0117s sukurti dvi prek\u0117s eilutes. Projekt\u0173 langelyje pirmoje eilut\u0117je\u00a0 bus Tartu, o antroje &#8211; Talinas (\u017er. paveiksl\u0117l\u012f \u017eemiau).<\/p>\n<p><img loading=\"lazy\" decoding=\"async\" class=\"alignnone wp-image-6217\" src=\"https:\/\/www.erplybooks.com\/wp-content\/uploads\/2017\/11\/Capture35-300x22.png\" alt=\"\" width=\"763\" height=\"56\" srcset=\"https:\/\/www.erplybooks.com\/wp-content\/uploads\/2017\/11\/Capture35-300x22.png 300w, https:\/\/www.erplybooks.com\/wp-content\/uploads\/2017\/11\/Capture35-768x57.png 768w, https:\/\/www.erplybooks.com\/wp-content\/uploads\/2017\/11\/Capture35.png 1001w\" sizes=\"auto, (max-width: 763px) 100vw, 763px\" \/><\/p>\n<h2>3. Sud\u0117tiniai projektai s\u0105skaitose<\/h2>\n<p><strong>Example:<\/strong>\u00a0You have two divisions (Tallinn and Tartu). Your company has a car (Toyota), which is not directly related to any divisions, but works for them all. All transactions must be linked to the correct divisions and you also want to separately see the costs for the company\u2019s car. Therefore, some transactions must include 100% of both projects \u2013 the car and the division.<\/p>\n<p>ERPLY Books programa leid\u017eia susieti skirtingus projektus su visa suma s\u0105skaitoje (skirtingai nei buvo ai\u0161kinta prie\u0161 tai buvusiame skyriuje). Tai galima padaryti s\u0105skaitos papildomoje informacijoje.<\/p>\n<p>\u0160iam pasirinkimui nustatyti, jums reik\u0117s nueiti\u00a0 \u012f puslap\u012f \u2018Nustatymai\u2019 \u2192 \u2018Konfig\u016bracija\u2019, pa\u017eym\u0117ti langel\u012f \u201c\u012egalinti sud\u0117tin\u012f projekt\u0173 pasirinkim\u0105\u201d, i\u0161saugoti ir atnaujinti savo nar\u0161ykl\u0119. Jeigu nepa\u017eym\u0117jote \u0161io langelio, visai s\u0105skaitai gal\u0117site pasirinkti tik vien\u0105 projekt\u0105.<\/p>\n<p>Pavyzd\u017eiui: Turite du skyrius (Talinas ir Tartu). J\u016bs\u0173 kompanija turi automobil\u012f (Toyota), kuris tiesiogiai nesusietas nei su vienu skyriumi, bet dirba jiems abiems. Visos operacijos turi b\u016bti susietos su reikiamu skyriumi , j\u016bs taip pat norite matyti automobilio i\u0161laidas atskirai. D\u0117l to, tam tikros operacijos turi apimti 100% abu projektus \u2013 automobil\u012f ir skyri\u0173.<\/p>\n<p>Detalesnis pavyzdys: Toyota tur\u0117jo eismo \u012fvyk\u012f Tartu ir remonto i\u0161laidos yra 330 eur\u0173. Projekto langelyje jums reik\u0117s pasirinkti Tartu ir Toyota (\u017er. paveiksl\u0117l\u012f \u017eemiau).<\/p>\n<p><img loading=\"lazy\" decoding=\"async\" class=\"alignnone wp-image-6218\" src=\"https:\/\/www.erplybooks.com\/wp-content\/uploads\/2017\/11\/Capture36-300x168.png\" alt=\"\" width=\"485\" height=\"272\" srcset=\"https:\/\/www.erplybooks.com\/wp-content\/uploads\/2017\/11\/Capture36-300x168.png 300w, https:\/\/www.erplybooks.com\/wp-content\/uploads\/2017\/11\/Capture36.png 377w\" sizes=\"auto, (max-width: 485px) 100vw, 485px\" \/><\/p>\n<h2>4. Pagrindinis projektas<\/h2>\n<p>Pagrindinio projekto pasirinkimas leid\u017eia sujungti kitus su juo susietus projektus.<\/p>\n<p>Pavyzd\u017eiui: J\u016bs\u0173 \u012fmon\u0117 turi keturis darbuotojus Tartu. \u0160iuo atveju, darbuotojai gali b\u016bti atskiri projektai, bet jie taip pat gali b\u016bti sujungti Pagrindiniame projekte \u2013 Tartu. Jums reik\u0117s Projekt\u0173 modulyje sukurti Pagrindin\u012f projekt\u0105, kuriame galima prid\u0117ti stulpel\u012f: Projektas (pagrindinis) (\u017er. paveiksl\u0117l\u012f \u017eemiau).<\/p>\n<p><img loading=\"lazy\" decoding=\"async\" class=\"alignnone wp-image-6219\" src=\"https:\/\/www.erplybooks.com\/wp-content\/uploads\/2017\/11\/Capture37-300x109.png\" alt=\"\" width=\"443\" height=\"161\" srcset=\"https:\/\/www.erplybooks.com\/wp-content\/uploads\/2017\/11\/Capture37-300x109.png 300w, https:\/\/www.erplybooks.com\/wp-content\/uploads\/2017\/11\/Capture37.png 624w\" sizes=\"auto, (max-width: 443px) 100vw, 443px\" \/><\/p>\n<p>Prid\u0117kite darbuotojus kaip atskirus projektus ir stulpelyje Projektas (pagrindinis) prie vis\u0173 darbuotoj\u0173 prid\u0117kite \u201cLadu\u201d.<\/p>\n<p><img loading=\"lazy\" decoding=\"async\" class=\"alignnone wp-image-6220\" src=\"https:\/\/www.erplybooks.com\/wp-content\/uploads\/2017\/11\/Capture38-300x37.png\" alt=\"\" width=\"738\" height=\"91\" srcset=\"https:\/\/www.erplybooks.com\/wp-content\/uploads\/2017\/11\/Capture38-300x37.png 300w, https:\/\/www.erplybooks.com\/wp-content\/uploads\/2017\/11\/Capture38-768x96.png 768w, https:\/\/www.erplybooks.com\/wp-content\/uploads\/2017\/11\/Capture38.png 785w\" sizes=\"auto, (max-width: 738px) 100vw, 738px\" \/><\/p>\n<p>Grup\u0117 darbuotoj\u0173 (kurie kiekvienas yra kaip atskiras projektas) sujungiami \u012f vien\u0105 projekt\u0105 \u2013 pagrindinis projektas Ladu.<\/p>\n<h2>5. Projekt\u0173 ataskaitos<\/h2>\n<p>Visi projektai gali b\u016bti parodyti visose ataskaitose. Galima pasirinkti tiek projekt\u0173, kiek jums reikia. Sud\u0117tini\u0173 projekt\u0173 ataskait\u0173\u00a0 i\u0161kvietime yra \u2018AR\u201d sakinys. Tai rei\u0161kia, kad jeigu pasirinksite X ir Y, paklausimas suformuojamas sakiniu: \u201cDuoti man visas operacijas, kurios turi X ARBA Y projektus\u201d. Jeigu reikia i\u0161kviesti ataskaitas su \u201cIR\u201d\u00a0 sakiniu, galite tai padaryti Ataskait\u0173 generatoriuje (randamas pagrindinio puslapio paie\u0161kos lange).<\/p>\n<h2>6. Vartotojai susijusiuose projektuose<\/h2>\n<p>ERPLY Books programoje galima priskirti tam tikr\u0105 vartotoj\u0105, kuriam leid\u017eiama matyti tik jam skirtus projekto duomenis. \u0160is pasirinkimas galimas puslapyje Nustatymai\u2192 Vartotojai.<\/p>\n<p>Pavyzd\u017eiui: J\u016bs\u0173 \u012fmon\u0117 \u00a0turi kelet\u0105 skirting\u0173 departament\u0173 su atskirais vadovais. Norite, kad vadovas matyt\u0173 tik savo departamento duomenis, bet ne kit\u0173. Pridedate vadov\u0105 kaip ERPLY Books programos vartotoj\u0105 ir galite jai\/jam priskirti ribot\u0105 vaidmen\u012f ir projekt\u0105 (\u017er. paveiksl\u0117l\u012f \u017eemiau).<\/p>\n<p><img loading=\"lazy\" decoding=\"async\" class=\"alignnone wp-image-6221\" src=\"https:\/\/www.erplybooks.com\/wp-content\/uploads\/2017\/11\/Capture39-237x300.png\" alt=\"\" width=\"344\" height=\"435\" srcset=\"https:\/\/www.erplybooks.com\/wp-content\/uploads\/2017\/11\/Capture39-237x300.png 237w, https:\/\/www.erplybooks.com\/wp-content\/uploads\/2017\/11\/Capture39.png 366w\" sizes=\"auto, (max-width: 344px) 100vw, 344px\" \/><\/p>\n<h2>7. \u012evair\u016bs projekt\u0173 valdymo pavyzd\u017eiai<\/h2>\n<ul>\n<li><strong>Statybos \u012fmon\u0117:<\/strong>\n<ul>\n<li>Kiekvienas objektas gali b\u016bti vertinamas kaip projektas;<\/li>\n<li>Darbuotojai gali b\u016bti vertinami kaip projektai, kuris i\u0161 j\u0173 dirba efektyviai.<\/li>\n<\/ul>\n<\/li>\n<li><strong>Vie\u0161oji \u012fmon\u0117:<\/strong>\n<ul>\n<li>Visi vie\u0161ojo sektoriaus aspektai (tokie kaip pinig\u0173 sraut\u0173 tipai) gali b\u016bti vertinami kaip projektai.<\/li>\n<\/ul>\n<\/li>\n<li><strong>Programin\u0117s \u012frangos k\u016brimo kompanija:<\/strong>\n<ul>\n<li>Kiekvienas programinis projektas gali b\u016bti vertinamas kaip atskiras projektas (kaip ir kiekvienas klientas);<\/li>\n<li>Darbuotojai gali b\u016bti vertinami kaip atskiri projektai, nustatant, koks darbuotoj\u0173 ind\u0117lis.<\/li>\n<\/ul>\n<\/li>\n<li><strong>Ma\u017emenin\u0117s prekybos tinklas:<\/strong>\n<ul>\n<li>Kiekvienas departamentas\/padalinys\/sand\u0117lis gali b\u016bti projektas;<\/li>\n<li>Taip pat galima vertinti darbuotojus kaip projektus, \u012fvertinant j\u0173 pasiektus rezultatus.<\/li>\n<\/ul>\n<\/li>\n<li><strong>Didmenin\u0117s prekybos tinklas:<\/strong>\n<ul>\n<li>Kiekvienas departamentas ar darbuotojas gali b\u016bti projektu;<\/li>\n<li>Be to, tikslinga \u012ftraukti s\u0105naud\u0173 veiksnius kaip projektus (automobiliai, pastatai ir pan.);<\/li>\n<\/ul>\n<\/li>\n<li><strong>Nekilnojamo turto kompanija:<\/strong>\n<ul>\n<li>Kiekvienas pastatas gali b\u016bti vertinamas kaip atskiras projektas.<\/li>\n<\/ul>\n<\/li>\n<li>ARBA\/IR nustatymas konfig\u016bracijose &#8211;<strong>(\u201cNustatymai\u201d &gt; \u201cKonfig\u016bracija\u201d &gt; \u201cKiti pasirinkimai\u201d &gt;\u201dnaudoti IR (ne ARBA) s\u0105lyg\u0105 projekt\u0173 paie\u0161koje\u201d)<\/strong>\n<ul>\n<li><strong>ARBA yra numatytas nustatymuose;<\/strong><\/li>\n<li><strong>IR\u00a0 -kai pridedate projekto nustatymus.<\/strong><\/li>\n<\/ul>\n<\/li>\n<\/ul>\n<h2>8. Projekt\u0173 grup\u0117s<\/h2>\n<p>ERPLY Books programoje galite priskirti pana\u0161ius projektus \u012f projekt\u0173 grup\u0119. Tod\u0117l projekt\u0173 grupes galima lengvai valdyti\u00a0 ir rasti. Pirkimo s\u0105skaitos gali b\u016bti susietos subprojekt\u0173 grup\u0117mis. Be to, projekt\u0173 grupes taip pat galima pasirinkti \u012fvairiose ataskaitose, pvz., Balanse,\u00a0 pajam\u0173 lape, did\u017eiojoje knygoje, \u017eurnalo ataskaitoje, ranka pildomame \u017eurnale, klient\u0173 ir tiek\u0117j\u0173 ataskaitose ir pan. Nor\u0117dami pasirinkti, paspauskite rodykl\u0119 langelyje \u201eProjektas\u201c.<\/p>\n<p>Nor\u0117dami su\u017einoti daugiau apie projekt\u0173 grupes, spustel\u0117kite <a href=\"https:\/\/www.erplybooks.com\/lt\/vadovas\/projektu-grupes-erply-books\/\"><u>\u010dia<\/u>.<\/a><\/p>\n<h2>DUK<\/h2>\n<ul>\n<li><strong>S\u0105skaitoje pagal numatytuosius nustatymus nematau Papildomos informacijos. Kaip tai pakeisti?<\/strong><\/li>\n<\/ul>\n<p>Eikite \u012f puslap\u012f Nustatymai\u2192Vartotojo nustatymai, pa\u017eym\u0117kite laukel\u012f \u201eRodyti papildom\u0105 informacijos juost\u0105\u201c, i\u0161saugokite ir i\u0161junkite\/\u012fjunkite kompiuter\u012f. Tada gal\u0117site matyti papildom\u0105 informacij\u0105 kiekvien\u0105 kart\u0105, kai sukursite nauj\u0105 s\u0105skait\u0105.<\/p>\n<ul>\n<li><strong>Kur galiu matyti visus projektus kartu vienoje ataskaitoje?<\/strong><\/li>\n<\/ul>\n<p>Eikite \u012f Ataskaitos\u2192Projekto ataskaita. Jei norite pamatyti visus projektus, projekto lange nieko nepasirinkite. Tiesiog prid\u0117kite tinkamas datas ir atlikite paie\u0161k\u0105. Sistema pateiks vis\u0173 projekt\u0173 PDF rinkmen\u0105 pasirinktu laikotarpiu.<\/p>\n<p>Kitas variantas \u2013 spausdinti s\u0105skait\u0173 liku\u010dius pagal projektus. \u0160i parinktis randama pagrindinio puslapio paie\u0161kos laukelyje (\u012fveskite \u201eSpausdinti paskyros liku\u010dius pagal projektus\u201c).<\/p>\n<ul>\n<li><strong>Kaip paskirstyti operacij\u0105 nesusiet\u0105 su s\u0105skaita sud\u0117tiniuose projektuose \u012f Banko importe?<\/strong><\/li>\n<\/ul>\n<p>Banko importe atsisiuntus banko ataskait\u0105 ir pasirinkite mok\u0117jim\u0105 nesusijus\u012f su jokia s\u0105skaita (padarant j\u012f aktyv\u0173), de\u0161in\u0117je Mok\u0117jimo informacijos langelyje matysite projekto langel\u012f. \u010cia pasirinkite projektus, kuriuos nor\u0117tum\u0117te susieti su mok\u0117jimu.<\/p>\n<p><strong>Pastaba! <\/strong>Prie\u0161 tai eikite \u012f puslap\u012f Nustatymai\u2192Konfig\u016bracija ir pa\u017eym\u0117kite parinkt\u012f \u00ab\u00a0\u012ejungti sud\u0117tini\u0173 projekt\u0173 pasirinkim\u0105\u00a0\u00bb. Prie\u0161ingu atveju, negal\u0117site pasirinkti daugiau nei vieno projekto vienam mok\u0117jimui.<\/p>\n<p>Mygtukas \u201e+ Prid\u0117ti veikl\u0105\u201c atidaro nauj\u0105 lang\u0105, kuriame galite padalinti mok\u0117jimo sum\u0105 \u012f ma\u017eesnes sumas ir prid\u0117ti skirting\u0105 projekt\u0105 \u012f kiekvien\u0105 i\u0161 t\u0173 eilu\u010di\u0173.<\/p>\n<ul>\n<li><strong>Kaip matyti operacijas, kurios n\u0117ra priskirtos jokiam projektui?<\/strong><\/li>\n<\/ul>\n<p>Eikite \u012f skilt\u012f Apskaita\u2192Did\u017eioji knyga ir i\u0161 Projekto langelio pasirinkite \u201e-Ne projekte-\u201e. \u0160is pasirinkimas parodys \u00a0visas operacijas, kurios n\u0117ra priskirtos jokiam projektui.<\/p>\n<ul>\n<li><strong>Kaip projektuose matyti telefon\u0105, kur\u012f \u012fmon\u0117 nupirko darbuotojui?<\/strong><\/li>\n<\/ul>\n<p>Pavyzdys: J\u016bs\u0173 \u012fmon\u0117 nupirko darbuotojui telefon\u0105 (ilgalaikis turtas). Formuodami pirkimo s\u0105skait\u0105, pridedate tiek\u0117j\u0105, prek\u0119 ir pasirenkate darbuotoj\u0105 kaip projekt\u0105. \u0160i operacija bus rodoma ataskaitose, nurodant darbuotoj\u0105.<\/p>\n","protected":false},"excerpt":{"rendered":"<p>\u0160ioje instrukcijoje ai\u0161kinama kaip naudotis projektais ERPLY Books programoje. ERPLY Boooks programoje projektas yra elementas, parametras, kuris veikia visuose moduliuose. Tai neb\u016btinai turi b\u016bti sand\u0117lys, tai gali b\u016bti atskiras darbuotojas, \u017emoni\u0173 grup\u0117, automobilis, produktas, miestas ir kt. Programoje galima naudoti projekt\u0173 hierarchij\u0105 \u2013 pagrindinis projektas gali jungti kitus ma\u017eesnius projektus. ERPLY Books programoje yra daug [&hellip;]<\/p>\n","protected":false},"author":3,"featured_media":0,"parent":5728,"menu_order":20,"comment_status":"closed","ping_status":"closed","template":"","meta":{"_et_pb_use_builder":"","_et_pb_old_content":"","_et_gb_content_width":"","footnotes":""},"categories":[],"tags":[],"class_list":["post-6214","page","type-page","status-publish","hentry"],"_links":{"self":[{"href":"https:\/\/www.erplybooks.com\/lt\/wp-json\/wp\/v2\/pages\/6214","targetHints":{"allow":["GET"]}}],"collection":[{"href":"https:\/\/www.erplybooks.com\/lt\/wp-json\/wp\/v2\/pages"}],"about":[{"href":"https:\/\/www.erplybooks.com\/lt\/wp-json\/wp\/v2\/types\/page"}],"author":[{"embeddable":true,"href":"https:\/\/www.erplybooks.com\/lt\/wp-json\/wp\/v2\/users\/3"}],"replies":[{"embeddable":true,"href":"https:\/\/www.erplybooks.com\/lt\/wp-json\/wp\/v2\/comments?post=6214"}],"version-history":[{"count":0,"href":"https:\/\/www.erplybooks.com\/lt\/wp-json\/wp\/v2\/pages\/6214\/revisions"}],"up":[{"embeddable":true,"href":"https:\/\/www.erplybooks.com\/lt\/wp-json\/wp\/v2\/pages\/5728"}],"wp:attachment":[{"href":"https:\/\/www.erplybooks.com\/lt\/wp-json\/wp\/v2\/media?parent=6214"}],"wp:term":[{"taxonomy":"category","embeddable":true,"href":"https:\/\/www.erplybooks.com\/lt\/wp-json\/wp\/v2\/categories?post=6214"},{"taxonomy":"post_tag","embeddable":true,"href":"https:\/\/www.erplybooks.com\/lt\/wp-json\/wp\/v2\/tags?post=6214"}],"curies":[{"name":"wp","href":"https:\/\/api.w.org\/{rel}","templated":true}]}}