{"id":6209,"date":"2017-11-15T08:25:57","date_gmt":"2017-11-15T08:25:57","guid":{"rendered":"http:\/\/www.erplybooks.com\/?page_id=6209\/"},"modified":"2018-03-22T14:54:41","modified_gmt":"2018-03-22T14:54:41","slug":"projektu-grupes-erply-books","status":"publish","type":"page","link":"https:\/\/www.erplybooks.com\/lt\/vadovas\/projektu-grupes-erply-books\/","title":{"rendered":"Projekt\u0173 grup\u0117s ERPLY Books"},"content":{"rendered":"<p>Projekt\u0173 grup\u0117s padeda valdyti ir ap\u017evelgti projektus. Pana\u0161\u016bs projektai gali b\u016bti grupuojami taip, kad v\u0117liau\u00a0 juos b\u016bt\u0173 galima lengviau rasti.\u00a0 Be to, projekt\u0173 grupes galima susieti su s\u0105skaitomis ir gauti i\u0161laid\u0173 ap\u017evalg\u0105.<\/p>\n<p><img loading=\"lazy\" decoding=\"async\" class=\"alignnone wp-image-6210\" src=\"https:\/\/www.erplybooks.com\/wp-content\/uploads\/2017\/11\/Capture33-300x165.png\" alt=\"\" width=\"684\" height=\"376\" srcset=\"https:\/\/www.erplybooks.com\/wp-content\/uploads\/2017\/11\/Capture33-300x165.png 300w, https:\/\/www.erplybooks.com\/wp-content\/uploads\/2017\/11\/Capture33-768x422.png 768w, https:\/\/www.erplybooks.com\/wp-content\/uploads\/2017\/11\/Capture33.png 974w\" sizes=\"auto, (max-width: 684px) 100vw, 684px\" \/><\/p>\n<h2>Kaip prad\u0117ti?<\/h2>\n<p>Nustatymuose pasirinkite sud\u0117tinius projektus. Pirmiausia, eikite \u012f skilt\u012f \u00a0\u201cNustatymai\u201d , toliau \u012f\u00a0 &#8211; \u201cKonfig\u016bracija\u201d ir pa\u017eym\u0117kite \u201cLeisti keli\u0173 projekt\u0173 pasirinkim\u0105 \u201d.<\/p>\n<h2>Kaip prid\u0117ti projekt\u0173 grupes?<\/h2>\n<p>Eikite \u012f skilt\u012f \u201cNustatymai\u201d, toliau \u201cPradiniai duomenys\u201d, \u201cProjekt\u0173 grup\u0117s\u201d. Projekt\u0173 grup\u0117ms sukurti galite prid\u0117ti naujas eilutes spaud\u017eiant mygtuk\u0105 \u201c+\u201d. Grup\u0117s gali b\u016bti pridedamos, kai tik prireikia (pvz. darbuotojai, konferencijos ir kt.), toliau spaud\u017eiamas i\u0161saugojimo (save) mygtukas, tada padarytiems pakeitimams \u012fsigalioti puslapis atnaujinamas (refresh).<\/p>\n<h2>Kaip suformuotose projekt\u0173 grup\u0117se prid\u0117ti projektus?<\/h2>\n<p>Spaud\u017eiant \u201cNustatymai\u201d &gt; \u201cPradiniai duomenys\u201d &gt; \u201cProjekt\u0173 grup\u0117s\u201d, atsidaro naujas puslapis, kuriame vartotojas gali prid\u0117ti naujus projektus jau sukurtose projekt\u0173 grup\u0117se. Pirmiausia,\u00a0 atsistojama ant langelio \u201cName\u201d ir paspaud\u017eiama rodykl\u0117, pasirenkama \u201cStulpeliai\u201d &gt; \u201cProjekt\u0173 grup\u0117s\u201d. Atsiranda nauja eilut\u0117, kurioje paskutiniame langelyje yra \u201cProjekt\u0173 grup\u0117s\u201d. \u010cia projekt\u0173 grup\u0117ms galima priskirti projektus. Pavyzd\u017eiui, \u012fra\u0161ykite darbuotojo vard\u0105 ir pavar\u0119 (pvz. John Smith) ir projekt\u0173 grup\u0117s langelyje pasirinkite projekt\u0173 grup\u0119 (pvz. darbuotojai).<\/p>\n<p>Spaud\u017eiant mygtuk\u0105 \u201c+\u201d galima prid\u0117ti naujas eilutes. \u012evedus visus duomenis, spaud\u017eiamas mygtukas \u201cI\u0161saugoti\u201d.<\/p>\n<p>S\u0105skaitos-fakt\u016bros u\u017epildymui taip pat galima nustatyti projekt\u0173 grupes. Spaud\u017eiate\u00a0 \u201cPirkimai\u201d &gt; \u201cPirkimo s\u0105skaita-fakt\u016bra (prid\u0117ti nauj\u0105)\u201d &gt; \u201c Pirkimo s\u0105skaita- fakt\u016bra \u201d. Meniu kair\u0117je pus\u0117je matysite operacij\u0173 projekt\u0173 grupes. \u010cia vartotojai gali nustatyti, su kuria projekt\u0173 grupe s\u0105skaita bus susieta.<\/p>\n<p>Projekt\u0173 grup\u0117s taip pat gali b\u016bti pasirenkamos ataskaitoms, tokioms kaip balansas, pajamos, did\u017eioji knyga, ataskait\u0173 \u017eurnalas, ranka pildomas \u017eurnalas, klient\u0173 ir tiek\u0117j\u0173 ataskaitos ir kt. Pasirinkimui \u201cProjektas\u201d langelyje spauskite rodykl\u0119.<\/p>\n","protected":false},"excerpt":{"rendered":"<p>Projekt\u0173 grup\u0117s padeda valdyti ir ap\u017evelgti projektus. Pana\u0161\u016bs projektai gali b\u016bti grupuojami taip, kad v\u0117liau\u00a0 juos b\u016bt\u0173 galima lengviau rasti.\u00a0 Be to, projekt\u0173 grupes galima susieti su s\u0105skaitomis ir gauti i\u0161laid\u0173 ap\u017evalg\u0105. Kaip prad\u0117ti? Nustatymuose pasirinkite sud\u0117tinius projektus. Pirmiausia, eikite \u012f skilt\u012f \u00a0\u201cNustatymai\u201d , toliau \u012f\u00a0 &#8211; \u201cKonfig\u016bracija\u201d ir pa\u017eym\u0117kite \u201cLeisti keli\u0173 projekt\u0173 pasirinkim\u0105 \u201d. [&hellip;]<\/p>\n","protected":false},"author":3,"featured_media":0,"parent":5728,"menu_order":0,"comment_status":"closed","ping_status":"closed","template":"","meta":{"_et_pb_use_builder":"","_et_pb_old_content":"","_et_gb_content_width":"","footnotes":""},"categories":[],"tags":[],"class_list":["post-6209","page","type-page","status-publish","hentry"],"_links":{"self":[{"href":"https:\/\/www.erplybooks.com\/lt\/wp-json\/wp\/v2\/pages\/6209","targetHints":{"allow":["GET"]}}],"collection":[{"href":"https:\/\/www.erplybooks.com\/lt\/wp-json\/wp\/v2\/pages"}],"about":[{"href":"https:\/\/www.erplybooks.com\/lt\/wp-json\/wp\/v2\/types\/page"}],"author":[{"embeddable":true,"href":"https:\/\/www.erplybooks.com\/lt\/wp-json\/wp\/v2\/users\/3"}],"replies":[{"embeddable":true,"href":"https:\/\/www.erplybooks.com\/lt\/wp-json\/wp\/v2\/comments?post=6209"}],"version-history":[{"count":0,"href":"https:\/\/www.erplybooks.com\/lt\/wp-json\/wp\/v2\/pages\/6209\/revisions"}],"up":[{"embeddable":true,"href":"https:\/\/www.erplybooks.com\/lt\/wp-json\/wp\/v2\/pages\/5728"}],"wp:attachment":[{"href":"https:\/\/www.erplybooks.com\/lt\/wp-json\/wp\/v2\/media?parent=6209"}],"wp:term":[{"taxonomy":"category","embeddable":true,"href":"https:\/\/www.erplybooks.com\/lt\/wp-json\/wp\/v2\/categories?post=6209"},{"taxonomy":"post_tag","embeddable":true,"href":"https:\/\/www.erplybooks.com\/lt\/wp-json\/wp\/v2\/tags?post=6209"}],"curies":[{"name":"wp","href":"https:\/\/api.w.org\/{rel}","templated":true}]}}