{"id":6195,"date":"2017-11-15T07:25:55","date_gmt":"2017-11-15T07:25:55","guid":{"rendered":"http:\/\/www.erplybooks.com\/?page_id=6195\/"},"modified":"2018-03-01T14:28:57","modified_gmt":"2018-03-01T14:28:57","slug":"ilgalaikis-turtas-erply-books","status":"publish","type":"page","link":"https:\/\/www.erplybooks.com\/lt\/vadovas\/ilgalaikis-turtas-erply-books\/","title":{"rendered":"Ilgalaikis turtas ERPLY Books"},"content":{"rendered":"<p>Pirmiausia, \u0161is vadovas parengtas paai\u0161kinti operacijas su ilgalaikiu turtu ERPLY BOOKS. Jis apra\u0161ys, kaip \u012fsigyti ir amortizuoti ilgalaik\u012f turt\u0105 ir kaip registruoti nedidel\u012f turt\u0105.<\/p>\n<h2>Ilgalaikio turto pirkimas arba registravimas<\/h2>\n<p>Ilgalaikio turto pirkimas yra \u012fprastas pirkimo sandoris. Modulis yra vienodas ilgalaikio turto pirkimui ar registravimui. Galite ten patekti per: I\u0161laidos (Prid\u0117ti nauj\u0105) \u2192 Pirkti ilgalaik\u012f turt\u0105. Pana\u0161iai kaip ir \u012fkeliant kitus duomenis, \u010dia j\u016bs galite importuoti duomenis i\u0161 Excel lentel\u0117s. Naujoje pirkimo s\u0105skaitoje- fakt\u016broje, kuri atsiranda jums perkant ilgalaik\u012f turt\u0105, u\u017epildykite toliau nurodytas formas:<\/p>\n<ul>\n<li>Pardav\u0117jas- \u012fmon\u0117, kurioje ilgalaikis turtas buvo \u012fsigytas;<\/li>\n<li>S\u0105skaitos- fakt\u016bros nr.- kaip para\u0161yta s\u0105skaitoje- fakt\u016broje;<\/li>\n<li>Prek\u0117 \u2013 ilgalaikio turto pavadinimas;<\/li>\n<li>Kaina- ilgalaikio turto pirkimo kaina.<\/li>\n<\/ul>\n<p>Sistema automati\u0161kai prid\u0117s mokes\u010dio tarif\u0105. Be to, i\u0161laid\u0173 s\u0105skaita bus pa\u017eym\u0117ta kaip atsarg\u0173 s\u0105skaita. \u012e skirtingas eilutes reik\u0117t\u0173 prid\u0117ti skirting\u0105 ilgalaik\u012f turt\u0105. Naujos eilut\u0117s gali b\u016bti sukurtos mygtuku \u017eemyn arba mygtuku \u201ePrid\u0117ti eilut\u0119\u201c. Jeigu jau visk\u0105 nustat\u0117te, i\u0161saugokite ir atlikite mok\u0117jim\u0105 (\u201ePrid\u0117ti mok\u0117jim\u0105\u201c).<\/p>\n<p>Jei norite registruoti ilgalaik\u012f turt\u0105, j\u016bs turite atlikti visas anks\u010diau nurodytas operacijas su tam tikrais skirtumais:<\/p>\n<ul>\n<li>Visas ilgalaikis turtas turi b\u016bti pridedamas prie tos pa\u010dios s\u0105skaitos- fakt\u016bros (atskiros eilut\u0117s);<\/li>\n<li>Tiek\u0117jas- \u012fmon\u0117, kuri registruoja ilgalaik\u012f turt\u0105;<\/li>\n<li>S\u0105skaitos- fakt\u016bros nr. \u2013 J\u016bs galite sukurti j\u012f patys;<\/li>\n<li>Apra\u0161ymas \u2013 ilgalaikio turto pavadinimas;<\/li>\n<li>Mokes\u010dio formoje pa\u017eym\u0117kite 0 %. Ilgalaikio turto pirkimo metu, J\u016bs jau sumok\u0117jote mokest\u012f ir Jums nereikia to daryti dar kart\u0105 registracijos metu.<\/li>\n<\/ul>\n<p>Kaip s\u0105skaitos- fakt\u016bros mok\u0117jimo dat\u0105 rekomenduojama pa\u017eym\u0117ti t\u0105 pa\u010di\u0105 dat\u0105, kuri yra s\u0105skaitoje- fakt\u016broje.<\/p>\n<h2>Kur galima pamatyti \u012fmon\u0117s ilgalaik\u012f turt\u0105?<\/h2>\n<p>\u012emon\u0117s ilgalaik\u012f turt\u0105 galima pamatyti per \u201eApskaita\u201c \u2192 \u201eIlgalaikis turtas\u201c, pasirinkus tinkam\u0105 dien\u0173 sek\u0105 ir paspaudus \u201eIe\u0161koti\u201c.<\/p>\n<h2>Ilgalaikio turto \u017einiara\u0161tis<\/h2>\n<p>Nor\u0117dami pamatyti sukurt\u0105 ilgalaik\u012f turt\u0105, galite eiti \u012f \u201ePirkim\u0173 ir pardavim\u0173 prek\u0117s\/paslaugos\u201c modul\u012f. J\u012f galite rasti \u201ePirkimai ir i\u0161laidos\u201c \u2192 \u201ePirkim\u0173 ir pardavim\u0173 prek\u0117s\/paslaugos\u201c. Automati\u0161kai sukurtame ilgalaikiame turte,s\u0105skaita, kuri buvo nurodyta pirkimo metu, bus pakeista atsarg\u0173 s\u0105skaita, o nuvert\u0117jimo sistemos s\u0105skaita bus laikoma i\u0161laid\u0173 s\u0105skaita.<\/p>\n<p>Pa\u017eym\u0117dami pageidaujam\u0105 ilgalaik\u012f turt\u0105 ir paspausdami mygtuk\u0105 \u201eprek\u0117s\/paslaugos \u017einiara\u0161tis\u201c, galite per\u017ei\u016br\u0117ti bendr\u0105 informacij\u0105 apie pasirinkt\u0105 ilgalaik\u012f turt\u0105. Svarbi forma prek\u0117s\/paslaugos \u017eianiara\u0161tyje yra \u2018Ilgalaikis turtas m\u0117nesiais\u2019. Pagal numatytuosius nustatymus, produkto optimalaus veikimo laikas yra penkeri metai arba 60 m\u0117nesi\u0173. Procentais vieneri metai yra lyg\u016bs 20%, o tai rodo, kiek produktas nusid\u0117vi per vienerius metus. Jeigu norite nustatyti produkto nusid\u0117v\u0117jim\u0105 kart\u0105 per metus, turite prid\u0117ti met\u0173 skai\u010di\u0173 (du, trys, keturi &#8230;) \u012f form\u0105 \u201eIlgalaikis turtas m\u0117nesiais\u2019\u201c.<\/p>\n<h2>Kaip pakeisti ilgalaikio turto s\u0105skaitas?<\/h2>\n<p>Jei norite pakeisti ilgalaikio turto s\u0105skaitas, galite tai padaryti Nustatymai \u2192 Pradiniai duomenys \u2192 Sistemos s\u0105skaitos, kur nusid\u0117v\u0117jimo s\u0105skaita jau yra. Debeto s\u0105skaita yra i\u0161laid\u0173 s\u0105skaita, kuri automati\u0161kai gaunama i\u0161 prek\u0117s\/paslaugos \u017einiara\u0161\u010dio. Kredito s\u0105skaita yra ilgalaikio turto nuvert\u0117jimo prie\u0161inga s\u0105skaita, turinti atitinkam\u0105 sistemos s\u0105skait\u0105.<\/p>\n<h2>Nuvert\u0117jimo apskai\u010diavimas<\/h2>\n<p>Jei ilgalaikis turtas yra \u012fsigytas \/ \u012fregistruotas, nuvert\u0117jimas turi b\u016bti apskai\u010diuotas. \u201eApskai\u010diuoti nuvert\u0117jim\u0105\u201c modulis gali b\u016bti randamas \u201eI\u0161laidos\u201c meniu. Modulis turi 3 dalis. Vir\u0161utin\u0117 dalis (Nuo-Iki-Projektas-I\u0161laid\u0173 s\u0105skaita) yra paie\u0161kos juosta, kurioje galima ie\u0161koti skirting\u0173 ilgalaiki\u0173 turt\u0173. Vidurin\u0117 dalis (Operacijos data &#8211; Projektas) leid\u017eia keisti operacijos duomenis. Galiausiai \u017eemiau j\u0173 yra ilgalaikio turto su \u012fvairiais duomenimis s\u0105ra\u0161as.<\/p>\n<p>Jeigu, pirkdami ilgalaik\u012f turt\u0105, turite teisingai pa\u017eym\u0117t\u0105 veikimo laik\u0105 prek\u0117s\/paslaugos \u017einiara\u0161tyje, sistema automati\u0161kai apskai\u010diuos kiekvieno m\u0117nesio ar met\u0173 nuvert\u0117jim\u0105. Viskas, k\u0105 jums reikia padaryti, tai kiekvieno m\u0117nesio pabaigoje nuvert\u0117jimo modulyje nuspausti mygtuk\u0105 \u201ei\u0161saugoti\u201c. J\u016bs taip pat galite pakeisti turto naudojimo trukm\u0119 nuvert\u0117jimo modulyje rankiniu b\u016bdu, bet b\u016bt\u0173 protingiau tai nustatyti prek\u0117s\/paslaugos \u017einiara\u0161tyje (kaip apra\u0161yta anks\u010diau). Kei\u010diant veikimo trukm\u0119, turite atsi\u017evelgti \u012f tai, kad niekada n\u0117ra tokios situacijos, kai turto galiojimo laikas yra 0 m\u0117nesi\u0173.<\/p>\n<p>Registruodamas ilgalaik\u012f turt\u0105, naudotojas kiekvienam ilgalaikiam turtui turi pakeisti nuvert\u0117jim\u0105 (paskutin\u0117 eilut\u0117) rankiniu b\u016bdu. Bendra nuvert\u0117jimo suma turi b\u016bti pridedama prie kiekvieno ilgalaikio turto, tai automati\u0161kai i\u0161taisys turto veikimo trukm\u0119. NB! Ta pati data, nurodyta ilgalaikio turto registracijos s\u0105skaitoje- fakt\u016broje, turi b\u016bti pa\u017eym\u0117ti kaip operacijos data!<\/p>\n<h2>Kur galite pamatyti nuvert\u0117jimo operacijas?<\/h2>\n<p>Jas galima matyti per Apskaita \u2192 Buhalterin\u0117s operacijos ir pasirinkus nuvert\u0117jimo operacijas stulpelyje \u2018Tipas\u2019. I\u0161 ten galite pamatyti, kaip jos yra nuvert\u0117j\u0119. Kitas pasirinkimas yra Ataskaitos \u2192 Prek\u0117s\/paslaugos ataskaita, kur galite filtruoti visas nuvert\u0117jusias eilutes.<\/p>\n<h2>Kaip i\u0161vengti dvigubo ilgalaikio turto nuvert\u0117jimo?<\/h2>\n<p>Jei ilgalaikis turtas arba ma\u017eas turtas, kuriam nuvert\u0117jimas turi b\u016bti apskai\u010diuotas, buvo \u012fsigytas \/\u012fregistruotas po nuvert\u0117jimo apskai\u010diavimo, tada eilut\u0117s jau nuvert\u0117jusio turto turi b\u016bti i\u0161trintos modulyje Apskaita \u2192 Apskai\u010diuoti nuvert\u0117jim\u0105. Galite filtruoti visas pakeistas eilutes. Tie, kurie nenorite apskai\u010diuoti nuvert\u0117jimo tam tikru momentu, ie\u0161kokite ilgalaikio turto nuvert\u0117jimo s\u0105skaitos i\u0161laid\u0173 s\u0105skaitos formoje.<\/p>\n<h2>Kaip suma\u017einti ilgalaikio turto vert\u0119 100%?<\/h2>\n<p>Jei norite suma\u017einti ilgalaikio turto likut\u012f 100%, prid\u0117kite t\u0105 pa\u010di\u0105 sum\u0105, kuri yra liku\u010dio formoje \u012f nuvert\u0117jimo form\u0105.<\/p>\n<h2>Ma\u017eo turto registracija<\/h2>\n<p>Pirma, J\u016bs galite apskai\u010diuoti kit\u0105 nedidel\u012f turt\u0105, pana\u0161iai kaip su ilgalaikiu turtu ilgalaikio turto modulyje (I\u0161laidos \u2192 Pirkimo s\u0105skaita- fakt\u016bra (Prid\u0117ti nauj\u0105) \u2192 \u012esigyti Ilgalaik\u012f turt\u0105). Nurodytas modulis yra b\u016btinas sistemai, tam, kad b\u016bt\u0173 galima sukurti nauj\u0105 ilgalaikio turto \u017einiara\u0161t\u012f, i\u0161 kurio gali b\u016bti atliktos naujos operacijos. U\u017epildykite atvir\u0105 pirkimo s\u0105skait\u0105- fakt\u016br\u0105 taip pat, kaip \u012fsigyjant ilgalaik\u012f turt\u0105. Vienintelis skirtumas yra tas, kad norint, kad \u0161is \u012fsigijimas i\u0161 karto b\u016bt\u0173 rodomas kaip i\u0161laidos, j\u016bs turite pasirinkti form\u0105 \u201eMa\u017eo turto s\u0105naudos\u201c i\u0161 I\u0161laid\u0173 s\u0105skaita.<\/p>\n<p>Galite patikrinti, kur yra prid\u0117tos i\u0161laidos. Tam eikite \u012f Apskai\u010diuoti nuvert\u0117jim\u0105 modul\u012f (i\u0161 I\u0161laidos meniu). \u010cia galite matyti, kad nedidelis turtas, kuris buvo prid\u0117tas, yra \u012ftrauktas \u012f ilgalaikio turto s\u0105ra\u0161\u0105 ir turi t\u0105 pa\u010di\u0105 debeto ir kredito s\u0105skait\u0105, kaip ir kitas ilgalaikis turtas. Jei nenorite naudoti \u0161i\u0173 s\u0105skait\u0173, jas galima redaguoti i\u0161 I\u0161laidos \u2192 Pirkimo ir pardavimo prek\u0117s\/ paslaugos, kur galite nustatyti kitas i\u0161laid\u0173 s\u0105skaitas, pvz., \u201eMa\u017eo turto i\u0161laidos\u201c.<\/p>\n<h2>Kaip padidinti ilgalaikio turto vert\u0119?<\/h2>\n<p>Galimi b\u016bdai padidinti ilgalaikio turto vert\u0119:<\/p>\n<ul>\n<li>Ilgalaikis turtas buvo \u012fsigytas keliais mok\u0117jimais:\n<ul>\n<li>Yra dvi galimyb\u0117s, kurios skiriasi pagal tai, kaip norite rodyti ilgalaik\u012f turt\u0105:\n<ul>\n<li>Pirma, jei norite pamatyti padidint\u0105 ilgalaikio turto pirkimo kain\u0105, turite atidaryti pirm\u0105j\u0105 s\u0105skait\u0105- fakt\u016br\u0105, padidinti ilgalaikio turto kain\u0105 ir prid\u0117ti s\u0105skaitoje -fakt\u016broje neigiam\u0105 paslaugos eilut\u0119 (kuri pakei\u010dia s\u0105skaitos- fakt\u016bros sum\u0105 \u012f toki\u0105 kokia ji buvo i\u0161 prad\u017ei\u0173). Galite prid\u0117ti t\u0105 pa\u010di\u0105 s\u0105skait\u0105, kuri\u0105 naudojate neigiamai eilutei prid\u0117ti antrin\u0117je pirkimo s\u0105skaitoje- fakt\u016broje.<\/li>\n<li>Antra, jei ankstesn\u0117 n\u0117ra svarbi, galite rankiniu b\u016bdu pakeisti nuvert\u0117jimo sum\u0105 \u012f neigiam\u0105 \u2013 nuvert\u0117jim\u0105 atlikite tik nurodytai ilgalaikio turto prekei\/paslaugai, rankiniu b\u016bdu \u012fra\u0161ydami lentel\u0117s pabaigoje esan\u010di\u0105 nuvert\u0117jimo sum\u0105.<\/li>\n<\/ul>\n<\/li>\n<\/ul>\n<\/li>\n<li>Savaranki\u0161kai sukurtas ilgalaikis turtas:\n<ul>\n<li>Jei ilgalaikis turtas yra sukurtas savaranki\u0161kai, rekomenduojama laikytis jo su projektu. Pavyzd\u017eiui, namo statyba rei\u0161kia kelet\u0105 pirkimo s\u0105skait\u0173- fakt\u016br\u0173, darbo u\u017emokes\u010dius ir kitas i\u0161laidas. Pridedant atitinkam\u0105 projekt\u0105 kiekvienai operacijai rei\u0161kia, kad v\u0117liau bus lengviau su\u017einoti ilgalaikio turto pirkimo kain\u0105. Po to visos i\u0161laidos gali b\u016bti laikomos registruotomis kaip ilgalaikis turtas. Registracija yra tokia pati, kaip anks\u010diau apra\u0161yta \u0161iame vadove, ta\u010diau atitinkamos i\u0161laid\u0173 s\u0105skaitos yra nustatytos kaip mok\u0117jimo s\u0105skaitos.<\/li>\n<\/ul>\n<\/li>\n<\/ul>\n","protected":false},"excerpt":{"rendered":"<p>Pirmiausia, \u0161is vadovas parengtas paai\u0161kinti operacijas su ilgalaikiu turtu ERPLY BOOKS. Jis apra\u0161ys, kaip \u012fsigyti ir amortizuoti ilgalaik\u012f turt\u0105 ir kaip registruoti nedidel\u012f turt\u0105. Ilgalaikio turto pirkimas arba registravimas Ilgalaikio turto pirkimas yra \u012fprastas pirkimo sandoris. Modulis yra vienodas ilgalaikio turto pirkimui ar registravimui. Galite ten patekti per: I\u0161laidos (Prid\u0117ti nauj\u0105) \u2192 Pirkti ilgalaik\u012f turt\u0105. [&hellip;]<\/p>\n","protected":false},"author":3,"featured_media":0,"parent":5728,"menu_order":43,"comment_status":"closed","ping_status":"closed","template":"","meta":{"_et_pb_use_builder":"","_et_pb_old_content":"","_et_gb_content_width":"","footnotes":""},"categories":[],"tags":[],"class_list":["post-6195","page","type-page","status-publish","hentry"],"_links":{"self":[{"href":"https:\/\/www.erplybooks.com\/lt\/wp-json\/wp\/v2\/pages\/6195","targetHints":{"allow":["GET"]}}],"collection":[{"href":"https:\/\/www.erplybooks.com\/lt\/wp-json\/wp\/v2\/pages"}],"about":[{"href":"https:\/\/www.erplybooks.com\/lt\/wp-json\/wp\/v2\/types\/page"}],"author":[{"embeddable":true,"href":"https:\/\/www.erplybooks.com\/lt\/wp-json\/wp\/v2\/users\/3"}],"replies":[{"embeddable":true,"href":"https:\/\/www.erplybooks.com\/lt\/wp-json\/wp\/v2\/comments?post=6195"}],"version-history":[{"count":0,"href":"https:\/\/www.erplybooks.com\/lt\/wp-json\/wp\/v2\/pages\/6195\/revisions"}],"up":[{"embeddable":true,"href":"https:\/\/www.erplybooks.com\/lt\/wp-json\/wp\/v2\/pages\/5728"}],"wp:attachment":[{"href":"https:\/\/www.erplybooks.com\/lt\/wp-json\/wp\/v2\/media?parent=6195"}],"wp:term":[{"taxonomy":"category","embeddable":true,"href":"https:\/\/www.erplybooks.com\/lt\/wp-json\/wp\/v2\/categories?post=6195"},{"taxonomy":"post_tag","embeddable":true,"href":"https:\/\/www.erplybooks.com\/lt\/wp-json\/wp\/v2\/tags?post=6195"}],"curies":[{"name":"wp","href":"https:\/\/api.w.org\/{rel}","templated":true}]}}