{"id":6192,"date":"2017-11-15T07:15:54","date_gmt":"2017-11-15T07:15:54","guid":{"rendered":"http:\/\/www.erplybooks.com\/?page_id=6192\/"},"modified":"2018-04-06T11:10:04","modified_gmt":"2018-04-06T11:10:04","slug":"skirtingi-erply-books-mokejimo-budai","status":"publish","type":"page","link":"https:\/\/www.erplybooks.com\/lt\/vadovas\/skirtingi-erply-books-mokejimo-budai\/","title":{"rendered":"Skirtingi ERPLY Books mok\u0117jimo b\u016bdai"},"content":{"rendered":"<p>Yra trys pagrindiniai ERPLY Books mok\u0117jimo b\u016bdai. \u0160iame vaizdo \u012fra\u0161e bus pristatomi \u0161ie b\u016bdai.<\/p>\n<p><iframe loading=\"lazy\" title=\"Different Payment Types in ERPLY Books (Lithuanian)\" width=\"1080\" height=\"608\" src=\"https:\/\/www.youtube.com\/embed\/qnkPe1QQHmM?feature=oembed\"  allow=\"accelerometer; autoplay; clipboard-write; encrypted-media; gyroscope; picture-in-picture\" allowfullscreen><\/iframe><\/p>\n","protected":false},"excerpt":{"rendered":"<p>Yra trys pagrindiniai ERPLY Books mok\u0117jimo b\u016bdai. \u0160iame vaizdo \u012fra\u0161e bus pristatomi \u0161ie b\u016bdai.<\/p>\n","protected":false},"author":3,"featured_media":0,"parent":5728,"menu_order":4,"comment_status":"closed","ping_status":"closed","template":"","meta":{"_et_pb_use_builder":"","_et_pb_old_content":"","_et_gb_content_width":"","footnotes":""},"categories":[],"tags":[],"class_list":["post-6192","page","type-page","status-publish","hentry"],"_links":{"self":[{"href":"https:\/\/www.erplybooks.com\/lt\/wp-json\/wp\/v2\/pages\/6192","targetHints":{"allow":["GET"]}}],"collection":[{"href":"https:\/\/www.erplybooks.com\/lt\/wp-json\/wp\/v2\/pages"}],"about":[{"href":"https:\/\/www.erplybooks.com\/lt\/wp-json\/wp\/v2\/types\/page"}],"author":[{"embeddable":true,"href":"https:\/\/www.erplybooks.com\/lt\/wp-json\/wp\/v2\/users\/3"}],"replies":[{"embeddable":true,"href":"https:\/\/www.erplybooks.com\/lt\/wp-json\/wp\/v2\/comments?post=6192"}],"version-history":[{"count":0,"href":"https:\/\/www.erplybooks.com\/lt\/wp-json\/wp\/v2\/pages\/6192\/revisions"}],"up":[{"embeddable":true,"href":"https:\/\/www.erplybooks.com\/lt\/wp-json\/wp\/v2\/pages\/5728"}],"wp:attachment":[{"href":"https:\/\/www.erplybooks.com\/lt\/wp-json\/wp\/v2\/media?parent=6192"}],"wp:term":[{"taxonomy":"category","embeddable":true,"href":"https:\/\/www.erplybooks.com\/lt\/wp-json\/wp\/v2\/categories?post=6192"},{"taxonomy":"post_tag","embeddable":true,"href":"https:\/\/www.erplybooks.com\/lt\/wp-json\/wp\/v2\/tags?post=6192"}],"curies":[{"name":"wp","href":"https:\/\/api.w.org\/{rel}","templated":true}]}}