{"id":6188,"date":"2017-11-15T07:07:49","date_gmt":"2017-11-15T07:07:49","guid":{"rendered":"http:\/\/www.erplybooks.com\/?page_id=6188\/"},"modified":"2018-03-28T14:05:23","modified_gmt":"2018-03-28T14:05:23","slug":"klientu-saskaitos-erply-books","status":"publish","type":"page","link":"https:\/\/www.erplybooks.com\/lt\/vadovas\/klientu-saskaitos-erply-books\/","title":{"rendered":"Klient\u0173 s\u0105skaitos ERPLY Books"},"content":{"rendered":"<p>Klient\u0173 s\u0105skaitos ERPLY Books? \u0160is vaizdo \u012fra\u0161as paai\u0161kins Klient\u0173 S\u0105skaitas ERPLY Books.<\/p>\n<p><iframe loading=\"lazy\" title=\"Customer statements in ERPLY Books (Lithuanian)\" width=\"1080\" height=\"608\" src=\"https:\/\/www.youtube.com\/embed\/yMdR86enP94?feature=oembed\"  allow=\"accelerometer; autoplay; clipboard-write; encrypted-media; gyroscope; picture-in-picture\" allowfullscreen><\/iframe><\/p>\n","protected":false},"excerpt":{"rendered":"<p>Klient\u0173 s\u0105skaitos ERPLY Books? \u0160is vaizdo \u012fra\u0161as paai\u0161kins Klient\u0173 S\u0105skaitas ERPLY Books.<\/p>\n","protected":false},"author":3,"featured_media":0,"parent":5728,"menu_order":33,"comment_status":"closed","ping_status":"closed","template":"","meta":{"_et_pb_use_builder":"","_et_pb_old_content":"","_et_gb_content_width":"","footnotes":""},"categories":[],"tags":[],"class_list":["post-6188","page","type-page","status-publish","hentry"],"_links":{"self":[{"href":"https:\/\/www.erplybooks.com\/lt\/wp-json\/wp\/v2\/pages\/6188","targetHints":{"allow":["GET"]}}],"collection":[{"href":"https:\/\/www.erplybooks.com\/lt\/wp-json\/wp\/v2\/pages"}],"about":[{"href":"https:\/\/www.erplybooks.com\/lt\/wp-json\/wp\/v2\/types\/page"}],"author":[{"embeddable":true,"href":"https:\/\/www.erplybooks.com\/lt\/wp-json\/wp\/v2\/users\/3"}],"replies":[{"embeddable":true,"href":"https:\/\/www.erplybooks.com\/lt\/wp-json\/wp\/v2\/comments?post=6188"}],"version-history":[{"count":0,"href":"https:\/\/www.erplybooks.com\/lt\/wp-json\/wp\/v2\/pages\/6188\/revisions"}],"up":[{"embeddable":true,"href":"https:\/\/www.erplybooks.com\/lt\/wp-json\/wp\/v2\/pages\/5728"}],"wp:attachment":[{"href":"https:\/\/www.erplybooks.com\/lt\/wp-json\/wp\/v2\/media?parent=6188"}],"wp:term":[{"taxonomy":"category","embeddable":true,"href":"https:\/\/www.erplybooks.com\/lt\/wp-json\/wp\/v2\/categories?post=6188"},{"taxonomy":"post_tag","embeddable":true,"href":"https:\/\/www.erplybooks.com\/lt\/wp-json\/wp\/v2\/tags?post=6188"}],"curies":[{"name":"wp","href":"https:\/\/api.w.org\/{rel}","templated":true}]}}