{"id":6185,"date":"2017-11-15T07:03:21","date_gmt":"2017-11-15T07:03:21","guid":{"rendered":"http:\/\/www.erplybooks.com\/?page_id=6185\/"},"modified":"2018-03-22T14:27:30","modified_gmt":"2018-03-22T14:27:30","slug":"korteles-mokejimo-suderinimas","status":"publish","type":"page","link":"https:\/\/www.erplybooks.com\/lt\/vadovas\/korteles-mokejimo-suderinimas\/","title":{"rendered":"Kortel\u0117s mok\u0117jimo suderinimas"},"content":{"rendered":"<p>Kortel\u0117s mok\u0117jimo suderinimas ERPLY Books. \u0160i instrukcija\/vadovas paai\u0161kina kaip patvirtinti galutinius kortel\u0117s mok\u0117jimus ERPLY Books. \u0160ie nustatymai taikomi tiek pirkimo, tiek pardavimo operacijoms.<\/p>\n<h2>1. Bendrieji nustatymai<\/h2>\n<p>Pirmiausia, nustatytkite s\u0105skait\u0105, kuri\u0105 turite rankiniu b\u016bdu suderinti banko importe. Eikite \u012f \u201cNustatymai\u201d &gt; \u201cKonfiguracija (Configuration)\u201d ir skyrelyje \u201cSuderinti \u0161i\u0105 s\u0105skait\u0105\u201d pasirinkite s\u0105skait\u0105 (pvz. terminuoti ind\u0117liai). Tuomet i\u0161saugokite ir atnaujinkite puslap\u012f.<\/p>\n<p>\u0160is nustatymas rei\u0161kia, kad operacijos, susijusios su \u0161ia s\u0105skaita turi b\u016bti patvirtintos rankiniu b\u016bdu banko importe. Jie gaus status\u0105 \u201cnesuderinta\u201d ir vartotojas tur\u0117s suderinti \u0161ias operacijas rankiniu b\u016bdu.<\/p>\n<p><strong>NB!<\/strong> Jeigu j\u016bs norite pasirinkti kelias s\u0105skaitas, kuiras turite suderinti rankiniu b\u016bdu, tuomet susisiekite su mumis el. pa\u0161tu: <a href=\"mailto:support@erplybooks.com\"><strong>support@erplybooks.com<\/strong><\/a><\/p>\n<h2>2. Importas i\u0161 banko<\/h2>\n<p>Jeigu \u012fkelsite fail\u0105 \u012f banko import\u0105 (\u201cPardavimai\u201d &gt; \u201cPirkimai\u201d &gt; \u201cImportas i\u0161 banko\u201d), tuomet operacijos su s\u0105skaitomis, kurias j\u016bs nustat\u0117te konfiguracijoje, gaus \u201cnesuderintas\u201d status\u0105.<\/p>\n<p>De\u0161iniuoju pel\u0117s mygtuku spustel\u0117kite operacij\u0105 ir pasirinkite \u201cIe\u0161koti nebaigt\u0173 patikrinim\u0173\u201d. Atsidarys nebaigtos operacijos. Suraskite tas, kurias norite suderinti ir spustel\u0117kite mygtuk\u0105 \u201cPasirinkti\u201d. Tada sistema paklaus kur nor\u0117tum\u0117te patalpinti likusius pinigus (pagal numatytuosius nustatymus jie bus patalpinti banko s\u0105naud\u0173 s\u0105skaitoje). Tod\u0117l suma, kuri\u0105 naudojate mok\u0117dami s\u0105skaitas-fakt\u016bras, gali b\u016bti padalinta.<\/p>\n<p><strong>Pavyzdys:<\/strong> Jeigu j\u016bs turite penkis mok\u0117jimus po 20 EUR (100 EUR), bet j\u016bs gausite 98 EUR \u012f j\u016bs\u0173 banko s\u0105skait\u0105 (taigi, 2 EUR yra aptarnavimo mokestis), tuomet suraskite nebaigtas operacijas, pasirinkite jas visas ir petvirtinkite. Sistema paklaus kur nor\u0117tum\u0117te patalpinti likusius pinigus (pagal numatytuosius nustatymus jie bus patalpinti banko s\u0105naud\u0173 s\u0105skaitoje). Tada ERPLY Books atliks 100 EUR operacij\u0105 \u012f kortel\u0117s galutin\u0119 s\u0105skait\u0105 ir -2 EUR \u012f s\u0105naud\u0173 s\u0105skait\u0105 (tai bus \u012ftraukta \u012f kredit\u0105 ir, galiausiai, debeto s\u0105skaitos suma bus +2 EUR.).<\/p>\n<p>\u0160i operacija suteiks jums galimyb\u0119 sujungti atskirus mok\u0117jimus.<\/p>\n<h2>3. Mok\u0117jim\u0173 sujungimas su projektais<\/h2>\n<p>Kortel\u0117s galutinius mok\u0117jimus\u00a0 su projektais galima susieti dviem b\u016bdais: rankiniu b\u016bdu ir automati\u0161kai.<\/p>\n<p>Jeigu norite susieti kortel\u0117s terminuotus mok\u0117jimus su projektais rankiniu b\u016bdu, tuomet importe i\u0161 banko spustel\u0117kite operacij\u0105 ir pasirinkite norim\u0105 projekt\u0105 de\u0161in\u0117je esan\u010diame meniu.<\/p>\n<p>Jeigu norite atlikti \u0161\u012f proces\u0105 automati\u0161kai, tuomet j\u016bs turite prid\u0117ti nauj\u0105 nustatym\u0105, kuris padalija mok\u0117jimus ir pajamas \u012f projekto grupes. Eikite \u012f \u201cNustatymai\u201d &gt; \u201cKonfiguracija (Configuration)\u201d ir pa\u017eym\u0117kite varnele \u201cAutomati\u0161kai sujungti projektus kai suderinami mok\u0117jimai banko importe\u201d. Tuomet i\u0161saugokite ir atnaujinkite puslap\u012f.<\/p>\n<p><strong>Pavyzdys:<\/strong><\/p>\n<p><strong>Kaip \u0161is nustatymas veikia<\/strong><\/p>\n<p>J\u016bs pasirenkate 10 mok\u0117jim\u0173. Trys i\u0161 j\u0173 yra sujungti su projektais X ir Y ir septyni kiti mok\u0117jimai sujungti su projektais X ir Z.<\/p>\n<p>Sistema juos padalins \u012f dvi grupes:<\/p>\n<ul>\n<li>Operacija i\u0161 trij\u0173 mok\u0117jim\u0173 projektuose X ir Y.<\/li>\n<li>Operacija i\u0161 septyni\u0173 mok\u0117jim\u0173 projektuose X ir Z.<\/li>\n<\/ul>\n<p><strong>NB<\/strong><strong>!<\/strong> S\u0105naudos bus padalintos proporcingai.<\/p>\n<p>Pavyzd\u017eiui, jeigu s\u0105naudos yra 2 EUR, tuomet gali b\u016bti operacij\u0173 eilut\u0117s 0.5, 0.3, and 1.2 EUR sumomis. Sistema padalins pinigus \u012f projektus, i\u0161 kuri\u0173 ir yra \u0161ios operacijos.<\/p>\n<p>Taip pat yra ir su mok\u0117jimo patikrinimais i\u0161 klient\u0173. J\u016bs galite sujungti mok\u0117jimus su banko importo s\u0105skaitomis-fakt\u016bromis ir padalinti juos \u012f projekt\u0173 grupes.<\/p>\n<h2>4. Mok\u0117jimo statuso keitimas \u012f nesuderint\u0105<\/h2>\n<p>Galima atmesti jau patvirtint\u0105 mok\u0117jim\u0105. Eikite \u012f \u201cPardavimai\u201d &gt; \u201cGaut\u0173 sum\u0173 ataskaita\u201d,\u00a0 suraskite mok\u0117jim\u0105 ir pa\u017eym\u0117kite j\u012f varnele. Paspauskite \u201cDaugiau\u201d &gt; \u201cPa\u017eym\u0117ti kaip nesuderint\u0105\u201d.<\/p>\n","protected":false},"excerpt":{"rendered":"<p>Kortel\u0117s mok\u0117jimo suderinimas ERPLY Books. \u0160i instrukcija\/vadovas paai\u0161kina kaip patvirtinti galutinius kortel\u0117s mok\u0117jimus ERPLY Books. \u0160ie nustatymai taikomi tiek pirkimo, tiek pardavimo operacijoms. 1. Bendrieji nustatymai Pirmiausia, nustatytkite s\u0105skait\u0105, kuri\u0105 turite rankiniu b\u016bdu suderinti banko importe. Eikite \u012f \u201cNustatymai\u201d &gt; \u201cKonfiguracija (Configuration)\u201d ir skyrelyje \u201cSuderinti \u0161i\u0105 s\u0105skait\u0105\u201d pasirinkite s\u0105skait\u0105 (pvz. terminuoti ind\u0117liai). Tuomet i\u0161saugokite ir [&hellip;]<\/p>\n","protected":false},"author":3,"featured_media":0,"parent":5728,"menu_order":0,"comment_status":"closed","ping_status":"closed","template":"","meta":{"_et_pb_use_builder":"","_et_pb_old_content":"","_et_gb_content_width":"","footnotes":""},"categories":[],"tags":[],"class_list":["post-6185","page","type-page","status-publish","hentry"],"_links":{"self":[{"href":"https:\/\/www.erplybooks.com\/lt\/wp-json\/wp\/v2\/pages\/6185","targetHints":{"allow":["GET"]}}],"collection":[{"href":"https:\/\/www.erplybooks.com\/lt\/wp-json\/wp\/v2\/pages"}],"about":[{"href":"https:\/\/www.erplybooks.com\/lt\/wp-json\/wp\/v2\/types\/page"}],"author":[{"embeddable":true,"href":"https:\/\/www.erplybooks.com\/lt\/wp-json\/wp\/v2\/users\/3"}],"replies":[{"embeddable":true,"href":"https:\/\/www.erplybooks.com\/lt\/wp-json\/wp\/v2\/comments?post=6185"}],"version-history":[{"count":0,"href":"https:\/\/www.erplybooks.com\/lt\/wp-json\/wp\/v2\/pages\/6185\/revisions"}],"up":[{"embeddable":true,"href":"https:\/\/www.erplybooks.com\/lt\/wp-json\/wp\/v2\/pages\/5728"}],"wp:attachment":[{"href":"https:\/\/www.erplybooks.com\/lt\/wp-json\/wp\/v2\/media?parent=6185"}],"wp:term":[{"taxonomy":"category","embeddable":true,"href":"https:\/\/www.erplybooks.com\/lt\/wp-json\/wp\/v2\/categories?post=6185"},{"taxonomy":"post_tag","embeddable":true,"href":"https:\/\/www.erplybooks.com\/lt\/wp-json\/wp\/v2\/tags?post=6185"}],"curies":[{"name":"wp","href":"https:\/\/api.w.org\/{rel}","templated":true}]}}