{"id":6159,"date":"2017-11-15T06:19:15","date_gmt":"2017-11-15T06:19:15","guid":{"rendered":"http:\/\/www.erplybooks.com\/?page_id=6159\/"},"modified":"2018-04-24T06:15:03","modified_gmt":"2018-04-24T06:15:03","slug":"swedbank","status":"publish","type":"page","link":"https:\/\/www.erplybooks.com\/lt\/swedbank\/","title":{"rendered":"Swedbank"},"content":{"rendered":"<h2 style=\"text-align: left;\">Automatizuokite savo apskait\u0105 su Swedbank<\/h2>\n<p>\u201eSwedbank\u201c, pasitelkdamas partnerius, padeda automatizuoti, pagerinti ir supaprastinti apskaitos procesus. Nuo \u0161iol galite greitai gauti visus savo mok\u0117jimus \u012f apskaitos programin\u0119 \u012frang\u0105. Tai rei\u0161kia, jog mok\u0117jimai bus atliekami grei\u010diau, o j\u016bs\u0173 \u017eurnalai \u2013 atnaujinti.<\/p>\n<p><img loading=\"lazy\" decoding=\"async\" class=\"size-medium wp-image-8665 aligncenter\" src=\"https:\/\/www.erplybooks.com\/wp-content\/uploads\/2018\/04\/swedbank_416x416-300x95.jpg\" alt=\"\" width=\"300\" height=\"95\" srcset=\"https:\/\/www.erplybooks.com\/wp-content\/uploads\/2018\/04\/swedbank_416x416-300x95.jpg 300w, https:\/\/www.erplybooks.com\/wp-content\/uploads\/2018\/04\/swedbank_416x416.jpg 415w\" sizes=\"auto, (max-width: 300px) 100vw, 300px\" \/><\/p>\n<h2 style=\"text-align: left;\">Sprendimas<\/h2>\n<p>Naudodami \u201eSwedbank\u201c apskaitos sistem\u0105, galite naudoti profesionali\u0105 apskaitos programin\u0119 \u012frang\u0105, integruot\u0105 \u012f \u201eSwedbank\u201c el. bank\u0105, o jei reikia, naudokit\u0117s m\u016bs\u0173 apskaitos partneriais, kad gautum\u0117te geriausios kokyb\u0117s apskaitos paslaugas.<\/p>\n<p>\u201eSwedbank\u201c apskaita tvarkoma ERPLY Books apskaitos programine \u012franga, automati\u0161kai sinchronizuojant visus banko sandorius i\u0161 \u201eSwedbank\u201c. Be to, jis vienu paspaudimu siun\u010dia mok\u0117jimus \u201eSwedbank\u201c. Tai rei\u0161kia, kad j\u016bs\u0173 kasdien\u0117 verslo bankininkyst\u0117 yra atliekama kuo spar\u010diau.<\/p>\n<h2>Privalumai klientui<\/h2>\n<ul>\n<li>Automatin\u0117s gautinos ir mok\u0117tinos sumos<\/li>\n<li>Naujas elektronin\u0117s prekybos am\u017eius Baltijos \u0161alyse<\/li>\n<li>Automatizuotos mok\u0117tinos sumos<\/li>\n<li>Nauj\u0173 funkcij\u0173 pritaikymas (pvz. automatiniai klient\u0173 priminimai)<\/li>\n<li>Galimyb\u0117 sutelkti d\u0117mes\u012f \u012f versl\u0105, o ne \u012f apskait\u0105<\/li>\n<li>Apskaitos tarnyba: automatizuoti visi procesai<\/li>\n<li>Spartesnis sum\u0173 i\u0161mok\u0117jimas<\/li>\n<li>Didmenin\u0117 ir ma\u017emenin\u0117 prekyba: automatizuoti pardavimo ir u\u017esakymo procesai<\/li>\n<\/ul>\n<h2>Kaip \u012f ERPLY Books integruoti Swedbank?<\/h2>\n<p>ERPLY Books \u2013 debesies principo profesionali apskaitos programin\u0117 \u012franga, integruota Swedbank. Ji turi visas apskaitos priemones, b\u016btinas vesti apskait\u0105 ma\u017eoms, vidutin\u0117ms ir didel\u0117ms \u012fmon\u0117ms.<\/p>\n<p><iframe loading=\"lazy\" src=\"https:\/\/www.youtube.com\/embed\/Y3lT5N0WDGw\" width=\"840\" height=\"472\" frameborder=\"0\" allowfullscreen=\"allowfullscreen\"><\/iframe><\/p>\n<ul>\n<li><strong>Swedbank integracija<\/strong>\n<ul>\n<li>Naudodami ERPLY Books, galite automatizuoti banko operacijas net iki 100% \u2013 ERPLY Books susinchronizuoja visus naujus mok\u0117jimus i\u0161 Swedbank kas kelet\u0105 minu\u010di\u0173, o norint atlikti mok\u0117jimus, nereikia parsisi\u0173sti ar \u012fkelti joki\u0173 fail\u0173.<\/li>\n<\/ul>\n<\/li>\n<\/ul>\n<ul>\n<li><strong>S\u0105skaitos fakt\u016bros<\/strong>\n<ul>\n<li>Sukurkite ir i\u0161si\u0173skite pardavim\u0173 s\u0105skaitas fakt\u016bras. Sekite, kas gavo j\u016bs\u0173 el. lai\u0161kus ir si\u0173skite priminimus skolininkams.<\/li>\n<\/ul>\n<\/li>\n<\/ul>\n<ul>\n<li><strong>Elektronin\u0117 pirkini\u0173 pa\u0161to d\u0117\u017eut\u0117 <\/strong>\n<ul>\n<li>Automatizuokite savo pirkimus iki 90%, naudodami elektronin\u0119 pirkim\u0173 pa\u0161to d\u0117\u017eut\u0119. Tur\u0117site nuosav\u0105 el. pa\u0161to adres\u0105, \u012f kur\u012f bus siun\u010diamos visos s\u0105skaitos fakt\u016bros. ERPLY Books gali automati\u0161kai sukurti pirkim\u0173 s\u0105skaitas, pritaikydama \u012fvairias taisykles.\u00a0Kadangi visi falai saugomi skaitmenine forma, apskaita vyksta be popieriaus!<\/li>\n<\/ul>\n<\/li>\n<\/ul>\n<ul>\n<li><strong>Viskas, ko reikia buhalteriui<\/strong>\n<ul>\n<li>Be s\u0105skait\u0173 fakt\u016br\u0173 ir mok\u0117jim\u0173, ERPLY Books turi visas kitas funkcijas, reikalingas apskaitai: rankinius \u017eurnalus, did\u017ei\u0105j\u0105 knyg\u0105, ilgalaik\u012f turt\u0105, u\u017emokest\u012f ir t.t.<\/li>\n<\/ul>\n<\/li>\n<\/ul>\n<ul>\n<li><strong>Ataskaitos<\/strong>\n<ul>\n<li>ERPLY Books turi visas ataskaitas, reikalingas mokes\u010di\u0173 institucijoms (VMI Lietuvoje, EMTA Estijoje ir VID Latvijoje), vadovybei, buhalteriams ir auditoriams.<\/li>\n<\/ul>\n<\/li>\n<\/ul>\n<ul>\n<li><strong>J\u016bs\u0173 \u012fmon\u0117s dydis nesvarbus<\/strong>\n<ul>\n<li>ERPLY Books pasi\u017eymi daugybe funkcij\u0173, skirtu automatizuoti duomen\u0173 apdorojim\u0105 pagerinti ataskait\u0173 teikim\u0105. Be to, galite konfig\u016bruoti, kaip duomenys bus rodomi ar apdorojami. ERPLY Books taip pat turi daugyb\u0119 integracij\u0173, tad prie \u0161ios platformos nesunku prijungti vidines sistemas.<\/li>\n<\/ul>\n<\/li>\n<\/ul>\n<h2>Kaip veikia integracija?<\/h2>\n<ul>\n<li>ERPLY Books sinchronizuoja bankines operacijas ir, jei mok\u0117jimus galima susieti su s\u0105skaitomis fakt\u016bromis ir (arba) s\u0105skaitomis, tuomet mok\u0117jimai i\u0161saugomi ir sukuriamos operacijos.<\/li>\n<li>Be joki\u0173 specifini\u0173 taisykli\u0173, ERPLY Books gali sujungti apie 80-90% mok\u0117jim\u0173 su s\u0105skaitomis fakt\u016bromis ir s\u0105skaitomis.<\/li>\n<li>Prid\u0117dami taisykles, galite automatizuoti net iki 100% proceso.<\/li>\n<li>Dabar, mok\u0117jim\u0173 siuntimas \u012f bank\u0105 rei\u0161kia paprast\u0105 spustel\u0117jim\u0105 \u201esi\u0173sti bankui\u201c. Neprireikia parsisi\u0173sti ar \u012fkelti joki\u0173 fail\u0173. <strong>Pastaba: ERPLY Books tik siun\u010dia mok\u0117jimus bankui \u2013Swedbank atstovas turi patvirtinti mok\u0117jimus rankiniu b\u016bdu.<\/strong><\/li>\n<li>Naudodami m\u016bs\u0173 s\u0105skaitos fakt\u016bros patvirtinimo proces\u0105 elektronin\u0117je pirkim\u0173 pa\u0161to d\u0117\u017eut\u0117je galite gauti pirkimo s\u0105skait\u0105 fakt\u016br\u0105, automati\u0161kai sugeneruot\u0105 ERPLY Books ir naudoti el. pa\u0161to patvirtinim\u0105 jam atsi\u0173sti atgal \u012f bank\u0105.<\/li>\n<\/ul>\n<h2>Kainodara<\/h2>\n<p>ERPLY Books\u00a0taiko skirtingus kain\u0173 planus, priklausomai nuo to, ar turite ma\u017e\u0105 \u012fmon\u0119, bendrov\u0119 ar versl\u0105, teikiant\u012f apskaitos paslaugas kitoms \u012fmon\u0117ms. Priklausomai nuo j\u016bs\u0173 poreiki\u0173, galite pasirinkti tinkamiausi\u0105 plan\u0105, atitinkant\u012f visus j\u016bs\u0173 l\u016bkes\u010dius. \u017dr. skirtingus kain\u0173 planus <a href=\"https:\/\/www.erplybooks.com\/lt\/kainos-buhalteriams\/\"><strong>buhalteriams<\/strong><\/a><strong>\u00a0<\/strong>bei\u00a0<a href=\"https:\/\/www.erplybooks.com\/lt\/kainos-jusu-verslui\/\"><strong>bendrov\u0117ms<\/strong><\/a><strong>.<\/strong><\/p>\n<h2>Prad\u0117kite su ERPLY Books<\/h2>\n<p>Prad\u0117ti su ERPLY Books yra paprasta.\u00a0<a href=\"https:\/\/www.erplybooks.com\/starting-erply-books\/\"><strong>\u010cia<\/strong><\/a><strong>\u00a0<\/strong>galite rasti instrukcijas, pad\u0117sian\u010dias susipa\u017einti su ERPLY Books.<\/p>\n<p style=\"text-align: center;\"><a class=\"btn-filled btn\" href=\"https:\/\/www.erplybooks.com\/lt\/yes-list\/\">YES-list<\/a><\/p>\n<p style=\"text-align: center;\"><a class=\"btn-filled btn\" href=\"https:\/\/www.swedbank.lt\/private\">Eikite \u012f Swedbank<\/a><\/p>\n<h2>DUK<\/h2>\n<p><strong>1) Kaip sukurti nauj\u0105 vartotoj\u0105?<\/strong><\/p>\n<p>\u201eNustatymai\u201c &gt; \u201eVartotojai\u201c &gt; \u201ePrid\u0117ti vartotoj\u0105\u201c. U\u017epildykite reikiam\u0105 informacij\u0105 ir i\u0161saugokite.<\/p>\n<p><strong>2) Kaip prid\u0117ti nauj\u0105 vartotoj\u0105, kuris nesinaudoja Swedbank?<\/strong><\/p>\n<p>Kaip ir atsakyme \u012f 1 klausim\u0105. Eikite \u012f \u201eNustatymai\u201c &gt; \u201eVartotojai\u201c.<\/p>\n<p><strong>3) Kokia informacijas bus susinchronizuota i\u0161 Swedbank \u012f ERPLY Books?<\/strong><\/p>\n<p>Banko ataskaitos informacija (mok\u0117jimai ir gautinos sumos) i\u0161 Swedbank bus susinchronizuotos \u012f ERPLY Books.<\/p>\n<p><strong>4) Kokia informacija bus sinchronizuojama i\u0161 ERPLY Books \u012f Swedbank?<\/strong><\/p>\n<p>Galima i\u0161si\u0173sti mok\u0117jimo informacij\u0105 \u012f Swedbank (pvz. pirkimo s\u0105skait\u0173 fakt\u016br\u0173 mok\u0117jimus, darbo u\u017emokes\u010di\u0173 mok\u0117jimus, ir kt.). Tai rei\u0161kia, jog turint pirkimo s\u0105skaitas fakt\u016bras, kurias reikia apmok\u0117ti, mok\u0117jimo informacija i\u0161si\u0173sta patvirtinimui banke. Mok\u0117jimai nebus atliekami \u00a0ERPLY Books, paruo\u0161ti mok\u0117jimai bus i\u0161si\u0173sti bankui.<\/p>\n<p><strong>5) Kaip greitai tarp ERPLY Books ir Swedbank juda duomenys bei informacija?<\/strong><\/p>\n<p>Automatiniai mok\u0117jimai tarp Books ir Swedbank bus gaunami per kelet\u0105 minu\u010di\u0173. Pavyzd\u017eiui, klientui sumok\u0117jus, o pinigams atkeliavus \u012f s\u0105skait\u0105, informacija apie mok\u0117jim\u0105 i\u0161siun\u010diama ERPLY Books per kelias minutes.<\/p>\n<p><strong>6) Kaip pa\u0161alinti vartotoj\u0105?<\/strong><\/p>\n<p>\u201eNustatymai\u201c &gt; \u201eVartotojai\u201c, \u00a0tuomet paspauskite ant vartotojo el. pa\u0161to ir pasirinkite \u201ePa\u0161alinti \u012fgaliojim\u0105\u201c.<\/p>\n<p><strong>7) Kaip nutraukti sutart\u012f?<\/strong><\/p>\n<p>Nor\u0117dami ERPLY Books nutraukti sutart\u012f, turite pakeisti kainodar\u0105. Prisijunkite prie ERPLY Books ir eikite \u012f \u201eNustatymai\u201c &gt; \u201eKainodara\u201c ir paspauskite \u201eNebeprenumeruoti\u201c.<\/p>\n<p><img loading=\"lazy\" decoding=\"async\" class=\"alignnone wp-image-6161\" src=\"https:\/\/www.erplybooks.com\/wp-content\/uploads\/2017\/11\/kaksteist-300x180.png\" alt=\"\" width=\"627\" height=\"376\" srcset=\"https:\/\/www.erplybooks.com\/wp-content\/uploads\/2017\/11\/kaksteist-300x180.png 300w, https:\/\/www.erplybooks.com\/wp-content\/uploads\/2017\/11\/kaksteist.png 748w\" sizes=\"auto, (max-width: 627px) 100vw, 627px\" \/><\/p>\n<p>Sistema papra6ys patvirtinimo ir tuomet vartotojas el. pa\u0161tu gaus patvirtinim\u0105:<\/p>\n<p><img loading=\"lazy\" decoding=\"async\" class=\"alignnone wp-image-6162\" src=\"https:\/\/www.erplybooks.com\/wp-content\/uploads\/2017\/11\/yksteist-300x67.png\" alt=\"\" width=\"725\" height=\"162\" srcset=\"https:\/\/www.erplybooks.com\/wp-content\/uploads\/2017\/11\/yksteist-300x67.png 300w, https:\/\/www.erplybooks.com\/wp-content\/uploads\/2017\/11\/yksteist.png 734w\" sizes=\"auto, (max-width: 725px) 100vw, 725px\" \/><\/p>\n<p><strong>8) Kokia \u0161ios integracijos kaina?<\/strong><\/p>\n<p>Jau turintiems ERPLY Books paskyr\u0105, taikomas vienkartinis10 EUR + PVM mokestis u\u017e integracij\u0105. Neturintiems paskyros ERPLY Books, integracijos mokestis netaikomas. Vartotojas pasirenka norim\u0105 paket\u0105 (Ma\u017eas 5 EUR, Vidutinis 10 EUR ir Didelis 50 EUR) ir toks m\u0117nesinis mokestis bus taikomas tiek ERPLY Books paskyrai, tiek integracijai.<\/p>\n<p><strong>9) Koki\u0173 yra paket\u0173? Kaip galiu pasikeisti esam\u0105 paket\u0105?<\/strong><\/p>\n<p>ERPLY Book si\u016blo tris skirtingus naudojimosi paketus. Nor\u0117dami pamatyti visus galimus variantus, eikite \u012f \u201eNustatymai \u00a0&gt; \u201eKainodara\u201c.<\/p>\n<p><img loading=\"lazy\" decoding=\"async\" class=\"alignnone wp-image-6163\" src=\"https:\/\/www.erplybooks.com\/wp-content\/uploads\/2017\/11\/kaheksa-300x161.png\" alt=\"\" width=\"697\" height=\"374\" srcset=\"https:\/\/www.erplybooks.com\/wp-content\/uploads\/2017\/11\/kaheksa-300x161.png 300w, https:\/\/www.erplybooks.com\/wp-content\/uploads\/2017\/11\/kaheksa-768x413.png 768w, https:\/\/www.erplybooks.com\/wp-content\/uploads\/2017\/11\/kaheksa.png 991w\" sizes=\"auto, (max-width: 697px) 100vw, 697px\" \/><\/p>\n<p>Dabartin\u012f naudojam\u0105 paket\u0105 galite pamatyti puslapio prad\u017eioje.<\/p>\n<p><img loading=\"lazy\" decoding=\"async\" class=\"alignnone wp-image-6164\" src=\"https:\/\/www.erplybooks.com\/wp-content\/uploads\/2017\/11\/viis-300x254.png\" alt=\"\" width=\"523\" height=\"443\" srcset=\"https:\/\/www.erplybooks.com\/wp-content\/uploads\/2017\/11\/viis-300x254.png 300w, https:\/\/www.erplybooks.com\/wp-content\/uploads\/2017\/11\/viis.png 681w\" sizes=\"auto, (max-width: 523px) 100vw, 523px\" \/><\/p>\n<p>Suteikiama galimyb\u0117 mok\u0117ti kreditine kortele arba i\u0161ra\u0161ant s\u0105skait\u0105 fakt\u016br\u0105. Europos S\u0105jungoje palaikomos tiek kreditin\u0117s kortel\u0117s, tiek s\u0105skaitos fakt\u016bros, ta\u010diau ne ES nar\u0117ms leid\u017eiama atsiskaityti tik kreditine kortele.<\/p>\n<p><img loading=\"lazy\" decoding=\"async\" class=\"alignnone wp-image-6165\" src=\"https:\/\/www.erplybooks.com\/wp-content\/uploads\/2017\/11\/seitse-300x198.png\" alt=\"\" width=\"505\" height=\"333\" srcset=\"https:\/\/www.erplybooks.com\/wp-content\/uploads\/2017\/11\/seitse-300x198.png 300w, https:\/\/www.erplybooks.com\/wp-content\/uploads\/2017\/11\/seitse.png 444w\" sizes=\"auto, (max-width: 505px) 100vw, 505px\" \/><\/p>\n<p>Nor\u0117dami pakeisti paket\u0105, per\u017evelkite kainora\u0161t\u012f bei skirtingas si\u016blomas paslaugas. Galiausiai, pasirinkite tinkam\u0105 paket\u0105 bei mok\u0117jimo metod\u0105.<\/p>\n<p><strong>10) Kaip mok\u0117jimus si\u0173sti bankui? Ar b\u016btina prisijungti prie ERPLY Books, ar tai galima padaryti per Swedbank?<\/strong><\/p>\n<p>Prisijunkite prie ERPLY Books ir eikite \u012f \u201ePirkimai\u201c &gt; \u201eAtverti mok\u0117tinas sumas\u201c. Pasirinkite reikalingas s\u0105skaitas fakt\u016bras ir spustel\u0117kite \u201eSi\u0173sti mok\u0117jimus bankui\u201c.<\/p>\n<p>Bus atidarytas naujas puslapis, kuriame gal\u0117site keisti tiek\u0117j\u0173 banko informacij\u0105 ir prid\u0117ti nauj\u0173 mok\u0117jim\u0173. Tas pats modulis bus atidarytas apskai\u010diuojant darbo u\u017emokest\u012f ir visk\u0105 i\u0161saugojus spustel\u0117jus \u201esudaryti mok\u0117jimo fail\u0105\u201c.<\/p>\n<p><img loading=\"lazy\" decoding=\"async\" class=\"alignnone wp-image-6168\" src=\"https:\/\/www.erplybooks.com\/wp-content\/uploads\/2017\/11\/SKFJSKDF-300x129.png\" alt=\"\" width=\"677\" height=\"291\" srcset=\"https:\/\/www.erplybooks.com\/wp-content\/uploads\/2017\/11\/SKFJSKDF-300x129.png 300w, https:\/\/www.erplybooks.com\/wp-content\/uploads\/2017\/11\/SKFJSKDF-768x331.png 768w, https:\/\/www.erplybooks.com\/wp-content\/uploads\/2017\/11\/SKFJSKDF-1024x441.png 1024w, https:\/\/www.erplybooks.com\/wp-content\/uploads\/2017\/11\/SKFJSKDF.png 1863w\" sizes=\"auto, (max-width: 677px) 100vw, 677px\" \/><\/p>\n<p>I\u0161siuntus mok\u0117jimus bankui, gausite prane\u0161im\u0105.<\/p>\n<p><img loading=\"lazy\" decoding=\"async\" class=\"alignnone wp-image-6169\" src=\"https:\/\/www.erplybooks.com\/wp-content\/uploads\/2017\/11\/test1-300x102.png\" alt=\"\" width=\"621\" height=\"211\" srcset=\"https:\/\/www.erplybooks.com\/wp-content\/uploads\/2017\/11\/test1-300x102.png 300w, https:\/\/www.erplybooks.com\/wp-content\/uploads\/2017\/11\/test1.png 652w\" sizes=\"auto, (max-width: 621px) 100vw, 621px\" \/><\/p>\n<p>&nbsp;<\/p>\n<p><strong>11) Kaip prid\u0117ti mok\u0117jimus prie pardavim\u0173 s\u0105skait\u0173 fakt\u016br\u0173?<\/strong><\/p>\n<p>Mok\u0117jimai bus automati\u0161kai susieti su s\u0105skaitomis fakt\u016bromis ir s\u0105skaitomis. Jei automatinis ry\u0161ys su kai kuriais mok\u0117jimais nes\u0117kmingas, gal\u0117site matyti tai importo ir banko modulyje. \u0160iuos mok\u0117jimus su s\u0105skaitomis ir s\u0105skaitomis fakt\u016bromis reikia susieti rankiniu. Daugiau apie tai skaitykite <a href=\"https:\/\/www.erplybooks.com\/manuals\/bank-import-erply-books\/\">\u010dia<\/a>.<\/p>\n<p>Jei turite mok\u0117jim\u0173 i\u0161 kit\u0173 bank\u0173 arba grynaisiais, atlikite tai rankiniu b\u016bdu arba importu banke. Nor\u0117dami tai atlikti rankiniu b\u016bdu, eikite \u012f atviras mok\u0117tinas sumas, kur rasite mygtuk\u0105 \u201eprid\u0117ti mok\u0117jim\u0105\u201c.<\/p>\n<p><strong>12) K\u0105 daryti, kai ERPLY Books apskai\u010diavus sum\u0105 kita valiuta, ji skiriasi nuo sumos, kuri bus mokama i\u0161 banko s\u0105skaitos?<\/strong><\/p>\n<p>Esant mok\u0117jimo sumai, programa negali jos automati\u0161kai sujungti, tod\u0117l jums tai reikia atlikti \u00a0per bankinio importo modul\u012f. Jei mok\u0117jimas atliekamas \u012f EUR s\u0105skait\u0105, tuomet, remiantis ES standartais, ERPLY Books ne\u017eino, kokiu kursu naudojama valiuta, tod\u0117l skai\u010diavimams naudojamas ECB kursas. Jei suma skiriasi, tuomet ERPLY Books ir banke b\u016bt\u0173 skirtingi numeriai. Esant tokiai situacijai, eikite \u012f bankin\u012f import\u0105, spustel\u0117kite de\u0161in\u012f klavi\u0161\u0105 vir\u0161 jo ir pasirinkite \u201eKeisti sum\u0105\u201c.<\/p>\n<p>Geriausias sprendimas \u2013 naudoti valiut\u0173 s\u0105skaitas. Pavyzd\u017eiui, galite sukurti USD s\u0105skait\u0105 ir naudoti \u0161i\u0105 s\u0105skait\u0105 tiek mok\u0117dami, tiek gaudami pinigus. Jei turite valiutos s\u0105skait\u0105, ERPLY Books sinchronizuos mok\u0117jimus \u012f valiutos s\u0105skait\u0105. Nor\u0117dami gauti daugiau informacijos apie valiutos s\u0105skaitas, perskaitykite toliau pateikt\u0105 vadov\u0105.<\/p>\n<p><strong>13) Kaip \u012fkelti failus i\u0161 kit\u0173 bank\u0173?<\/strong><\/p>\n<p>Eikite \u012f bankinio importo model\u012f ir spustel\u0117kite \u201ePasirinkti fail\u0105\u201c. Atsivers langas, kur gal\u0117site pasirinkti reikiam\u0105 bank\u0105.<\/p>\n<p style=\"text-align: center;\">Jei turite klausim\u0173, susisiekite su mumis:<\/p>\n<p style=\"text-align: center;\">support@erplybooks.com<br \/>\n+372 668 8961<\/p>\n","protected":false},"excerpt":{"rendered":"<p>Automatizuokite savo apskait\u0105 su Swedbank \u201eSwedbank\u201c, pasitelkdamas partnerius, padeda automatizuoti, pagerinti ir supaprastinti apskaitos procesus. Nuo \u0161iol galite greitai gauti visus savo mok\u0117jimus \u012f apskaitos programin\u0119 \u012frang\u0105. Tai rei\u0161kia, jog mok\u0117jimai bus atliekami grei\u010diau, o j\u016bs\u0173 \u017eurnalai \u2013 atnaujinti. Sprendimas Naudodami \u201eSwedbank\u201c apskaitos sistem\u0105, galite naudoti profesionali\u0105 apskaitos programin\u0119 \u012frang\u0105, integruot\u0105 \u012f \u201eSwedbank\u201c el. bank\u0105, [&hellip;]<\/p>\n","protected":false},"author":3,"featured_media":0,"parent":0,"menu_order":0,"comment_status":"closed","ping_status":"closed","template":"","meta":{"_et_pb_use_builder":"","_et_pb_old_content":"","_et_gb_content_width":"","footnotes":""},"categories":[],"tags":[],"class_list":["post-6159","page","type-page","status-publish","hentry"],"_links":{"self":[{"href":"https:\/\/www.erplybooks.com\/lt\/wp-json\/wp\/v2\/pages\/6159","targetHints":{"allow":["GET"]}}],"collection":[{"href":"https:\/\/www.erplybooks.com\/lt\/wp-json\/wp\/v2\/pages"}],"about":[{"href":"https:\/\/www.erplybooks.com\/lt\/wp-json\/wp\/v2\/types\/page"}],"author":[{"embeddable":true,"href":"https:\/\/www.erplybooks.com\/lt\/wp-json\/wp\/v2\/users\/3"}],"replies":[{"embeddable":true,"href":"https:\/\/www.erplybooks.com\/lt\/wp-json\/wp\/v2\/comments?post=6159"}],"version-history":[{"count":0,"href":"https:\/\/www.erplybooks.com\/lt\/wp-json\/wp\/v2\/pages\/6159\/revisions"}],"wp:attachment":[{"href":"https:\/\/www.erplybooks.com\/lt\/wp-json\/wp\/v2\/media?parent=6159"}],"wp:term":[{"taxonomy":"category","embeddable":true,"href":"https:\/\/www.erplybooks.com\/lt\/wp-json\/wp\/v2\/categories?post=6159"},{"taxonomy":"post_tag","embeddable":true,"href":"https:\/\/www.erplybooks.com\/lt\/wp-json\/wp\/v2\/tags?post=6159"}],"curies":[{"name":"wp","href":"https:\/\/api.w.org\/{rel}","templated":true}]}}