{"id":5941,"date":"2017-11-10T07:44:07","date_gmt":"2017-11-10T07:44:07","guid":{"rendered":"http:\/\/www.erplybooks.com\/?page_id=5941\/"},"modified":"2023-06-19T09:00:16","modified_gmt":"2023-06-19T09:00:16","slug":"buhalterio-funkcijos","status":"publish","type":"page","link":"https:\/\/www.erplybooks.com\/lt\/buhalterio-funkcijos\/","title":{"rendered":"Buhalterio Funkcijos"},"content":{"rendered":"<p style=\"text-align: left;\">ERPLY Books pasi\u017eymi visomis reikiamomis funkcijomis apskaitos tvarkymui. Nepaisant \u201e\u012fprast\u0173\u201c funkcij\u0173, ten taip pat yra\u00a0 \u201eypating\u0173\u201c savybi\u0173, padedan\u010di\u0173, automatizuoti duomen\u0173 \u012fvedim\u0105 ir pagerinti j\u016bs\u0173 ataskait\u0173 teikim\u0105.<\/p>\n<h2>Buhalterija<\/h2>\n<table class=\"temp-table\">\n<tbody>\n<tr>\n<td width=\"50%\"><strong>ERPLY Books apima visas su apskaita susijusias operacijas ir daug daugiau. Ma\u017easis verslas gali naudoti visus numatytuosius nustatymus, o \u012fmon\u0117 gali koreguoti programin\u0119 \u012frang\u0105 pagal poreik\u012f.<\/strong><\/p>\n<ul>\n<li>ERPLY Books apima visas pagrindines <a href=\"https:\/\/www.erplybooks.com\/manuals\/\">buhalterijos funkcijas<\/a>, pradedant s\u0105skait\u0173 schema, did\u017ei\u0105ja knyga ir baigiant bandomuoju balansu;<\/li>\n<li><u>S\u0105skait\u0173 fakt\u016br\u0173 ir mok\u0117jim\u0173 tvarkymas <\/u>geresnis nei bet kada \u2013 be \u012fprastos rankinio duomen\u0173 \u012fvedimo funkcijos, jame taip pat yra visi\u0161ko automatizavimo parinktys;<\/li>\n<li>Ataskaitos prieinamos buhalteriams, verslo vadovams, auditori\u0173 fran\u0161iz\u0117s vadovams ir t.t.<\/li>\n<\/ul>\n<\/td>\n<td><iframe loading=\"lazy\" src=\"https:\/\/www.youtube.com\/embed\/LG3ZeM6MS90\" width=\"560\" height=\"315\" frameborder=\"0\" allowfullscreen=\"allowfullscreen\"><\/iframe><\/td>\n<\/tr>\n<\/tbody>\n<\/table>\n<h2><strong><br \/>\n<\/strong>Debesies pagrindo apskaitos <img loading=\"lazy\" decoding=\"async\" class=\" wp-image-5282 alignleft\" src=\"https:\/\/www.erplybooks.com\/wp-content\/uploads\/2017\/02\/ERPLY-Books-functionalities-map-EN-to-Website-300x156.jpg\" alt=\"\" width=\"633\" height=\"329\" srcset=\"https:\/\/www.erplybooks.com\/wp-content\/uploads\/2017\/02\/ERPLY-Books-functionalities-map-EN-to-Website-300x156.jpg 300w, https:\/\/www.erplybooks.com\/wp-content\/uploads\/2017\/02\/ERPLY-Books-functionalities-map-EN-to-Website-768x399.jpg 768w, https:\/\/www.erplybooks.com\/wp-content\/uploads\/2017\/02\/ERPLY-Books-functionalities-map-EN-to-Website-1024x531.jpg 1024w, https:\/\/www.erplybooks.com\/wp-content\/uploads\/2017\/02\/ERPLY-Books-functionalities-map-EN-to-Website.jpg 1763w\" sizes=\"auto, (max-width: 633px) 100vw, 633px\" \/>platforma<\/h2>\n<p><strong>ERPLY Books\u00a0\u2013 lengvai naudojama debesies pagrindo apskaitos programin\u0117 \u012franga, kuri gali b\u016bti naudojama ma\u017e\u0173 bei labai dideli\u0173 \u012fmoni\u0173.<\/strong><\/p>\n<ul>\n<li>ERPLY Books gali b\u016bti naudojamos visose vietose ir \u012frenginiuose, kuriuose yra internetas ir interneto nar\u0161ykl\u0117s;<\/li>\n<li>Galite patys prijungti kitas programas prie ERPLY Books \u2013 patys atlikite <a href=\"https:\/\/www.erplybooks.com\/api\/\">API<\/a> integracij\u0105, naudokite jau esamas integracijas ar funkcijas, padedan\u010dias importuoti ar eksportuoti informacij\u0105;<\/li>\n<li>Programin\u0117 \u012franga nuolat atnaujinama, o atnaujinimai atliekami realiuoju laiku, tod\u0117l jums nereikia atlikti joki\u0173 papildom\u0173 veiksm\u0173;<\/li>\n<\/ul>\n<h2>Keli\u0173 organizacij\u0173 valdymas<img loading=\"lazy\" decoding=\"async\" class=\" wp-image-5952 alignright\" src=\"https:\/\/www.erplybooks.com\/wp-content\/uploads\/2017\/11\/Capture24-1-300x112.png\" alt=\"\" width=\"704\" height=\"263\" srcset=\"https:\/\/www.erplybooks.com\/wp-content\/uploads\/2017\/11\/Capture24-1-300x112.png 300w, https:\/\/www.erplybooks.com\/wp-content\/uploads\/2017\/11\/Capture24-1.png 611w\" sizes=\"auto, (max-width: 704px) 100vw, 704px\" \/><\/h2>\n<p><strong>ERPLY Books puikiai tinka, jei turite daugyb\u0119 organizacij\u0173 \u2013 nesvarbu, ar esate apskaitininkas ir turite kelis klientus, ar verslo savininkas su keliomis \u012fmon\u0117mis.<\/strong><\/p>\n<ul>\n<li>Visa informacija prieinama i\u0161 vietos ir vienu prisijungimu;<\/li>\n<li>Galite atsisi\u0173sti mokes\u010di\u0173 ataskaitas, valdyti pirkim\u0173 pa\u0161to d\u0117\u017eut\u0119 ir banko import\u0105 naudodami kry\u017emin\u012f organizacijos valdymo skyd\u0105 \u2013 nereikia pereiti i\u0161 vienos organizacijos \u012f kit\u0105;<\/li>\n<li>Galite pamatyti skirting\u0173 organizacij\u0173 ataskaitas.<\/li>\n<\/ul>\n<h2><img loading=\"lazy\" decoding=\"async\" class=\" wp-image-5958 alignleft\" src=\"https:\/\/www.erplybooks.com\/wp-content\/uploads\/2017\/11\/Capture25-1-300x218.png\" alt=\"\" width=\"485\" height=\"352\" srcset=\"https:\/\/www.erplybooks.com\/wp-content\/uploads\/2017\/11\/Capture25-1-300x218.png 300w, https:\/\/www.erplybooks.com\/wp-content\/uploads\/2017\/11\/Capture25-1.png 615w\" sizes=\"auto, (max-width: 485px) 100vw, 485px\" \/>Pirkim\u0173 pa\u0161to d\u0117\u017eut\u0117<\/h2>\n<p><a href=\"https:\/\/www.erplybooks.com\/manuals\/purchase-inbox-erply-books\/\"><strong>Pirkim\u0173 pa\u0161to d\u0117\u017eut\u0117<\/strong><\/a><strong> gali jums sutaupyti 80% laiko, praleisto valdant pirkimo s\u0105skaitas fakt\u016bras. Kiekviena organizacija turi savo unikal\u0173 el. pa\u0161to adres\u0105, kuriuo tiek\u0117jai gali si\u0173sti savo s\u0105skaitas fakt\u016bras. Pirkimo s\u0105skaitas fakt\u016bras, i\u0161si\u0173stas \u012f \u0161\u012f el. pa\u0161t\u0105, lengva sekti: de\u0161in\u0117je matote s\u0105skait\u0105 fakt\u016br\u0105, kair\u0117je galite j\u0105 \u012fvesti.<\/strong><\/p>\n<ul>\n<li>Savo tiek\u0117jams pateikite j\u016bs\u0173 ERPLY Books el. pa\u0161to adres\u0105. Siun\u010diami el. lai\u0161kai ir prisegami failai bus i\u0161 karto saugomi ir archyvuojami ERPLY Books;<\/li>\n<li>Visi dokumentai laikomi vienoje vietoje ir archyvuojami taip, kad niekuomet nepasimest\u0173;<\/li>\n<li>PDF analizavimas ir automatinis elektronini\u0173 s\u0105skait\u0173 apdorojimas padeda kurti s\u0105skaitas fakt\u016bras;<\/li>\n<li>Archyvuojami paveiksl\u0117liai \/ PDF \/ e-s\u0105skaitos, renkami mok\u0117jimo failai;<\/li>\n<li>E-s\u0105skaitos: ERPLY Books palaiko \u201eFitek\u201c ir \u201eOmniva\u201c e-s\u0105skait\u0173 fakt\u016br\u0173 sprendimus. Automatin\u0117 konfig\u016bracija taupo laik\u0105 rankiniu b\u016bdu \u012fvedant duomenis.<\/li>\n<\/ul>\n<h2>Visko importavimas<\/h2>\n<h4><strong><img loading=\"lazy\" decoding=\"async\" class=\" wp-image-5295 alignright\" src=\"https:\/\/www.erplybooks.com\/wp-content\/uploads\/2016\/10\/Capture10-300x176.png\" alt=\"\" width=\"465\" height=\"273\" srcset=\"https:\/\/www.erplybooks.com\/wp-content\/uploads\/2016\/10\/Capture10-300x176.png 300w, https:\/\/www.erplybooks.com\/wp-content\/uploads\/2016\/10\/Capture10.png 659w\" sizes=\"auto, (max-width: 465px) 100vw, 465px\" \/><\/strong><\/h4>\n<p><strong>Galimi automatiniai pasirinkimai \u012f ERPLY Books <u>importuoti<\/u> visus b\u016btinus s\u0105ra\u0161us: s\u0105skaitas fakt\u016bras, mok\u0117jimus, klientus, straipsnius, paskyras ir net s\u0105skaitos fakt\u016bros eilut\u0117s.<\/strong><\/p>\n<ul>\n<li>importuojant daugiau nei 1000 s\u0105skait\u0173 fakt\u016br\u0173, naudokite CSV fail\u0105;<\/li>\n<li>Importuokite nedidelius duomen\u0173 kiekius (iki 1000 eilu\u010di\u0173), kopijuodami juos i\u0161 skai\u010diuokl\u0117s, tada Books sukurkite stulpel\u012f \u201em\u0117lyna\u201c ir spustel\u0117kite \u201eCtrl\u201c + v;<\/li>\n<li>Jei jums reikalingas \u012fprastas importas, galite daugiau pasidom\u0117ti m\u016bs\u0173 API \u2013 galb\u016bt atsirast\u0173 galimyb\u0117 integruoti.<\/li>\n<\/ul>\n<h2 style=\"text-align: left;\"><img loading=\"lazy\" decoding=\"async\" class=\" wp-image-5963 alignleft\" src=\"https:\/\/www.erplybooks.com\/wp-content\/uploads\/2017\/11\/Capture26-1-300x186.png\" alt=\"\" width=\"542\" height=\"336\" srcset=\"https:\/\/www.erplybooks.com\/wp-content\/uploads\/2017\/11\/Capture26-1-300x186.png 300w, https:\/\/www.erplybooks.com\/wp-content\/uploads\/2017\/11\/Capture26-1.png 624w\" sizes=\"auto, (max-width: 542px) 100vw, 542px\" \/>Bankas<\/h2>\n<p><strong>Naudodami ERPLY Books, galite importuoti savo banko ataskait\u0105 ir atsisi\u0173sti mok\u0117jimo fail\u0105, kur\u012f gal\u0117site \u012fkelti \u012f bank\u0105.<\/strong><\/p>\n<ul>\n<li><a href=\"https:\/\/www.erplybooks.com\/manuals\/bank-import-erply-books\/\">Bankinis importas<\/a> gali automati\u0161kai atpa\u017einti iki 100% buhalterini\u0173 operacij\u0173;<\/li>\n<li>Naudodamiesi skirtingomis banko taisykl\u0117mis, galite dar labiau automatizuoti importus i\u0161 banko;<\/li>\n<li>ERPLY Books palaiko visus ES, JAV, AU, ZA, CA bankus bei kelis kitus (\u012fskaitant \u201ePayPal\u201c) visame pasaulyje. Jei mes nepalaikome j\u016bs\u0173 banko, taisykles gal\u0117site kurti patys.<\/li>\n<li>Kurkite mok\u0117jimo failus (spausdinkite kvitus, pinig\u0173 pervedimo patarimus ar kurkite SEPA \/ ABA failus) pirkimams, atlyginimams, i\u0161ankstiniams ir kitiems mok\u0117jimams;<\/li>\n<li>Jei vienam tiek\u0117jui mokate kelias s\u0105skaitas, bus sukurtas vienas mok\u0117jimas.<\/li>\n<\/ul>\n<h2>Lankstumas<strong><img loading=\"lazy\" decoding=\"async\" class=\" wp-image-5965 alignright\" src=\"https:\/\/www.erplybooks.com\/wp-content\/uploads\/2017\/11\/Capture27-300x200.png\" alt=\"\" width=\"553\" height=\"368\" srcset=\"https:\/\/www.erplybooks.com\/wp-content\/uploads\/2017\/11\/Capture27-300x200.png 300w, https:\/\/www.erplybooks.com\/wp-content\/uploads\/2017\/11\/Capture27.png 615w\" sizes=\"auto, (max-width: 553px) 100vw, 553px\" \/><\/strong><\/h2>\n<p><strong>ERPLY Books suk\u016brus nauj\u0105 organizacij\u0105, visos taisykl\u0117s yra numatytosios. Ta\u010diau jos gali b\u016bti pakeistos \u2013 jei esate ma\u017ei, naudokite programin\u0119 \u012frang\u0105 toki\u0105, kokia nustatyta, jei esate dideli, \\ pakeiskite nustatymus, kad automatizuotum\u0117te ir atitiktum\u0117te savo poreikius.<\/strong><\/p>\n<ul>\n<li>Individualizuota s\u0105skait\u0173 schema ir PVM tarifai &#8211; i\u0161si\u0173skite mums klausim\u0105, kaip gauti t\u0105 pa\u010di\u0105 s\u0105skait\u0173 schem\u0105 visoms j\u016bs\u0173 organizacijoms;<\/li>\n<li>Jei standartini\u0173 ataskait\u0173 s\u0105ra\u0161e n\u0117ra ataskait\u0173, galite jas kurti naudodami <a href=\"https:\/\/www.erplybooks.com\/manuals\/report-generator\/\">ataskait\u0173 generatori\u0173<\/a>;<\/li>\n<li>Sukurkite savo nuosav\u0105 P \/ L ir (arba) balans\u0173 kortel\u0119;<\/li>\n<li>Ataskaitas galima b\u016bti pateikiamos skirtingomis valiutomis;<\/li>\n<li>Automatizuokite bank\u0105, prid\u0117dami \u012fvairias taisykles;<\/li>\n<li>Automatizuokite pirkimo taisykles, kad ERPLY Books automati\u0161kai importuot\u0173 pirkimo s\u0105skaitas fakt\u016bras.<\/li>\n<\/ul>\n<h2 style=\"text-align: left;\"><strong><img loading=\"lazy\" decoding=\"async\" class=\" wp-image-5967 alignleft\" src=\"https:\/\/www.erplybooks.com\/wp-content\/uploads\/2017\/11\/Capture28-300x197.png\" alt=\"\" width=\"422\" height=\"277\" srcset=\"https:\/\/www.erplybooks.com\/wp-content\/uploads\/2017\/11\/Capture28-300x197.png 300w, https:\/\/www.erplybooks.com\/wp-content\/uploads\/2017\/11\/Capture28.png 671w\" sizes=\"auto, (max-width: 422px) 100vw, 422px\" \/><\/strong>Prieigos \u012fgalinimas vartotojams<\/h2>\n<p><strong>Vartotojams galite priskirti \u012fvairias privilegijas. <\/strong><\/p>\n<ul>\n<li>I\u0161jungti visk\u0105, prie ko vartotojas netur\u0117t\u0173 tur\u0117ti prieigos;<\/li>\n<li>Vartotoj\u0173\u00a0 valdymas, tik \u012fgaliotiesiems asmenims suteikiant prieig\u0105 prie j\u016bs\u0173 s\u0105skaitos.<\/li>\n<\/ul>\n<p>&nbsp;<\/p>\n<h2>Steb\u0117kite klientams \/ tiek\u0117jams i\u0161siun\u010diamus lai\u0161kus<strong><br \/>\n<img loading=\"lazy\" decoding=\"async\" class=\" wp-image-5303 alignright\" src=\"https:\/\/www.erplybooks.com\/wp-content\/uploads\/2016\/10\/Capture16-1-300x140.png\" alt=\"\" width=\"467\" height=\"218\" srcset=\"https:\/\/www.erplybooks.com\/wp-content\/uploads\/2016\/10\/Capture16-1-300x140.png 300w, https:\/\/www.erplybooks.com\/wp-content\/uploads\/2016\/10\/Capture16-1-768x359.png 768w, https:\/\/www.erplybooks.com\/wp-content\/uploads\/2016\/10\/Capture16-1-1024x478.png 1024w, https:\/\/www.erplybooks.com\/wp-content\/uploads\/2016\/10\/Capture16-1.png 1079w\" sizes=\"auto, (max-width: 467px) 100vw, 467px\" \/><\/strong><\/h2>\n<p><strong>ERPLY Books seka lai\u0161kus, i\u0161siun\u010diamus i\u0161 programin\u0117s \u012frangos. <\/strong><\/p>\n<ul>\n<li>\u017di\u016br\u0117kite, \u012f kokius el. lai\u0161kus buvo atra\u0161yta, o kurie tik gauti (ir perskaityti);<\/li>\n<li>Steb\u0117kite skirtingus operacij\u0173 tipus: s\u0105skait\u0173 fakt\u016br\u0173 siuntim\u0105, mok\u0117jimo priminimus, tiek\u0117j\u0173 balanso ataskaitas;<\/li>\n<li>Naudokit\u0117s el. pa\u0161to b\u016bsenos ataskaitomis kartu su pasikartojan\u010dios s\u0105skaitos fakt\u016bros parinktimi ir kiek \u012fmanoma automatizuokite s\u0105skait\u0173 fakt\u016br\u0173 i\u0161ra\u0161ymo proces\u0105.<\/li>\n<\/ul>\n<h2 style=\"text-align: left;\"><strong><img loading=\"lazy\" decoding=\"async\" class=\" wp-image-5969 alignleft\" src=\"https:\/\/www.erplybooks.com\/wp-content\/uploads\/2017\/11\/Capture29-300x218.png\" alt=\"\" width=\"402\" height=\"292\" srcset=\"https:\/\/www.erplybooks.com\/wp-content\/uploads\/2017\/11\/Capture29-300x218.png 300w, https:\/\/www.erplybooks.com\/wp-content\/uploads\/2017\/11\/Capture29.png 736w\" sizes=\"auto, (max-width: 402px) 100vw, 402px\" \/><\/strong>E-s\u0105skaitos<strong><br \/>\n<\/strong><\/h2>\n<p><strong>ERPLY Books palaiko \u201eFitek\u201c ir \u201eOmniva\u201c e-s\u0105skait\u0173 sprendimus<\/strong><\/p>\n<ul>\n<li>Si\u0173skite pardavim\u0173 s\u0105skaitas fakt\u016bras e-s\u0105skaitos operatoriui;<\/li>\n<li>Atsisi\u0173skite pirkim\u0173 s\u0105skaitas fakt\u016bras i\u0161 e-s\u0105skaitos operatoriaus;<\/li>\n<li>Automati\u0161kai skaitykite informacij\u0105 i\u0161 e-s\u0105skaitos ir pirkimo pa\u0161to d\u0117\u017eut\u0117je sukurkite pirkimo s\u0105skait\u0105.<\/li>\n<\/ul>\n<h2><\/h2>\n<h2><a href=\"https:\/\/www.erplybooks.com\/manuals\/vat-management\/\">PVM<\/a> \/ PPA \/ pardavim\u0173 mokestis<b><strong><img loading=\"lazy\" decoding=\"async\" class=\" wp-image-5970 alignright\" src=\"https:\/\/www.erplybooks.com\/wp-content\/uploads\/2017\/11\/Capture30-300x166.png\" alt=\"\" width=\"511\" height=\"283\" srcset=\"https:\/\/www.erplybooks.com\/wp-content\/uploads\/2017\/11\/Capture30-300x166.png 300w, https:\/\/www.erplybooks.com\/wp-content\/uploads\/2017\/11\/Capture30.png 655w\" sizes=\"auto, (max-width: 511px) 100vw, 511px\" \/><\/strong><br \/>\n<\/b><\/h2>\n<p><strong>ERPLY Books si\u016blo visas galimas \u012fsivaizduoti pardavimo ir pirkimo mokes\u010di\u0173 funkcijas: nuo mokes\u010di\u0173 apskai\u010diavimo, papildom\u0173 sandori\u0173 ir atvirk\u0161tini\u0173 mokes\u010di\u0173, iki konkre\u010di\u0173 \u0161ali\u0173 ataskait\u0173 teikimo.<\/strong><\/p>\n<ul>\n<li>Galite prid\u0117ti neribot\u0105 mokes\u010di\u0173 tarif\u0173 skai\u010di\u0173;<\/li>\n<li>ERPLY Books \u017eino, ko jums reikia, vykdant versl\u0105 ES;<\/li>\n<li>Mokes\u010diai turi keli\u0173 lygi\u0173 taisykles: prijunkite juos prie s\u0105skaitos, kliento ar net klient\u0173 grupi\u0173;<\/li>\n<li>Automati\u0161kai apskai\u010diuokite i\u0161ankstini\u0173 apmok\u0117jim\u0173 mokes\u010dius.<\/li>\n<\/ul>\n<p style=\"text-align: center;\"><a class=\"btn-filled btn\" href=\"https:\/\/app.erplybooks.com\/register\">I\u0160BANDYKITE NEMOKAMAI<\/a><\/p>\n<p style=\"text-align: center;\">\n","protected":false},"excerpt":{"rendered":"<p>ERPLY Books pasi\u017eymi visomis reikiamomis funkcijomis apskaitos tvarkymui. Nepaisant \u201e\u012fprast\u0173\u201c funkcij\u0173, ten taip pat yra\u00a0 \u201eypating\u0173\u201c savybi\u0173, padedan\u010di\u0173, automatizuoti duomen\u0173 \u012fvedim\u0105 ir pagerinti j\u016bs\u0173 ataskait\u0173 teikim\u0105. Buhalterija ERPLY Books apima visas su apskaita susijusias operacijas ir daug daugiau. Ma\u017easis verslas gali naudoti visus numatytuosius nustatymus, o \u012fmon\u0117 gali koreguoti programin\u0119 \u012frang\u0105 pagal poreik\u012f. ERPLY Books [&hellip;]<\/p>\n","protected":false},"author":3,"featured_media":0,"parent":0,"menu_order":60,"comment_status":"closed","ping_status":"closed","template":"","meta":{"_et_pb_use_builder":"","_et_pb_old_content":"","_et_gb_content_width":"","footnotes":""},"categories":[],"tags":[],"class_list":["post-5941","page","type-page","status-publish","hentry"],"_links":{"self":[{"href":"https:\/\/www.erplybooks.com\/lt\/wp-json\/wp\/v2\/pages\/5941","targetHints":{"allow":["GET"]}}],"collection":[{"href":"https:\/\/www.erplybooks.com\/lt\/wp-json\/wp\/v2\/pages"}],"about":[{"href":"https:\/\/www.erplybooks.com\/lt\/wp-json\/wp\/v2\/types\/page"}],"author":[{"embeddable":true,"href":"https:\/\/www.erplybooks.com\/lt\/wp-json\/wp\/v2\/users\/3"}],"replies":[{"embeddable":true,"href":"https:\/\/www.erplybooks.com\/lt\/wp-json\/wp\/v2\/comments?post=5941"}],"version-history":[{"count":0,"href":"https:\/\/www.erplybooks.com\/lt\/wp-json\/wp\/v2\/pages\/5941\/revisions"}],"wp:attachment":[{"href":"https:\/\/www.erplybooks.com\/lt\/wp-json\/wp\/v2\/media?parent=5941"}],"wp:term":[{"taxonomy":"category","embeddable":true,"href":"https:\/\/www.erplybooks.com\/lt\/wp-json\/wp\/v2\/categories?post=5941"},{"taxonomy":"post_tag","embeddable":true,"href":"https:\/\/www.erplybooks.com\/lt\/wp-json\/wp\/v2\/tags?post=5941"}],"curies":[{"name":"wp","href":"https:\/\/api.w.org\/{rel}","templated":true}]}}