{"id":5934,"date":"2017-11-10T06:44:13","date_gmt":"2017-11-10T06:44:13","guid":{"rendered":"http:\/\/www.erplybooks.com\/?page_id=5934\/"},"modified":"2026-03-25T08:09:29","modified_gmt":"2026-03-25T08:09:29","slug":"kaip-istaisyti-klaidas-naudojantis-erply-apskaita","status":"publish","type":"page","link":"https:\/\/www.erplybooks.com\/lt\/vadovas\/kaip-istaisyti-klaidas-naudojantis-erply-apskaita\/","title":{"rendered":"Kaip i\u0161taisyti klaidas, naudojantis ERPLY Apskaita"},"content":{"rendered":"<div class=\"flex flex-col text-sm pb-25\">\n<section class=\"text-token-text-primary w-full focus:outline-none [--shadow-height:45px] has-data-writing-block:pointer-events-none has-data-writing-block:-mt-(--shadow-height) has-data-writing-block:pt-(--shadow-height) [&amp;:has([data-writing-block])&gt;*]:pointer-events-auto scroll-mt-[calc(var(--header-height)+min(200px,max(70px,20svh)))]\" dir=\"auto\" data-turn-id=\"3b7928a2-8a53-400d-a89e-45d675413ec3\" data-testid=\"conversation-turn-26\" data-scroll-anchor=\"true\" data-turn=\"assistant\">\n<div class=\"text-base my-auto mx-auto pb-10 [--thread-content-margin:var(--thread-content-margin-xs,calc(var(--spacing)*4))] @w-sm\/main:[--thread-content-margin:var(--thread-content-margin-sm,calc(var(--spacing)*6))] @w-lg\/main:[--thread-content-margin:var(--thread-content-margin-lg,calc(var(--spacing)*16))] px-(--thread-content-margin)\">\n<div class=\"[--thread-content-max-width:40rem] @w-lg\/main:[--thread-content-max-width:48rem] mx-auto max-w-(--thread-content-max-width) flex-1 group\/turn-messages focus-visible:outline-hidden relative flex w-full min-w-0 flex-col agent-turn\">\n<div class=\"flex max-w-full flex-col gap-4 grow\">\n<div class=\"min-h-8 text-message relative flex w-full flex-col items-end gap-2 text-start break-words whitespace-normal outline-none keyboard-focused:focus-ring [.text-message+&amp;]:mt-1\" dir=\"auto\" tabindex=\"0\" data-message-author-role=\"assistant\" data-message-id=\"3b7928a2-8a53-400d-a89e-45d675413ec3\" data-turn-start-message=\"true\" data-message-model-slug=\"gpt-5-3\">\n<div class=\"flex w-full flex-col gap-1 empty:hidden\">\n<div class=\"markdown prose dark:prose-invert w-full wrap-break-word light markdown-new-styling\">\n<h1 data-start=\"29\" data-end=\"192\"><strong>Kaip i\u0161taisyti klaidas, naudojantis ERPLY Apskaita<\/strong><\/h1>\n<p data-start=\"29\" data-end=\"192\" data-is-last-node=\"\" data-is-only-node=\"\"><strong>NB! \u0161iame vadove pateikta pasenusi funkcionalumo versija. Naujesn\u0117se versijose numatytoji masinio redagavimo galimyb\u0117 palaikoma per <a href=\"https:\/\/www.erplybooks.com\/editing-data-in-report-generator\/\">ataskait\u0173 generatori\u0173<\/a>.<\/strong><\/p>\n<\/div>\n<\/div>\n<\/div>\n<\/div>\n<\/div>\n<\/div>\n<\/section>\n<\/div>\n<div class=\"pointer-events-none h-px w-px absolute bottom-0\" aria-hidden=\"true\" data-edge=\"true\"><\/div>\n<p style=\"text-align: left;\">Kaip i\u0161taisyti klaidas, naudojantis ERPLY Apskaita? Pamatykite, kaip lengva i\u0161taisyti ERPLY apskaitos klaidas.<\/p>\n<p><iframe loading=\"lazy\" title=\"Repairing mistakes in ERPLY Books Accounting  (Lithuanian)\" width=\"1080\" height=\"608\" src=\"https:\/\/www.youtube.com\/embed\/PzrcprGXtVM?feature=oembed\"  allow=\"accelerometer; autoplay; clipboard-write; encrypted-media; gyroscope; picture-in-picture; web-share\" referrerpolicy=\"strict-origin-when-cross-origin\" allowfullscreen><\/iframe><\/p>\n","protected":false},"excerpt":{"rendered":"<p>Kaip i\u0161taisyti klaidas, naudojantis ERPLY Apskaita NB! \u0161iame vadove pateikta pasenusi funkcionalumo versija. Naujesn\u0117se versijose numatytoji masinio redagavimo galimyb\u0117 palaikoma per ataskait\u0173 generatori\u0173. Kaip i\u0161taisyti klaidas, naudojantis ERPLY Apskaita? Pamatykite, kaip lengva i\u0161taisyti ERPLY apskaitos klaidas.<\/p>\n","protected":false},"author":3,"featured_media":0,"parent":5728,"menu_order":46,"comment_status":"closed","ping_status":"closed","template":"","meta":{"_et_pb_use_builder":"","_et_pb_old_content":"","_et_gb_content_width":"","footnotes":""},"categories":[],"tags":[],"class_list":["post-5934","page","type-page","status-publish","hentry"],"_links":{"self":[{"href":"https:\/\/www.erplybooks.com\/lt\/wp-json\/wp\/v2\/pages\/5934","targetHints":{"allow":["GET"]}}],"collection":[{"href":"https:\/\/www.erplybooks.com\/lt\/wp-json\/wp\/v2\/pages"}],"about":[{"href":"https:\/\/www.erplybooks.com\/lt\/wp-json\/wp\/v2\/types\/page"}],"author":[{"embeddable":true,"href":"https:\/\/www.erplybooks.com\/lt\/wp-json\/wp\/v2\/users\/3"}],"replies":[{"embeddable":true,"href":"https:\/\/www.erplybooks.com\/lt\/wp-json\/wp\/v2\/comments?post=5934"}],"version-history":[{"count":0,"href":"https:\/\/www.erplybooks.com\/lt\/wp-json\/wp\/v2\/pages\/5934\/revisions"}],"up":[{"embeddable":true,"href":"https:\/\/www.erplybooks.com\/lt\/wp-json\/wp\/v2\/pages\/5728"}],"wp:attachment":[{"href":"https:\/\/www.erplybooks.com\/lt\/wp-json\/wp\/v2\/media?parent=5934"}],"wp:term":[{"taxonomy":"category","embeddable":true,"href":"https:\/\/www.erplybooks.com\/lt\/wp-json\/wp\/v2\/categories?post=5934"},{"taxonomy":"post_tag","embeddable":true,"href":"https:\/\/www.erplybooks.com\/lt\/wp-json\/wp\/v2\/tags?post=5934"}],"curies":[{"name":"wp","href":"https:\/\/api.w.org\/{rel}","templated":true}]}}