{"id":5930,"date":"2017-11-10T06:31:09","date_gmt":"2017-11-10T06:31:09","guid":{"rendered":"http:\/\/www.erplybooks.com\/?page_id=5930\/"},"modified":"2018-03-22T23:30:15","modified_gmt":"2018-03-22T23:30:15","slug":"pirkimu-ataskaitos-erply-books","status":"publish","type":"page","link":"https:\/\/www.erplybooks.com\/lt\/vadovas\/pirkimu-ataskaitos-erply-books\/","title":{"rendered":"Pirkim\u0173 ataskaitos ERPLY Books"},"content":{"rendered":"<p>\u012eprastas pirkimo procesas:<\/p>\n<p><img loading=\"lazy\" decoding=\"async\" class=\"alignnone wp-image-5931\" src=\"https:\/\/www.erplybooks.com\/wp-content\/uploads\/2017\/11\/Capture23-300x170.png\" alt=\"\" width=\"754\" height=\"427\" srcset=\"https:\/\/www.erplybooks.com\/wp-content\/uploads\/2017\/11\/Capture23-300x170.png 300w, https:\/\/www.erplybooks.com\/wp-content\/uploads\/2017\/11\/Capture23-768x434.png 768w, https:\/\/www.erplybooks.com\/wp-content\/uploads\/2017\/11\/Capture23.png 875w\" sizes=\"auto, (max-width: 754px) 100vw, 754px\" \/><\/p>\n<p>I\u0161ankstinio mok\u0117jimo eiga:<\/p>\n<ul>\n<li>Prid\u0117kite pirkimo order\u012f \u012f administracij\u0105<\/li>\n<li>Atsispausdinkite \u010dekius:\n<ul>\n<li>Atidarykite pirkimo \u012fra\u0161\u0105 ERPLY Books<\/li>\n<li>Pasirinkite \u012fra\u0161\u0105, kur\u012f norite apmok\u0117ti<\/li>\n<li>Paspauskite \u201ceksportuoti mok\u0117jimus \u012f fail\u0105\u201d<\/li>\n<li>Jei reikia, koreguokite informacij\u0105 (\u010dekio numeris, s\u0105skaita ir t.t.)<\/li>\n<li>Paspauskite \u201ceksportuoti mok\u0117jimus \u012f fail\u0105\u201d<\/li>\n<\/ul>\n<\/li>\n<li>Neu\u017edarykite pasirinkimo<\/li>\n<li>Atsispausdinkite \u010dekius ir juos i\u0161si\u0173skite<\/li>\n<li>Paspauskite \u201cpa\u017eym\u0117ti kaip apmok\u0117t\u0105\u201d \u2013 tada ERPLY Books sukurs mok\u0117jim\u0105 sistemos apskaitoje su \u201claukiama pinig\u0173\u201d (galite tai pakeisti nustatymuose &gt;pradin\u0117 data &gt; sistemos ataskaita)<\/li>\n<li>Dabar galite i\u0161si\u0173sti mok\u0117jimo detales (paspauskite si\u0173sti &gt; spausdinti &gt; si\u0173sti el. lai\u0161k\u0105) teigiamam apmok\u0117jimui.<\/li>\n<\/ul>\n<p>Dabar galite laukti produkt\u0173. Kai tik jie atvyks, gal\u0117site pasirinkti pirkimo \u012fra\u0161\u0105 ir i\u0161 jo sukurti s\u0105skait\u0105-fakt\u016br\u0105. I\u0161ankstinis mok\u0117jimas bus automati\u0161kai sujungtas su pirkimo s\u0105skaita-fakt\u016bra.<\/p>\n","protected":false},"excerpt":{"rendered":"<p>\u012eprastas pirkimo procesas: I\u0161ankstinio mok\u0117jimo eiga: Prid\u0117kite pirkimo order\u012f \u012f administracij\u0105 Atsispausdinkite \u010dekius: Atidarykite pirkimo \u012fra\u0161\u0105 ERPLY Books Pasirinkite \u012fra\u0161\u0105, kur\u012f norite apmok\u0117ti Paspauskite \u201ceksportuoti mok\u0117jimus \u012f fail\u0105\u201d Jei reikia, koreguokite informacij\u0105 (\u010dekio numeris, s\u0105skaita ir t.t.) Paspauskite \u201ceksportuoti mok\u0117jimus \u012f fail\u0105\u201d Neu\u017edarykite pasirinkimo Atsispausdinkite \u010dekius ir juos i\u0161si\u0173skite Paspauskite \u201cpa\u017eym\u0117ti kaip apmok\u0117t\u0105\u201d \u2013 tada [&hellip;]<\/p>\n","protected":false},"author":3,"featured_media":0,"parent":5728,"menu_order":25,"comment_status":"closed","ping_status":"closed","template":"","meta":{"_et_pb_use_builder":"","_et_pb_old_content":"","_et_gb_content_width":"","footnotes":""},"categories":[],"tags":[],"class_list":["post-5930","page","type-page","status-publish","hentry"],"_links":{"self":[{"href":"https:\/\/www.erplybooks.com\/lt\/wp-json\/wp\/v2\/pages\/5930","targetHints":{"allow":["GET"]}}],"collection":[{"href":"https:\/\/www.erplybooks.com\/lt\/wp-json\/wp\/v2\/pages"}],"about":[{"href":"https:\/\/www.erplybooks.com\/lt\/wp-json\/wp\/v2\/types\/page"}],"author":[{"embeddable":true,"href":"https:\/\/www.erplybooks.com\/lt\/wp-json\/wp\/v2\/users\/3"}],"replies":[{"embeddable":true,"href":"https:\/\/www.erplybooks.com\/lt\/wp-json\/wp\/v2\/comments?post=5930"}],"version-history":[{"count":0,"href":"https:\/\/www.erplybooks.com\/lt\/wp-json\/wp\/v2\/pages\/5930\/revisions"}],"up":[{"embeddable":true,"href":"https:\/\/www.erplybooks.com\/lt\/wp-json\/wp\/v2\/pages\/5728"}],"wp:attachment":[{"href":"https:\/\/www.erplybooks.com\/lt\/wp-json\/wp\/v2\/media?parent=5930"}],"wp:term":[{"taxonomy":"category","embeddable":true,"href":"https:\/\/www.erplybooks.com\/lt\/wp-json\/wp\/v2\/categories?post=5930"},{"taxonomy":"post_tag","embeddable":true,"href":"https:\/\/www.erplybooks.com\/lt\/wp-json\/wp\/v2\/tags?post=5930"}],"curies":[{"name":"wp","href":"https:\/\/api.w.org\/{rel}","templated":true}]}}