{"id":5826,"date":"2017-11-08T14:52:45","date_gmt":"2017-11-08T14:52:45","guid":{"rendered":"http:\/\/www.erplybooks.com\/?page_id=5826\/"},"modified":"2018-03-22T15:05:53","modified_gmt":"2018-03-22T15:05:53","slug":"valiuta-erply-books","status":"publish","type":"page","link":"https:\/\/www.erplybooks.com\/lt\/vadovas\/valiuta-erply-books\/","title":{"rendered":"Valiuta ERPLY Books"},"content":{"rendered":"<p>Valiuta ERPLY Books yra valdoma ataskait\u0173 suvestin\u0117je, s\u0105skaitose-fakt\u016brose ir kaikuriuose sandoriuose.<\/p>\n<p><iframe loading=\"lazy\" title=\"Currencies in ERPLY Books (Lithuanian)\" width=\"1080\" height=\"608\" src=\"https:\/\/www.youtube.com\/embed\/q4JZldunSMQ?feature=oembed\"  allow=\"accelerometer; autoplay; clipboard-write; encrypted-media; gyroscope; picture-in-picture\" allowfullscreen><\/iframe><\/p>\n","protected":false},"excerpt":{"rendered":"<p>Valiuta ERPLY Books yra valdoma ataskait\u0173 suvestin\u0117je, s\u0105skaitose-fakt\u016brose ir kaikuriuose sandoriuose.<\/p>\n","protected":false},"author":3,"featured_media":0,"parent":5728,"menu_order":3,"comment_status":"closed","ping_status":"closed","template":"","meta":{"_et_pb_use_builder":"","_et_pb_old_content":"","_et_gb_content_width":"","footnotes":""},"categories":[],"tags":[],"class_list":["post-5826","page","type-page","status-publish","hentry"],"_links":{"self":[{"href":"https:\/\/www.erplybooks.com\/lt\/wp-json\/wp\/v2\/pages\/5826","targetHints":{"allow":["GET"]}}],"collection":[{"href":"https:\/\/www.erplybooks.com\/lt\/wp-json\/wp\/v2\/pages"}],"about":[{"href":"https:\/\/www.erplybooks.com\/lt\/wp-json\/wp\/v2\/types\/page"}],"author":[{"embeddable":true,"href":"https:\/\/www.erplybooks.com\/lt\/wp-json\/wp\/v2\/users\/3"}],"replies":[{"embeddable":true,"href":"https:\/\/www.erplybooks.com\/lt\/wp-json\/wp\/v2\/comments?post=5826"}],"version-history":[{"count":0,"href":"https:\/\/www.erplybooks.com\/lt\/wp-json\/wp\/v2\/pages\/5826\/revisions"}],"up":[{"embeddable":true,"href":"https:\/\/www.erplybooks.com\/lt\/wp-json\/wp\/v2\/pages\/5728"}],"wp:attachment":[{"href":"https:\/\/www.erplybooks.com\/lt\/wp-json\/wp\/v2\/media?parent=5826"}],"wp:term":[{"taxonomy":"category","embeddable":true,"href":"https:\/\/www.erplybooks.com\/lt\/wp-json\/wp\/v2\/categories?post=5826"},{"taxonomy":"post_tag","embeddable":true,"href":"https:\/\/www.erplybooks.com\/lt\/wp-json\/wp\/v2\/tags?post=5826"}],"curies":[{"name":"wp","href":"https:\/\/api.w.org\/{rel}","templated":true}]}}