{"id":5806,"date":"2017-11-08T13:54:40","date_gmt":"2017-11-08T13:54:40","guid":{"rendered":"http:\/\/www.erplybooks.com\/?page_id=5806\/"},"modified":"2018-03-22T14:55:59","modified_gmt":"2018-03-22T14:55:59","slug":"pvm-valdymas","status":"publish","type":"page","link":"https:\/\/www.erplybooks.com\/lt\/vadovas\/pvm-valdymas\/","title":{"rendered":"PVM valdymas"},"content":{"rendered":"<p>PVM valdymas yra labai paprastas ir taip pat labai lankstus ERPLY Books. Jis priklauso nuo \u012fmon\u0117s vykdom\u0173 proces\u0173.<\/p>\n<p>J\u016bs galite rasti PVM tarifus paspaud\u0119 nustatymai &#8211;<strong>&gt;\u00a0 <\/strong>mokes\u010dio tarifas. Kiekvienas mokes\u010dio tarifas turi savo s\u0105skaitas ir taip pat procent\u0105. Daugiau informacijos apie PVM tarifus galite rasti vartotojo vadove.<\/p>\n<h2>PVM procesai ERPLY Books<\/h2>\n<p>\u017demiau yra nurodytas ERPLY Books \u012fmanom\u0173 operacij\u0173 s\u0105ra\u0161as:<\/p>\n<ul>\n<li><strong>\u012eprastas PVM<\/strong>. \u0160is mokes\u010di\u0173 tarifas yra skirtas paprastiems pardavimams ir pirkimams. Tai yra \u012fprastas mokes\u010di\u0173 tarifas, kurio tipas yra \u201cpagrindinis mokestis\u201d (mokes\u010di\u0173 tarif\u0173 modulyje). Pagal numatytuosius nustatymus, naujam pardavim\u0173 ir pirkim\u0173 dokumentui ERPLY Books pasirenka \u0161\u012f mokes\u010di\u0173 tarif\u0105.<\/li>\n<li><strong>Ilgalaikio turto PVM<\/strong>. Jeigu j\u016bs \u012fsigijote ilgalaik\u012f turt\u0105, tuomet operacijai tur\u0117tum\u0117te pasirinkti ilgalaikio turto mokes\u010dio tarif\u0105. Jeigu naudojate ilgalaikio turto \u012fsigijimo modul\u012f, tada ERPLY Books atliks tai u\u017e jus. Ilgalaikio turto mokes\u010dio tarifas yra mokes\u010dio tarifas, kurio tipas yra \u201eilgalaikis turtas\u201c. Jis yra automati\u0161kai \u012ftraukiamas \u012f tinkam\u0105 PVM ataskaitos skilt\u012f.<\/li>\n<li><strong>Suma\u017eintas PVM.<\/strong> Jeigu turite sandorius, kurie gali b\u016bti apmokestinami taikant suma\u017eintus mokes\u010dio tarifus, jums reikia tur\u0117ti atskir\u0105 mokes\u010di\u0173 tarif\u0105. \u0160io mokes\u010dio tarifo tipas yra \u201cSuma\u017einta\u201d. \u0160is mokes\u010di\u0173 tarifas yra automati\u0161kai priskiriamas suma\u017einto tarifo skil\u010diai PVM ataskaitoje.<\/li>\n<li><strong>Neapmokestinami Apskai\u010diavimai.<\/strong> Yra daugyb\u0117 nemokam\u0173 operacij\u0173:\n<ul>\n<li>pardavimas arba pirkimas i\u0161 ES (prek\u0117s ir paslaugos):\n<ul>\n<li><strong>ES pardavimo ir pirkimo mokes\u010di\u0173 tarif\u0173 tipai. <\/strong>Jeigu prid\u0117site atitinkam\u0105 mokes\u010di\u0173 tarifo tip\u0105, tokiu atveju PVM ataskaitoje ERPLY Books \u017einos kaip apskai\u010diuoti pardavimo ir pirkimo PVM sum\u0105 ir taip pat nurodys sumas atitinkamuose laukeliuose.<\/li>\n<li><strong>Suma\u017eintas vs \u012fprastas ES pardavim\u0173 ir pirkim\u0173 PVM.<\/strong> J\u016bs galite klasifikuoti ES PVM \u012f pagrindines ir suma\u017eintas prekes ir paslaugas- tai rei\u0161kia, kad, jei turite ES suma\u017eint\u0105 preki\u0173 mokes\u010dio tarif\u0105, tada visi pirkimai, kuriems taikomas \u0161is mokes\u010dio tarifas, vadinasi, \u0161ios sumos bus pridedamos prie suma\u017eint\u0173 pardavim\u0173, ne prie \u012fprast\u0173 pardavim\u0173 PVM.<\/li>\n<\/ul>\n<\/li>\n<li>Ne ES pardavimai ir pirkimai &#8211; atskiras mokes\u010di\u0173 tarifas, kurio tipas \u201ceksportas\u201d.<\/li>\n<li>Neapmokestinami pardavimai ir pirkimai &#8211; atskiras mokes\u010di\u0173 tarifas, kurio tipas \u201cneapmokestinama\u201d.<\/li>\n<li>Neapmokestinami pirkimai ir pardavimai &#8211; atskiras mokes\u010di\u0173 tarifas, kurio tipas \u201ckiti tarifai\u201d. <strong>Visas mokes\u010di\u0173 tarifas, kurio tipas yra \u201ckiti tarifai\u201d, nebus \u012ftrauktas \u012f PVM ataskait\u0105.<\/strong><\/li>\n<\/ul>\n<\/li>\n<li><strong>Muito PVM.<\/strong> Jeigu turite muito mokest\u012f, tuomet \u201eERPLY Books\u201c imasi \u0161i\u0173 proces\u0173: j\u016bs mokate pasienyje tai, kas bus gr\u0105\u017einta 100 proc. Jei yra kit\u0173 mokes\u010di\u0173, kurie apmokestinami su \u012fprastin\u0117mis sumomis, \u0161iai sumai galite pasirinkti \u012fprast\u0105 PVM tarif\u0105. Nor\u0117dami tvarkyti muit\u0173 sum\u0105, turite atlikti \u0161iuos veiksmus:\n<ul>\n<li>Jums reikia prid\u0117ti nauj\u0105 muit\u0173 mokes\u010di\u0173 tarif\u0105. Mokes\u010di\u0173 tarifo tipas tur\u0117t\u0173 b\u016bti \u201ccustoms\u201d , o procentai tur\u0117t\u0173 b\u016bti lyg\u016bs nuliui.<\/li>\n<li>Patartina tur\u0117ti atskir\u0105 muit\u0173 straipsn\u012f. J\u012f prid\u0117ti galite paspaud\u0119 pajamos \/ pirkimai ir i\u0161laidos -&gt; pirkim\u0173 ir pardavim\u0173 prek\u0117s\/paslaugos. S\u0105naud\u0173 s\u0105skaita tur\u0117t\u0173 b\u016bti pirkimo PVM suma, o mokes\u010di\u0173 tarifas &#8211; muito mokes\u010di\u0173 tarifas.<\/li>\n<li>Pridedant muito s\u0105skait\u0105 &#8211; fakt\u016br\u0105, mes norime susigr\u0105\u017einti vis\u0105 sum\u0105, kuri\u0105 sumok\u0117jome. Taigi, pasirinkite straipsn\u012f ir prid\u0117kite sum\u0105. Viskas.<\/li>\n<li>Jeigu pasirinkote mokes\u010di\u0173 tarifo \u201ccustoms\u201d tip\u0105, tuomet PVM ataskaitoje jis bus automati\u0161kai \u012ftrauktas \u012f pirkimo PVM.<\/li>\n<\/ul>\n<\/li>\n<li><strong>Pardavim\u0173 nario PVM.<\/strong> Procesas yra toks:\n<ul>\n<li>Pardavimai vyksta \u012fprastai \u2013 su \u012fprastu PVM.<\/li>\n<li>Kai klientas susigr\u0105\u017eina pasienio PVM, tuomet j\u016bs negalite kontroliuoti \u0161io proceso \u2013 tod\u0117l mes reikalaujame \u0161ios sumos tik tuo atveju, jei \u012fmon\u0117, kuri valdo tuos sandorius, mums pateikia s\u0105skait\u0105 fakt\u016br\u0105.<\/li>\n<li>Nor\u0117dami valdyti pardavim\u0173 nario PVM, j\u016bs turite tur\u0117ti atskir\u0105 mokes\u010di\u0173 tarif\u0105. Mokes\u010di\u0173 tarifo tipas tur\u0117t\u0173 b\u016bti \u201cPardavim\u0173 Nario Mokestis\u201d, o procentai tur\u0117t\u0173 b\u016bti lyg\u016bs nuliui.<\/li>\n<li>Patartina prid\u0117ti nauj\u0105 straipsn\u012f d\u0117l pardavim\u0173 nario PVM parai\u0161kos. J\u012f prid\u0117ti galite paspaud\u0119 pajamos \/ pirkimai ir i\u0161laidos -&gt; pirkim\u0173 ir pardavim\u0173 prek\u0117s\/paslaugos. S\u0105naud\u0173 s\u0105skaita tur\u0117t\u0173 b\u016bti pirkimo PVM suma, o mokes\u010di\u0173 tarifas tur\u0117t\u0173 b\u016bti pardavim\u0173 nario mokes\u010di\u0173 tarifas.<\/li>\n<li>Pridedant muito s\u0105skait\u0105 &#8211; fakt\u016br\u0105, mes norime susigr\u0105\u017einti vis\u0105 sum\u0105, kuri\u0105 sumok\u0117jome. Taigi, pasirinkite straipsn\u012f ir prid\u0117kite sum\u0105. Viskas.<\/li>\n<li>Jeigu pasirinkote mokes\u010di\u0173 tarifo \u201cpardavim\u0173 nario mokestis\u201d tip\u0105, tada suma, kuriai taikomas \u0161is mokes\u010di\u0173 tarifas, suma\u017einama nuo \u012fprast\u0173 pardavim\u0173 ir nurodoma atitinkamame mokes\u010di\u0173 laukelyje.<\/li>\n<li>NB: \u0161iuo procesu mes nejungiame faktini\u0173 pardavim\u0173 s\u0105skait\u0173 &#8211; fakt\u016br\u0173 su pardavim\u0173 nario PVM.<\/li>\n<\/ul>\n<\/li>\n<\/ul>\n<h2><span class=\"shorttext\"><span lang=\"LT\" style=\"color: windowtext;\">PVM valdymas su ERPLY integracija<\/span><\/span><\/h2>\n<p>\u0160i programa skirta mok\u0117jimo ir atsiskaitymo sistemos (POS &amp; Inventory modulis) vartotojams, kurie turi ES pardavimus ir pirkimus bei kitus su PVM susijusius klausimus.<\/p>\n<p>Dokument\u0173 sinchronizavimo taisykli\u0173 hierarchija yra tokia:<\/p>\n<ul>\n<li>Jeigu dokument\u0173 eilu\u010di\u0173 sinchronizavimas yra nustatytas, informacija visada bus imama i\u0161 eilu\u010di\u0173 ir bus atsi\u017evelgiama \u012f detales &#8211; ar yra paslaug\u0173 pardavimai\/pirkimai ir t.t.<\/li>\n<li>Jeigu dokument\u0173 eilu\u010di\u0173 sinchronizavimas n\u0117ra nustatytas, tuomet bus paimta santrauka, pateikta ERPLY programavimo s\u0105sajos, neatsi\u017evelgiant \u012f detales.<\/li>\n<\/ul>\n<p>ERPLY Books ir ERPLY mok\u0117jimo ir atsisakitymo sistemos mokes\u010di\u0173 tarif\u0173 taisykl\u0117s yra tokios pa\u010dios \u2013 kiekviena s\u0105skaitos &#8211; fakt\u016bros eilut\u0117 gali b\u016bti susieta su vienu mokes\u010di\u0173 tarifu. Visi mokes\u010di\u0173 tarifai yra automati\u0161kai sinchronizuojami mok\u0117jimo ir atsiskaitymo sistemoje.<\/p>\n<p>Skirtingi naudojimo atvejai:<\/p>\n<ul>\n<li>ES preki\u0173 ir paslaug\u0173 pardavimai ir pirkimai<\/li>\n<li>ERPLY Books gali automati\u0161kai sinchronizuoti pardavimus ir pirkimus \u012f ES preki\u0173 ir paslaug\u0173 mokes\u010dio tarifus.<\/li>\n<\/ul>\n<p>Tam atlikite \u0161iuos veiksmus:<\/p>\n<ul>\n<li>J\u016bs turite tur\u0117ti ES preki\u0173 mokes\u010dio tarif\u0105 ERPLY Books (tipas turi b\u016bti \u201cES PVM (prek\u0117s);<\/li>\n<li>J\u016bs turite tur\u0117ti ES paslaug\u0173 mokes\u010dio tarif\u0105 ERPLY Books (tipas turi b\u016bti \u201cES PVM (paslaugos);<\/li>\n<li>Jums NEREIKIA atskir\u0173 ES tarif\u0173 mok\u0117jimo ir atsiskaitymo sistemoje.<\/li>\n<li>Mok\u0117jimo ir atsiskaitymo sistemoje j\u016bs turite tur\u0117ti atskir\u0105 0% mokes\u010dio tarif\u0105.<\/li>\n<li>ERPLY Books j\u016bs turite \u012fjungti \u0161iuos nustatymus (nustatymai -&gt; ERPLY POS &amp; Inventory nustatymai):\n<ul>\n<li>\u201cSync non-Stock Items Automatically\u201d- visada sinchronizuoja nauj\u0105 nekilnojamojo turto produkt\u0105 ar paslaug\u0105.<\/li>\n<li>\u201cSync Sales Invoice Rows for Custom non-Stock Item Revenue Mapping\u201d \u2013 visada sinchronizuoja visas s\u0105skaitos &#8211; fakt\u016bros eilutes.<\/li>\n<\/ul>\n<\/li>\n<li>Jeigu atlikote paskutinius nustatymus, tada ERPLY Books sinchronizuos dokumentus tokia tvarka:<\/li>\n<li>Pardavim\u0173 s\u0105skaita-fakt\u016bra\n<ul>\n<li>JEIGU s\u0105skaita- fakt\u016bra yra ES tipo s\u0105skaita-fakt\u016bra IR mokes\u010dio procentas yra lygus nuliui, TADA:\n<ul>\n<li>Jeigu tai yra kilnojamojo turto produktas, pasirenkamas ES prek\u0117s mokes\u010dio tarifas.<\/li>\n<li>Jeigu tai yra nekilnojamojo turto produktas, pasirenkamas ES paslaugos mokes\u010dio tarifas.<\/li>\n<\/ul>\n<\/li>\n<li>Pirkimo s\u0105skaita-fakt\u016bra\n<ul>\n<li>JEIGU s\u0105skaitos fakt\u016bros eilut\u0117s mokes\u010dio procentas yra lygus nuliui IR jeigu tiek\u0117jas priklauso ES \u0161aliai, TADA:\n<ul>\n<li>Jeigu tai yra kilnojamojo turto produktas, pasirenkamas ES prek\u0117s mokes\u010dio tarif\u0105.<\/li>\n<li>Jeigu tai yra nekilnojamojo turto produktas, pasirenkamas ES paslaugos mokes\u010dio tarifas.<\/li>\n<\/ul>\n<\/li>\n<li>KITAS s\u0105skaitos-fakt\u016bros eilut\u0117s mokes\u010dio tarifas yra pasirinktas. <strong>Svarbu pabr\u0117\u017eti, kad, kai tiek\u0117j\u0173 \u0161alis yra neapibr\u0117\u017eta, tada ERPLY Books naudoja mokes\u010dio tarif\u0105 pasirinkt\u0105 s\u0105skaitoje-fakt\u016broje. <\/strong>Tiek\u0117jo \u0161alis yra paimta i\u0161 tiek\u0117j\u0173 pagrindin\u0117s \u0161alies, ne pagal adres\u0105. \u0160alis turi b\u016bti <a href=\"https:\/\/en.wikipedia.org\/wiki\/ISO_3166-1_alpha-2\"><strong>iso 2.<\/strong><\/a><\/li>\n<\/ul>\n<\/li>\n<li>PVM i\u0161 i\u0161ankstini\u0173 apmok\u0117jim\u0173<\/li>\n<li>Pagal numatytuosius nustatymus ERPLY Books neapskai\u010diuoja PVM i\u0161 i\u0161sankstini\u0173 apmok\u0117jim\u0173. Jeigu norite, kad tai b\u016bt\u0173 apskai\u010diuota, j\u016bs turite nustatyti PVM tarifus klient\u0173 grup\u0117ms ar klient\u0173 tip\u0105 (vidaus\/ES\/u\u017e ES rib\u0173)<\/li>\n<li>Nor\u0117dami nustatyti kliento mokes\u010dio tarifus, turite eiti \u012f ataskait\u0173 lang\u0105 ir ie\u0161koti kliento mokes\u010dio tarifo grup\u0117s.<\/li>\n<li>Visa kita:<\/li>\n<li>Visos kitos operacijos imamos tiesiai i\u0161 s\u0105skaitos &#8211; fakt\u016bros &#8211; jeigu j\u016bs norite nustatyti s\u0105skaitos &#8211; fakt\u016bros i\u0161imt\u012f mok\u0117jimo ir atsiskaitymo sistemoje.<\/li>\n<li><strong>Pagal numatytuosius nustatymus sinchronizuojant s\u0105skaitas fakt\u016bras, tada, jeigu s\u0105skaitoje fakt\u016broje yra naujas mokes\u010di\u0173 tarifas, kuris neegzistuoja ERPLY Books &#8211; tada bus sinchronizuojama. <\/strong>D\u0117l to patartina sinchronizuoti mokes\u010dio tarifus per pirm\u0105j\u012f nustatym\u0105, kad i\u0161vengtum\u0117te pasikartojim\u0173.<\/li>\n<\/ul>\n<\/li>\n<\/ul>\n","protected":false},"excerpt":{"rendered":"<p>PVM valdymas yra labai paprastas ir taip pat labai lankstus ERPLY Books. Jis priklauso nuo \u012fmon\u0117s vykdom\u0173 proces\u0173. J\u016bs galite rasti PVM tarifus paspaud\u0119 nustatymai &#8211;&gt;\u00a0 mokes\u010dio tarifas. Kiekvienas mokes\u010dio tarifas turi savo s\u0105skaitas ir taip pat procent\u0105. Daugiau informacijos apie PVM tarifus galite rasti vartotojo vadove. PVM procesai ERPLY Books \u017demiau yra nurodytas ERPLY [&hellip;]<\/p>\n","protected":false},"author":3,"featured_media":0,"parent":5728,"menu_order":0,"comment_status":"closed","ping_status":"closed","template":"","meta":{"_et_pb_use_builder":"","_et_pb_old_content":"","_et_gb_content_width":"","footnotes":""},"categories":[],"tags":[],"class_list":["post-5806","page","type-page","status-publish","hentry"],"_links":{"self":[{"href":"https:\/\/www.erplybooks.com\/lt\/wp-json\/wp\/v2\/pages\/5806","targetHints":{"allow":["GET"]}}],"collection":[{"href":"https:\/\/www.erplybooks.com\/lt\/wp-json\/wp\/v2\/pages"}],"about":[{"href":"https:\/\/www.erplybooks.com\/lt\/wp-json\/wp\/v2\/types\/page"}],"author":[{"embeddable":true,"href":"https:\/\/www.erplybooks.com\/lt\/wp-json\/wp\/v2\/users\/3"}],"replies":[{"embeddable":true,"href":"https:\/\/www.erplybooks.com\/lt\/wp-json\/wp\/v2\/comments?post=5806"}],"version-history":[{"count":0,"href":"https:\/\/www.erplybooks.com\/lt\/wp-json\/wp\/v2\/pages\/5806\/revisions"}],"up":[{"embeddable":true,"href":"https:\/\/www.erplybooks.com\/lt\/wp-json\/wp\/v2\/pages\/5728"}],"wp:attachment":[{"href":"https:\/\/www.erplybooks.com\/lt\/wp-json\/wp\/v2\/media?parent=5806"}],"wp:term":[{"taxonomy":"category","embeddable":true,"href":"https:\/\/www.erplybooks.com\/lt\/wp-json\/wp\/v2\/categories?post=5806"},{"taxonomy":"post_tag","embeddable":true,"href":"https:\/\/www.erplybooks.com\/lt\/wp-json\/wp\/v2\/tags?post=5806"}],"curies":[{"name":"wp","href":"https:\/\/api.w.org\/{rel}","templated":true}]}}