{"id":5787,"date":"2017-11-08T07:18:17","date_gmt":"2017-11-08T07:18:17","guid":{"rendered":"http:\/\/www.erplybooks.com\/?page_id=5787\/"},"modified":"2018-03-22T14:45:23","modified_gmt":"2018-03-22T14:45:23","slug":"pirkimo-pastas-erply-books","status":"publish","type":"page","link":"https:\/\/www.erplybooks.com\/lt\/vadovas\/pirkimo-pastas-erply-books\/","title":{"rendered":"Pirkimo pa\u0161tas ERPLY Books"},"content":{"rendered":"<p>Pirkimo pa\u0161tas yra funkcija, kuri padeda automatizuoti pirkimo procesus. \u0160iame \u017einyne bus paai\u0161kinta visos ypatyb\u0117s ir nustatymai, susij\u0119 su pa\u0161to d\u0117\u017eut\u0117s \u012fsigijimu.<\/p>\n<p><iframe loading=\"lazy\" title=\"Purchase Inbox in ERPLY Books (Lithuanian)\" width=\"1080\" height=\"608\" src=\"https:\/\/www.youtube.com\/embed\/NGOjtzHhSto?feature=oembed\"  allow=\"accelerometer; autoplay; clipboard-write; encrypted-media; gyroscope; picture-in-picture\" allowfullscreen><\/iframe><\/p>\n<h3>Su pirkimo pa\u0161tu:<\/h3>\n<ol>\n<li>Turite savo elpa\u0161to adres\u0105, kur tiek\u0117jai ir prane\u0161\u0117jai gali si\u0173sti dokumentus (Nustatymai &gt; Konfiguravimas &gt; skiltis El.pa\u0161tas).<\/li>\n<li>S\u0105skaitos ir pridedami failai bus nusi\u0173sti tiesiai \u012f pirkimo pa\u0161t\u0105 (Pirkimai &gt; Pirkimo pa\u0161tas)<\/li>\n<li>Kai tai nauja s\u0105skaita, paspauskite mygtuk\u0105 \u201esukurti s\u0105skait\u0105\u201c<\/li>\n<li>Kai norite prid\u0117ti failus jau egzistuojan\u010diai s\u0105skaitai, tada pasirinkite fail\u0105 ir paspauskite mygtuk\u0105 \u201esurasti ir prid\u0117ti prie s\u0105skaitos\u201c<\/li>\n<li>Galite rasti sukurtas s\u0105skaitas \u201ePirkimai\u201c &gt; \u201eAtverti mok\u0117tinas sumas\u201c<\/li>\n<li>Naudokite s\u0105skaitos patvirtinim\u0105, kad patvirtintum\u0117te failo ar s\u0105skaitos apmok\u0117jim\u0105<\/li>\n<\/ol>\n<h3>Kaip prad\u0117ti?<\/h3>\n<ol>\n<li>Duokite tiek\u0117jui savo nauj\u0105 el.pa\u0161to adres\u0105<\/li>\n<li>Duokite savo el.pa\u0161t\u0105 darbuotojams, kurie turi pateikti s\u0105skaitas u\u017e i\u0161laidas<\/li>\n<li>Apsukite proces\u0105 ratu \u2013 visos pirkimo s\u0105skaitos prasideda nuo pirkimo pa\u0161to<\/li>\n<li>Prad\u0117kite naudoti s\u0105skaitos patvirtinim\u0105<\/li>\n<\/ol>\n<h2>1. Visi dokumentai yra vienoje vietoje<\/h2>\n<h3>1.1. Asmeninis el.pa\u0161to adresas<\/h3>\n<p>Kiekviena kompanija turi savo asmenin\u012f el.pa\u0161t\u0105, kur\u012f duoda savo klientams, tiek\u0117jams ir prane\u0161an\u010diajam personalui. Galite j\u012f rasti Nustatymai &gt; Konfiguravimas.<\/p>\n<p>\u0160is el.pa\u0161tas u\u017etikrina, kad visos s\u0105skaitos, \u010dekiai, failai ir kiti svarb\u016bs dokumentai b\u016bt\u0173 vienoje vietoje. Be to, tai puikus b\u016bdas archyvuoti tuos dokumentus, kad jei prireikt\u0173 pamatyti dokument\u0105 po penki\u0173 met\u0173, jie b\u016bt\u0173 i\u0161saugoti. \u0160i funkcija u\u017etikrina, kad nei vienas dokumentas nedings.<\/p>\n<p>Galite gauti savo slapyvard\u012f (pvz.: <a href=\"mailto:j\u016bs\u0173vardas@app.erplybooks.com\">j\u016bs\u0173vardas@app.erplybooks.com<\/a>). Tai yra nemokama kompanijoms su dideliu paketu. Jei norite nuosavo kompanijos vardo (pvz. : <a href=\"mailto:j\u016bs\u0173vardas@j\u016bs\u0173kompanijosvardas.com\">j\u016bs\u0173vardas@j\u016bs\u0173kompanijosvardas.com<\/a>) tada tai kainuos vienkartin\u012f papildom\u0105 500 EUR mokest\u012f.<\/p>\n<p>Jei tuo susidom\u0117jote, susisiekite su mumis pa\u0161tu <a href=\"mailto:support@erplybooks.com\">support@erplybooks.com<\/a>.<\/p>\n<p>Verta prisiminti: mes turime teis\u0119 i\u0161trinti el.pa\u0161t\u0173 adresus su netinkamais vardais.<\/p>\n<h2>2. Anks\u010diau \u012fkelti failai \u2013 pirkimo pa\u0161tas<\/h2>\n<p>Visos s\u0105skaitos, failai ir kiti dokumentai, kurie yra i\u0161si\u0173sti anks\u010diau apib\u016bdintais el.pa\u0161to adresais, atkeliaus \u012f pirkimo pa\u0161t\u0105. Galite j\u012f rasti Pirkimai &gt; Pirkimo pa\u0161tas.<\/p>\n<p>Jei Nustatymuose &gt; Konfiguracijoje pa\u017eym\u0117jote, kad norite naudoti s\u0105skait\u0173 tvirtinim\u0105, tada pirkimo pa\u0161te rasite i\u0161si\u0173stas s\u0105skaitas su b\u016bsena \u201enepatvirtinta\u201c. Jei nesinaudosite s\u0105skait\u0173 tvirtinimu, tada tose s\u0105skaitose rasite b\u016bsen\u0105 \u201elaukiama\u201c.<\/p>\n<p>Galite matyti failus su kitomis b\u016bsenomis, kai paspausite ant \u201eb\u016bsena\u201c. \u201ePatvirtinta\u201c rei\u0161kia, kad s\u0105skaita jau buvo sukurta naudojant fail\u0105. Galite matyti \u017eali\u0105 \u017eym\u0117jimo \u017eenkl\u0105 jei failai yra patvirtinti ir juod\u0105 \u0161auktuk\u0105, kai failai yra nepatvirtinti.<\/p>\n<p>Kair\u0117je ekrano pus\u0117je galite matyti visus i\u0161si\u0173stus failus, o de\u0161in\u0117je galite matyti s\u0105skaitas pdf formatu, kai ant j\u0173 paspausite.<\/p>\n<p>Meniu apa\u010dioje yra du mygtukai, \u201esukurti s\u0105skait\u0105\u201c ir \u201esurasti ir prid\u0117ti prie s\u0105skaitos\u201c.<\/p>\n<h2>3. Sukurkite s\u0105skait\u0105<\/h2>\n<p>Jei norite sukurti nauj\u0105 s\u0105skait\u0105 naudodami fail\u0105, paspauskite \u201esukurti s\u0105skait\u0105\u201c. Jei tai elektronin\u0117 s\u0105skaita ir paspausite \u201esukurti s\u0105skait\u0105\u201c, tada sistema gal\u0117s per\u017ei\u016br\u0117ti s\u0105skait\u0105, nes visa reikalinga informacija bus \u010dia.<\/p>\n<h2>4. Surasti ir prid\u0117ti prie s\u0105skaitos<\/h2>\n<p>Naudokite \u0161\u012f mygtuk\u0105 kai norite prie s\u0105skaitos prid\u0117ti fail\u0105. Pavyzd\u017eiui, jei norite surinkti visus atskaitingo asmens pirkimus, tada galite rasti \u0161\u012f atskaiting\u0105 asmen\u012f ir prid\u0117ti failus prie jo. Arba jei jau turite egzistuojan\u010di\u0105 pirkimo s\u0105skait\u0105-fakt\u016br\u0105 i\u0161 to atskaitingo asmens, tada galite prid\u0117ti failus prie tos s\u0105skaitos. Kai pasirinksite tiek\u0117jo vard\u0105, gal\u0117site pasirinkti ankstesnes s\u0105skaitas, kurios yra susijusios su tiek\u0117ju.<\/p>\n<p><strong>Skirtingi fail\u0173 tipai:<\/strong><\/p>\n<p>Yra keturi skirtingi fail\u0173 tipai: elektronin\u0117s s\u0105skaitos. Paveiksliukai ir kiti (pvz. Excel failai).<\/p>\n<ul>\n<li>Su elektronin\u0117mis s\u0105skaitomis, analizatorius gali skaityti vis\u0105 informacij\u0105. Tai rei\u0161kia, kad rezultatai priklauso nuo to, kaip gerai tiek\u0117jas u\u017epild\u0117 elektronin\u0119 s\u0105skait\u0105.<\/li>\n<li>Pdf analizatorius gali perskaityti 80% failo. Kai jis negali perskaityti ka\u017ekurios informacijos dalies (pvz. tiek\u0117jo vardo) tada \u0161i informacija n\u0117ra duomen\u0173 baz\u0117je.\u00a0 Pdf analizatorius skaito tiksli\u0105 informacij\u0105, pavyzd\u017eiui dat\u0105, termin\u0105, sum\u0105, tiek\u0117j\u0105, s\u0105skaitos eilutes.<\/li>\n<li>Mes palaikome OCR (optin\u012f charakterio atpa\u017einim\u0105) metod\u0105 su paveiksliukais. \u0160is b\u016bdas gali perskaityti dat\u0105, tiek\u0117j\u0105, sum\u0105. Taigi, padarykite dokument\u0173 nuotrauk\u0105 ir \u012fkelkite j\u0105 su telefonu. Su OCR metodu, mes galime sudaryti s\u0105skait\u0105 i\u0161 nuotraukos.<\/li>\n<li>\u201eKita\u201c rei\u0161kia visas kitas dokument\u0173 r\u016b\u0161is. Pavyzd\u017eiui excel failai. Su \u0161iais failais s\u0105skaita turi b\u016bti u\u017epildyta rankiniu b\u016bdu.<\/li>\n<\/ul>\n<h2>5. Kur galiu pamatyti s\u0105skaitas?<\/h2>\n<p>Sukurtas s\u0105skaitas galite pamatyti atv\u0117r\u0119 mok\u0117tinas sumas (Pirkimai &gt; Atverti mok\u0117tinas sumas). Pamatysite s\u0105skaitas su b\u016bsena \u201epatvirtinta\u201c, kai pasirinksite patvirtint\u0105 b\u016bsen\u0105 pirkimo pa\u0161te.<\/p>\n<h2>6. S\u0105skaitos patvirtinimas<\/h2>\n<h3>6.1. S\u0105skaitos tvirtinimo nustatymas<\/h3>\n<p>S\u0105skaitos tvirtinimas yra procesas, kuris padaro pirkimo s\u0105skait\u0173 mok\u0117jim\u0105 saugesniu. Tai leid\u017eia priskirti konkre\u010dius asmenis, kurie turi patvirtinti s\u0105skait\u0105 prie\u0161 ka\u017ekam j\u0105 apmokant. D\u0117l to, kad sistema patvirtina ir failus ir s\u0105skaitas, tai gali b\u016bti naudojama kaip skaitmeninis archyvas.<\/p>\n<p>Kai norite naudoti s\u0105skaitos patvirtinim\u0105, pirma turite pasirinkti, kad norite tai naudoti nustatymuose. Eikite \u012f Nustatymai &gt; Konfiguravimas ir pa\u017eym\u0117kite \u201enaudoti s\u0105skait\u0173 tvirtinim\u0105\u201c.<\/p>\n<p>Tada, eikite \u012f \u201eS\u0105skait\u0173 tvirtinimo taisykles\u201c ir prid\u0117kite \u0161iuos nustatymus:<\/p>\n<ul>\n<li>\u012egalinti (Taip\/Ne)<\/li>\n<li>Minimalus tvirtinimo skai\u010dius?<\/li>\n<li>Kas turi tvirtinti s\u0105skaitas?<\/li>\n<\/ul>\n<p>Tada i\u0161saugokite ir atnaujinkite puslap\u012f.<\/p>\n<h3>6.2. S\u0105skaitos tvirtinimo naudojimas<\/h3>\n<h4>6.2.1. Kas gali tvirtinti s\u0105skaitas?<\/h4>\n<p>Asmuo, kuris turi tvirtinimo teises, gali tvirtinti s\u0105skaitas. \u0160ios privilegijos yra pridedamos kai einate \u012f \u201eNustatymai\u201c &gt; \u201eNaudotojai\u201c. Pamatysite naudotoj\u0173 s\u0105ra\u0161\u0105. Paspauskite du kartus ant naudotojo el.pa\u0161to adreso, kad pamatytum\u0117te privilegijas. Priekyje pa\u017eym\u0117kite \u201eNustatymai \u2013 tvirtintojas\u201c.<\/p>\n<p>Jei tvirtintojas tik patikrina, tada patartina pa\u0161alinti teis\u0119 \u012feiti \u012f pirkimo s\u0105skaitas-fakt\u016bras (pa\u0161alinkite \u017eym\u0105 priekyje \u201ekoreguoti \u2013 Pirkimo s\u0105skaitos-fakt\u016bros\u201c). Tada i\u0161saugokite.<\/p>\n<h4>6.2.2. Tvirtinimo procesas<\/h4>\n<p>Failai ir s\u0105skaitos gali b\u016bti tvirtinamos, priklausomai nuo to, kas reikalinga j\u016bs\u0173 kompanijai. Jei visos j\u016bs\u0173 s\u0105skaitos turi b\u016bti archyvuotos sistemoje, tada reikalaukite, kad\u00a0 s\u0105skaitos negal\u0117t\u0173 b\u016bti i\u0161si\u0173stos be failo. Tada naudokite tik s\u0105skaitas tvirtinimo sistem\u0105 \u2013 po to kai sukursite s\u0105skait\u0105 i\u0161 failo, sistema prid\u0117s \u201epatvirtinta\u201c prie jos b\u016bsenos. Ta\u010diau, j\u016bs negalite sukurti s\u0105skaitos, kuri turi fail\u0105 su b\u016bsena \u201eatmesta\u201c. Jei vienas i\u0161 tvirtintoj\u0173 atmeta fail\u0105, o kitas patvirtina j\u012f, tada failas turi b\u016bsen\u0105 atmestas. S\u0105skaita gali b\u016bti patvirtinta tik jei visi tvirtintojai j\u0105 patvirtino.<\/p>\n<p>Verta prisiminti: jei gaunate failus v\u0117liau, tada pravartu padaryti pirkimo s\u0105skaitas anks\u010diau laiko. J\u016bs\u0173 apskaitininkai negali patvirtinti t\u0173 s\u0105skait\u0173 ir j\u0173 b\u016bsena lieka nepatvirtinta. Tada, tvirtintojas gali patvirtinti tas s\u0105skaitas (arba laukti s\u0105skait\u0173 ir tvirtinta jas).<\/p>\n<p><strong>Skirtingos fail\u0173 b\u016bsenos:<\/strong><\/p>\n<ul>\n<li>Nepatvirtinta \u2013 laukiama, kol ka\u017ekas j\u012f patvirtins.<\/li>\n<li>Laukiama \u2013 failas buvo patvirtintas ir naudotojas gali kuri s\u0105skait\u0105.<\/li>\n<li>Patvirtinta \u2013 s\u0105skaita buvo sukurta.<\/li>\n<\/ul>\n<p><strong>Skirtingos s\u0105skait\u0173 b\u016bsenos:<\/strong><\/p>\n<ul>\n<li>Patvirtinta \u2013 failas buvo prid\u0117tas prie s\u0105skaitos ir tvirtintojas j\u0105 patvirtino.<\/li>\n<li>Nepatvirtinta \u2013 failas galb\u016bt buvo prid\u0117tas prie s\u0105skaitos, bet dar nebuvo patvirtintas. Arba n\u0117ra jokio failo.<\/li>\n<li>U\u017erakinta \u2013 naudotojas negali atlikti tolimesni\u0173 veiksm\u0173 su failu, kai jis yra u\u017erakintas.<\/li>\n<li>Patvirtinta ir mok\u0117jimas i\u0161si\u0173stas bankui \u2013 failas buvo prid\u0117tas ir mok\u0117jimo failas buvo sukurtas.<\/li>\n<\/ul>\n<p>Pirkimo pa\u0161te yra mygtukas \u201epra\u0161yti tvirtinimo\u201c. Ant jo paspaudus, pagrindinis tvirtintojas, generalinis direktorius ar kitas svarbus asmuo gauna el.lai\u0161k\u0105, kuris pra\u0161o patvirtinti s\u0105skait\u0105. Lai\u0161ko gav\u0117jas turi b\u016bti prid\u0117tas prie naudotoj\u0173 s\u0105ra\u0161o (Nustatymai &gt; Naudotojai).\u00a0 Paspaudus mygtuk\u0105 \u201epra\u0161yti tvirtinimo\u201c, galite pasirinkti kam norite i\u0161si\u0173sti \u0161\u012f lai\u0161k\u0105. Galite naudoti \u0161i\u0105 funkcij\u0105, kai asmuo nenaudoja ERPLY Books da\u017enai, bet jums vistiek reikia jo patvirtinimo. Gav\u0117jas gaus lai\u0161k\u0105 ir pamatys s\u0105skaitos fail\u0105, ir u\u017espaud\u0119s ant nuorodos, gal\u0117s patvirtinti ar atmesti s\u0105skait\u0105.<\/p>\n<h3>6.3. Detal\u0117s apie s\u0105skait\u0173 tvirtinim\u0105<\/h3>\n<ol>\n<li>S\u0105skaita\/failas negali b\u016bti patvirtintas, jei ji buvo ka\u017ekam i\u0161si\u0173sta ir gav\u0117jas jos nepatvirtino (kai i\u0161siunt\u0117te tvirtinimo pra\u0161ym\u0105). Gav\u0117jas turi patvirtinti ar atmesti s\u0105skait\u0105 el.pa\u0161te ar naudodamas ERPLY Books<\/li>\n<li>Tvirtinimas pa\u0161tu yra procesas, i\u0161einantis i\u0161 pagrindin\u0117s sistemos rib\u0173. Naudotojai gali naudoti tai telefone ir nuorodos bus tik vienai operacijai \u2013 tvirtinimui arba atmetimui.<\/li>\n<li>Jei per klaid\u0105 pasirinkote klaiding\u0105 nuorod\u0105 (nor\u0117jote patvirtinti, bet atmet\u0117te) tada turite eiti \u012f ERPLY Books ir rankiniu b\u016bdu tvirtinti\/atmesti fail\u0105 ar s\u0105skait\u0105. Tai rei\u012fkia, kad negalite du kartus naudoti vienos u\u017eklausos.<\/li>\n<li>Kai naudotojas at\u0161auk\u0117 s\u0105skait\u0105 3 kartus ir dabar paspaud\u017eia \u201etvirtinti\u201c, tada paskutin\u0117 b\u016bsena i\u0161liks ir s\u0105skaita bus patvirtinta.<\/li>\n<\/ol>\n<h2>DUK<\/h2>\n<p><strong>Kod\u0117l pdf analizatorius nedirba su mano failais?<\/strong><\/p>\n<p>Informacija yra skaitoma kai sistema supranta s\u0105skait\u0105 (antra\u0161t\u0119, pora\u0161t\u0119 ir s\u0105skaitos eilutes) ir kai tekstas yra kopijuojamu formatu. Be to, mes palaikome konkre\u010dias kalbas. Jei s\u0105skaita yra ne\u017einomu formatu ir kalba, tada pdf analizatorius neveiks.<\/p>\n<p>Pdf analizatorius i\u0161kraip\u0117 s\u0105skait\u0105 ir dabar s\u0105skaitos eilut\u0117s atrodo keistai.<\/p>\n<p>Naudokite mygtuka \u201edaugiau\u201c &gt; \u201ei\u0161valyti eilutes\u201c.<\/p>\n<p><strong>K\u0105 daryti su popierin\u0117mis s\u0105skaitomis?<\/strong><\/p>\n<p>Jei turite daug popierini\u0173 s\u0105skait\u0173, tada padarykite j\u0173 nuotrauk\u0105 ir \u012fkelkite telefonu. Jos atvyks \u012f pirkimo pa\u0161t\u0105 ir gal\u0117site jas archyvuoti.<\/p>\n<p>Koks lengviausias b\u016bdas valdyti atskaitingus asmenis, kurie turi daug pirkim\u0173 per m\u0117nes\u012f?<\/p>\n<p>Duokite savo ERPLY Books el.pa\u0161t\u0105 atskaitingiems asmenims. Tada jie gal\u0117s si\u0173sti visas savo s\u0105skaitas ir \u010dekius \u012f vien\u0105 viet\u0105. Kai paspausite mygtuk\u0105 \u201erasti ir prid\u0117ti prie s\u0105skaitos\u201c, gal\u0117site prid\u0117ti failus atskaitingo asmens s\u0105skaitai.<\/p>\n<p>K\u0105 sistema daro su elekronin\u0117mis s\u0105skaitomis? (\u0161iuo metu mes palaikome EE,LV,FI)<\/p>\n<p>Kai tai tiesiog paprasta s\u0105skaita, visa informacija bus perskaityta. Kai joje yra pdf ar paveiksliukas, galite matyti t\u0105 paveiksliuk\u0105 ekrane ir sistema gali perskaityti informacij\u0105. Kai tai yra kito tipo informacija (ne pdf, elektronin\u0117 s\u0105skaita ar paveiksliukas), tada nematysite joki\u0173 paveiksliuk\u0173 ir tur\u0117si s\u0105skait\u0105 suvesti rankiniu b\u016bdu.<\/p>\n<p><strong>Kaip galiu padaryti s\u0105skaitos-fakt\u016bros kopij\u0105?<\/strong><\/p>\n<p>Kai pasirenkate tiek\u0117j\u0105 (pirkimo pa\u0161te), kuriam jau siunt\u0117te s\u0105skaitas, meniu apa\u010dioje atsiras mygtukas \u201ekopijuoti\u201c . kai paspausite ant \u0161io mygtuko, pamatysite informacij\u0105 apie ankstesnes s\u0105skaitas, kurios yra sujungtos su tiek\u0117ju.<\/p>\n<p><strong>Kaip galiu rasti inventoriaus produktus?<\/strong><\/p>\n<p>Funkcija, kuri leid\u017eia rasti ERPLY produktus i\u0161 pirkimo pa\u0161to yra papildomas nustatymas. Galite prid\u0117ti tai Nustatymai &gt; Konfiguracija, skiltyje \u201ekiti pasirinkimai\u201c pa\u017eym\u0117kite \u00a0priekyje \u201eie\u0161koti produkt\u0173 pirkimo pa\u0161te\u201c. Tada i\u0161saugokite ir atnaujinkite puslap\u012f.<\/p>\n<p>\u0160ie nustatymai yra naudingi tokiose situacijose, kai neturite jokio dokumento, kad gal\u0117tum\u0117te sukurti s\u0105skait\u0105. Pavazd\u017eiui, kai turite pirkimo \u012fra\u0161\u0105, tada logi\u0161ka sukurti pirkimo s\u0105skait\u0105-fakt\u016br\u0105 kai produktai atvyks. Be to, galite gauti informacij\u0105 apie pirkimo s\u0105skaitas-fakt\u016bras per EDI. Jei neturite joki\u0173 anks\u010diau sukurt\u0173 pirkimo s\u0105skait\u0173-fakt\u016br\u0173, tur\u0117site vis\u0173 produkt\u0173 ie\u0161koti rankiniu b\u016bdu. Tai laiko gai\u0161imas. \u0160ia ERPLY Books gali jums pad\u0117ti. Jei sistema gali rasti produkt\u0173 kodus i\u0161 pirkimo s\u0105skait\u0173, tada ji gali rasti produktus i\u0161 ERPLY, remdamasi ta informacija (darant prielaid\u0105 turi teising\u0105 informacij\u0105, ji gali rasti tinkamus produktus: tiek\u0117jo kod\u0105, EAN kod\u0105, produkto pavadinim\u0105).<\/p>\n<p><strong>Eiga:<\/strong><\/p>\n<ul>\n<li>Sukurkite s\u0105skait\u0105-fakt\u016br\u0105 pirkimo pa\u0161te<\/li>\n<li>Jei pasirinkote tiek\u0117j\u0105 (ar programa j\u012f surado) ir jis yra \u012ftrauktas \u012f inventori\u0173, tada meniu apa\u010dioje galite paspausti mygtuk\u0105 \u201erasti produktus ERPLY\u201c.<\/li>\n<li>Paspauskite ant to mygtuko ir programa suras tinkamus produktus i\u0161 ERPLY inventoriaus.<\/li>\n<li>Jei yra \u017ealias \u017eym\u0117jimas eilut\u0117s prad\u017eioje, rei\u0161kia, kad sistema rado atitinkamus produktus i\u0161 inventoriaus.<\/li>\n<li>Jei yra raudonas \u017eym\u0117jimas, tada sistema nerado atitikmen\u0173 ir jums teks ie\u0161koti produkt\u0173 rankiniu b\u016bdu (paspauskite ant padidinimo stiklo logotipo).<\/li>\n<li>Jei visos eilut\u0117s yra teisingos, i\u0161saugokite.<\/li>\n<\/ul>\n<p><strong>Verta prisiminti<\/strong>: negalite priimti produkt\u0173 \u012f inventori\u0173 per pirkimo pa\u0161t\u0105. Turite tai atlikti ERPLY Books inventoriuje. Ta\u010diau, jei negalite rasti kaikuri\u0173 produkt\u0173, tada patikrinkite ar jie yra ERPLY inventoriuje. Jei ne, tur\u0117site juos prid\u0117ti.<\/p>\n<p>Jei inventoriuje ir pirkimo s\u0105skaitoje-fakt\u016broje yra skirtingi vienetai, tada sistema nekonvertuos j\u0173 automati\u0161kai. Tai papildoma veiksmas ir jai juo domit\u0117s, susisiekite su mumis <a href=\"mailto:support@erplybooks.com\">support@erplybooks.com<\/a>.<\/p>\n<p><strong>Kaip galiu gr\u0105\u017einti pardavimus?<\/strong><\/p>\n<p>Galite gr\u0105\u017einti pirkimus jei aktyvavote funkcij\u0105 \u201eie\u0161koti produkt\u0173 pirkimo pa\u0161te\u201c. Tai yra papildomas nustatymas, kur\u012f galite prid\u0117ti Nustatymai &gt; Konfiguracija ir pa\u017eym\u0117ti \u201eie\u0161koti produkt\u0173 pirkimo pa\u0161te\u201c. \u012eprastai, kai gaunate s\u0105skait\u0105-fakt\u016br\u0105, ten b\u016bna dokumentas su produkt\u0173 s\u0105ra\u0161u, kuriuos turite gr\u0105\u017einti, tada turite prad\u0117ti vesti \u0161iuos duomenis rankiniu b\u016bdu. Dabar galite pamir\u0161ti vedim\u0105 rankiniu b\u016bdu, nes pdf analizatorius tai atliks automati\u0161kai susiedamas produktus, kuriuos turite gr\u0105\u017einti. Jei norite pamatyti gr\u0105\u017einimo prie\u017east\u012f, galite tai pamatyti po papildoma informacija, skiltyje :gr\u0105\u017einimo prie\u017eastis\u201c.<\/p>\n<p>Jei tame s\u0105ra\u0161e yra tr\u016bkstam\u0173 produkt\u0173, tada prid\u0117kite eilutes t\u0173 produkt\u0173 prid\u0117jimui. I\u0161saugokite, jei turite vis\u0105 reikaling\u0105 informacij\u0105.<\/p>\n","protected":false},"excerpt":{"rendered":"<p>Pirkimo pa\u0161tas yra funkcija, kuri padeda automatizuoti pirkimo procesus. \u0160iame \u017einyne bus paai\u0161kinta visos ypatyb\u0117s ir nustatymai, susij\u0119 su pa\u0161to d\u0117\u017eut\u0117s \u012fsigijimu. Su pirkimo pa\u0161tu: Turite savo elpa\u0161to adres\u0105, kur tiek\u0117jai ir prane\u0161\u0117jai gali si\u0173sti dokumentus (Nustatymai &gt; Konfiguravimas &gt; skiltis El.pa\u0161tas). S\u0105skaitos ir pridedami failai bus nusi\u0173sti tiesiai \u012f pirkimo pa\u0161t\u0105 (Pirkimai &gt; Pirkimo [&hellip;]<\/p>\n","protected":false},"author":3,"featured_media":0,"parent":5728,"menu_order":0,"comment_status":"closed","ping_status":"closed","template":"","meta":{"_et_pb_use_builder":"","_et_pb_old_content":"","_et_gb_content_width":"","footnotes":""},"categories":[],"tags":[],"class_list":["post-5787","page","type-page","status-publish","hentry"],"_links":{"self":[{"href":"https:\/\/www.erplybooks.com\/lt\/wp-json\/wp\/v2\/pages\/5787","targetHints":{"allow":["GET"]}}],"collection":[{"href":"https:\/\/www.erplybooks.com\/lt\/wp-json\/wp\/v2\/pages"}],"about":[{"href":"https:\/\/www.erplybooks.com\/lt\/wp-json\/wp\/v2\/types\/page"}],"author":[{"embeddable":true,"href":"https:\/\/www.erplybooks.com\/lt\/wp-json\/wp\/v2\/users\/3"}],"replies":[{"embeddable":true,"href":"https:\/\/www.erplybooks.com\/lt\/wp-json\/wp\/v2\/comments?post=5787"}],"version-history":[{"count":0,"href":"https:\/\/www.erplybooks.com\/lt\/wp-json\/wp\/v2\/pages\/5787\/revisions"}],"up":[{"embeddable":true,"href":"https:\/\/www.erplybooks.com\/lt\/wp-json\/wp\/v2\/pages\/5728"}],"wp:attachment":[{"href":"https:\/\/www.erplybooks.com\/lt\/wp-json\/wp\/v2\/media?parent=5787"}],"wp:term":[{"taxonomy":"category","embeddable":true,"href":"https:\/\/www.erplybooks.com\/lt\/wp-json\/wp\/v2\/categories?post=5787"},{"taxonomy":"post_tag","embeddable":true,"href":"https:\/\/www.erplybooks.com\/lt\/wp-json\/wp\/v2\/tags?post=5787"}],"curies":[{"name":"wp","href":"https:\/\/api.w.org\/{rel}","templated":true}]}}