{"id":5779,"date":"2017-11-08T06:46:39","date_gmt":"2017-11-08T06:46:39","guid":{"rendered":"http:\/\/www.erplybooks.com\/?page_id=5779\/"},"modified":"2018-04-03T08:16:50","modified_gmt":"2018-04-03T08:16:50","slug":"erply-books-mokejimu-valdymas","status":"publish","type":"page","link":"https:\/\/www.erplybooks.com\/lt\/vadovas\/erply-books-mokejimu-valdymas\/","title":{"rendered":"ERPLY Books mok\u0117jim\u0173 valdymas"},"content":{"rendered":"<p>ERPLY Books mok\u0117jim\u0173 valdymas? \u0160is apmokymas skirtas tiems \u017emon\u0117ms, kurie naudoja ERPLY Books su ERPLY POS ir Inventorius ir, kuriems reikia valdyti \u012fvairius mok\u0117jimo procesus nuo s\u0105skait\u0173-fakt\u016br\u0173 mok\u0117jim\u0173 iki klient\u0173 i\u0161ankstini\u0173 mok\u0117jim\u0173.<\/p>\n<p>&nbsp;<\/p>\n<p><iframe loading=\"lazy\" title=\"How to manage payments in ERPLY Books (Lithuanian)\" width=\"1080\" height=\"608\" src=\"https:\/\/www.youtube.com\/embed\/EGJvbaV6XtE?feature=oembed\"  allow=\"accelerometer; autoplay; clipboard-write; encrypted-media; gyroscope; picture-in-picture\" allowfullscreen><\/iframe><\/p>\n<h2>Kai klientai\/pardav\u0117jai moka pavedimais<\/h2>\n<p>Jei klientas\/pardav\u0117jas moka pavedimais, tada atlikite import\u0105 i\u0161 banko. Piln\u0105 apmokym\u0105 rasite <strong>naudotojo \u017einyno 4.6 skyriuje. <\/strong>I\u0161 esm\u0117s j\u016bs tur\u0117site \u012fkelti banko ataskaitas \u012f ERPLY Books sistem\u0105, kuri gal\u0117s sujungti mok\u0117jimus su s\u0105skaitomis-fakt\u016bromis ir ataskaitomis ir j\u016bs gal\u0117site patvirtinti kitus mok\u0117jimus ir sujungti juos su s\u0105skaitomis-fakt\u016bromis, jei ERPLY Books negal\u0117s to atlikti.<\/p>\n<p>Yra du banko mok\u0117jimo atvejai:<\/p>\n<ul>\n<li>Bankai, kurie yra palaikomi ERPLY Books<\/li>\n<li>Bankai, kurie yra nepalaikomi ERPLY Books<\/li>\n<\/ul>\n<h2>ERPLY Books palaikomi bankai<\/h2>\n<p>Dauguma US, CA, AU, ZA ir Karib\u0173 \u0161ali\u0173 bankai palaiko OFX (Microsoft money), QBO (Quickbooks online) ar QIF (Quicken) formatus. Jei \u012f\u0117j\u0119 \u012f savo bank\u0105 pamatysite bet kur\u012f i\u0161 \u0161i\u0173 fail\u0173, tada parsisi\u0173skite banko ataskait\u0105 tam formatui.<\/p>\n<p>Europos bankai palaiko ISO-20022 fail\u0173 formatus, kurie gali b\u016bti \u012fkelti \u012f ERPLY Books. Sekan\u010dioms \u0161alims yra taikomos i\u0161lygos:<\/p>\n<ul>\n<li>Latvija \u2013 Fidavista<\/li>\n<li>Lietuva \u2013 daugeliui bank\u0173 CSV formatai<\/li>\n<li>Estija \u2013 daugeliui bank\u0173 CSV formatai<\/li>\n<\/ul>\n<p>Jei negalite rasti \u0161io formato savo banke, tada kai kurie bankai tai slepia. Pavyzd\u017eiui, JP Morgan Chase banke tur\u0117tum\u0117te eiti \u012f \u201eklient\u0173 centr\u0105\u201c &gt; \u201enurodym\u0173 centr\u0105\u201c, kad parsisi\u0173stum\u0117te OFX failus.<\/p>\n<h2>ERPLY Books nepalaikomi bankai<\/h2>\n<p>Jei ERPLY Books nepalaiko j\u016bs\u0173 banko, tada eikite \u012f import\u0105 i\u0161 banko ir pasirinkite \u201eprid\u0117ti rankiniu b\u016bdu\u201c i\u0161 bank\u0173 s\u0105ra\u0161o. Tada gal\u0117site prid\u0117ti mok\u0117jimus rankiniu b\u016bdu ir sujungti juos su ataskaitomis, s\u0105skaitomis-fakt\u016bromis ir klientais\/pardav\u0117jais.<\/p>\n<h2>Kiti nei bankiniu pavedimu sukurti\/gauti mok\u0117jimai<\/h2>\n<p><strong>Skirtingi mok\u0117jim\u0173 b\u016bdai:<\/strong><\/p>\n<p>Gauti\/sumok\u0117ti grynieji pinigai:<\/p>\n<ul>\n<li>Pardavimai: jei klientas moka parduotuv\u0117je, tai i\u0161 karto yra sinchronizuojama<\/li>\n<li>Pirkim\u0173 va\u017etara\u0161\u010diai: jei mokate pardav\u0117jui grynaisiais, tada eikite \u012f atviri mok\u0117jimai, pasirinkite s\u0105skait\u0105-fakt\u016br\u0105 ir paspauskite \u201eprid\u0117ti mok\u0117jim\u0105\u201c ir pakeiskite detales, jeigu reikia<\/li>\n<li>Smulkios i\u0161laidos, pinigai, i\u0161mok\u0117ti darbuotojams, kad atlikt\u0173 pirkimus: jei duodade pinig\u0173 darbuotojams tada eikite \u012f atviri mok\u0117jimai, nepasirinkite s\u0105skaitos-fakt\u016bros ir paspauskite \u201eprid\u0117ti mok\u0117jim\u0105\u201c. Tada pasirinkite darbuotoj\u0105 ir prid\u0117kite mok\u0117jimo detales. Tada ERPLY Books prid\u0117s tai kaip i\u0161ankstin\u012f mok\u0117jim\u0105 skirt\u0105 darbuotojui. Jei \u0161is i\u0161ankstinis mok\u0117jimas yra panaudojamas kompensacijai, tada tai yra \u012fprastinis i\u0161ankstinio mok\u0117jimo panaudojimas.<\/li>\n<li>Parduotuv\u0117s pinig\u0173 \u012fd\u0117jimas\/i\u0161\u0117mimas: kai darbuotojai \u012fdeda ar i\u0161ima mok\u0117jimus (pavyzd\u017eiui perkate pic\u0105 parduotuvei) tada ERPLY Books paimkite ERPLY POS ir inventorius sinchronizavimo pasirinkim\u0105 ir \u010dia paspauskite \u201ePOS gryn\u0173j\u0173 \u012fd\u0117jimas ir i\u0161\u0117mimas\u201c. \u010cia galite valdyti visa tai kaip importe i\u0161 banko.<\/li>\n<li>Kiti pinig\u0173 \u012fd\u0117jimai\/i\u0161\u0117mimai: tai yra mok\u0117jimai, nesujungti su s\u0105skaitomis-fakt\u016bromis. Jiems turite atskir\u0105 mygtuk\u0105 valdymo lange.<\/li>\n<\/ul>\n<p>Mok\u0117jimai kreditin\u0117mis kortel\u0117mis:<\/p>\n<ul>\n<li>Pardavimai: jei klientas moka parduotuv\u0117je, tai i\u0161 karto yra sinchronizuojama.<\/li>\n<li>Mok\u0117jimai atlikti su komanijos kredito kortel\u0117mis: tur\u0117tum\u0117te gal\u0117ti parsisi\u0173sti\u00a0 kredito korteli\u0173 sandorius tokius kaip banko i\u0161ra\u0161ai ir taip pat galite valdyti juos kaip importe i\u0161 banko.<\/li>\n<\/ul>\n<p>Mok\u0117jimai dovan\u0173 kortel\u0117mis:<\/p>\n<ul>\n<li>Mok\u0117jimai dovan\u0173 kortel\u0117mis yra sinchronizuojami \u012f atskir\u0105 ataskait\u0105, kuri\u0105 galite keisti nustatymuose &gt; ERPLY POS ir inventoriaus nustatymai &gt; sinchronizuoti mok\u0117jim\u0173 ataskaitas. Nor\u0117dami rankiniu b\u016bdu prid\u0117ti mok\u0117jim\u0105 dovan\u0173 kortele eikite \u012f atvirus mok\u0117jimus, pasirinkite s\u0105skaitas-fakt\u016bras ir paspauskite \u201eprid\u0117ti mok\u0117jim\u0105\u201c bei pakeiskite detales, jei reikia. Jei dovan\u0173 korteles reikia patvirtinti, tada \u012fra\u0161ykite visus mok\u0117jimus dovan\u0173 kortel\u0117mis ERPLY Books ar administracijoje.<\/li>\n<li>Atsiskaitymai (bus aptarti v\u0117liau)<\/li>\n<li>Kredit\u0173 va\u017etara\u0161\u010diai (bus aptarti v\u0117liau)<\/li>\n<\/ul>\n<p>Mok\u0117jimai \u010dekiais:<\/p>\n<ul>\n<li>Nor\u0117dami atsiskaityti \u010dekiu, eikite \u012f atvirus mok\u0117jimus, pasirinkite s\u0105skai\u0105, kuri\u0105 nor\u0117tum\u0117te apmok\u0117ti ir paspauskite \u201eeksportuoti mok\u0117jimus \u012f fail\u0105\u201c. \u010cia gal\u0117site prid\u0117ti naujus mok\u0117jimus (jei pavyzd\u017eiui mokate u\u017e pirkim\u0173 ataskaitas) ir \u012fra\u0161yti \u010dekio numer\u012f. Po to kai patvirtinsite mok\u0117jimus, v\u0117l paspauskite \u201eeksportuoti mok\u0117jimus \u012f fail\u0105\u201c. Tada ERPLY Books paruo\u0161 jums pdf fail\u0105, kur\u012f gal\u0117site atsispausdinti. Po to gal\u0117site pa\u017eym\u0117ti tuos mok\u0117jimus kaip atliktus. Tada ERPLY Books prid\u0117s apmok\u0117jimus \u010dekiais \u012f pasirinkt\u0105 va\u017etara\u0161t\u012f ir prid\u0117tus mok\u0117jimus.<\/li>\n<li>Kitos mok\u0117jim\u0173 galimyb\u0117s.<\/li>\n<\/ul>\n<h2>I\u0161ankstini\u0173 mok\u0117jim\u0173 valdymas<\/h2>\n<p><strong>Nauji i\u0161ankstiniai mok\u0117jimai<\/strong><\/p>\n<p>Yra trys atvejai, kuriais galimi i\u0161ankstiniai mok\u0117jimai (tie patys kaip ir su pardavimais ir pirkimais):<\/p>\n<ul>\n<li>Sumok\u0117jote daugiau nei nurodyta s\u0105skaitoje-fakt\u016broje:\n<ul>\n<li>Jei norite atskirti i\u0161ankstinius mok\u0117jimus nuo s\u0105skait\u0173-fakt\u016br\u0173, tada prid\u0117kite du mok\u0117jimus:\n<ul>\n<li>Import\u0105 i\u0161 banko: sujunkite s\u0105skaitas-fakt\u016bras su mok\u0117jimais, tada paspauskite \u201eprid\u0117ti veikl\u0105\u201c ir atskiroje eilut\u0117je prid\u0117kite i\u0161ankstin\u012f mok\u0117jim\u0105.<\/li>\n<li>Rankiniu b\u016bdu: atverti gaunamus\/mokamus ir prid\u0117ti s\u0105skaitos-fakt\u016bros mok\u0117jim\u0105 ir tada atskirai prid\u0117ti mok\u0117jim\u0105 tik pasirenkant klient\u0105\/pardav\u0117j\u0105.<\/li>\n<\/ul>\n<\/li>\n<\/ul>\n<\/li>\n<\/ul>\n<ul>\n<li>I\u0161ankstinis mok\u0117jimas be dokument\u0173:\n<ul>\n<li>Importas i\u0161 banko: pasirinkite klient\u0105\/pardav\u0117j\u0105 ir klient\u0173\/pardav\u0117j\u0173 s\u0105ra\u0161o, kur\u012f matote de\u0161in\u0117je. Tada ERPLY Books laikys t\u0105 mok\u0117jim\u0105 i\u0161ankstiniu mok\u0117jimu.<\/li>\n<li>Rankinis b\u016bdas: eikite \u012f gaunamus\/mokamus ir paspauskite \u201eprid\u0117ti mok\u0117jim\u0105\u201c (nepasirinkite s\u0105skaitos-fakt\u016bros), pasirinkite klient\u0105\/pardav\u0117j\u0105, pakoreguokite mok\u0117jimo detales ir sukurkite mok\u0117jim\u0105.<\/li>\n<\/ul>\n<\/li>\n<li>I\u0161ankstinis mok\u0117jimas i\u0161 ataskaitos ar s\u0105skaitos-fakt\u016bros:\n<ul>\n<li>Pardavim\u0173 ataskaita\/i\u0161ankstinio mok\u0117jimo s\u0105skaita-fakt\u016bra:\n<ul>\n<li>Importas i\u0161 banko: paspauskite ant mok\u0117jim\u0173 ir tada \u201esurasti sumok\u0117tas s\u0105skaitas-fakt\u016bras (ataskaitas)\u201c arba \u201esurasti sumok\u0117tas s\u0105skaitas-fakt\u016bras (i\u0161ankstini\u0173 mok\u0117jim\u0173 s\u0105skaitos-fakt\u016bros)\u201c ir tada sujunkite mok\u0117jimus su ataskaitomis\/i\u0161ankstini\u0173 mok\u0117jim\u0173 va\u017etara\u0161\u010diais taip, kaip darytum\u0117te su kitomis s\u0105skaitomis-fakt\u016bromis.<\/li>\n<li>Nor\u0117dami prid\u0117ti mok\u0117jimus pardavim\u0173 ataskaitoms\/i\u0161ankstini\u0173 mok\u0117jim\u0173 va\u017etara\u0161\u010diams rankiniu b\u016bdu, eikite \u012f ERPLY administracij\u0105, atidarykite ataskait\u0105\/i\u0161ankstinio mok\u0117jimo s\u0105skait\u0105-fakt\u016br\u0105 ir paspauskite ant pinig\u0173 mygtuko.<\/li>\n<\/ul>\n<\/li>\n<\/ul>\n<\/li>\n<li>Pardavim\u0173 ataskaitos:\n<ul>\n<li>Importas i\u0161 banko: pasirinkite pardav\u0117j\u0105 i\u0161 panel\u0117s, kurioje galite pasirinkti ataskaitas, tada ERPLY Books prid\u0117s i\u0161ankstin\u012f mok\u0117jim\u0105 pardav\u0117jui.<\/li>\n<li>Rankinis b\u016bdas: atverkite mokamus, paspauskite \u201eprid\u0117ti mok\u0117jim\u0105\u201c (nepasirinkite s\u0105skaitos-fakt\u016bros). Tada galite pasirinkti pardav\u0117j\u0105 ir valdyti.<\/li>\n<li>Mok\u0117jimai \u010dekiais: kai pridedate mok\u0117jimus \u010dekiais ir norite pa\u017eym\u0117ti pirkim\u0173 ataskaitas kaip apmok\u0117tas, tada atlikite anks\u010diau aptart\u0105 eig\u0105.<\/li>\n<\/ul>\n<\/li>\n<\/ul>\n<p><strong>I\u0161ankstini\u0173 apmok\u0117jim\u0173 naudojimas<\/strong><\/p>\n<p>Nor\u0117dami naudotis i\u0161ankstiniais mok\u0117jimais eikite \u012f gaunami\/mok\u0117tini, ie\u0161kokite kliento\/pardav\u0117jo ir pasirinkite va\u017etara\u0161t\u012f bei paspauskite \u201enaudoti i\u0161ankstin\u012f mok\u0117jim\u0105\u201c.<\/p>\n<h2>Pinig\u0173 siuntimas atgal<\/h2>\n<p><strong>Galite i\u0161si\u0173sti pinigus atgal esant \u0161ioms prie\u017eastims:<\/strong><\/p>\n<ul>\n<li>S\u0105skaita-fakt\u016bra yra gr\u0105\u017einta:\n<ul>\n<li>Importas i\u0161 banko: jei siun\u010diate pinigus atgal ar pardav\u0117jas siun\u010dia juos atgal jums, tada ERPLY Books galvoja, kad tai yra atvirk\u0161tinis sandoris. D\u0117l to, ERPLY Books negali automati\u0161kai to sujungti t\u0173 mok\u0117jim\u0173 su va\u017etara\u0161\u010diais. Pasirinkite mok\u0117jim\u0105 ir pasirinkite teising\u0105 sandorio tip\u0105 vir\u0161uje, de\u0161in\u0117je (pardavim\u0173 s\u0105skaitos-fakt\u016bros, jei gr\u0105\u017einote pinigus klientui ir pirkim\u0173 s\u0105skaitos-fakt\u016bros, jei \u00a0pardav\u0117jas gr\u0105\u017eino jums). Tada rasite s\u0105skaitas-fakt\u016bras, kurios buvo apmok\u0117tos.<\/li>\n<li>Rankiniu b\u016bdu: eikite \u012f gaunamus\/mokamus, raskite s\u0105skait\u0105-fakt\u016br\u0105 ir neigiam\u0105 apmok\u0117jim\u0105.<\/li>\n<\/ul>\n<\/li>\n<li>I\u0161ankstinio mok\u0117jimo gr\u0105\u017einimas (be dokument\u0173):\n<ul>\n<li>Pardavimai: ERPLY Books nepalaiko \u0161io sandorio. Eikite \u012f ERPLY administracij\u0105, atidarykite pardavim\u0173 ataskait\u0105\/i\u0161ankstinio mok\u0117jimo s\u0105skait\u0105-fakt\u016br\u0105 ir prid\u0117kite nauj\u0105 mok\u0117jim\u0105, kuris privalo tur\u0117ti neigiam\u0105 vert\u0119.<\/li>\n<li>Pirkimai: \u0161is sandorio tipas yra nepalaikomas importe i\u0161 banko, bet galite eiti \u012f atverti mok\u0117tinas sumas , paspausti \u201eprid\u0117ti mok\u0117jim\u0105\u201c, pasirinkti pardav\u0117j\u0105 ir prid\u0117ti neigiam\u0105 sum\u0105, kuri buvo gr\u0105\u017einta pardav\u0117jui.<\/li>\n<\/ul>\n<\/li>\n<\/ul>\n<h2>Atsiskaitymai<\/h2>\n<p><strong>Pirkim\u0173-pardavim\u0173 s\u0105skait\u0173-fakt\u016br\u0173 atsiskaitymai<\/strong><\/p>\n<p>Ie\u0161kokite \u201eatsiskaityt\u0173 pardavim\u0173 ir pirkim\u0173 s\u0105skaitos-fakt\u016bros\u201c ir sekite instrukcijas.<\/p>\n<p><strong>Kredito s\u0105skait\u0173-fakt\u016br\u0173 atsiskaitymai<\/strong><\/p>\n<p>Tam n\u0117ra atskiros pasirinkties. Prid\u0117kite mok\u0117jmus prie pardavimo va\u017etara\u0161\u010di\u0173 ir prie pirkim\u0173 va\u017etara\u0161\u010di\u0173. Jei naudojate tarpines s\u0105skaitas, tada tik pa\u017ei\u016br\u0117kite ar jos balansas yra nulinis.<\/p>\n","protected":false},"excerpt":{"rendered":"<p>ERPLY Books mok\u0117jim\u0173 valdymas? \u0160is apmokymas skirtas tiems \u017emon\u0117ms, kurie naudoja ERPLY Books su ERPLY POS ir Inventorius ir, kuriems reikia valdyti \u012fvairius mok\u0117jimo procesus nuo s\u0105skait\u0173-fakt\u016br\u0173 mok\u0117jim\u0173 iki klient\u0173 i\u0161ankstini\u0173 mok\u0117jim\u0173. &nbsp; Kai klientai\/pardav\u0117jai moka pavedimais Jei klientas\/pardav\u0117jas moka pavedimais, tada atlikite import\u0105 i\u0161 banko. Piln\u0105 apmokym\u0105 rasite naudotojo \u017einyno 4.6 skyriuje. I\u0161 esm\u0117s [&hellip;]<\/p>\n","protected":false},"author":3,"featured_media":0,"parent":5728,"menu_order":0,"comment_status":"closed","ping_status":"closed","template":"","meta":{"_et_pb_use_builder":"","_et_pb_old_content":"","_et_gb_content_width":"","footnotes":""},"categories":[],"tags":[],"class_list":["post-5779","page","type-page","status-publish","hentry"],"_links":{"self":[{"href":"https:\/\/www.erplybooks.com\/lt\/wp-json\/wp\/v2\/pages\/5779","targetHints":{"allow":["GET"]}}],"collection":[{"href":"https:\/\/www.erplybooks.com\/lt\/wp-json\/wp\/v2\/pages"}],"about":[{"href":"https:\/\/www.erplybooks.com\/lt\/wp-json\/wp\/v2\/types\/page"}],"author":[{"embeddable":true,"href":"https:\/\/www.erplybooks.com\/lt\/wp-json\/wp\/v2\/users\/3"}],"replies":[{"embeddable":true,"href":"https:\/\/www.erplybooks.com\/lt\/wp-json\/wp\/v2\/comments?post=5779"}],"version-history":[{"count":0,"href":"https:\/\/www.erplybooks.com\/lt\/wp-json\/wp\/v2\/pages\/5779\/revisions"}],"up":[{"embeddable":true,"href":"https:\/\/www.erplybooks.com\/lt\/wp-json\/wp\/v2\/pages\/5728"}],"wp:attachment":[{"href":"https:\/\/www.erplybooks.com\/lt\/wp-json\/wp\/v2\/media?parent=5779"}],"wp:term":[{"taxonomy":"category","embeddable":true,"href":"https:\/\/www.erplybooks.com\/lt\/wp-json\/wp\/v2\/categories?post=5779"},{"taxonomy":"post_tag","embeddable":true,"href":"https:\/\/www.erplybooks.com\/lt\/wp-json\/wp\/v2\/tags?post=5779"}],"curies":[{"name":"wp","href":"https:\/\/api.w.org\/{rel}","templated":true}]}}