{"id":5764,"date":"2017-11-08T05:59:28","date_gmt":"2017-11-08T05:59:28","guid":{"rendered":"http:\/\/www.erplybooks.com\/?page_id=5764\/"},"modified":"2018-03-22T13:49:54","modified_gmt":"2018-03-22T13:49:54","slug":"aba-failu-kurimas-su-erply-books","status":"publish","type":"page","link":"https:\/\/www.erplybooks.com\/lt\/vadovas\/aba-failu-kurimas-su-erply-books\/","title":{"rendered":"ABA fail\u0173 k\u016brimas su ERPLY Books"},"content":{"rendered":"<p>ABA fail\u0173 k\u016brimas su ERPLY Books? Nor\u0117dami sukurti ABA mok\u0117jimo fail\u0105, eikite \u012f \u201epirkimai ir i\u0161laidos\u201c &gt; \u201eatidaryti mok\u0117tinas sumas\u201c. Pasirinkite norimus mok\u0117jimus. Po to paspauskite \u201eeksportuoti mok\u0117jimus \u012f fail\u0105\u201c.<\/p>\n<p><img loading=\"lazy\" decoding=\"async\" class=\"alignnone wp-image-5765\" src=\"https:\/\/www.erplybooks.com\/wp-content\/uploads\/2017\/11\/Capture6-300x150.png\" alt=\"\" width=\"830\" height=\"415\" srcset=\"https:\/\/www.erplybooks.com\/wp-content\/uploads\/2017\/11\/Capture6-300x150.png 300w, https:\/\/www.erplybooks.com\/wp-content\/uploads\/2017\/11\/Capture6-768x385.png 768w, https:\/\/www.erplybooks.com\/wp-content\/uploads\/2017\/11\/Capture6.png 1294w\" sizes=\"auto, (max-width: 830px) 100vw, 830px\" \/><\/p>\n<p>Nor\u0117dami, kad eksportavimas b\u016bt\u0173 s\u0117kmingas, \u012fsitikinkite, kad sekantys reikalavimai yra i\u0161pildyti:<\/p>\n<ol>\n<li>J\u016bs\u0173 organizacijos \u0161alis nustatyta \u012f Australij\u0105<\/li>\n<li>\u012era\u0161ykite \u0161ias vertes \u012f j\u016bs\u0173 organizacijos banko suvestin\u0119 (vir\u0161utinis kairys kampas)<\/li>\n<\/ol>\n<ul>\n<li style=\"text-align: left;\">Banko vardas: banko kodas (3 raid\u0117s)<\/li>\n<li style=\"text-align: left;\">S\u0105skaitos numeris: fondo s\u0105skaitos numeris<\/li>\n<li style=\"text-align: left;\">Identifikatorius: BSB fondo s\u0105skaita<\/li>\n<\/ul>\n<ol start=\"3\">\n<li>\u012era\u0161ykite \u0161ias vertes \u012f j\u016bs\u0173 kontakt\u0173 banko suvestin\u0119 (\u012eplaukos &gt; Kontaktai ir banko detal\u0117s bus matomos, kai leisite tai).<\/li>\n<\/ol>\n<p><img loading=\"lazy\" decoding=\"async\" class=\"alignnone wp-image-5766\" src=\"https:\/\/www.erplybooks.com\/wp-content\/uploads\/2017\/11\/Capture7-300x198.png\" alt=\"\" width=\"726\" height=\"479\" srcset=\"https:\/\/www.erplybooks.com\/wp-content\/uploads\/2017\/11\/Capture7-300x198.png 300w, https:\/\/www.erplybooks.com\/wp-content\/uploads\/2017\/11\/Capture7.png 676w\" sizes=\"auto, (max-width: 726px) 100vw, 726px\" \/><\/p>\n<ul>\n<li>S\u0105skaitos numeris: s\u0105skaitos numeris arba tikslin\u0117 s\u0105skaita<\/li>\n<li>Identifikatorius: tikslin\u0117s s\u0105skaitos BSB<\/li>\n<\/ul>\n<p>4. Pasirinkite ABA i\u0161 galim\u0173 fail\u0173.<\/p>\n<p>5. Paspauskite \u201eeksportuoti mok\u0117jimus \u012f fail\u0105\u201c<\/p>\n<p>Jei viskas yra atlikta teisingai, ABA failai bus parsi\u0173sti.<\/p>\n","protected":false},"excerpt":{"rendered":"<p>ABA fail\u0173 k\u016brimas su ERPLY Books? Nor\u0117dami sukurti ABA mok\u0117jimo fail\u0105, eikite \u012f \u201epirkimai ir i\u0161laidos\u201c &gt; \u201eatidaryti mok\u0117tinas sumas\u201c. Pasirinkite norimus mok\u0117jimus. Po to paspauskite \u201eeksportuoti mok\u0117jimus \u012f fail\u0105\u201c. Nor\u0117dami, kad eksportavimas b\u016bt\u0173 s\u0117kmingas, \u012fsitikinkite, kad sekantys reikalavimai yra i\u0161pildyti: J\u016bs\u0173 organizacijos \u0161alis nustatyta \u012f Australij\u0105 \u012era\u0161ykite \u0161ias vertes \u012f j\u016bs\u0173 organizacijos banko suvestin\u0119 [&hellip;]<\/p>\n","protected":false},"author":3,"featured_media":0,"parent":5728,"menu_order":0,"comment_status":"closed","ping_status":"closed","template":"","meta":{"_et_pb_use_builder":"","_et_pb_old_content":"","_et_gb_content_width":"","footnotes":""},"categories":[],"tags":[],"class_list":["post-5764","page","type-page","status-publish","hentry"],"_links":{"self":[{"href":"https:\/\/www.erplybooks.com\/lt\/wp-json\/wp\/v2\/pages\/5764","targetHints":{"allow":["GET"]}}],"collection":[{"href":"https:\/\/www.erplybooks.com\/lt\/wp-json\/wp\/v2\/pages"}],"about":[{"href":"https:\/\/www.erplybooks.com\/lt\/wp-json\/wp\/v2\/types\/page"}],"author":[{"embeddable":true,"href":"https:\/\/www.erplybooks.com\/lt\/wp-json\/wp\/v2\/users\/3"}],"replies":[{"embeddable":true,"href":"https:\/\/www.erplybooks.com\/lt\/wp-json\/wp\/v2\/comments?post=5764"}],"version-history":[{"count":0,"href":"https:\/\/www.erplybooks.com\/lt\/wp-json\/wp\/v2\/pages\/5764\/revisions"}],"up":[{"embeddable":true,"href":"https:\/\/www.erplybooks.com\/lt\/wp-json\/wp\/v2\/pages\/5728"}],"wp:attachment":[{"href":"https:\/\/www.erplybooks.com\/lt\/wp-json\/wp\/v2\/media?parent=5764"}],"wp:term":[{"taxonomy":"category","embeddable":true,"href":"https:\/\/www.erplybooks.com\/lt\/wp-json\/wp\/v2\/categories?post=5764"},{"taxonomy":"post_tag","embeddable":true,"href":"https:\/\/www.erplybooks.com\/lt\/wp-json\/wp\/v2\/tags?post=5764"}],"curies":[{"name":"wp","href":"https:\/\/api.w.org\/{rel}","templated":true}]}}