{"id":5756,"date":"2017-11-08T05:38:52","date_gmt":"2017-11-08T05:38:52","guid":{"rendered":"http:\/\/www.erplybooks.com\/?page_id=5756\/"},"modified":"2018-03-22T13:54:38","modified_gmt":"2018-03-22T13:54:38","slug":"biudzeto-kurimas-ir-tikrinimas-erply-books","status":"publish","type":"page","link":"https:\/\/www.erplybooks.com\/lt\/vadovas\/biudzeto-kurimas-ir-tikrinimas-erply-books\/","title":{"rendered":"Biud\u017eeto k\u016brimas ir tikrinimas ERPLY Books"},"content":{"rendered":"<p>Biud\u017eeto k\u016brimas ERPLY Books \u012ftraukia:<\/p>\n<ul>\n<li>Tikimosi apskait\u0173 rezultato \u012fra\u0161ymas<\/li>\n<li>Tikimosi apskait\u0173 rezultato lyginimas<\/li>\n<\/ul>\n<h2>Biud\u017eeto k\u016brimas<\/h2>\n<p>Biud\u017eeto k\u016brimo procesas atrodo \u0161tai taip:<\/p>\n<p><img loading=\"lazy\" decoding=\"async\" class=\"alignnone wp-image-5758\" src=\"https:\/\/www.erplybooks.com\/wp-content\/uploads\/2017\/11\/Capture4-300x189.png\" alt=\"\" width=\"514\" height=\"324\" srcset=\"https:\/\/www.erplybooks.com\/wp-content\/uploads\/2017\/11\/Capture4-300x189.png 300w, https:\/\/www.erplybooks.com\/wp-content\/uploads\/2017\/11\/Capture4.png 338w\" sizes=\"auto, (max-width: 514px) 100vw, 514px\" \/><\/p>\n<p>Kaip matote, galite pasirinkti datos ribas (pageidautina m\u0117nesio prad\u017ei\u0105 ir pabaig\u0105), ir projekt\u0105 (neprivalomas).<\/p>\n<p>Per\u017ei\u016br\u0117kime pavyzd\u012f, jei norite prid\u0117ti piln\u0173 met\u0173 peln\u0105 ir nuostolius biud\u017eeto lyginime.<\/p>\n<ul>\n<li>Pirmiausia, turite \u012fra\u0161yti vis\u0173 m\u0117nesi\u0173 balansus.<\/li>\n<li>Kol \u012fra\u0161in\u0117jate balansus, prisiminkite sekan\u010dias s\u0105lygas:\n<ul>\n<li>Periodas turi prasid\u0117ti sausio m\u0117nesiu.<\/li>\n<li>Visi balansai turi b\u016bti augantys. Pajamos ir i\u0161laidos vasar\u012f turi \u012ftraukti sausio balans\u0105, ne tik pardavimus, padarytus vasar\u012f. Pavyzd\u017eiui: jei saus\u012f tik\u0117tasi pardavim\u0173 u\u017e 10 000, ir vasar\u012f 8 000, tada tik\u0117tinas balansas vasar\u012f bus 18 000.<\/li>\n<\/ul>\n<\/li>\n<li>\u00a0Jei norite tik palyginti s\u0105naudas ir i\u0161laidas, galite palikti balanso ataskaitas tu\u0161\u010dias.<\/li>\n<\/ul>\n<h2>Biud\u017eeto lyginimas su realybe<\/h2>\n<p>Norint pa\u017ei\u016br\u0117ti biud\u017eeto ir realyb\u0117s palyginim\u0105, naudokite paie\u0161kos lauk\u0105 pagrindiniame puslapyje ir ie\u0161kokite \u201ePalyginti biud\u017eet\u0105 su ataskait\u0173 balansais\u201c.<\/p>\n<p>Tada, programa papra\u0161ys nurodyti laiko ribas ir projekt\u0105. Pavyzd\u017eiui, jei norite palyginti vasario balansus, datoje pa\u017eym\u0117kite vasario pabaig\u0105. Rezultatai atrodys taip:<\/p>\n<p><img loading=\"lazy\" decoding=\"async\" class=\"alignnone wp-image-5760\" src=\"https:\/\/www.erplybooks.com\/wp-content\/uploads\/2017\/11\/Capture5-300x137.png\" alt=\"\" width=\"828\" height=\"378\" srcset=\"https:\/\/www.erplybooks.com\/wp-content\/uploads\/2017\/11\/Capture5-300x137.png 300w, https:\/\/www.erplybooks.com\/wp-content\/uploads\/2017\/11\/Capture5-768x352.png 768w, https:\/\/www.erplybooks.com\/wp-content\/uploads\/2017\/11\/Capture5.png 851w\" sizes=\"auto, (max-width: 828px) 100vw, 828px\" \/><\/p>\n<p>Kaip matome, mes tik\u0117jom\u0117s, kad pajamos vasar\u012f bus 20 000. Realyb\u0117je, mes surinkome 19 143,47, tai yra 856,53 ma\u017eiau negu planuota, o tai rei\u0161kia, kad mes pasiek\u0117me 95,72 % m\u016bs\u0173 nusistatyto tikslo. Kadangi mes nepasiek\u0117me pajam\u0173 tikslo, tai yra \u012fra\u0161oma raudonai.<\/p>\n<p>I\u0161laid\u0173 pus\u0117, kaip matome, produkt\u0173 i\u0161laidos taip pat yra deficitin\u0117s. Bet tai geras dalykas \u2013 i\u0161laidos buvo suma\u017eintos, d\u0117l to rezultatas yra \u012fra\u0161omas \u017ealiai.<\/p>\n<p>Pabaigai, biud\u017eeto lyginimas rodo deficito\/pertekliaus apibendrinim\u0105 ir procentin\u012f tikslo i\u0161pildym\u0105.<\/p>\n","protected":false},"excerpt":{"rendered":"<p>Biud\u017eeto k\u016brimas ERPLY Books \u012ftraukia: Tikimosi apskait\u0173 rezultato \u012fra\u0161ymas Tikimosi apskait\u0173 rezultato lyginimas Biud\u017eeto k\u016brimas Biud\u017eeto k\u016brimo procesas atrodo \u0161tai taip: Kaip matote, galite pasirinkti datos ribas (pageidautina m\u0117nesio prad\u017ei\u0105 ir pabaig\u0105), ir projekt\u0105 (neprivalomas). Per\u017ei\u016br\u0117kime pavyzd\u012f, jei norite prid\u0117ti piln\u0173 met\u0173 peln\u0105 ir nuostolius biud\u017eeto lyginime. Pirmiausia, turite \u012fra\u0161yti vis\u0173 m\u0117nesi\u0173 balansus. Kol \u012fra\u0161in\u0117jate [&hellip;]<\/p>\n","protected":false},"author":3,"featured_media":0,"parent":5728,"menu_order":0,"comment_status":"closed","ping_status":"closed","template":"","meta":{"_et_pb_use_builder":"","_et_pb_old_content":"","_et_gb_content_width":"","footnotes":""},"categories":[],"tags":[],"class_list":["post-5756","page","type-page","status-publish","hentry"],"_links":{"self":[{"href":"https:\/\/www.erplybooks.com\/lt\/wp-json\/wp\/v2\/pages\/5756","targetHints":{"allow":["GET"]}}],"collection":[{"href":"https:\/\/www.erplybooks.com\/lt\/wp-json\/wp\/v2\/pages"}],"about":[{"href":"https:\/\/www.erplybooks.com\/lt\/wp-json\/wp\/v2\/types\/page"}],"author":[{"embeddable":true,"href":"https:\/\/www.erplybooks.com\/lt\/wp-json\/wp\/v2\/users\/3"}],"replies":[{"embeddable":true,"href":"https:\/\/www.erplybooks.com\/lt\/wp-json\/wp\/v2\/comments?post=5756"}],"version-history":[{"count":0,"href":"https:\/\/www.erplybooks.com\/lt\/wp-json\/wp\/v2\/pages\/5756\/revisions"}],"up":[{"embeddable":true,"href":"https:\/\/www.erplybooks.com\/lt\/wp-json\/wp\/v2\/pages\/5728"}],"wp:attachment":[{"href":"https:\/\/www.erplybooks.com\/lt\/wp-json\/wp\/v2\/media?parent=5756"}],"wp:term":[{"taxonomy":"category","embeddable":true,"href":"https:\/\/www.erplybooks.com\/lt\/wp-json\/wp\/v2\/categories?post=5756"},{"taxonomy":"post_tag","embeddable":true,"href":"https:\/\/www.erplybooks.com\/lt\/wp-json\/wp\/v2\/tags?post=5756"}],"curies":[{"name":"wp","href":"https:\/\/api.w.org\/{rel}","templated":true}]}}