{"id":5753,"date":"2017-11-08T05:17:31","date_gmt":"2017-11-08T05:17:31","guid":{"rendered":"http:\/\/www.erplybooks.com\/?page_id=5753\/"},"modified":"2018-03-22T14:53:14","modified_gmt":"2018-03-22T14:53:14","slug":"prekiu-ir-paslaugu-mokesciu-tvarkymas-su-erply-books","status":"publish","type":"page","link":"https:\/\/www.erplybooks.com\/lt\/vadovas\/prekiu-ir-paslaugu-mokesciu-tvarkymas-su-erply-books\/","title":{"rendered":"Preki\u0173 ir paslaug\u0173 mokes\u010di\u0173 tvarkymas su ERPLY Books"},"content":{"rendered":"<p>Sekan\u010diame vaizdo \u012fra\u0161e parodyta, kaip tvarkyti preki\u0173 ir paslag\u0173 mokes\u010dius su ERPLY Books.<\/p>\n<p><iframe loading=\"lazy\" title=\"Australian Goods and Services Tax in ERPLY Books\" width=\"1080\" height=\"608\" src=\"https:\/\/www.youtube.com\/embed\/8zO42EVBY_g?feature=oembed\"  allow=\"accelerometer; autoplay; clipboard-write; encrypted-media; gyroscope; picture-in-picture\" allowfullscreen><\/iframe><\/p>\n","protected":false},"excerpt":{"rendered":"<p>Sekan\u010diame vaizdo \u012fra\u0161e parodyta, kaip tvarkyti preki\u0173 ir paslag\u0173 mokes\u010dius su ERPLY Books.<\/p>\n","protected":false},"author":3,"featured_media":0,"parent":5728,"menu_order":0,"comment_status":"closed","ping_status":"closed","template":"","meta":{"_et_pb_use_builder":"","_et_pb_old_content":"","_et_gb_content_width":"","footnotes":""},"categories":[],"tags":[],"class_list":["post-5753","page","type-page","status-publish","hentry"],"_links":{"self":[{"href":"https:\/\/www.erplybooks.com\/lt\/wp-json\/wp\/v2\/pages\/5753","targetHints":{"allow":["GET"]}}],"collection":[{"href":"https:\/\/www.erplybooks.com\/lt\/wp-json\/wp\/v2\/pages"}],"about":[{"href":"https:\/\/www.erplybooks.com\/lt\/wp-json\/wp\/v2\/types\/page"}],"author":[{"embeddable":true,"href":"https:\/\/www.erplybooks.com\/lt\/wp-json\/wp\/v2\/users\/3"}],"replies":[{"embeddable":true,"href":"https:\/\/www.erplybooks.com\/lt\/wp-json\/wp\/v2\/comments?post=5753"}],"version-history":[{"count":0,"href":"https:\/\/www.erplybooks.com\/lt\/wp-json\/wp\/v2\/pages\/5753\/revisions"}],"up":[{"embeddable":true,"href":"https:\/\/www.erplybooks.com\/lt\/wp-json\/wp\/v2\/pages\/5728"}],"wp:attachment":[{"href":"https:\/\/www.erplybooks.com\/lt\/wp-json\/wp\/v2\/media?parent=5753"}],"wp:term":[{"taxonomy":"category","embeddable":true,"href":"https:\/\/www.erplybooks.com\/lt\/wp-json\/wp\/v2\/categories?post=5753"},{"taxonomy":"post_tag","embeddable":true,"href":"https:\/\/www.erplybooks.com\/lt\/wp-json\/wp\/v2\/tags?post=5753"}],"curies":[{"name":"wp","href":"https:\/\/api.w.org\/{rel}","templated":true}]}}