{"id":5738,"date":"2017-11-07T08:06:09","date_gmt":"2017-11-07T08:06:09","guid":{"rendered":"http:\/\/www.erplybooks.com\/?page_id=5738\/"},"modified":"2018-03-22T13:59:38","modified_gmt":"2018-03-22T13:59:38","slug":"elektroniniu-laisku-stebejimas-erply-books","status":"publish","type":"page","link":"https:\/\/www.erplybooks.com\/lt\/vadovas\/elektroniniu-laisku-stebejimas-erply-books\/","title":{"rendered":"Elektronini\u0173 lai\u0161k\u0173 steb\u0117jimas ERPLY Books"},"content":{"rendered":"<p>ERPLY Books suteikia jums galimyb\u0119 patikrinti ar i\u0161si\u0173sti elektroniniai lai\u0161kai buvo atverti ar \u201e\u0161ok\u010dioja\u201c, taip pat jie \u017einomi kaip gr\u012f\u017etantys lai\u0161kai, kas gali sukelti problem\u0173 jums, kaip siunt\u0117jams vykdant apskaitas. Gali b\u016bti keletas prie\u017eas\u010di\u0173 \u201e\u0161ok\u010diojimui\u201c. Pavyzd\u017eiui, kai naudotojas yra \u012ftraukiamas \u012f juodaj\u012f s\u0105ra\u0161\u0105, gav\u0117j\u0173 s\u0105ra\u0161\u0105 ir t.t. \u017dinios apie atvertus ir gr\u012f\u017eusius elektroninius lai\u0161kus gali suteikti svarbios informacijos siunt\u0117jui, kaip toliau t\u0119sti apskait\u0105.<\/p>\n<p>ERPLY Books sistemoje atidarom\u0173 lai\u0161k\u0173 statusas gali b\u016bti pamatytas:<\/p>\n<p>Pirmiausia, turite eiti \u012f valdymo laukel\u012f esant\u012f ERPLY Books. Po to, para\u0161ykite \u201eAtaskait\u0173 generatorius\u201c paie\u0161kos laukelyje. \u0160iame lange gal\u0117site rasti jums reikaling\u0105 informacij\u0105 i\u0161 duomen\u0173 baz\u0117s arba sukurti ataskait\u0105 tokia forma, kokios jums reikia. Taip pat, turite susikurti atitinkam\u0105 ataskait\u0105 naudodami ataskait\u0173 generatori\u0173 lai\u0161kams patikrinti.<\/p>\n<p>U\u017eklausos suk\u016brimui, naudotojas turi u\u017epildyti bent du stulpelius \u2013 lenteles ir produktyvum\u0105.<\/p>\n<p>Lentel\u0117s \u2013 atskiria duomen\u0173 bazes, kurioms yra pateikta u\u017eklausa. Jei norite matyti informacij\u0105 apie s\u0105skaitas-fakt\u016bras, kontaktus ir elektroninius lai\u0161kus, tada turite prid\u0117ti atitinkam\u0105 parametr\u0105 skiltyje Lentel\u0117s.<\/p>\n<p>Produktyvumas \u2013 lentel\u0117s, kurioms duota u\u017eklausa per ataskait\u0173 generatori\u0173 turi didel\u012f kiek\u012f duomen\u0173 ir da\u017eniausiai ne visi i\u0161 j\u0173 yra reikalingi parodymui. Tik duomenys, kurie yra pasirinkti produkcijos stulpelyje yra rodomi. Pavyzd\u017eiui, kai yra rodomi elektroniniai lai\u0161kai, jums gali b\u016bti ne\u012fdomus siuntimo laikas, bet svarbus siunt\u0117jo vardas ir s\u0105skaitos-fakt\u016bros numeris.<\/p>\n<p>VERTA PRISIMINTI! Kei\u010diant produkcijos stulpel\u012f pati paie\u0161ka nepasikeis. Nepaisant ver\u010di\u0173 produkcijos skiltyje, visada atsiras tie patys rezultatai. Rezultat\u0173 vert\u0117 apibr\u0117\u017eia kiek informacijos yra parodoma naudotojui kiekvienoje paie\u0161koje.<\/p>\n<p>U\u017eklaus\u0173 koregavimas<\/p>\n<p>Nor\u0117dami prid\u0117ti nauj\u0105 paie\u0161kos parametr\u0105, paspauskite \u201ePrid\u0117ti\u201c. Tai sukurs nauj\u0105 eilut\u0119, kuri tur\u0117s \u0161iuos laukelius: Parametras \u2013 pasirinkti parametr\u0105, kur\u012f norime patikrinti. Produkcijos laukelyje mes norime tik dokument\u0173, kuri\u0173 statusas yra \u201elai\u0161kai\u201c. Veiksmas \u2013 pasirenkame veiksm\u0105 su parametru. \u0160ioje situacijoje, \u012fvedame \u201enelygus\u201c. Vert\u0117 \u2013 pasirenkame vert\u0119, kurios parametrus norime lyginti, kuri \u0161iuo atveju yra \u201eneatverti\u201c arba \u201eatverti\u201c. \u201eNeatverti\u201c \u2013 \u0161i komanda ataskaitos generatoriuje parodys visus lai\u0161kus, kurie nebuvo atverti.<\/p>\n<p>Jei norime i\u0161analizuoti neatidarytus lai\u0161kus tam tikrame periode, turime prid\u0117ti papildom\u0105 liepim\u0105 ataskait\u0173 generatoriuje. \u012esivaizduokime, kad norime pamatyti neperskaitytus lai\u0161kus, kuriuose b\u016bt\u0173 s\u0105skait\u0173-fakt\u016br\u0173 data, v\u0117lesn\u0117 u\u017e 2016.01.01. \u0160iam veiksmui pridedame nauj\u0105 parametr\u0105 ir nustatome vert\u0119 \u201eS\u0105skaitos-fakt\u016bros. Data\u201c. \u012era\u0161ymo laukelyje nustatome \u201ev\u0117lesn\u0117 nei\u201c. Vert\u0117s laukelyje mums automati\u0161kai bus pasi\u016blyta data, kuri pagal m\u016bs\u0173 nor\u0105 yra 2016.01.01.<\/p>\n<p>\u0160i komanda parodo visus elektroninius lai\u0161kus, kurie nepasiek\u0117 savo gav\u0117jo pa\u0161to d\u0117\u017eut\u0117s, nebuvo atverti ir s\u0105skaitas-fakt\u016bras, sukurtas v\u0117liau nei 2016.01.01.<\/p>\n<p>Elektronini\u0173 lai\u0161k\u0173 statusai ir j\u0173 paai\u0161kinimai:<\/p>\n<p>Patvirtintas \u2013 gav\u0117jas gavo lai\u0161k\u0105 \u2013 lai\u0161kas pasiek\u0117 gav\u0117jo pa\u0161to d\u0117\u017eut\u0119.<\/p>\n<p>Patvirtintas ir atvertas \u2013 lai\u0161kas pasiek\u0117 gav\u0117j\u0105 ir buvo atvertas.<\/p>\n<p>Laukiama \u2013 lai\u0161kas dar nepasiek\u0117 tikslo, bet n\u0117ra nes\u0117kmingas.<\/p>\n<p>Nes\u0117kmingas \u2013 lai\u0161ko pristatymas buvo nes\u0117kmingas, bet vis dar bandoma j\u012f i\u0161si\u0173sti.<\/p>\n<p>Nepavyko \u2013 lai\u0161ko pristatymas nepavyko kai nebuvo galima jo i\u0161si\u0173sti ir nebebandoma jo si\u0173sti pakartotinai.<\/p>\n","protected":false},"excerpt":{"rendered":"<p>ERPLY Books suteikia jums galimyb\u0119 patikrinti ar i\u0161si\u0173sti elektroniniai lai\u0161kai buvo atverti ar \u201e\u0161ok\u010dioja\u201c, taip pat jie \u017einomi kaip gr\u012f\u017etantys lai\u0161kai, kas gali sukelti problem\u0173 jums, kaip siunt\u0117jams vykdant apskaitas. Gali b\u016bti keletas prie\u017eas\u010di\u0173 \u201e\u0161ok\u010diojimui\u201c. Pavyzd\u017eiui, kai naudotojas yra \u012ftraukiamas \u012f juodaj\u012f s\u0105ra\u0161\u0105, gav\u0117j\u0173 s\u0105ra\u0161\u0105 ir t.t. \u017dinios apie atvertus ir gr\u012f\u017eusius elektroninius lai\u0161kus gali [&hellip;]<\/p>\n","protected":false},"author":3,"featured_media":0,"parent":5728,"menu_order":0,"comment_status":"closed","ping_status":"closed","template":"","meta":{"_et_pb_use_builder":"","_et_pb_old_content":"","_et_gb_content_width":"","footnotes":""},"categories":[],"tags":[],"class_list":["post-5738","page","type-page","status-publish","hentry"],"_links":{"self":[{"href":"https:\/\/www.erplybooks.com\/lt\/wp-json\/wp\/v2\/pages\/5738","targetHints":{"allow":["GET"]}}],"collection":[{"href":"https:\/\/www.erplybooks.com\/lt\/wp-json\/wp\/v2\/pages"}],"about":[{"href":"https:\/\/www.erplybooks.com\/lt\/wp-json\/wp\/v2\/types\/page"}],"author":[{"embeddable":true,"href":"https:\/\/www.erplybooks.com\/lt\/wp-json\/wp\/v2\/users\/3"}],"replies":[{"embeddable":true,"href":"https:\/\/www.erplybooks.com\/lt\/wp-json\/wp\/v2\/comments?post=5738"}],"version-history":[{"count":0,"href":"https:\/\/www.erplybooks.com\/lt\/wp-json\/wp\/v2\/pages\/5738\/revisions"}],"up":[{"embeddable":true,"href":"https:\/\/www.erplybooks.com\/lt\/wp-json\/wp\/v2\/pages\/5728"}],"wp:attachment":[{"href":"https:\/\/www.erplybooks.com\/lt\/wp-json\/wp\/v2\/media?parent=5738"}],"wp:term":[{"taxonomy":"category","embeddable":true,"href":"https:\/\/www.erplybooks.com\/lt\/wp-json\/wp\/v2\/categories?post=5738"},{"taxonomy":"post_tag","embeddable":true,"href":"https:\/\/www.erplybooks.com\/lt\/wp-json\/wp\/v2\/tags?post=5738"}],"curies":[{"name":"wp","href":"https:\/\/api.w.org\/{rel}","templated":true}]}}