{"id":37180,"date":"2026-03-30T10:54:40","date_gmt":"2026-03-30T10:54:40","guid":{"rendered":"https:\/\/www.erplybooks.com\/?page_id=37180"},"modified":"2026-03-30T10:55:24","modified_gmt":"2026-03-30T10:55:24","slug":"faktoringo-naudojimas","status":"publish","type":"page","link":"https:\/\/www.erplybooks.com\/lt\/vadovas\/faktoringo-naudojimas\/","title":{"rendered":"Faktoringo naudojimas ERPLY Books klientams"},"content":{"rendered":"<h1>Faktoringo naudojimas ERPLY Books klientams<\/h1>\n<p>&nbsp;<\/p>\n<p>\u0160iuo metu ERPLY Books palaiko faktoring\u0105 su Nordea, Danske ir Swedbank.<\/p>\n<p><iframe loading=\"lazy\" title=\"Factoring in ERPLY Books (Lithuanian)\" width=\"1080\" height=\"608\" src=\"https:\/\/www.youtube.com\/embed\/K4RBH9bTynw?feature=oembed\"  allow=\"accelerometer; autoplay; clipboard-write; encrypted-media; gyroscope; picture-in-picture; web-share\" referrerpolicy=\"strict-origin-when-cross-origin\" allowfullscreen><\/iframe><\/p>\n<h2>Faktoringo sprendimas<\/h2>\n<p><strong>Faktoringo sprendimas \u012ftraukia sekan\u010dius d\u0117menis:<\/strong><\/p>\n<ul>\n<li>Klient\u0173, kuriems naudojamas faktoringas, valdymas<\/li>\n<li>S\u0105skait\u0173, kurias norima faktorizuoti<\/li>\n<li>Faktorizuot\u0173 s\u0105skait\u0173 bazinis apmok\u0117jimas<\/li>\n<li>Faktorizuot\u0173 s\u0105skait\u0173 liku\u010dio i\u0161mok\u0117jimas<\/li>\n<li>Faktorizuot\u0173 s\u0105skait\u0173 valdymas<\/li>\n<\/ul>\n<p><strong>Dabartin\u0117s konkre\u010dios i\u0161eitys:<\/strong><\/p>\n<ul>\n<li>Swedbank banko i\u0161ra\u0161\u0173 faktorizavimas<\/li>\n<li>Nordea (EE) ind\u0117lio duomenys<\/li>\n<li>Nordea (FI) ind\u0117lio duomenys<\/li>\n<li>Danske ind\u0117lio duomenys<\/li>\n<\/ul>\n<h2>S\u0105skait\u0173 faktoringavimas<\/h2>\n<p>Kiekvienam faktorizuojamam sandoriui yra pravartu naudoti skirtingas faktoringo s\u0105skaitas. Pasirenkate \u0161i\u0105 s\u0105skait\u0105 kai pa\u017eymite s\u0105skaitas kaip apmok\u0117tas ir kai \u0161i s\u0105skaita kaupiasi banke. \u0160iuo atveju, jos vert\u0117 did\u0117ja (turite gaunam\u0105 s\u0105skait\u0105 banke) kai pa\u017eymite s\u0105skaitas kaip apmok\u0117tas. Ji suma\u017e\u0117ja, kai bankas perveda pinigus.<\/p>\n<p><strong>Kurie klientai yra faktorizuoti?<\/strong><\/p>\n<p>Jei esate ir ERPLY POS &amp; Inventorius klientas ir nustatymuose pasirinkote, kad naudojate faktoringavim\u0105, mes automati\u0161kai sinchronizuosime atitinkamus ERPLY Books klientus. \u0160iam veiksmui j\u016bs turite prid\u0117ti s\u0105lyg\u0105 ERPLY nustatymuose Po\u017eymis_Apmokamas_Per_Faktoring\u0105.<\/p>\n<p>Jei norite pakeisti \u0161ias s\u0105lygas, galite tai padaryti tiesiogiai per ERPLY Books. Valdyme ie\u0161kokite \u201ekliento po\u017eymiai\u201c. \u0160ia galite prid\u0117ti\/i\u0161trinti norimus klientus. Faktoringo naudojimo s\u0105lygos yra Po\u017eymis_ Apmokamas_Per_Faktoring\u0105.<\/p>\n<h2>Faktoringo eiga<\/h2>\n<p>Nor\u0117dami faktorizuoti s\u0105skaitas galite rinktis du b\u016bdus.<\/p>\n<ol>\n<li>Eikite \u012f \u201e\u012fplaukos\u201c, \u201eatverti gaunamas\u201c ir pasirinkite s\u0105skaitas, kurias norite faktorizuoti. Nustatytas \u012fra\u0161as \u012ftrauks visas gaunamas, nepaisant ar klientas bus faktorizuotas ar ne.<\/li>\n<li>Nor\u0117dami tik pamatyti faktorizuojam\u0173 klient\u0173 s\u0105skaitas (ir tik tas s\u0105skaitas, kurios dar nebuvo faktorizuotos), eikite \u012f valdym\u0105 ir paspauskite \u201efaktoringavimas\u201c mygtuk\u0105. Mygtukas turi b\u016bti prid\u0117tas ERPLY Books pagalbos \u2013 atitinkama u\u017eklausa turi b\u016bti \u012fteikta <a href=\"mailto:support@erplybooks.com\">support@erplybooks.com<\/a>. Ten visos faktorizuojamos s\u0105skaitos bus atidarytos.<\/li>\n<\/ol>\n<p><strong>Atlikite sekan\u010dius veiksmus:<\/strong><\/p>\n<ol>\n<li>Pasirinkite s\u0105skaitas, kurias norite faktorizuoti<\/li>\n<li>Paspauskite \u201edaugiau\u201c &gt; \u201efaktoringas\u201c<\/li>\n<li>ERPLY Books aparsi\u0173s fail\u0105, kur\u012f gal\u0117site \u012fkelti \u012f savo bank\u0105<\/li>\n<li>Pirmiausia eikite \u012f bank\u0105 ir \u012fkelkite fail\u0105 ten, po to gal\u0117sime b\u016bti tikri ir sakyti, kad s\u0105skaitos yra i\u0161si\u0173stos faktoringui.<\/li>\n<li>Po failo parsiuntimo ERPLY Books atsivers langas, kuriame gal\u0117site patvirtinti reikalingas faktorizuojamas s\u0105skaitas.\n<ol>\n<li>Pirmiausia patvirtinkite \u2013 tai patvirtins s\u0105skaitasir jos daugiau nebus rodomos faktoringe (kad pa\u0161alintum\u0117te tikimyb\u0119 i\u0161si\u0173sti jas dar kart\u0105 \u012f bank\u0105)<\/li>\n<li>Po to galite pa\u017eym\u0117ti visas s\u0105skaitas kaip apmok\u0117tas arba galite pasirinkti \u017eym\u0117ti procentais j\u0173 apmok\u0117jim\u0105. Po pra\u0161ymo pa\u017eym\u0117ti kaip apmok\u0117tas, ERPLY Books paruo\u0161 pasirinktus s\u0105skait\u0173 procentus ir gal\u0117site juos patvirtinti bei i\u0161saugoti. Verta prisiminti: \u012fsitikinkite, kad importe i\u0161 banko pasirinkotemok\u0117jimo s\u0105skaitas kaip faktoringo s\u0105skaitas!<\/li>\n<\/ol>\n<\/li>\n<\/ol>\n<p><strong>Kaip prid\u0117ti mok\u0117jimus rankiniu b\u016bdu?<\/strong><\/p>\n<p>\u0160iam veiksmui tur\u0117site eiti \u012f \u201catverti gautinas sumas\u201d &gt; pasirinkite s\u0105skait\u0105-fakt\u016br\u0105, kuri\u0105 norite apmok\u0117ti ir apa\u010dioje de\u0161in\u0117je pasirinkite \u201cprid\u0117ti mok\u0117jim\u0105\u201d, po to u\u017epildykite stulpelius. S\u0105skaitoms turite pasirinkti faktoringo kaupimo s\u0105skait\u0105.<\/p>\n<p><strong>K\u0105 daryti, jei mano bankas nepalaiko faktoringo?<\/strong><\/p>\n<p>Jei j\u016bs\u0173 bankas nepalaiko faktoringo, vistiek galite j\u012f naudoti ERPLY Books. Ta\u010diau, tur\u0117site rankiniu b\u016bdu si\u0173sti s\u0105skaitas, kurias reikia faktorizuoti, \u012f bank\u0105.<\/p>\n<p>Nepaisant to, rekomenduojame paklausti kainos pasi\u016blymo, kur\u012f b\u016bt\u0173 galima pasi\u016blyti j\u016bs\u0173 bankui. Galite si\u0173sti u\u017eklaus\u0105 <a href=\"mailto:info@erplybooks.com\">info@erplybooks.com<\/a>.<\/p>\n<p><strong>Ar faktoringo s\u0105skaitos privalo tur\u0117ti balans\u0105?<\/strong><\/p>\n<p>Faktoringos\u0105skaitos turi balans\u0105 kai bankas nesilaiko \u012fsipareigojim\u0173 jums. Bet jei n\u0117ra jokios gaunamos s\u0105skaitos ir balansas yra kitoks nei 0 kaupimo s\u0105skaitoje, galima ie\u0161koti klaid\u0173 did\u017eiojoje buhalterijos knygoje. Logi\u0161kai m\u0105stant, ten kur balansas yra 0 ir kur balansas neb\u0117ra 0, turi b\u016bti klaida.<\/p>\n","protected":false},"excerpt":{"rendered":"<p>Faktoringo naudojimas ERPLY Books klientams &nbsp; \u0160iuo metu ERPLY Books palaiko faktoring\u0105 su Nordea, Danske ir Swedbank. Faktoringo sprendimas Faktoringo sprendimas \u012ftraukia sekan\u010dius d\u0117menis: Klient\u0173, kuriems naudojamas faktoringas, valdymas S\u0105skait\u0173, kurias norima faktorizuoti Faktorizuot\u0173 s\u0105skait\u0173 bazinis apmok\u0117jimas Faktorizuot\u0173 s\u0105skait\u0173 liku\u010dio i\u0161mok\u0117jimas Faktorizuot\u0173 s\u0105skait\u0173 valdymas Dabartin\u0117s konkre\u010dios i\u0161eitys: Swedbank banko i\u0161ra\u0161\u0173 faktorizavimas Nordea (EE) ind\u0117lio duomenys [&hellip;]<\/p>\n","protected":false},"author":28,"featured_media":0,"parent":5728,"menu_order":31,"comment_status":"closed","ping_status":"closed","template":"","meta":{"_et_pb_use_builder":"","_et_pb_old_content":"","_et_gb_content_width":"","footnotes":""},"categories":[],"tags":[],"class_list":["post-37180","page","type-page","status-publish","hentry"],"_links":{"self":[{"href":"https:\/\/www.erplybooks.com\/lt\/wp-json\/wp\/v2\/pages\/37180","targetHints":{"allow":["GET"]}}],"collection":[{"href":"https:\/\/www.erplybooks.com\/lt\/wp-json\/wp\/v2\/pages"}],"about":[{"href":"https:\/\/www.erplybooks.com\/lt\/wp-json\/wp\/v2\/types\/page"}],"author":[{"embeddable":true,"href":"https:\/\/www.erplybooks.com\/lt\/wp-json\/wp\/v2\/users\/28"}],"replies":[{"embeddable":true,"href":"https:\/\/www.erplybooks.com\/lt\/wp-json\/wp\/v2\/comments?post=37180"}],"version-history":[{"count":0,"href":"https:\/\/www.erplybooks.com\/lt\/wp-json\/wp\/v2\/pages\/37180\/revisions"}],"up":[{"embeddable":true,"href":"https:\/\/www.erplybooks.com\/lt\/wp-json\/wp\/v2\/pages\/5728"}],"wp:attachment":[{"href":"https:\/\/www.erplybooks.com\/lt\/wp-json\/wp\/v2\/media?parent=37180"}],"wp:term":[{"taxonomy":"category","embeddable":true,"href":"https:\/\/www.erplybooks.com\/lt\/wp-json\/wp\/v2\/categories?post=37180"},{"taxonomy":"post_tag","embeddable":true,"href":"https:\/\/www.erplybooks.com\/lt\/wp-json\/wp\/v2\/tags?post=37180"}],"curies":[{"name":"wp","href":"https:\/\/api.w.org\/{rel}","templated":true}]}}