{"id":32516,"date":"2023-08-02T09:11:41","date_gmt":"2023-08-02T09:11:41","guid":{"rendered":"https:\/\/www.erplybooks.com\/?page_id=32516"},"modified":"2023-08-02T09:21:32","modified_gmt":"2023-08-02T09:21:32","slug":"32516-2","status":"publish","type":"page","link":"https:\/\/www.erplybooks.com\/lt\/32516-2\/","title":{"rendered":"Pasirinkite geriausi\u0105 sprendim\u0105 elektronin\u0117s parduotuv\u0117s u\u017esakymams tvarkyti"},"content":{"rendered":"<p><span style=\"font-weight: 400;\">ERPLY Books turi kelet\u0105 elektronin\u0117s parduotuv\u0117s integravimo galimybi\u0173. Turime savo mini elektronin\u0119 parduotuv\u0119 ir sukurtos integracijos su WooCommerce ir Shopify.<\/span><\/p>\n<p><span style=\"font-weight: 400;\">Integracijos d\u0117ka elektronin\u0117je parduotuv\u0117je atliktus u\u017esakymus galite lengvai si\u0173sti \u012f ERPLY Books ir tvarkyti mok\u0117jimus, atsiskaitymus kreditin\u0117mis kortel\u0117mis bei i\u0161 ten pateikt\u0173 u\u017esakym\u0173 sudaryti pardavimo s\u0105skaitas. Vienoje vietoje galite valdyti u\u017esakymo proces\u0105 ir atlikti vis\u0105 likusi\u0105 apskait\u0105.<\/span><\/p>\n<p><span style=\"font-weight: 400;\">Visos integracijos gali b\u016bti derinamos su m\u016bs\u0173 funkcijomis:<\/span><\/p>\n<ul>\n<li style=\"font-weight: 400;\" aria-level=\"1\"><span style=\"font-weight: 400;\">u\u017esakymo procesas (atidaryti \u201eNustatymai\u201c ir suaktyvinti \u201eNaudoti i\u0161ankstinius mok\u0117jimus u\u017esakymams?\u201c)<\/span><\/li>\n<li style=\"font-weight: 400;\" aria-level=\"1\"><span style=\"font-weight: 400;\">Paylike integracija<\/span><\/li>\n<li style=\"font-weight: 400;\" aria-level=\"1\"><span style=\"font-weight: 400;\">Swedbank, Accountscoring (pan-Balticum), Nordea (FI), Danske (FI), OP (FI) integracijos<\/span><\/li>\n<li style=\"font-weight: 400;\" aria-level=\"1\"><span style=\"font-weight: 400;\">banko importas visoms kitoms mok\u0117jimo r\u016b\u0161ims<\/span><\/li>\n<\/ul>\n<p><span style=\"font-weight: 400;\">Su\u017einokite daugiau apie m\u016bs\u0173 integravimo parinktis:<\/span><\/p>\n<p><img loading=\"lazy\" decoding=\"async\" class=\" wp-image-22581 alignright\" src=\"https:\/\/www.erplybooks.com\/wp-content\/uploads\/2021\/07\/woocommerce-logo.png\" alt=\"WooCommerce logo\" width=\"236\" height=\"107\" \/><\/p>\n<h4><b>WooCommerce<\/b><\/h4>\n<p><span style=\"font-weight: 400;\">\u201eWooCommerce\u201c integracija<\/span><\/p>\n<h4><b>Shopify<\/b><\/h4>\n<p><img loading=\"lazy\" decoding=\"async\" class=\" wp-image-21453 alignright\" src=\"https:\/\/www.erplybooks.com\/wp-content\/uploads\/2021\/05\/Shopify_logo_wordmark.png\" alt=\"Shopify\" width=\"242\" height=\"70\" \/><\/p>\n<p>Shopify<\/p>\n<p><span style=\"font-weight: 400;\">Shopify integracija<\/span><span style=\"font-weight: 400;\"><br \/>\n<\/span><span style=\"font-weight: 400;\"><br \/>\n<\/span><span style=\"font-weight: 400;\">Shopify integracijos nustatymas<\/span><\/p>\n<h4><b>Mini elektronin\u0117 parduotuv\u0117 <\/b><\/h4>\n<p><span style=\"font-weight: 400;\">J\u016bs\u0173 mini elektronin\u0117 parduotuv\u0117 paruo\u0161ta<\/span><\/p>\n<p><span style=\"font-weight: 400;\">Mini elektronin\u0117s parduotuv\u0117s nustatymas<\/span><\/p>\n<h4><b>Paylike<img loading=\"lazy\" decoding=\"async\" class=\" wp-image-21447 alignright\" src=\"https:\/\/www.erplybooks.com\/wp-content\/uploads\/2021\/05\/paylike.png\" alt=\"Paylike\" width=\"243\" height=\"84\" srcset=\"https:\/\/www.erplybooks.com\/wp-content\/uploads\/2021\/05\/paylike.png 406w, https:\/\/www.erplybooks.com\/wp-content\/uploads\/2021\/05\/paylike-300x103.png 300w, https:\/\/www.erplybooks.com\/wp-content\/uploads\/2021\/05\/paylike-400x140.png 400w\" sizes=\"auto, (max-width: 243px) 100vw, 243px\" \/> <\/b><\/h4>\n<p><span style=\"font-weight: 400;\">Naudokite Paylike mok\u0117jimo b\u016bd\u0105<\/span><\/p>\n<h4><b>Partner API<\/b><\/h4>\n<p><a href=\"https:\/\/www.erplybooks.com\/partner-api\/\"><span style=\"font-weight: 400;\">Partnerio API dokumentacija (ENG)<\/span><\/a><\/p>\n","protected":false},"excerpt":{"rendered":"<p>ERPLY Books turi kelet\u0105 elektronin\u0117s parduotuv\u0117s integravimo galimybi\u0173. Turime savo mini elektronin\u0119 parduotuv\u0119 ir sukurtos integracijos su WooCommerce ir Shopify. Integracijos d\u0117ka elektronin\u0117je parduotuv\u0117je atliktus u\u017esakymus galite lengvai si\u0173sti \u012f ERPLY Books ir tvarkyti mok\u0117jimus, atsiskaitymus kreditin\u0117mis kortel\u0117mis bei i\u0161 ten pateikt\u0173 u\u017esakym\u0173 sudaryti pardavimo s\u0105skaitas. Vienoje vietoje galite valdyti u\u017esakymo proces\u0105 ir atlikti vis\u0105 [&hellip;]<\/p>\n","protected":false},"author":24,"featured_media":0,"parent":0,"menu_order":0,"comment_status":"closed","ping_status":"closed","template":"","meta":{"_et_pb_use_builder":"","_et_pb_old_content":"","_et_gb_content_width":"","footnotes":""},"categories":[1213],"tags":[],"class_list":["post-32516","page","type-page","status-publish","hentry","category-integracijos"],"_links":{"self":[{"href":"https:\/\/www.erplybooks.com\/lt\/wp-json\/wp\/v2\/pages\/32516","targetHints":{"allow":["GET"]}}],"collection":[{"href":"https:\/\/www.erplybooks.com\/lt\/wp-json\/wp\/v2\/pages"}],"about":[{"href":"https:\/\/www.erplybooks.com\/lt\/wp-json\/wp\/v2\/types\/page"}],"author":[{"embeddable":true,"href":"https:\/\/www.erplybooks.com\/lt\/wp-json\/wp\/v2\/users\/24"}],"replies":[{"embeddable":true,"href":"https:\/\/www.erplybooks.com\/lt\/wp-json\/wp\/v2\/comments?post=32516"}],"version-history":[{"count":0,"href":"https:\/\/www.erplybooks.com\/lt\/wp-json\/wp\/v2\/pages\/32516\/revisions"}],"wp:attachment":[{"href":"https:\/\/www.erplybooks.com\/lt\/wp-json\/wp\/v2\/media?parent=32516"}],"wp:term":[{"taxonomy":"category","embeddable":true,"href":"https:\/\/www.erplybooks.com\/lt\/wp-json\/wp\/v2\/categories?post=32516"},{"taxonomy":"post_tag","embeddable":true,"href":"https:\/\/www.erplybooks.com\/lt\/wp-json\/wp\/v2\/tags?post=32516"}],"curies":[{"name":"wp","href":"https:\/\/api.w.org\/{rel}","templated":true}]}}